{"id":81980,"date":"2020-04-21T14:55:56","date_gmt":"2020-04-21T12:55:56","guid":{"rendered":"https:\/\/www.atelierdescigognes.fr\/wordpressV2\/?post_type=product&#038;p=81980"},"modified":"2024-10-15T12:42:55","modified_gmt":"2024-10-15T10:42:55","slug":"cyrene-patron-couture-blouse-a-empiecement-femme-future-maman-pdf","status":"publish","type":"product","link":"https:\/\/www.atelierdescigognes.fr\/wordpressV2\/boutique\/patron-couture-future-maman\/cyrene-patron-couture-blouse-a-empiecement-femme-future-maman-pdf\/","title":{"rendered":"CYR\u00c8NE &#8211; Patron couture Blouse \u00e0 empi\u00e8cement &#8211; Femme &#038; Future Maman (PDF)"},"content":{"rendered":"<p>Patron couture de Blouse avec empi\u00e8cement au-dessus de la poitrine et au dos. Deux versions possibles pour ce patron de couture : une version patron couture Blouse Grossesse avec de l\u2019ampleur et des fronces au niveau du ventre ; une version patron couture Blouse Femme plus pr\u00e8s du corps avec de l\u00e9g\u00e8res fronces au niveau de la poitrine. Manches longues qui peuvent se replier avec une patte de boutonnage. Deux encolures possibles : en forme de c\u0153ur ou en trap\u00e8ze.<\/p>\n<p>Ceci est un patron couture au <strong>format PDF<\/strong>, \u00e0 <strong>t\u00e9l\u00e9charger directement depuis le mail<\/strong> que vous recevrez apr\u00e8s passage de la commande. On imprime, on d\u00e9coupe son tissu et on coud en suivant les explications !<\/p>\n<h4>Tailles<\/h4>\n<p>36-38-40-42-44-46<\/p>\n<h4>Niveau de couture<\/h4>\n<p><img loading=\"lazy\" decoding=\"async\" class=\"alignnone size-medium wp-image-5343\" src=\"https:\/\/www.atelierdescigognes.fr\/wordpressV2\/wp-content\/uploads\/2017\/12\/niveau-2-300x145.jpg\" alt=\"Niveau de couture 2\" width=\"300\" height=\"145\" \/><\/p>\n<p>&nbsp;<\/p>\n<h4>Tissus recommand\u00e9s<\/h4>\n<p>Pour ce patron couture Blouse Grossesse (ou sa version Blouse Femme), nous recommandons un tissu l\u00e9ger tel que de la batiste de coton, du voile de coton, etc.<\/p>\n<p>Plus d&rsquo;infos sur le <a title=\"Choisir son tissu\" href=\"http:\/\/www.atelierdescigognes.fr\/wordpress\/choisir-son-tissu\/\" target=\"_blank\" rel=\"noopener noreferrer\">choix des tissus<\/a><\/p>\n<p>&nbsp;<\/p>\n<h4>Fournitures<\/h4>\n<p>2 boutons de 8 mm de diam\u00e8tre<\/p>\n<p>&nbsp;<\/p>\n<h4>M\u00e9trages de tissu<\/h4>\n<div class=\"table-responsive\">\n<table class=\"table table-hover \" width=\"100%\">\n<thead>\n<tr>\n<th>Tissu en 135 cm de large (ou &gt; \u00e0 135 cm)<\/th>\n<th>36<\/th>\n<th>38<\/th>\n<th>40<\/th>\n<th>42<\/th>\n<th>44<\/th>\n<th>46<\/th>\n<\/tr>\n<\/thead>\n<tbody>\n<tr>\n<td>version Future Maman<\/td>\n<td>1 m 65<\/td>\n<td style=\"text-align: center;\">1 m 65<\/td>\n<td style=\"text-align: center;\">2 m<\/td>\n<td style=\"text-align: center;\">2 m<\/td>\n<td style=\"text-align: center;\">2 m<\/td>\n<td style=\"text-align: center;\">2 m<\/td>\n<\/tr>\n<tr>\n<td>version Femme<\/td>\n<td>1 m 65<\/td>\n<td>1 m 65<\/td>\n<td>1 m 65<\/td>\n<td>1 m 65<\/td>\n<td>1 m 65<\/td>\n<td>1 m 65<\/td>\n<\/tr>\n<\/tbody>\n<\/table>\n<\/div>\n<p>&nbsp;<\/p>\n<p>Voir le <a title=\"Guide des tailles\" href=\"http:\/\/www.atelierdescigognes.fr\/wordpress\/guide-des-tailles\/\" target=\"_blank\" rel=\"noopener noreferrer\">Guide des tailles<\/a>.<\/p>\n","protected":false},"excerpt":{"rendered":"<p>Blouse avec empi\u00e8cement au-dessus de la poitrine et au dos. Deux versions possibles : une version Future Maman avec de l\u2019ampleur et des fronces au niveau du ventre ; une version Femme plus pr\u00e8s du corps avec de l\u00e9g\u00e8res fronces au niveau de la poitrine. Manches longues qui peuvent se replier avec une patte de boutonnage. Deux encolures possibles : en forme de c\u0153ur ou en trap\u00e8ze.<\/p>\n<p>Ceci est un patron couture au <strong>format PDF<\/strong>, \u00e0 <strong>t\u00e9l\u00e9charger directement depuis le mail<\/strong> que vous recevrez apr\u00e8s passage de la commande. On imprime, on d\u00e9coupe son tissu et on coud en suivant les explications !<\/p>\n<p>Tailles 36-38-40-42-44-46<\/p>\n","protected":false},"featured_media":81989,"comment_status":"closed","ping_status":"closed","template":"","meta":{"jetpack_post_was_ever_published":false,"jetpack_publicize_message":"","jetpack_publicize_feature_enabled":true,"jetpack_social_post_already_shared":true,"jetpack_social_options":{"image_generator_settings":{"template":"highway","default_image_id":0,"font":"","enabled":false},"version":2}},"product_brand":[],"product_cat":[23,19],"product_tag":[27,42,60,98,87,88],"class_list":{"0":"post-81980","1":"product","2":"type-product","3":"status-publish","4":"has-post-thumbnail","6":"product_cat-patron-couture-femme","7":"product_cat-patron-couture-future-maman","8":"product_tag-blouse-grossesse","9":"product_tag-couture-grossesse","10":"product_tag-patron-couture","11":"product_tag-patron-couture-blouse-femme","12":"product_tag-vetement-blouse-femme","13":"product_tag-vetement-femme-enceinte","14":"product_shipping_class-pas-de-frais-de-port-produit-telechargeable","16":"first","17":"instock","18":"featured","19":"downloadable","20":"shipping-taxable","21":"purchasable","22":"product-type-simple"},"yoast_head":"<!-- This site is optimized with the Yoast SEO plugin v27.2 - https:\/\/yoast.com\/product\/yoast-seo-wordpress\/ -->\n<title>Patron couture Blouse Grossesse- CYR\u00c8NE (&amp; version blouse Femme)<\/title>\n<meta name=\"description\" content=\"Patron couture Blouse Grossesse avec empi\u00e8cement au-dessus de la poitrine et au dos. Deux versions possibles : Future maman ou Femme.\" \/>\n<meta name=\"robots\" content=\"index, follow, max-snippet:-1, max-image-preview:large, max-video-preview:-1\" \/>\n<link rel=\"canonical\" href=\"https:\/\/www.atelierdescigognes.fr\/wordpressV2\/boutique\/patron-couture-future-maman\/cyrene-patron-couture-blouse-a-empiecement-femme-future-maman-pdf\/\" \/>\n<meta property=\"og:locale\" content=\"fr_FR\" \/>\n<meta property=\"og:type\" content=\"article\" \/>\n<meta property=\"og:title\" content=\"Patron couture Blouse Grossesse- CYR\u00c8NE (&amp; version blouse Femme)\" \/>\n<meta property=\"og:description\" content=\"Patron couture Blouse Grossesse avec empi\u00e8cement au-dessus de la poitrine et au dos. Deux versions possibles : Future maman ou Femme.\" \/>\n<meta property=\"og:url\" content=\"https:\/\/www.atelierdescigognes.fr\/wordpressV2\/boutique\/patron-couture-future-maman\/cyrene-patron-couture-blouse-a-empiecement-femme-future-maman-pdf\/\" \/>\n<meta property=\"og:site_name\" content=\"Atelier des cigognes\" \/>\n<meta property=\"article:modified_time\" content=\"2024-10-15T10:42:55+00:00\" \/>\n<meta property=\"og:image\" content=\"https:\/\/www.atelierdescigognes.fr\/wordpressV2\/wp-content\/uploads\/2020\/04\/M21_illu_pdf.jpg\" \/>\n\t<meta property=\"og:image:width\" content=\"1200\" \/>\n\t<meta property=\"og:image:height\" content=\"1201\" \/>\n\t<meta property=\"og:image:type\" content=\"image\/jpeg\" \/>\n<meta name=\"twitter:card\" content=\"summary_large_image\" \/>\n<meta name=\"twitter:label1\" content=\"Dur\u00e9e de lecture estim\u00e9e\" \/>\n\t<meta name=\"twitter:data1\" content=\"1 minute\" \/>\n<script type=\"application\/ld+json\" class=\"yoast-schema-graph\">{\"@context\":\"https:\/\/schema.org\",\"@graph\":[{\"@type\":\"WebPage\",\"@id\":\"https:\/\/www.atelierdescigognes.fr\/wordpressV2\/boutique\/patron-couture-future-maman\/cyrene-patron-couture-blouse-a-empiecement-femme-future-maman-pdf\/\",\"url\":\"https:\/\/www.atelierdescigognes.fr\/wordpressV2\/boutique\/patron-couture-future-maman\/cyrene-patron-couture-blouse-a-empiecement-femme-future-maman-pdf\/\",\"name\":\"Patron couture Blouse Grossesse- CYR\u00c8NE (& version blouse Femme)\",\"isPartOf\":{\"@id\":\"https:\/\/www.atelierdescigognes.fr\/wordpressV2\/#website\"},\"primaryImageOfPage\":{\"@id\":\"https:\/\/www.atelierdescigognes.fr\/wordpressV2\/boutique\/patron-couture-future-maman\/cyrene-patron-couture-blouse-a-empiecement-femme-future-maman-pdf\/#primaryimage\"},\"image\":{\"@id\":\"https:\/\/www.atelierdescigognes.fr\/wordpressV2\/boutique\/patron-couture-future-maman\/cyrene-patron-couture-blouse-a-empiecement-femme-future-maman-pdf\/#primaryimage\"},\"thumbnailUrl\":\"https:\/\/www.atelierdescigognes.fr\/wordpressV2\/wp-content\/uploads\/2020\/04\/M21_illu_pdf.jpg\",\"datePublished\":\"2020-04-21T12:55:56+00:00\",\"dateModified\":\"2024-10-15T10:42:55+00:00\",\"description\":\"Patron couture Blouse Grossesse avec empi\u00e8cement au-dessus de la poitrine et au dos. Deux versions possibles : Future maman ou Femme.\",\"breadcrumb\":{\"@id\":\"https:\/\/www.atelierdescigognes.fr\/wordpressV2\/boutique\/patron-couture-future-maman\/cyrene-patron-couture-blouse-a-empiecement-femme-future-maman-pdf\/#breadcrumb\"},\"inLanguage\":\"fr-FR\",\"potentialAction\":[{\"@type\":\"ReadAction\",\"target\":[\"https:\/\/www.atelierdescigognes.fr\/wordpressV2\/boutique\/patron-couture-future-maman\/cyrene-patron-couture-blouse-a-empiecement-femme-future-maman-pdf\/\"]}]},{\"@type\":\"ImageObject\",\"inLanguage\":\"fr-FR\",\"@id\":\"https:\/\/www.atelierdescigognes.fr\/wordpressV2\/boutique\/patron-couture-future-maman\/cyrene-patron-couture-blouse-a-empiecement-femme-future-maman-pdf\/#primaryimage\",\"url\":\"https:\/\/www.atelierdescigognes.fr\/wordpressV2\/wp-content\/uploads\/2020\/04\/M21_illu_pdf.jpg\",\"contentUrl\":\"https:\/\/www.atelierdescigognes.fr\/wordpressV2\/wp-content\/uploads\/2020\/04\/M21_illu_pdf.jpg\",\"width\":1200,\"height\":1201,\"caption\":\"CYRENE_Patron couture Blouse Femme, Patron couture blouse grossesse\"},{\"@type\":\"BreadcrumbList\",\"@id\":\"https:\/\/www.atelierdescigognes.fr\/wordpressV2\/boutique\/patron-couture-future-maman\/cyrene-patron-couture-blouse-a-empiecement-femme-future-maman-pdf\/#breadcrumb\",\"itemListElement\":[{\"@type\":\"ListItem\",\"position\":1,\"name\":\"Accueil\",\"item\":\"https:\/\/www.atelierdescigognes.fr\/wordpressV2\/\"},{\"@type\":\"ListItem\",\"position\":2,\"name\":\"Boutique\",\"item\":\"https:\/\/www.atelierdescigognes.fr\/wordpressV2\/boutique\/\"},{\"@type\":\"ListItem\",\"position\":3,\"name\":\"CYR\u00c8NE &#8211; Patron couture Blouse \u00e0 empi\u00e8cement &#8211; Femme &#038; Future Maman (PDF)\"}]},{\"@type\":\"WebSite\",\"@id\":\"https:\/\/www.atelierdescigognes.fr\/wordpressV2\/#website\",\"url\":\"https:\/\/www.atelierdescigognes.fr\/wordpressV2\/\",\"name\":\"Atelier des cigognes\",\"description\":\"Cr\u00e9ation de patrons de couture\",\"publisher\":{\"@id\":\"https:\/\/www.atelierdescigognes.fr\/wordpressV2\/#organization\"},\"potentialAction\":[{\"@type\":\"SearchAction\",\"target\":{\"@type\":\"EntryPoint\",\"urlTemplate\":\"https:\/\/www.atelierdescigognes.fr\/wordpressV2\/?s={search_term_string}\"},\"query-input\":{\"@type\":\"PropertyValueSpecification\",\"valueRequired\":true,\"valueName\":\"search_term_string\"}}],\"inLanguage\":\"fr-FR\"},{\"@type\":\"Organization\",\"@id\":\"https:\/\/www.atelierdescigognes.fr\/wordpressV2\/#organization\",\"name\":\"Atelier des cigognes\",\"url\":\"https:\/\/www.atelierdescigognes.fr\/wordpressV2\/\",\"logo\":{\"@type\":\"ImageObject\",\"inLanguage\":\"fr-FR\",\"@id\":\"https:\/\/www.atelierdescigognes.fr\/wordpressV2\/#\/schema\/logo\/image\/\",\"url\":\"https:\/\/www.atelierdescigognes.fr\/wordpressV2\/wp-content\/uploads\/2018\/04\/cropped-logo_AdC.jpg\",\"contentUrl\":\"https:\/\/www.atelierdescigognes.fr\/wordpressV2\/wp-content\/uploads\/2018\/04\/cropped-logo_AdC.jpg\",\"width\":307,\"height\":110,\"caption\":\"Atelier des cigognes\"},\"image\":{\"@id\":\"https:\/\/www.atelierdescigognes.fr\/wordpressV2\/#\/schema\/logo\/image\/\"}}]}<\/script>\n<!-- \/ Yoast SEO plugin. -->","yoast_head_json":{"title":"Patron couture Blouse Grossesse- CYR\u00c8NE (& version blouse Femme)","description":"Patron couture Blouse Grossesse avec empi\u00e8cement au-dessus de la poitrine et au dos. Deux versions possibles : Future maman ou Femme.","robots":{"index":"index","follow":"follow","max-snippet":"max-snippet:-1","max-image-preview":"max-image-preview:large","max-video-preview":"max-video-preview:-1"},"canonical":"https:\/\/www.atelierdescigognes.fr\/wordpressV2\/boutique\/patron-couture-future-maman\/cyrene-patron-couture-blouse-a-empiecement-femme-future-maman-pdf\/","og_locale":"fr_FR","og_type":"article","og_title":"Patron couture Blouse Grossesse- CYR\u00c8NE (& version blouse Femme)","og_description":"Patron couture Blouse Grossesse avec empi\u00e8cement au-dessus de la poitrine et au dos. Deux versions possibles : Future maman ou Femme.","og_url":"https:\/\/www.atelierdescigognes.fr\/wordpressV2\/boutique\/patron-couture-future-maman\/cyrene-patron-couture-blouse-a-empiecement-femme-future-maman-pdf\/","og_site_name":"Atelier des cigognes","article_modified_time":"2024-10-15T10:42:55+00:00","og_image":[{"width":1200,"height":1201,"url":"https:\/\/www.atelierdescigognes.fr\/wordpressV2\/wp-content\/uploads\/2020\/04\/M21_illu_pdf.jpg","type":"image\/jpeg"}],"twitter_card":"summary_large_image","twitter_misc":{"Dur\u00e9e de lecture estim\u00e9e":"1 minute"},"schema":{"@context":"https:\/\/schema.org","@graph":[{"@type":"WebPage","@id":"https:\/\/www.atelierdescigognes.fr\/wordpressV2\/boutique\/patron-couture-future-maman\/cyrene-patron-couture-blouse-a-empiecement-femme-future-maman-pdf\/","url":"https:\/\/www.atelierdescigognes.fr\/wordpressV2\/boutique\/patron-couture-future-maman\/cyrene-patron-couture-blouse-a-empiecement-femme-future-maman-pdf\/","name":"Patron couture Blouse Grossesse- CYR\u00c8NE (& version blouse Femme)","isPartOf":{"@id":"https:\/\/www.atelierdescigognes.fr\/wordpressV2\/#website"},"primaryImageOfPage":{"@id":"https:\/\/www.atelierdescigognes.fr\/wordpressV2\/boutique\/patron-couture-future-maman\/cyrene-patron-couture-blouse-a-empiecement-femme-future-maman-pdf\/#primaryimage"},"image":{"@id":"https:\/\/www.atelierdescigognes.fr\/wordpressV2\/boutique\/patron-couture-future-maman\/cyrene-patron-couture-blouse-a-empiecement-femme-future-maman-pdf\/#primaryimage"},"thumbnailUrl":"https:\/\/www.atelierdescigognes.fr\/wordpressV2\/wp-content\/uploads\/2020\/04\/M21_illu_pdf.jpg","datePublished":"2020-04-21T12:55:56+00:00","dateModified":"2024-10-15T10:42:55+00:00","description":"Patron couture Blouse Grossesse avec empi\u00e8cement au-dessus de la poitrine et au dos. Deux versions possibles : Future maman ou Femme.","breadcrumb":{"@id":"https:\/\/www.atelierdescigognes.fr\/wordpressV2\/boutique\/patron-couture-future-maman\/cyrene-patron-couture-blouse-a-empiecement-femme-future-maman-pdf\/#breadcrumb"},"inLanguage":"fr-FR","potentialAction":[{"@type":"ReadAction","target":["https:\/\/www.atelierdescigognes.fr\/wordpressV2\/boutique\/patron-couture-future-maman\/cyrene-patron-couture-blouse-a-empiecement-femme-future-maman-pdf\/"]}]},{"@type":"ImageObject","inLanguage":"fr-FR","@id":"https:\/\/www.atelierdescigognes.fr\/wordpressV2\/boutique\/patron-couture-future-maman\/cyrene-patron-couture-blouse-a-empiecement-femme-future-maman-pdf\/#primaryimage","url":"https:\/\/www.atelierdescigognes.fr\/wordpressV2\/wp-content\/uploads\/2020\/04\/M21_illu_pdf.jpg","contentUrl":"https:\/\/www.atelierdescigognes.fr\/wordpressV2\/wp-content\/uploads\/2020\/04\/M21_illu_pdf.jpg","width":1200,"height":1201,"caption":"CYRENE_Patron couture Blouse Femme, Patron couture blouse grossesse"},{"@type":"BreadcrumbList","@id":"https:\/\/www.atelierdescigognes.fr\/wordpressV2\/boutique\/patron-couture-future-maman\/cyrene-patron-couture-blouse-a-empiecement-femme-future-maman-pdf\/#breadcrumb","itemListElement":[{"@type":"ListItem","position":1,"name":"Accueil","item":"https:\/\/www.atelierdescigognes.fr\/wordpressV2\/"},{"@type":"ListItem","position":2,"name":"Boutique","item":"https:\/\/www.atelierdescigognes.fr\/wordpressV2\/boutique\/"},{"@type":"ListItem","position":3,"name":"CYR\u00c8NE &#8211; Patron couture Blouse \u00e0 empi\u00e8cement &#8211; Femme &#038; Future Maman (PDF)"}]},{"@type":"WebSite","@id":"https:\/\/www.atelierdescigognes.fr\/wordpressV2\/#website","url":"https:\/\/www.atelierdescigognes.fr\/wordpressV2\/","name":"Atelier des cigognes","description":"Cr\u00e9ation de patrons de couture","publisher":{"@id":"https:\/\/www.atelierdescigognes.fr\/wordpressV2\/#organization"},"potentialAction":[{"@type":"SearchAction","target":{"@type":"EntryPoint","urlTemplate":"https:\/\/www.atelierdescigognes.fr\/wordpressV2\/?s={search_term_string}"},"query-input":{"@type":"PropertyValueSpecification","valueRequired":true,"valueName":"search_term_string"}}],"inLanguage":"fr-FR"},{"@type":"Organization","@id":"https:\/\/www.atelierdescigognes.fr\/wordpressV2\/#organization","name":"Atelier des cigognes","url":"https:\/\/www.atelierdescigognes.fr\/wordpressV2\/","logo":{"@type":"ImageObject","inLanguage":"fr-FR","@id":"https:\/\/www.atelierdescigognes.fr\/wordpressV2\/#\/schema\/logo\/image\/","url":"https:\/\/www.atelierdescigognes.fr\/wordpressV2\/wp-content\/uploads\/2018\/04\/cropped-logo_AdC.jpg","contentUrl":"https:\/\/www.atelierdescigognes.fr\/wordpressV2\/wp-content\/uploads\/2018\/04\/cropped-logo_AdC.jpg","width":307,"height":110,"caption":"Atelier des cigognes"},"image":{"@id":"https:\/\/www.atelierdescigognes.fr\/wordpressV2\/#\/schema\/logo\/image\/"}}]}},"jetpack_publicize_connections":[],"jetpack_sharing_enabled":true,"_links":{"self":[{"href":"https:\/\/www.atelierdescigognes.fr\/wordpressV2\/wp-json\/wp\/v2\/product\/81980","targetHints":{"allow":["GET"]}}],"collection":[{"href":"https:\/\/www.atelierdescigognes.fr\/wordpressV2\/wp-json\/wp\/v2\/product"}],"about":[{"href":"https:\/\/www.atelierdescigognes.fr\/wordpressV2\/wp-json\/wp\/v2\/types\/product"}],"replies":[{"embeddable":true,"href":"https:\/\/www.atelierdescigognes.fr\/wordpressV2\/wp-json\/wp\/v2\/comments?post=81980"}],"wp:featuredmedia":[{"embeddable":true,"href":"https:\/\/www.atelierdescigognes.fr\/wordpressV2\/wp-json\/wp\/v2\/media\/81989"}],"wp:attachment":[{"href":"https:\/\/www.atelierdescigognes.fr\/wordpressV2\/wp-json\/wp\/v2\/media?parent=81980"}],"wp:term":[{"taxonomy":"product_brand","embeddable":true,"href":"https:\/\/www.atelierdescigognes.fr\/wordpressV2\/wp-json\/wp\/v2\/product_brand?post=81980"},{"taxonomy":"product_cat","embeddable":true,"href":"https:\/\/www.atelierdescigognes.fr\/wordpressV2\/wp-json\/wp\/v2\/product_cat?post=81980"},{"taxonomy":"product_tag","embeddable":true,"href":"https:\/\/www.atelierdescigognes.fr\/wordpressV2\/wp-json\/wp\/v2\/product_tag?post=81980"}],"curies":[{"name":"wp","href":"https:\/\/api.w.org\/{rel}","templated":true}]}}