{"id":8087,"date":"2018-11-30T17:48:03","date_gmt":"2018-11-30T16:48:03","guid":{"rendered":"https:\/\/www.atelierdescigognes.fr\/wordpressV2\/?post_type=product&#038;p=8087"},"modified":"2019-01-28T11:06:51","modified_gmt":"2019-01-28T10:06:51","slug":"bricolage-diy-calendrier-avent-vintage-gratuit-christmas-cards","status":"publish","type":"product","link":"https:\/\/www.atelierdescigognes.fr\/wordpressV2\/boutique\/accessoires\/bricolage-diy-calendrier-avent-vintage-gratuit-christmas-cards\/","title":{"rendered":"Bricolage DIY &#8211; Calendrier de l&rsquo;Avent vintage"},"content":{"rendered":"<p>Pour vivre l&rsquo;Avent au rythme des anciennes Christmas Cards vintage, 24 cartes de No\u00ebl \u00e0 imprimer et \u00e0 d\u00e9couper ! Chaque jour une nouvelle carte \u00e0 accrocher : un Calendrier de l&rsquo;Avent qui enchante la maison par le charme de ces belles illustrations !<\/p>\n<p>\u00c0 imprimer sur du joli papier et \u00e0 d\u00e9couper.<\/p>\n","protected":false},"excerpt":{"rendered":"<p>Pour vivre l&rsquo;Avent au rythme des anciennes Christmas Cards vintage, 24 cartes de No\u00ebl \u00e0 imprimer et \u00e0 d\u00e9couper ! Chaque jour une nouvelle carte \u00e0 accrocher : un Calendrier de l&rsquo;Avent qui enchante la maison par le charme de ces belles illustrations !<\/p>\n<p>\u00c0 imprimer sur du joli papier et \u00e0 d\u00e9couper.<\/p>\n<p>&nbsp;<\/p>\n<p>&nbsp;<\/p>\n","protected":false},"featured_media":8089,"comment_status":"closed","ping_status":"closed","template":"","meta":{"jetpack_post_was_ever_published":false,"jetpack_publicize_message":"","jetpack_publicize_feature_enabled":true,"jetpack_social_post_already_shared":true,"jetpack_social_options":{"image_generator_settings":{"template":"highway","default_image_id":0,"font":"","enabled":false},"version":2}},"product_brand":[],"product_cat":[24],"product_tag":[110,31,112,111],"class_list":{"0":"post-8087","1":"product","2":"type-product","3":"status-publish","4":"has-post-thumbnail","6":"product_cat-accessoires","7":"product_tag-bricolage","8":"product_tag-calendrier-avent-diy","9":"product_tag-christmas-cards","10":"product_tag-diy","11":"product_shipping_class-pas-de-frais-de-port-produit-telechargeable","13":"first","14":"instock","15":"downloadable","16":"shipping-taxable","17":"purchasable","18":"product-type-simple"},"yoast_head":"<!-- This site is optimized with the Yoast SEO plugin v27.5 - https:\/\/yoast.com\/product\/yoast-seo-wordpress\/ -->\n<title>Bricolage DIY - Calendrier de l&#039;Avent vintage - Christmas cards - gratuit<\/title>\n<meta name=\"description\" content=\"Pour vivre l&#039;Avent au rythme des anciennes Christmas Cards vintage, 24 cartes de No\u00ebl \u00e0 imprimer et \u00e0 d\u00e9couper ! Chaque jour une nouvelle carte \u00e0 accrocher : un Calendrier de l&#039;Avent qui enchante la maison par l&#039;esth\u00e9tisme de ces belles illustrations !\" \/>\n<meta name=\"robots\" content=\"index, follow, max-snippet:-1, max-image-preview:large, max-video-preview:-1\" \/>\n<link rel=\"canonical\" href=\"https:\/\/www.atelierdescigognes.fr\/wordpressV2\/boutique\/accessoires\/bricolage-diy-calendrier-avent-vintage-gratuit-christmas-cards\/\" \/>\n<meta property=\"og:locale\" content=\"fr_FR\" \/>\n<meta property=\"og:type\" content=\"article\" \/>\n<meta property=\"og:title\" content=\"Bricolage DIY - Calendrier de l&#039;Avent vintage - Christmas cards - gratuit\" \/>\n<meta property=\"og:description\" content=\"Pour vivre l&#039;Avent au rythme des anciennes Christmas Cards vintage, 24 cartes de No\u00ebl \u00e0 imprimer et \u00e0 d\u00e9couper ! Chaque jour une nouvelle carte \u00e0 accrocher : un Calendrier de l&#039;Avent qui enchante la maison par l&#039;esth\u00e9tisme de ces belles illustrations !\" \/>\n<meta property=\"og:url\" content=\"https:\/\/www.atelierdescigognes.fr\/wordpressV2\/boutique\/accessoires\/bricolage-diy-calendrier-avent-vintage-gratuit-christmas-cards\/\" \/>\n<meta property=\"og:site_name\" content=\"Atelier des cigognes\" \/>\n<meta property=\"article:modified_time\" content=\"2019-01-28T10:06:51+00:00\" \/>\n<meta property=\"og:image\" content=\"https:\/\/www.atelierdescigognes.fr\/wordpressV2\/wp-content\/uploads\/2018\/11\/IMG_1962-e1543599600651.jpg\" \/>\n\t<meta property=\"og:image:width\" content=\"2448\" \/>\n\t<meta property=\"og:image:height\" content=\"2448\" \/>\n\t<meta property=\"og:image:type\" content=\"image\/jpeg\" \/>\n<meta name=\"twitter:card\" content=\"summary_large_image\" \/>\n<script type=\"application\/ld+json\" class=\"yoast-schema-graph\">{\"@context\":\"https:\\\/\\\/schema.org\",\"@graph\":[{\"@type\":\"WebPage\",\"@id\":\"https:\\\/\\\/www.atelierdescigognes.fr\\\/wordpressV2\\\/boutique\\\/accessoires\\\/bricolage-diy-calendrier-avent-vintage-gratuit-christmas-cards\\\/\",\"url\":\"https:\\\/\\\/www.atelierdescigognes.fr\\\/wordpressV2\\\/boutique\\\/accessoires\\\/bricolage-diy-calendrier-avent-vintage-gratuit-christmas-cards\\\/\",\"name\":\"Bricolage DIY - Calendrier de l'Avent vintage - Christmas cards - gratuit\",\"isPartOf\":{\"@id\":\"https:\\\/\\\/www.atelierdescigognes.fr\\\/wordpressV2\\\/#website\"},\"primaryImageOfPage\":{\"@id\":\"https:\\\/\\\/www.atelierdescigognes.fr\\\/wordpressV2\\\/boutique\\\/accessoires\\\/bricolage-diy-calendrier-avent-vintage-gratuit-christmas-cards\\\/#primaryimage\"},\"image\":{\"@id\":\"https:\\\/\\\/www.atelierdescigognes.fr\\\/wordpressV2\\\/boutique\\\/accessoires\\\/bricolage-diy-calendrier-avent-vintage-gratuit-christmas-cards\\\/#primaryimage\"},\"thumbnailUrl\":\"https:\\\/\\\/www.atelierdescigognes.fr\\\/wordpressV2\\\/wp-content\\\/uploads\\\/2018\\\/11\\\/IMG_1962-e1543599600651.jpg\",\"datePublished\":\"2018-11-30T16:48:03+00:00\",\"dateModified\":\"2019-01-28T10:06:51+00:00\",\"description\":\"Pour vivre l'Avent au rythme des anciennes Christmas Cards vintage, 24 cartes de No\u00ebl \u00e0 imprimer et \u00e0 d\u00e9couper ! Chaque jour une nouvelle carte \u00e0 accrocher : un Calendrier de l'Avent qui enchante la maison par l'esth\u00e9tisme de ces belles illustrations !\",\"breadcrumb\":{\"@id\":\"https:\\\/\\\/www.atelierdescigognes.fr\\\/wordpressV2\\\/boutique\\\/accessoires\\\/bricolage-diy-calendrier-avent-vintage-gratuit-christmas-cards\\\/#breadcrumb\"},\"inLanguage\":\"fr-FR\",\"potentialAction\":[{\"@type\":\"ReadAction\",\"target\":[\"https:\\\/\\\/www.atelierdescigognes.fr\\\/wordpressV2\\\/boutique\\\/accessoires\\\/bricolage-diy-calendrier-avent-vintage-gratuit-christmas-cards\\\/\"]}]},{\"@type\":\"ImageObject\",\"inLanguage\":\"fr-FR\",\"@id\":\"https:\\\/\\\/www.atelierdescigognes.fr\\\/wordpressV2\\\/boutique\\\/accessoires\\\/bricolage-diy-calendrier-avent-vintage-gratuit-christmas-cards\\\/#primaryimage\",\"url\":\"https:\\\/\\\/www.atelierdescigognes.fr\\\/wordpressV2\\\/wp-content\\\/uploads\\\/2018\\\/11\\\/IMG_1962-e1543599600651.jpg\",\"contentUrl\":\"https:\\\/\\\/www.atelierdescigognes.fr\\\/wordpressV2\\\/wp-content\\\/uploads\\\/2018\\\/11\\\/IMG_1962-e1543599600651.jpg\",\"width\":2448,\"height\":2448},{\"@type\":\"BreadcrumbList\",\"@id\":\"https:\\\/\\\/www.atelierdescigognes.fr\\\/wordpressV2\\\/boutique\\\/accessoires\\\/bricolage-diy-calendrier-avent-vintage-gratuit-christmas-cards\\\/#breadcrumb\",\"itemListElement\":[{\"@type\":\"ListItem\",\"position\":1,\"name\":\"Accueil\",\"item\":\"https:\\\/\\\/www.atelierdescigognes.fr\\\/wordpressV2\\\/\"},{\"@type\":\"ListItem\",\"position\":2,\"name\":\"Boutique\",\"item\":\"https:\\\/\\\/www.atelierdescigognes.fr\\\/wordpressV2\\\/boutique\\\/\"},{\"@type\":\"ListItem\",\"position\":3,\"name\":\"Bricolage DIY &#8211; Calendrier de l&rsquo;Avent vintage\"}]},{\"@type\":\"WebSite\",\"@id\":\"https:\\\/\\\/www.atelierdescigognes.fr\\\/wordpressV2\\\/#website\",\"url\":\"https:\\\/\\\/www.atelierdescigognes.fr\\\/wordpressV2\\\/\",\"name\":\"Atelier des cigognes\",\"description\":\"Cr\u00e9ation de patrons de couture\",\"publisher\":{\"@id\":\"https:\\\/\\\/www.atelierdescigognes.fr\\\/wordpressV2\\\/#organization\"},\"potentialAction\":[{\"@type\":\"SearchAction\",\"target\":{\"@type\":\"EntryPoint\",\"urlTemplate\":\"https:\\\/\\\/www.atelierdescigognes.fr\\\/wordpressV2\\\/?s={search_term_string}\"},\"query-input\":{\"@type\":\"PropertyValueSpecification\",\"valueRequired\":true,\"valueName\":\"search_term_string\"}}],\"inLanguage\":\"fr-FR\"},{\"@type\":\"Organization\",\"@id\":\"https:\\\/\\\/www.atelierdescigognes.fr\\\/wordpressV2\\\/#organization\",\"name\":\"Atelier des cigognes\",\"url\":\"https:\\\/\\\/www.atelierdescigognes.fr\\\/wordpressV2\\\/\",\"logo\":{\"@type\":\"ImageObject\",\"inLanguage\":\"fr-FR\",\"@id\":\"https:\\\/\\\/www.atelierdescigognes.fr\\\/wordpressV2\\\/#\\\/schema\\\/logo\\\/image\\\/\",\"url\":\"https:\\\/\\\/www.atelierdescigognes.fr\\\/wordpressV2\\\/wp-content\\\/uploads\\\/2018\\\/04\\\/cropped-logo_AdC.jpg\",\"contentUrl\":\"https:\\\/\\\/www.atelierdescigognes.fr\\\/wordpressV2\\\/wp-content\\\/uploads\\\/2018\\\/04\\\/cropped-logo_AdC.jpg\",\"width\":307,\"height\":110,\"caption\":\"Atelier des cigognes\"},\"image\":{\"@id\":\"https:\\\/\\\/www.atelierdescigognes.fr\\\/wordpressV2\\\/#\\\/schema\\\/logo\\\/image\\\/\"}}]}<\/script>\n<!-- \/ Yoast SEO plugin. -->","yoast_head_json":{"title":"Bricolage DIY - Calendrier de l'Avent vintage - Christmas cards - gratuit","description":"Pour vivre l'Avent au rythme des anciennes Christmas Cards vintage, 24 cartes de No\u00ebl \u00e0 imprimer et \u00e0 d\u00e9couper ! Chaque jour une nouvelle carte \u00e0 accrocher : un Calendrier de l'Avent qui enchante la maison par l'esth\u00e9tisme de ces belles illustrations !","robots":{"index":"index","follow":"follow","max-snippet":"max-snippet:-1","max-image-preview":"max-image-preview:large","max-video-preview":"max-video-preview:-1"},"canonical":"https:\/\/www.atelierdescigognes.fr\/wordpressV2\/boutique\/accessoires\/bricolage-diy-calendrier-avent-vintage-gratuit-christmas-cards\/","og_locale":"fr_FR","og_type":"article","og_title":"Bricolage DIY - Calendrier de l'Avent vintage - Christmas cards - gratuit","og_description":"Pour vivre l'Avent au rythme des anciennes Christmas Cards vintage, 24 cartes de No\u00ebl \u00e0 imprimer et \u00e0 d\u00e9couper ! Chaque jour une nouvelle carte \u00e0 accrocher : un Calendrier de l'Avent qui enchante la maison par l'esth\u00e9tisme de ces belles illustrations !","og_url":"https:\/\/www.atelierdescigognes.fr\/wordpressV2\/boutique\/accessoires\/bricolage-diy-calendrier-avent-vintage-gratuit-christmas-cards\/","og_site_name":"Atelier des cigognes","article_modified_time":"2019-01-28T10:06:51+00:00","og_image":[{"width":2448,"height":2448,"url":"https:\/\/www.atelierdescigognes.fr\/wordpressV2\/wp-content\/uploads\/2018\/11\/IMG_1962-e1543599600651.jpg","type":"image\/jpeg"}],"twitter_card":"summary_large_image","schema":{"@context":"https:\/\/schema.org","@graph":[{"@type":"WebPage","@id":"https:\/\/www.atelierdescigognes.fr\/wordpressV2\/boutique\/accessoires\/bricolage-diy-calendrier-avent-vintage-gratuit-christmas-cards\/","url":"https:\/\/www.atelierdescigognes.fr\/wordpressV2\/boutique\/accessoires\/bricolage-diy-calendrier-avent-vintage-gratuit-christmas-cards\/","name":"Bricolage DIY - Calendrier de l'Avent vintage - Christmas cards - gratuit","isPartOf":{"@id":"https:\/\/www.atelierdescigognes.fr\/wordpressV2\/#website"},"primaryImageOfPage":{"@id":"https:\/\/www.atelierdescigognes.fr\/wordpressV2\/boutique\/accessoires\/bricolage-diy-calendrier-avent-vintage-gratuit-christmas-cards\/#primaryimage"},"image":{"@id":"https:\/\/www.atelierdescigognes.fr\/wordpressV2\/boutique\/accessoires\/bricolage-diy-calendrier-avent-vintage-gratuit-christmas-cards\/#primaryimage"},"thumbnailUrl":"https:\/\/www.atelierdescigognes.fr\/wordpressV2\/wp-content\/uploads\/2018\/11\/IMG_1962-e1543599600651.jpg","datePublished":"2018-11-30T16:48:03+00:00","dateModified":"2019-01-28T10:06:51+00:00","description":"Pour vivre l'Avent au rythme des anciennes Christmas Cards vintage, 24 cartes de No\u00ebl \u00e0 imprimer et \u00e0 d\u00e9couper ! Chaque jour une nouvelle carte \u00e0 accrocher : un Calendrier de l'Avent qui enchante la maison par l'esth\u00e9tisme de ces belles illustrations !","breadcrumb":{"@id":"https:\/\/www.atelierdescigognes.fr\/wordpressV2\/boutique\/accessoires\/bricolage-diy-calendrier-avent-vintage-gratuit-christmas-cards\/#breadcrumb"},"inLanguage":"fr-FR","potentialAction":[{"@type":"ReadAction","target":["https:\/\/www.atelierdescigognes.fr\/wordpressV2\/boutique\/accessoires\/bricolage-diy-calendrier-avent-vintage-gratuit-christmas-cards\/"]}]},{"@type":"ImageObject","inLanguage":"fr-FR","@id":"https:\/\/www.atelierdescigognes.fr\/wordpressV2\/boutique\/accessoires\/bricolage-diy-calendrier-avent-vintage-gratuit-christmas-cards\/#primaryimage","url":"https:\/\/www.atelierdescigognes.fr\/wordpressV2\/wp-content\/uploads\/2018\/11\/IMG_1962-e1543599600651.jpg","contentUrl":"https:\/\/www.atelierdescigognes.fr\/wordpressV2\/wp-content\/uploads\/2018\/11\/IMG_1962-e1543599600651.jpg","width":2448,"height":2448},{"@type":"BreadcrumbList","@id":"https:\/\/www.atelierdescigognes.fr\/wordpressV2\/boutique\/accessoires\/bricolage-diy-calendrier-avent-vintage-gratuit-christmas-cards\/#breadcrumb","itemListElement":[{"@type":"ListItem","position":1,"name":"Accueil","item":"https:\/\/www.atelierdescigognes.fr\/wordpressV2\/"},{"@type":"ListItem","position":2,"name":"Boutique","item":"https:\/\/www.atelierdescigognes.fr\/wordpressV2\/boutique\/"},{"@type":"ListItem","position":3,"name":"Bricolage DIY &#8211; Calendrier de l&rsquo;Avent vintage"}]},{"@type":"WebSite","@id":"https:\/\/www.atelierdescigognes.fr\/wordpressV2\/#website","url":"https:\/\/www.atelierdescigognes.fr\/wordpressV2\/","name":"Atelier des cigognes","description":"Cr\u00e9ation de patrons de couture","publisher":{"@id":"https:\/\/www.atelierdescigognes.fr\/wordpressV2\/#organization"},"potentialAction":[{"@type":"SearchAction","target":{"@type":"EntryPoint","urlTemplate":"https:\/\/www.atelierdescigognes.fr\/wordpressV2\/?s={search_term_string}"},"query-input":{"@type":"PropertyValueSpecification","valueRequired":true,"valueName":"search_term_string"}}],"inLanguage":"fr-FR"},{"@type":"Organization","@id":"https:\/\/www.atelierdescigognes.fr\/wordpressV2\/#organization","name":"Atelier des cigognes","url":"https:\/\/www.atelierdescigognes.fr\/wordpressV2\/","logo":{"@type":"ImageObject","inLanguage":"fr-FR","@id":"https:\/\/www.atelierdescigognes.fr\/wordpressV2\/#\/schema\/logo\/image\/","url":"https:\/\/www.atelierdescigognes.fr\/wordpressV2\/wp-content\/uploads\/2018\/04\/cropped-logo_AdC.jpg","contentUrl":"https:\/\/www.atelierdescigognes.fr\/wordpressV2\/wp-content\/uploads\/2018\/04\/cropped-logo_AdC.jpg","width":307,"height":110,"caption":"Atelier des cigognes"},"image":{"@id":"https:\/\/www.atelierdescigognes.fr\/wordpressV2\/#\/schema\/logo\/image\/"}}]}},"jetpack_publicize_connections":[],"jetpack_sharing_enabled":true,"_links":{"self":[{"href":"https:\/\/www.atelierdescigognes.fr\/wordpressV2\/wp-json\/wp\/v2\/product\/8087","targetHints":{"allow":["GET"]}}],"collection":[{"href":"https:\/\/www.atelierdescigognes.fr\/wordpressV2\/wp-json\/wp\/v2\/product"}],"about":[{"href":"https:\/\/www.atelierdescigognes.fr\/wordpressV2\/wp-json\/wp\/v2\/types\/product"}],"replies":[{"embeddable":true,"href":"https:\/\/www.atelierdescigognes.fr\/wordpressV2\/wp-json\/wp\/v2\/comments?post=8087"}],"wp:featuredmedia":[{"embeddable":true,"href":"https:\/\/www.atelierdescigognes.fr\/wordpressV2\/wp-json\/wp\/v2\/media\/8089"}],"wp:attachment":[{"href":"https:\/\/www.atelierdescigognes.fr\/wordpressV2\/wp-json\/wp\/v2\/media?parent=8087"}],"wp:term":[{"taxonomy":"product_brand","embeddable":true,"href":"https:\/\/www.atelierdescigognes.fr\/wordpressV2\/wp-json\/wp\/v2\/product_brand?post=8087"},{"taxonomy":"product_cat","embeddable":true,"href":"https:\/\/www.atelierdescigognes.fr\/wordpressV2\/wp-json\/wp\/v2\/product_cat?post=8087"},{"taxonomy":"product_tag","embeddable":true,"href":"https:\/\/www.atelierdescigognes.fr\/wordpressV2\/wp-json\/wp\/v2\/product_tag?post=8087"}],"curies":[{"name":"wp","href":"https:\/\/api.w.org\/{rel}","templated":true}]}}