{"id":5126,"date":"2018-03-13T10:51:10","date_gmt":"2018-03-13T09:51:10","guid":{"rendered":"http:\/\/www.atelierdescigognes.fr\/?post_type=product&#038;p=5126"},"modified":"2025-04-21T14:31:09","modified_gmt":"2025-04-21T12:31:09","slug":"patron-couture-tote-bag","status":"publish","type":"product","link":"https:\/\/www.atelierdescigognes.fr\/wordpressV2\/boutique\/accessoires\/patron-couture-tote-bag\/","title":{"rendered":"Patron couture &#8211; Tote bag"},"content":{"rendered":"<h3>Patron couture Tote bag<\/h3>\n<p>Voici un patron couture tote bag pour r\u00e9aliser un Tote bag en tissu, orn\u00e9 d&rsquo;une couronne de feuilles peintes et d&rsquo;un ruban cousu main !<\/p>\n<p>Toutes les explications sont donn\u00e9es, que ce soit pour la d\u00e9coupe du tissu et la couture du Tote bag, pour l&rsquo;impression des feuilles \u00e0 la peinture en utilisant une pomme de terre comme tampon (toujours utile une pomme de terre !), ou pour la couture \u00e0 la main du ruban !<\/p>\n<p>Patron couture gratuit au format PDF, \u00e0 t\u00e9l\u00e9charger directement sur ce site apr\u00e8s la mise au panier (il suffit de suivre le processus de commande habituel pour pouvoir ensuite t\u00e9l\u00e9charger gratuitement le fichier PDF depuis le mail de conformation de commande !).<\/p>\n<h4>Niveau de couture<\/h4>\n<p><img loading=\"lazy\" decoding=\"async\" class=\"alignnone size-medium wp-image-5342\" src=\"https:\/\/www.atelierdescigognes.fr\/wordpressV2\/wp-content\/uploads\/2017\/12\/niveau-1-300x145.jpg\" alt=\"Niveau de couture 1\" width=\"300\" height=\"145\" \/><\/p>\n<p>&nbsp;<\/p>\n<p>&nbsp;<\/p>\n<h4>Fourniture<\/h4>\n<p>&#8211; 60 cm de natt\u00e9 de coton ou de lin, denim souple, serg\u00e9&#8230;<br \/>\n&#8211; 1 m de ruban bleu marine<br \/>\n&#8211; coton \u00e0 broder assorti<br \/>\n&#8211; peinture dor\u00e9e (acrylique ou textile)<br \/>\n&#8211; 1 pomme de terre (si, si !)<\/p>\n","protected":false},"excerpt":{"rendered":"<p>Patron couture tote bag (patron couture gratuit) pour r\u00e9aliser un Tote bag en tissu, orn\u00e9 d&rsquo;une couronne de feuilles peintes et d&rsquo;un ruban cousu main !<\/p>\n<p>Patron couture gratuit au format PDF, \u00e0 t\u00e9l\u00e9charger directement sur ce site apr\u00e8s la mise au panier (il suffit de suivre le processus de commande habituel pour pouvoir ensuite t\u00e9l\u00e9charger gratuitement le fichier PDF depuis le mail de conformation de commande !).<\/p>\n","protected":false},"featured_media":5531,"comment_status":"open","ping_status":"closed","template":"","meta":{"jetpack_post_was_ever_published":false,"jetpack_publicize_message":"","jetpack_publicize_feature_enabled":true,"jetpack_social_post_already_shared":true,"jetpack_social_options":{"image_generator_settings":{"template":"highway","default_image_id":0,"font":"","enabled":false},"version":2}},"product_brand":[],"product_cat":[24],"product_tag":[72,76,79,82,86],"class_list":{"0":"post-5126","1":"product","2":"type-product","3":"status-publish","4":"has-post-thumbnail","6":"product_cat-accessoires","7":"product_tag-patron-couture-gratuit","8":"product_tag-patron-couture-tote-bag","9":"product_tag-peinture-sur-tissu","10":"product_tag-sac-en-tissu","11":"product_tag-tuto-couture-tote-bag","12":"product_shipping_class-pas-de-frais-de-port-produit-telechargeable","14":"first","15":"instock","16":"downloadable","17":"shipping-taxable","18":"purchasable","19":"product-type-simple"},"yoast_head":"<!-- This site is optimized with the Yoast SEO plugin v27.5 - https:\/\/yoast.com\/product\/yoast-seo-wordpress\/ -->\n<title>Patron couture Tote bag, \u00e0 coudre, \u00e0 peindre et \u00e0 broder !<\/title>\n<meta name=\"description\" content=\"Un patron couture tote bag pour r\u00e9aliser un Tote bag en tissu, orn\u00e9 d&#039;une couronne de feuilles peintes et d&#039;un ruban cousu main !\" \/>\n<meta name=\"robots\" content=\"index, follow, max-snippet:-1, max-image-preview:large, max-video-preview:-1\" \/>\n<link rel=\"canonical\" href=\"https:\/\/www.atelierdescigognes.fr\/wordpressV2\/boutique\/accessoires\/patron-couture-tote-bag\/\" \/>\n<meta property=\"og:locale\" content=\"fr_FR\" \/>\n<meta property=\"og:type\" content=\"article\" \/>\n<meta property=\"og:title\" content=\"Patron couture Tote bag, \u00e0 coudre, \u00e0 peindre et \u00e0 broder !\" \/>\n<meta property=\"og:description\" content=\"Un patron couture tote bag pour r\u00e9aliser un Tote bag en tissu, orn\u00e9 d&#039;une couronne de feuilles peintes et d&#039;un ruban cousu main !\" \/>\n<meta property=\"og:url\" content=\"https:\/\/www.atelierdescigognes.fr\/wordpressV2\/boutique\/accessoires\/patron-couture-tote-bag\/\" \/>\n<meta property=\"og:site_name\" content=\"Atelier des cigognes\" \/>\n<meta property=\"article:modified_time\" content=\"2025-04-21T12:31:09+00:00\" \/>\n<meta property=\"og:image\" content=\"https:\/\/www.atelierdescigognes.fr\/wordpressV2\/wp-content\/uploads\/2018\/03\/IMG_1796-e1522933339605.jpg\" \/>\n\t<meta property=\"og:image:width\" content=\"2448\" \/>\n\t<meta property=\"og:image:height\" content=\"2448\" \/>\n\t<meta property=\"og:image:type\" content=\"image\/jpeg\" \/>\n<meta name=\"twitter:card\" content=\"summary_large_image\" \/>\n<meta name=\"twitter:label1\" content=\"Dur\u00e9e de lecture estim\u00e9e\" \/>\n\t<meta name=\"twitter:data1\" content=\"1 minute\" \/>\n<script type=\"application\/ld+json\" class=\"yoast-schema-graph\">{\"@context\":\"https:\\\/\\\/schema.org\",\"@graph\":[{\"@type\":\"WebPage\",\"@id\":\"https:\\\/\\\/www.atelierdescigognes.fr\\\/wordpressV2\\\/boutique\\\/accessoires\\\/patron-couture-tote-bag\\\/\",\"url\":\"https:\\\/\\\/www.atelierdescigognes.fr\\\/wordpressV2\\\/boutique\\\/accessoires\\\/patron-couture-tote-bag\\\/\",\"name\":\"Patron couture Tote bag, \u00e0 coudre, \u00e0 peindre et \u00e0 broder !\",\"isPartOf\":{\"@id\":\"https:\\\/\\\/www.atelierdescigognes.fr\\\/wordpressV2\\\/#website\"},\"primaryImageOfPage\":{\"@id\":\"https:\\\/\\\/www.atelierdescigognes.fr\\\/wordpressV2\\\/boutique\\\/accessoires\\\/patron-couture-tote-bag\\\/#primaryimage\"},\"image\":{\"@id\":\"https:\\\/\\\/www.atelierdescigognes.fr\\\/wordpressV2\\\/boutique\\\/accessoires\\\/patron-couture-tote-bag\\\/#primaryimage\"},\"thumbnailUrl\":\"https:\\\/\\\/www.atelierdescigognes.fr\\\/wordpressV2\\\/wp-content\\\/uploads\\\/2018\\\/03\\\/IMG_1796-e1522933339605.jpg\",\"datePublished\":\"2018-03-13T09:51:10+00:00\",\"dateModified\":\"2025-04-21T12:31:09+00:00\",\"description\":\"Un patron couture tote bag pour r\u00e9aliser un Tote bag en tissu, orn\u00e9 d'une couronne de feuilles peintes et d'un ruban cousu main !\",\"breadcrumb\":{\"@id\":\"https:\\\/\\\/www.atelierdescigognes.fr\\\/wordpressV2\\\/boutique\\\/accessoires\\\/patron-couture-tote-bag\\\/#breadcrumb\"},\"inLanguage\":\"fr-FR\",\"potentialAction\":[{\"@type\":\"ReadAction\",\"target\":[\"https:\\\/\\\/www.atelierdescigognes.fr\\\/wordpressV2\\\/boutique\\\/accessoires\\\/patron-couture-tote-bag\\\/\"]}]},{\"@type\":\"ImageObject\",\"inLanguage\":\"fr-FR\",\"@id\":\"https:\\\/\\\/www.atelierdescigognes.fr\\\/wordpressV2\\\/boutique\\\/accessoires\\\/patron-couture-tote-bag\\\/#primaryimage\",\"url\":\"https:\\\/\\\/www.atelierdescigognes.fr\\\/wordpressV2\\\/wp-content\\\/uploads\\\/2018\\\/03\\\/IMG_1796-e1522933339605.jpg\",\"contentUrl\":\"https:\\\/\\\/www.atelierdescigognes.fr\\\/wordpressV2\\\/wp-content\\\/uploads\\\/2018\\\/03\\\/IMG_1796-e1522933339605.jpg\",\"width\":2448,\"height\":2448,\"caption\":\"Patron couture gratuit - patron couture tote bag\"},{\"@type\":\"BreadcrumbList\",\"@id\":\"https:\\\/\\\/www.atelierdescigognes.fr\\\/wordpressV2\\\/boutique\\\/accessoires\\\/patron-couture-tote-bag\\\/#breadcrumb\",\"itemListElement\":[{\"@type\":\"ListItem\",\"position\":1,\"name\":\"Accueil\",\"item\":\"https:\\\/\\\/www.atelierdescigognes.fr\\\/wordpressV2\\\/\"},{\"@type\":\"ListItem\",\"position\":2,\"name\":\"Boutique\",\"item\":\"https:\\\/\\\/www.atelierdescigognes.fr\\\/wordpressV2\\\/boutique\\\/\"},{\"@type\":\"ListItem\",\"position\":3,\"name\":\"Patron couture &#8211; Tote bag\"}]},{\"@type\":\"WebSite\",\"@id\":\"https:\\\/\\\/www.atelierdescigognes.fr\\\/wordpressV2\\\/#website\",\"url\":\"https:\\\/\\\/www.atelierdescigognes.fr\\\/wordpressV2\\\/\",\"name\":\"Atelier des cigognes\",\"description\":\"Cr\u00e9ation de patrons de couture\",\"publisher\":{\"@id\":\"https:\\\/\\\/www.atelierdescigognes.fr\\\/wordpressV2\\\/#organization\"},\"potentialAction\":[{\"@type\":\"SearchAction\",\"target\":{\"@type\":\"EntryPoint\",\"urlTemplate\":\"https:\\\/\\\/www.atelierdescigognes.fr\\\/wordpressV2\\\/?s={search_term_string}\"},\"query-input\":{\"@type\":\"PropertyValueSpecification\",\"valueRequired\":true,\"valueName\":\"search_term_string\"}}],\"inLanguage\":\"fr-FR\"},{\"@type\":\"Organization\",\"@id\":\"https:\\\/\\\/www.atelierdescigognes.fr\\\/wordpressV2\\\/#organization\",\"name\":\"Atelier des cigognes\",\"url\":\"https:\\\/\\\/www.atelierdescigognes.fr\\\/wordpressV2\\\/\",\"logo\":{\"@type\":\"ImageObject\",\"inLanguage\":\"fr-FR\",\"@id\":\"https:\\\/\\\/www.atelierdescigognes.fr\\\/wordpressV2\\\/#\\\/schema\\\/logo\\\/image\\\/\",\"url\":\"https:\\\/\\\/www.atelierdescigognes.fr\\\/wordpressV2\\\/wp-content\\\/uploads\\\/2018\\\/04\\\/cropped-logo_AdC.jpg\",\"contentUrl\":\"https:\\\/\\\/www.atelierdescigognes.fr\\\/wordpressV2\\\/wp-content\\\/uploads\\\/2018\\\/04\\\/cropped-logo_AdC.jpg\",\"width\":307,\"height\":110,\"caption\":\"Atelier des cigognes\"},\"image\":{\"@id\":\"https:\\\/\\\/www.atelierdescigognes.fr\\\/wordpressV2\\\/#\\\/schema\\\/logo\\\/image\\\/\"}}]}<\/script>\n<!-- \/ Yoast SEO plugin. -->","yoast_head_json":{"title":"Patron couture Tote bag, \u00e0 coudre, \u00e0 peindre et \u00e0 broder !","description":"Un patron couture tote bag pour r\u00e9aliser un Tote bag en tissu, orn\u00e9 d'une couronne de feuilles peintes et d'un ruban cousu main !","robots":{"index":"index","follow":"follow","max-snippet":"max-snippet:-1","max-image-preview":"max-image-preview:large","max-video-preview":"max-video-preview:-1"},"canonical":"https:\/\/www.atelierdescigognes.fr\/wordpressV2\/boutique\/accessoires\/patron-couture-tote-bag\/","og_locale":"fr_FR","og_type":"article","og_title":"Patron couture Tote bag, \u00e0 coudre, \u00e0 peindre et \u00e0 broder !","og_description":"Un patron couture tote bag pour r\u00e9aliser un Tote bag en tissu, orn\u00e9 d'une couronne de feuilles peintes et d'un ruban cousu main !","og_url":"https:\/\/www.atelierdescigognes.fr\/wordpressV2\/boutique\/accessoires\/patron-couture-tote-bag\/","og_site_name":"Atelier des cigognes","article_modified_time":"2025-04-21T12:31:09+00:00","og_image":[{"width":2448,"height":2448,"url":"https:\/\/www.atelierdescigognes.fr\/wordpressV2\/wp-content\/uploads\/2018\/03\/IMG_1796-e1522933339605.jpg","type":"image\/jpeg"}],"twitter_card":"summary_large_image","twitter_misc":{"Dur\u00e9e de lecture estim\u00e9e":"1 minute"},"schema":{"@context":"https:\/\/schema.org","@graph":[{"@type":"WebPage","@id":"https:\/\/www.atelierdescigognes.fr\/wordpressV2\/boutique\/accessoires\/patron-couture-tote-bag\/","url":"https:\/\/www.atelierdescigognes.fr\/wordpressV2\/boutique\/accessoires\/patron-couture-tote-bag\/","name":"Patron couture Tote bag, \u00e0 coudre, \u00e0 peindre et \u00e0 broder !","isPartOf":{"@id":"https:\/\/www.atelierdescigognes.fr\/wordpressV2\/#website"},"primaryImageOfPage":{"@id":"https:\/\/www.atelierdescigognes.fr\/wordpressV2\/boutique\/accessoires\/patron-couture-tote-bag\/#primaryimage"},"image":{"@id":"https:\/\/www.atelierdescigognes.fr\/wordpressV2\/boutique\/accessoires\/patron-couture-tote-bag\/#primaryimage"},"thumbnailUrl":"https:\/\/www.atelierdescigognes.fr\/wordpressV2\/wp-content\/uploads\/2018\/03\/IMG_1796-e1522933339605.jpg","datePublished":"2018-03-13T09:51:10+00:00","dateModified":"2025-04-21T12:31:09+00:00","description":"Un patron couture tote bag pour r\u00e9aliser un Tote bag en tissu, orn\u00e9 d'une couronne de feuilles peintes et d'un ruban cousu main !","breadcrumb":{"@id":"https:\/\/www.atelierdescigognes.fr\/wordpressV2\/boutique\/accessoires\/patron-couture-tote-bag\/#breadcrumb"},"inLanguage":"fr-FR","potentialAction":[{"@type":"ReadAction","target":["https:\/\/www.atelierdescigognes.fr\/wordpressV2\/boutique\/accessoires\/patron-couture-tote-bag\/"]}]},{"@type":"ImageObject","inLanguage":"fr-FR","@id":"https:\/\/www.atelierdescigognes.fr\/wordpressV2\/boutique\/accessoires\/patron-couture-tote-bag\/#primaryimage","url":"https:\/\/www.atelierdescigognes.fr\/wordpressV2\/wp-content\/uploads\/2018\/03\/IMG_1796-e1522933339605.jpg","contentUrl":"https:\/\/www.atelierdescigognes.fr\/wordpressV2\/wp-content\/uploads\/2018\/03\/IMG_1796-e1522933339605.jpg","width":2448,"height":2448,"caption":"Patron couture gratuit - patron couture tote bag"},{"@type":"BreadcrumbList","@id":"https:\/\/www.atelierdescigognes.fr\/wordpressV2\/boutique\/accessoires\/patron-couture-tote-bag\/#breadcrumb","itemListElement":[{"@type":"ListItem","position":1,"name":"Accueil","item":"https:\/\/www.atelierdescigognes.fr\/wordpressV2\/"},{"@type":"ListItem","position":2,"name":"Boutique","item":"https:\/\/www.atelierdescigognes.fr\/wordpressV2\/boutique\/"},{"@type":"ListItem","position":3,"name":"Patron couture &#8211; Tote bag"}]},{"@type":"WebSite","@id":"https:\/\/www.atelierdescigognes.fr\/wordpressV2\/#website","url":"https:\/\/www.atelierdescigognes.fr\/wordpressV2\/","name":"Atelier des cigognes","description":"Cr\u00e9ation de patrons de couture","publisher":{"@id":"https:\/\/www.atelierdescigognes.fr\/wordpressV2\/#organization"},"potentialAction":[{"@type":"SearchAction","target":{"@type":"EntryPoint","urlTemplate":"https:\/\/www.atelierdescigognes.fr\/wordpressV2\/?s={search_term_string}"},"query-input":{"@type":"PropertyValueSpecification","valueRequired":true,"valueName":"search_term_string"}}],"inLanguage":"fr-FR"},{"@type":"Organization","@id":"https:\/\/www.atelierdescigognes.fr\/wordpressV2\/#organization","name":"Atelier des cigognes","url":"https:\/\/www.atelierdescigognes.fr\/wordpressV2\/","logo":{"@type":"ImageObject","inLanguage":"fr-FR","@id":"https:\/\/www.atelierdescigognes.fr\/wordpressV2\/#\/schema\/logo\/image\/","url":"https:\/\/www.atelierdescigognes.fr\/wordpressV2\/wp-content\/uploads\/2018\/04\/cropped-logo_AdC.jpg","contentUrl":"https:\/\/www.atelierdescigognes.fr\/wordpressV2\/wp-content\/uploads\/2018\/04\/cropped-logo_AdC.jpg","width":307,"height":110,"caption":"Atelier des cigognes"},"image":{"@id":"https:\/\/www.atelierdescigognes.fr\/wordpressV2\/#\/schema\/logo\/image\/"}}]}},"jetpack_publicize_connections":[],"jetpack_sharing_enabled":true,"_links":{"self":[{"href":"https:\/\/www.atelierdescigognes.fr\/wordpressV2\/wp-json\/wp\/v2\/product\/5126","targetHints":{"allow":["GET"]}}],"collection":[{"href":"https:\/\/www.atelierdescigognes.fr\/wordpressV2\/wp-json\/wp\/v2\/product"}],"about":[{"href":"https:\/\/www.atelierdescigognes.fr\/wordpressV2\/wp-json\/wp\/v2\/types\/product"}],"replies":[{"embeddable":true,"href":"https:\/\/www.atelierdescigognes.fr\/wordpressV2\/wp-json\/wp\/v2\/comments?post=5126"}],"wp:featuredmedia":[{"embeddable":true,"href":"https:\/\/www.atelierdescigognes.fr\/wordpressV2\/wp-json\/wp\/v2\/media\/5531"}],"wp:attachment":[{"href":"https:\/\/www.atelierdescigognes.fr\/wordpressV2\/wp-json\/wp\/v2\/media?parent=5126"}],"wp:term":[{"taxonomy":"product_brand","embeddable":true,"href":"https:\/\/www.atelierdescigognes.fr\/wordpressV2\/wp-json\/wp\/v2\/product_brand?post=5126"},{"taxonomy":"product_cat","embeddable":true,"href":"https:\/\/www.atelierdescigognes.fr\/wordpressV2\/wp-json\/wp\/v2\/product_cat?post=5126"},{"taxonomy":"product_tag","embeddable":true,"href":"https:\/\/www.atelierdescigognes.fr\/wordpressV2\/wp-json\/wp\/v2\/product_tag?post=5126"}],"curies":[{"name":"wp","href":"https:\/\/api.w.org\/{rel}","templated":true}]}}