{"id":4680,"date":"2017-12-11T17:29:00","date_gmt":"2017-12-11T16:29:00","guid":{"rendered":"http:\/\/www.atelierdescigognes.fr\/?post_type=product&#038;p=4680"},"modified":"2020-11-30T18:20:26","modified_gmt":"2020-11-30T17:20:26","slug":"thetis-patron-couture-femme-blouse-a-manches-pagodes","status":"publish","type":"product","link":"https:\/\/www.atelierdescigognes.fr\/wordpressV2\/boutique\/patron-couture-femme\/thetis-patron-couture-femme-blouse-a-manches-pagodes\/","title":{"rendered":"TH\u00c9TIS &#8211; Patron couture Blouse \u00e0 manches pagodes &#8211; Femme"},"content":{"rendered":"<p>Patron couture femme. Patron couture de blouse \u00e0 manches pagodes avec empi\u00e8cement \u00e0 broder (ou pas !) au-dessus de la poitrine et au dos. Cordonnet \u00e0 pompon \u00e0 ins\u00e9rer \u00e0 l\u2019encolure. Les manches pagodes peuvent \u00eatre laiss\u00e9es telles quelles ou resserr\u00e9es au poignet par une bordure \u00e9lastiqu\u00e9e (explications fournies). Le mod\u00e8le et les explications pour la broderie sont inclus.<br \/>\nCeci est un \u00ab\u00a0vrai\u00a0\u00bb patron de couture, sous forme de pochette, exp\u00e9di\u00e9 par courrier !<\/p>\n<h4>Tailles<\/h4>\n<p>36-38-40-42-44-46<\/p>\n<h4>Niveau de couture<\/h4>\n<p><img loading=\"lazy\" decoding=\"async\" class=\"alignnone size-medium wp-image-5343\" src=\"https:\/\/www.atelierdescigognes.fr\/wordpressV2\/wp-content\/uploads\/2017\/12\/niveau-2-300x145.jpg\" alt=\"Niveau de couture 2\" width=\"300\" height=\"145\" \/><\/p>\n<h4>Tissus recommand\u00e9s<\/h4>\n<p>Pour r\u00e9aliser ce patron couture blouse femme \u00e0 manches pagodes, privil\u00e9gier un tissu l\u00e9ger tel que de la double-gaze, de la batiste de coton, du voile de coton, etc.<\/p>\n<p>Plus d&rsquo;infos sur le <a title=\"Choisir son tissu\" href=\"http:\/\/www.atelierdescigognes.fr\/wordpress\/choisir-son-tissu\/\" target=\"_blank\" rel=\"noopener\">choix des tissus<\/a><\/p>\n<h4>Fournitures<\/h4>\n<p>&#8211; 50 cm de cordon (\u00e0 couper en 2) et 2 pompons<br \/>\n&#8211; \u00e9chevette de moulin\u00e9 \u00e0 broder (pour une broderie \u00e0 la main) ou bobine de fil \u00e0 broder (pour une broderie \u00e0 la machine)<br \/>\n&#8211; \u00e9lastique de 5 mm de large (pour une finition de manche \u00e9lastiqu\u00e9e)<\/p>\n<h4>M\u00e9trages<\/h4>\n<div class=\"table-responsive\">\n<table class=\"table table-hover \" width=\"100%\">\n<thead>\n<tr>\n<th><\/th>\n<th style=\"text-align: center;\">36<\/th>\n<th style=\"text-align: center;\">38<\/th>\n<th style=\"text-align: center;\">40<\/th>\n<th style=\"text-align: center;\">42<\/th>\n<th style=\"text-align: center;\">44<\/th>\n<th style=\"text-align: center;\">46<\/th>\n<\/tr>\n<\/thead>\n<tbody>\n<tr>\n<td>Tissu en 135 cm de large (ou &gt; \u00e0 135 cm)<\/td>\n<td style=\"text-align: center;\">1 m 85<\/td>\n<td style=\"text-align: center;\">1 m 85<\/td>\n<td style=\"text-align: center;\">1 m 85<\/td>\n<td style=\"text-align: center;\">1 m 85<\/td>\n<td style=\"text-align: center;\">1 m 85<\/td>\n<td style=\"text-align: center;\">1 m 85<\/td>\n<\/tr>\n<tr>\n<td>\u00e9lastique de 5 mm de large<\/td>\n<td style=\"text-align: center;\">2*24,5 cm<\/td>\n<td style=\"text-align: center;\">2*25 cm<\/td>\n<td style=\"text-align: center;\">2*25,5 cm<\/td>\n<td style=\"text-align: center;\">2*26,5 cm<\/td>\n<td style=\"text-align: center;\">2*27 cm<\/td>\n<td style=\"text-align: center;\">2*27,5 cm<\/td>\n<\/tr>\n<\/tbody>\n<\/table>\n<\/div>\n<p>&nbsp;<\/p>\n<p>Voir le <a title=\"Guide des tailles\" href=\"http:\/\/www.atelierdescigognes.fr\/wordpress\/guide-des-tailles\/\" target=\"_blank\" rel=\"noopener\">Guide des tailles<\/a>.<\/p>\n","protected":false},"excerpt":{"rendered":"<p>Patron couture femme de blouse \u00e0 manches pagodes avec empi\u00e8cement \u00e0 broder (ou pas!) au-dessus de la poitrine et au dos. Cordonnet \u00e0 pompon \u00e0 ins\u00e9rer \u00e0 l\u2019encolure. Les manches pagodes peuvent \u00eatre laiss\u00e9es telles quelles ou resserr\u00e9es au poignet par une bordure \u00e9lastiqu\u00e9e. Le mod\u00e8le et les explications pour la broderie sont inclus.<br \/>\nCeci est un \u00ab\u00a0vrai\u00a0\u00bb patron de couture, sous forme de pochette, exp\u00e9di\u00e9 par courrier !<br \/>\nTailles 36-38-40-42-44-46<\/p>\n","protected":false},"featured_media":5348,"comment_status":"closed","ping_status":"closed","template":"","meta":{"jetpack_post_was_ever_published":false,"jetpack_publicize_message":"","jetpack_publicize_feature_enabled":true,"jetpack_social_post_already_shared":true,"jetpack_social_options":{"image_generator_settings":{"template":"highway","default_image_id":0,"font":"","enabled":false},"version":2}},"product_brand":[],"product_cat":[23],"product_tag":[25,28,41,47,65,66,69],"class_list":{"0":"post-4680","1":"product","2":"type-product","3":"status-publish","4":"has-post-thumbnail","6":"product_cat-patron-couture-femme","7":"product_tag-atelier-des-cigognes","8":"product_tag-blouse-manches-pagodes","9":"product_tag-couture-femme","10":"product_tag-double-gaze","11":"product_tag-patron-couture-blouse","12":"product_tag-patron-couture-broderie","13":"product_tag-patron-couture-femme","14":"product_shipping_class-patron-pochette","16":"first","17":"outofstock","18":"shipping-taxable","19":"purchasable","20":"product-type-simple"},"yoast_head":"<!-- This site is optimized with the Yoast SEO plugin v27.2 - https:\/\/yoast.com\/product\/yoast-seo-wordpress\/ -->\n<title>Patron couture de blouse \u00e0 manches pagoes TH\u00c9TIS<\/title>\n<meta name=\"description\" content=\"Patron couture de blouse \u00e0 manches pagodes (patron couture femme). Empi\u00e8cement \u00e0 broder (ou pas !) au-dessus de la poitrine et au dos.\" \/>\n<meta name=\"robots\" content=\"index, follow, max-snippet:-1, max-image-preview:large, max-video-preview:-1\" \/>\n<link rel=\"canonical\" href=\"https:\/\/www.atelierdescigognes.fr\/wordpressV2\/boutique\/patron-couture-femme\/thetis-patron-couture-femme-blouse-a-manches-pagodes\/\" \/>\n<meta property=\"og:locale\" content=\"fr_FR\" \/>\n<meta property=\"og:type\" content=\"article\" \/>\n<meta property=\"og:title\" content=\"Patron couture de blouse \u00e0 manches pagoes TH\u00c9TIS\" \/>\n<meta property=\"og:description\" content=\"Patron couture de blouse \u00e0 manches pagodes (patron couture femme). Empi\u00e8cement \u00e0 broder (ou pas !) au-dessus de la poitrine et au dos.\" \/>\n<meta property=\"og:url\" content=\"https:\/\/www.atelierdescigognes.fr\/wordpressV2\/boutique\/patron-couture-femme\/thetis-patron-couture-femme-blouse-a-manches-pagodes\/\" \/>\n<meta property=\"og:site_name\" content=\"Atelier des cigognes\" \/>\n<meta property=\"article:modified_time\" content=\"2020-11-30T17:20:26+00:00\" \/>\n<meta property=\"og:image\" content=\"https:\/\/www.atelierdescigognes.fr\/wordpressV2\/wp-content\/uploads\/2017\/12\/F17_Th\u00e9tis_4.jpg\" \/>\n\t<meta property=\"og:image:width\" content=\"1200\" \/>\n\t<meta property=\"og:image:height\" content=\"1200\" \/>\n\t<meta property=\"og:image:type\" content=\"image\/jpeg\" \/>\n<meta name=\"twitter:card\" content=\"summary_large_image\" \/>\n<meta name=\"twitter:label1\" content=\"Dur\u00e9e de lecture estim\u00e9e\" \/>\n\t<meta name=\"twitter:data1\" content=\"1 minute\" \/>\n<script type=\"application\/ld+json\" class=\"yoast-schema-graph\">{\"@context\":\"https:\/\/schema.org\",\"@graph\":[{\"@type\":\"WebPage\",\"@id\":\"https:\/\/www.atelierdescigognes.fr\/wordpressV2\/boutique\/patron-couture-femme\/thetis-patron-couture-femme-blouse-a-manches-pagodes\/\",\"url\":\"https:\/\/www.atelierdescigognes.fr\/wordpressV2\/boutique\/patron-couture-femme\/thetis-patron-couture-femme-blouse-a-manches-pagodes\/\",\"name\":\"Patron couture de blouse \u00e0 manches pagoes TH\u00c9TIS\",\"isPartOf\":{\"@id\":\"https:\/\/www.atelierdescigognes.fr\/wordpressV2\/#website\"},\"primaryImageOfPage\":{\"@id\":\"https:\/\/www.atelierdescigognes.fr\/wordpressV2\/boutique\/patron-couture-femme\/thetis-patron-couture-femme-blouse-a-manches-pagodes\/#primaryimage\"},\"image\":{\"@id\":\"https:\/\/www.atelierdescigognes.fr\/wordpressV2\/boutique\/patron-couture-femme\/thetis-patron-couture-femme-blouse-a-manches-pagodes\/#primaryimage\"},\"thumbnailUrl\":\"https:\/\/www.atelierdescigognes.fr\/wordpressV2\/wp-content\/uploads\/2017\/12\/F17_Th\u00e9tis_4.jpg\",\"datePublished\":\"2017-12-11T16:29:00+00:00\",\"dateModified\":\"2020-11-30T17:20:26+00:00\",\"description\":\"Patron couture de blouse \u00e0 manches pagodes (patron couture femme). Empi\u00e8cement \u00e0 broder (ou pas !) au-dessus de la poitrine et au dos.\",\"breadcrumb\":{\"@id\":\"https:\/\/www.atelierdescigognes.fr\/wordpressV2\/boutique\/patron-couture-femme\/thetis-patron-couture-femme-blouse-a-manches-pagodes\/#breadcrumb\"},\"inLanguage\":\"fr-FR\",\"potentialAction\":[{\"@type\":\"ReadAction\",\"target\":[\"https:\/\/www.atelierdescigognes.fr\/wordpressV2\/boutique\/patron-couture-femme\/thetis-patron-couture-femme-blouse-a-manches-pagodes\/\"]}]},{\"@type\":\"ImageObject\",\"inLanguage\":\"fr-FR\",\"@id\":\"https:\/\/www.atelierdescigognes.fr\/wordpressV2\/boutique\/patron-couture-femme\/thetis-patron-couture-femme-blouse-a-manches-pagodes\/#primaryimage\",\"url\":\"https:\/\/www.atelierdescigognes.fr\/wordpressV2\/wp-content\/uploads\/2017\/12\/F17_Th\u00e9tis_4.jpg\",\"contentUrl\":\"https:\/\/www.atelierdescigognes.fr\/wordpressV2\/wp-content\/uploads\/2017\/12\/F17_Th\u00e9tis_4.jpg\",\"width\":1200,\"height\":1200,\"caption\":\"Patron couture Blouse femme \u00e0 manches pagodes - TH\u00c9TIS\"},{\"@type\":\"BreadcrumbList\",\"@id\":\"https:\/\/www.atelierdescigognes.fr\/wordpressV2\/boutique\/patron-couture-femme\/thetis-patron-couture-femme-blouse-a-manches-pagodes\/#breadcrumb\",\"itemListElement\":[{\"@type\":\"ListItem\",\"position\":1,\"name\":\"Accueil\",\"item\":\"https:\/\/www.atelierdescigognes.fr\/wordpressV2\/\"},{\"@type\":\"ListItem\",\"position\":2,\"name\":\"Boutique\",\"item\":\"https:\/\/www.atelierdescigognes.fr\/wordpressV2\/boutique\/\"},{\"@type\":\"ListItem\",\"position\":3,\"name\":\"TH\u00c9TIS &#8211; Patron couture Blouse \u00e0 manches pagodes &#8211; Femme\"}]},{\"@type\":\"WebSite\",\"@id\":\"https:\/\/www.atelierdescigognes.fr\/wordpressV2\/#website\",\"url\":\"https:\/\/www.atelierdescigognes.fr\/wordpressV2\/\",\"name\":\"Atelier des cigognes\",\"description\":\"Cr\u00e9ation de patrons de couture\",\"publisher\":{\"@id\":\"https:\/\/www.atelierdescigognes.fr\/wordpressV2\/#organization\"},\"potentialAction\":[{\"@type\":\"SearchAction\",\"target\":{\"@type\":\"EntryPoint\",\"urlTemplate\":\"https:\/\/www.atelierdescigognes.fr\/wordpressV2\/?s={search_term_string}\"},\"query-input\":{\"@type\":\"PropertyValueSpecification\",\"valueRequired\":true,\"valueName\":\"search_term_string\"}}],\"inLanguage\":\"fr-FR\"},{\"@type\":\"Organization\",\"@id\":\"https:\/\/www.atelierdescigognes.fr\/wordpressV2\/#organization\",\"name\":\"Atelier des cigognes\",\"url\":\"https:\/\/www.atelierdescigognes.fr\/wordpressV2\/\",\"logo\":{\"@type\":\"ImageObject\",\"inLanguage\":\"fr-FR\",\"@id\":\"https:\/\/www.atelierdescigognes.fr\/wordpressV2\/#\/schema\/logo\/image\/\",\"url\":\"https:\/\/www.atelierdescigognes.fr\/wordpressV2\/wp-content\/uploads\/2018\/04\/cropped-logo_AdC.jpg\",\"contentUrl\":\"https:\/\/www.atelierdescigognes.fr\/wordpressV2\/wp-content\/uploads\/2018\/04\/cropped-logo_AdC.jpg\",\"width\":307,\"height\":110,\"caption\":\"Atelier des cigognes\"},\"image\":{\"@id\":\"https:\/\/www.atelierdescigognes.fr\/wordpressV2\/#\/schema\/logo\/image\/\"}}]}<\/script>\n<!-- \/ Yoast SEO plugin. -->","yoast_head_json":{"title":"Patron couture de blouse \u00e0 manches pagoes TH\u00c9TIS","description":"Patron couture de blouse \u00e0 manches pagodes (patron couture femme). Empi\u00e8cement \u00e0 broder (ou pas !) au-dessus de la poitrine et au dos.","robots":{"index":"index","follow":"follow","max-snippet":"max-snippet:-1","max-image-preview":"max-image-preview:large","max-video-preview":"max-video-preview:-1"},"canonical":"https:\/\/www.atelierdescigognes.fr\/wordpressV2\/boutique\/patron-couture-femme\/thetis-patron-couture-femme-blouse-a-manches-pagodes\/","og_locale":"fr_FR","og_type":"article","og_title":"Patron couture de blouse \u00e0 manches pagoes TH\u00c9TIS","og_description":"Patron couture de blouse \u00e0 manches pagodes (patron couture femme). Empi\u00e8cement \u00e0 broder (ou pas !) au-dessus de la poitrine et au dos.","og_url":"https:\/\/www.atelierdescigognes.fr\/wordpressV2\/boutique\/patron-couture-femme\/thetis-patron-couture-femme-blouse-a-manches-pagodes\/","og_site_name":"Atelier des cigognes","article_modified_time":"2020-11-30T17:20:26+00:00","og_image":[{"width":1200,"height":1200,"url":"https:\/\/www.atelierdescigognes.fr\/wordpressV2\/wp-content\/uploads\/2017\/12\/F17_Th\u00e9tis_4.jpg","type":"image\/jpeg"}],"twitter_card":"summary_large_image","twitter_misc":{"Dur\u00e9e de lecture estim\u00e9e":"1 minute"},"schema":{"@context":"https:\/\/schema.org","@graph":[{"@type":"WebPage","@id":"https:\/\/www.atelierdescigognes.fr\/wordpressV2\/boutique\/patron-couture-femme\/thetis-patron-couture-femme-blouse-a-manches-pagodes\/","url":"https:\/\/www.atelierdescigognes.fr\/wordpressV2\/boutique\/patron-couture-femme\/thetis-patron-couture-femme-blouse-a-manches-pagodes\/","name":"Patron couture de blouse \u00e0 manches pagoes TH\u00c9TIS","isPartOf":{"@id":"https:\/\/www.atelierdescigognes.fr\/wordpressV2\/#website"},"primaryImageOfPage":{"@id":"https:\/\/www.atelierdescigognes.fr\/wordpressV2\/boutique\/patron-couture-femme\/thetis-patron-couture-femme-blouse-a-manches-pagodes\/#primaryimage"},"image":{"@id":"https:\/\/www.atelierdescigognes.fr\/wordpressV2\/boutique\/patron-couture-femme\/thetis-patron-couture-femme-blouse-a-manches-pagodes\/#primaryimage"},"thumbnailUrl":"https:\/\/www.atelierdescigognes.fr\/wordpressV2\/wp-content\/uploads\/2017\/12\/F17_Th\u00e9tis_4.jpg","datePublished":"2017-12-11T16:29:00+00:00","dateModified":"2020-11-30T17:20:26+00:00","description":"Patron couture de blouse \u00e0 manches pagodes (patron couture femme). Empi\u00e8cement \u00e0 broder (ou pas !) au-dessus de la poitrine et au dos.","breadcrumb":{"@id":"https:\/\/www.atelierdescigognes.fr\/wordpressV2\/boutique\/patron-couture-femme\/thetis-patron-couture-femme-blouse-a-manches-pagodes\/#breadcrumb"},"inLanguage":"fr-FR","potentialAction":[{"@type":"ReadAction","target":["https:\/\/www.atelierdescigognes.fr\/wordpressV2\/boutique\/patron-couture-femme\/thetis-patron-couture-femme-blouse-a-manches-pagodes\/"]}]},{"@type":"ImageObject","inLanguage":"fr-FR","@id":"https:\/\/www.atelierdescigognes.fr\/wordpressV2\/boutique\/patron-couture-femme\/thetis-patron-couture-femme-blouse-a-manches-pagodes\/#primaryimage","url":"https:\/\/www.atelierdescigognes.fr\/wordpressV2\/wp-content\/uploads\/2017\/12\/F17_Th\u00e9tis_4.jpg","contentUrl":"https:\/\/www.atelierdescigognes.fr\/wordpressV2\/wp-content\/uploads\/2017\/12\/F17_Th\u00e9tis_4.jpg","width":1200,"height":1200,"caption":"Patron couture Blouse femme \u00e0 manches pagodes - TH\u00c9TIS"},{"@type":"BreadcrumbList","@id":"https:\/\/www.atelierdescigognes.fr\/wordpressV2\/boutique\/patron-couture-femme\/thetis-patron-couture-femme-blouse-a-manches-pagodes\/#breadcrumb","itemListElement":[{"@type":"ListItem","position":1,"name":"Accueil","item":"https:\/\/www.atelierdescigognes.fr\/wordpressV2\/"},{"@type":"ListItem","position":2,"name":"Boutique","item":"https:\/\/www.atelierdescigognes.fr\/wordpressV2\/boutique\/"},{"@type":"ListItem","position":3,"name":"TH\u00c9TIS &#8211; Patron couture Blouse \u00e0 manches pagodes &#8211; Femme"}]},{"@type":"WebSite","@id":"https:\/\/www.atelierdescigognes.fr\/wordpressV2\/#website","url":"https:\/\/www.atelierdescigognes.fr\/wordpressV2\/","name":"Atelier des cigognes","description":"Cr\u00e9ation de patrons de couture","publisher":{"@id":"https:\/\/www.atelierdescigognes.fr\/wordpressV2\/#organization"},"potentialAction":[{"@type":"SearchAction","target":{"@type":"EntryPoint","urlTemplate":"https:\/\/www.atelierdescigognes.fr\/wordpressV2\/?s={search_term_string}"},"query-input":{"@type":"PropertyValueSpecification","valueRequired":true,"valueName":"search_term_string"}}],"inLanguage":"fr-FR"},{"@type":"Organization","@id":"https:\/\/www.atelierdescigognes.fr\/wordpressV2\/#organization","name":"Atelier des cigognes","url":"https:\/\/www.atelierdescigognes.fr\/wordpressV2\/","logo":{"@type":"ImageObject","inLanguage":"fr-FR","@id":"https:\/\/www.atelierdescigognes.fr\/wordpressV2\/#\/schema\/logo\/image\/","url":"https:\/\/www.atelierdescigognes.fr\/wordpressV2\/wp-content\/uploads\/2018\/04\/cropped-logo_AdC.jpg","contentUrl":"https:\/\/www.atelierdescigognes.fr\/wordpressV2\/wp-content\/uploads\/2018\/04\/cropped-logo_AdC.jpg","width":307,"height":110,"caption":"Atelier des cigognes"},"image":{"@id":"https:\/\/www.atelierdescigognes.fr\/wordpressV2\/#\/schema\/logo\/image\/"}}]}},"jetpack_publicize_connections":[],"jetpack_sharing_enabled":true,"_links":{"self":[{"href":"https:\/\/www.atelierdescigognes.fr\/wordpressV2\/wp-json\/wp\/v2\/product\/4680","targetHints":{"allow":["GET"]}}],"collection":[{"href":"https:\/\/www.atelierdescigognes.fr\/wordpressV2\/wp-json\/wp\/v2\/product"}],"about":[{"href":"https:\/\/www.atelierdescigognes.fr\/wordpressV2\/wp-json\/wp\/v2\/types\/product"}],"replies":[{"embeddable":true,"href":"https:\/\/www.atelierdescigognes.fr\/wordpressV2\/wp-json\/wp\/v2\/comments?post=4680"}],"wp:featuredmedia":[{"embeddable":true,"href":"https:\/\/www.atelierdescigognes.fr\/wordpressV2\/wp-json\/wp\/v2\/media\/5348"}],"wp:attachment":[{"href":"https:\/\/www.atelierdescigognes.fr\/wordpressV2\/wp-json\/wp\/v2\/media?parent=4680"}],"wp:term":[{"taxonomy":"product_brand","embeddable":true,"href":"https:\/\/www.atelierdescigognes.fr\/wordpressV2\/wp-json\/wp\/v2\/product_brand?post=4680"},{"taxonomy":"product_cat","embeddable":true,"href":"https:\/\/www.atelierdescigognes.fr\/wordpressV2\/wp-json\/wp\/v2\/product_cat?post=4680"},{"taxonomy":"product_tag","embeddable":true,"href":"https:\/\/www.atelierdescigognes.fr\/wordpressV2\/wp-json\/wp\/v2\/product_tag?post=4680"}],"curies":[{"name":"wp","href":"https:\/\/api.w.org\/{rel}","templated":true}]}}