{"id":4437,"date":"2017-11-13T14:01:40","date_gmt":"2017-11-13T14:01:40","guid":{"rendered":"http:\/\/www.atelierdescigognes.fr\/?post_type=product&#038;p=4437"},"modified":"2018-04-05T15:21:33","modified_gmt":"2018-04-05T13:21:33","slug":"patron-couture-decoration-noel-dalahast","status":"publish","type":"product","link":"https:\/\/www.atelierdescigognes.fr\/wordpressV2\/boutique\/accessoires\/patron-couture-decoration-noel-dalahast\/","title":{"rendered":"Patron couture &#8211; D\u00e9corations de No\u00ebl &#038; Dalah\u00e4st"},"content":{"rendered":"<p>Patron couture d\u00e9co No\u00ebl pour confectionner avec amour des d\u00e9corations de No\u00ebl en feutrine !<\/p>\n<p>Les explications et le patron de couture sont donn\u00e9s pour r\u00e9aliser un c\u0153ur en feutrine d\u00e9cor\u00e9 de c\u0153urs plus petits en tissu, et un Dalah\u00e4st (ce fameux petit cheval, symbole traditionnel su\u00e9dois <span class=\"\uf08a\"> !). Sur le Dalah\u00e4st, la selle et la crini\u00e8re sont \u00e9galement appliqu\u00e9es dans un tissu contrast\u00e9. Ces d\u00e9corations de No\u00ebl sont doubl\u00e9es avec de la ouatine pour leur donner plus d&rsquo;\u00e9paisseur, et leurs contours sont ferm\u00e9s avec une broderie \u00e0 la main.<br \/>\n<\/span><\/p>\n<h4>Niveau de couture<\/h4>\n<p><img loading=\"lazy\" decoding=\"async\" class=\"alignnone size-medium wp-image-5342\" src=\"https:\/\/www.atelierdescigognes.fr\/wordpressV2\/wp-content\/uploads\/2017\/12\/niveau-1-300x145.jpg\" alt=\"Niveau de couture 1\" width=\"300\" height=\"145\" \/><\/p>\n<h4>Fournitures<\/h4>\n<p>Pour une d\u00e9coration :<br \/>\n&#8211; un rectangle de feutrine ou feutre de laine H 15 cm * L 30 cm<br \/>\n&#8211; des chutes de tissu \u00e0 motifs<br \/>\n&#8211; 14 cm de ruban (uniquement pour le Dalah\u00e4st)<br \/>\n&#8211; 20 cm de ficelle ou cordonnet<br \/>\n&#8211; un carr\u00e9 de ouatine de 15 cm de c\u00f4t\u00e9<br \/>\n&#8211; fil \u00e0 broder<\/p>\n<p>&nbsp;<\/p>\n<p>&nbsp;<\/p>\n<p>&nbsp;<\/p>\n","protected":false},"excerpt":{"rendered":"<p>Patron couture d\u00e9co No\u00ebl. Des d\u00e9corations de No\u00ebl \u00e0 confectionner avec amour ! C\u0153ur en feutrine et Dalah\u00e4st (ce fameux petit cheval, symbole traditionnel su\u00e9dois <span class=\"\uf08a\"> !)<\/span><\/p>\n<p>Patron couture gratuit au format PDF, \u00e0 t\u00e9l\u00e9charger directement sur ce site apr\u00e8s la mise au panier (il suffit de suivre le processus de commande habituel pour pouvoir ensuite t\u00e9l\u00e9charger gratuitement le fichier PDF !).<\/p>\n<p>&nbsp;<\/p>\n","protected":false},"featured_media":5537,"comment_status":"closed","ping_status":"closed","template":"","meta":{"jetpack_post_was_ever_published":false,"jetpack_publicize_message":"","jetpack_publicize_feature_enabled":true,"jetpack_social_post_already_shared":true,"jetpack_social_options":{"image_generator_settings":{"template":"highway","default_image_id":0,"font":"","enabled":false},"version":2}},"product_brand":[],"product_cat":[24],"product_tag":[43,44,45,46,50,54,107,72,74,84],"class_list":{"0":"post-4437","1":"product","2":"type-product","3":"status-publish","4":"has-post-thumbnail","6":"product_cat-accessoires","7":"product_tag-couture-hygge","8":"product_tag-dalahast","9":"product_tag-decoration-noel","10":"product_tag-decoration-tissu","11":"product_tag-feutrine","12":"product_tag-idee-cadeau","13":"product_tag-patron-couture-deco-noel","14":"product_tag-patron-couture-gratuit","15":"product_tag-patron-couture-pdf","16":"product_tag-tuto-couture","17":"product_shipping_class-pas-de-frais-de-port-produit-telechargeable","19":"first","20":"instock","21":"downloadable","22":"shipping-taxable","23":"purchasable","24":"product-type-simple"},"yoast_head":"<!-- This site is optimized with the Yoast SEO plugin v27.5 - https:\/\/yoast.com\/product\/yoast-seo-wordpress\/ -->\n<title>Patron couture d\u00e9co No\u00ebl - D\u00e9corations de No\u00ebl &amp; Dalah\u00e4st<\/title>\n<meta name=\"description\" content=\"Patron couture d\u00e9co No\u00ebl pour confectionner avec amour des d\u00e9corations de No\u00ebl en feutrine ! Les explications et le patron de couture sont donn\u00e9s pour r\u00e9aliser un c\u0153ur en feutrine d\u00e9cor\u00e9 de c\u0153urs plus petits en tissu, et un Dalah\u00e4st (ce fameux petit cheval, symbole traditionnel su\u00e9dois !).\" \/>\n<meta name=\"robots\" content=\"index, follow, max-snippet:-1, max-image-preview:large, max-video-preview:-1\" \/>\n<link rel=\"canonical\" href=\"https:\/\/www.atelierdescigognes.fr\/wordpressV2\/boutique\/accessoires\/patron-couture-decoration-noel-dalahast\/\" \/>\n<meta property=\"og:locale\" content=\"fr_FR\" \/>\n<meta property=\"og:type\" content=\"article\" \/>\n<meta property=\"og:title\" content=\"Patron couture d\u00e9co No\u00ebl - D\u00e9corations de No\u00ebl &amp; Dalah\u00e4st\" \/>\n<meta property=\"og:description\" content=\"Patron couture d\u00e9co No\u00ebl pour confectionner avec amour des d\u00e9corations de No\u00ebl en feutrine ! Les explications et le patron de couture sont donn\u00e9s pour r\u00e9aliser un c\u0153ur en feutrine d\u00e9cor\u00e9 de c\u0153urs plus petits en tissu, et un Dalah\u00e4st (ce fameux petit cheval, symbole traditionnel su\u00e9dois !).\" \/>\n<meta property=\"og:url\" content=\"https:\/\/www.atelierdescigognes.fr\/wordpressV2\/boutique\/accessoires\/patron-couture-decoration-noel-dalahast\/\" \/>\n<meta property=\"og:site_name\" content=\"Atelier des cigognes\" \/>\n<meta property=\"article:modified_time\" content=\"2018-04-05T13:21:33+00:00\" \/>\n<meta property=\"og:image\" content=\"https:\/\/www.atelierdescigognes.fr\/wordpressV2\/wp-content\/uploads\/2017\/11\/IMG_3500-e1522934318130.jpg\" \/>\n\t<meta property=\"og:image:width\" content=\"2448\" \/>\n\t<meta property=\"og:image:height\" content=\"2448\" \/>\n\t<meta property=\"og:image:type\" content=\"image\/jpeg\" \/>\n<meta name=\"twitter:card\" content=\"summary_large_image\" \/>\n<meta name=\"twitter:label1\" content=\"Dur\u00e9e de lecture estim\u00e9e\" \/>\n\t<meta name=\"twitter:data1\" content=\"1 minute\" \/>\n<script type=\"application\/ld+json\" class=\"yoast-schema-graph\">{\"@context\":\"https:\\\/\\\/schema.org\",\"@graph\":[{\"@type\":\"WebPage\",\"@id\":\"https:\\\/\\\/www.atelierdescigognes.fr\\\/wordpressV2\\\/boutique\\\/accessoires\\\/patron-couture-decoration-noel-dalahast\\\/\",\"url\":\"https:\\\/\\\/www.atelierdescigognes.fr\\\/wordpressV2\\\/boutique\\\/accessoires\\\/patron-couture-decoration-noel-dalahast\\\/\",\"name\":\"Patron couture d\u00e9co No\u00ebl - D\u00e9corations de No\u00ebl & Dalah\u00e4st\",\"isPartOf\":{\"@id\":\"https:\\\/\\\/www.atelierdescigognes.fr\\\/wordpressV2\\\/#website\"},\"primaryImageOfPage\":{\"@id\":\"https:\\\/\\\/www.atelierdescigognes.fr\\\/wordpressV2\\\/boutique\\\/accessoires\\\/patron-couture-decoration-noel-dalahast\\\/#primaryimage\"},\"image\":{\"@id\":\"https:\\\/\\\/www.atelierdescigognes.fr\\\/wordpressV2\\\/boutique\\\/accessoires\\\/patron-couture-decoration-noel-dalahast\\\/#primaryimage\"},\"thumbnailUrl\":\"https:\\\/\\\/www.atelierdescigognes.fr\\\/wordpressV2\\\/wp-content\\\/uploads\\\/2017\\\/11\\\/IMG_3500-e1522934318130.jpg\",\"datePublished\":\"2017-11-13T14:01:40+00:00\",\"dateModified\":\"2018-04-05T13:21:33+00:00\",\"description\":\"Patron couture d\u00e9co No\u00ebl pour confectionner avec amour des d\u00e9corations de No\u00ebl en feutrine ! Les explications et le patron de couture sont donn\u00e9s pour r\u00e9aliser un c\u0153ur en feutrine d\u00e9cor\u00e9 de c\u0153urs plus petits en tissu, et un Dalah\u00e4st (ce fameux petit cheval, symbole traditionnel su\u00e9dois !).\",\"breadcrumb\":{\"@id\":\"https:\\\/\\\/www.atelierdescigognes.fr\\\/wordpressV2\\\/boutique\\\/accessoires\\\/patron-couture-decoration-noel-dalahast\\\/#breadcrumb\"},\"inLanguage\":\"fr-FR\",\"potentialAction\":[{\"@type\":\"ReadAction\",\"target\":[\"https:\\\/\\\/www.atelierdescigognes.fr\\\/wordpressV2\\\/boutique\\\/accessoires\\\/patron-couture-decoration-noel-dalahast\\\/\"]}]},{\"@type\":\"ImageObject\",\"inLanguage\":\"fr-FR\",\"@id\":\"https:\\\/\\\/www.atelierdescigognes.fr\\\/wordpressV2\\\/boutique\\\/accessoires\\\/patron-couture-decoration-noel-dalahast\\\/#primaryimage\",\"url\":\"https:\\\/\\\/www.atelierdescigognes.fr\\\/wordpressV2\\\/wp-content\\\/uploads\\\/2017\\\/11\\\/IMG_3500-e1522934318130.jpg\",\"contentUrl\":\"https:\\\/\\\/www.atelierdescigognes.fr\\\/wordpressV2\\\/wp-content\\\/uploads\\\/2017\\\/11\\\/IMG_3500-e1522934318130.jpg\",\"width\":2448,\"height\":2448,\"caption\":\"Patron couture d\u00e9co No\u00ebl - D\u00e9corations de No\u00ebl & Dalah\u00e4st\"},{\"@type\":\"BreadcrumbList\",\"@id\":\"https:\\\/\\\/www.atelierdescigognes.fr\\\/wordpressV2\\\/boutique\\\/accessoires\\\/patron-couture-decoration-noel-dalahast\\\/#breadcrumb\",\"itemListElement\":[{\"@type\":\"ListItem\",\"position\":1,\"name\":\"Accueil\",\"item\":\"https:\\\/\\\/www.atelierdescigognes.fr\\\/wordpressV2\\\/\"},{\"@type\":\"ListItem\",\"position\":2,\"name\":\"Boutique\",\"item\":\"https:\\\/\\\/www.atelierdescigognes.fr\\\/wordpressV2\\\/boutique\\\/\"},{\"@type\":\"ListItem\",\"position\":3,\"name\":\"Patron couture &#8211; D\u00e9corations de No\u00ebl &#038; Dalah\u00e4st\"}]},{\"@type\":\"WebSite\",\"@id\":\"https:\\\/\\\/www.atelierdescigognes.fr\\\/wordpressV2\\\/#website\",\"url\":\"https:\\\/\\\/www.atelierdescigognes.fr\\\/wordpressV2\\\/\",\"name\":\"Atelier des cigognes\",\"description\":\"Cr\u00e9ation de patrons de couture\",\"publisher\":{\"@id\":\"https:\\\/\\\/www.atelierdescigognes.fr\\\/wordpressV2\\\/#organization\"},\"potentialAction\":[{\"@type\":\"SearchAction\",\"target\":{\"@type\":\"EntryPoint\",\"urlTemplate\":\"https:\\\/\\\/www.atelierdescigognes.fr\\\/wordpressV2\\\/?s={search_term_string}\"},\"query-input\":{\"@type\":\"PropertyValueSpecification\",\"valueRequired\":true,\"valueName\":\"search_term_string\"}}],\"inLanguage\":\"fr-FR\"},{\"@type\":\"Organization\",\"@id\":\"https:\\\/\\\/www.atelierdescigognes.fr\\\/wordpressV2\\\/#organization\",\"name\":\"Atelier des cigognes\",\"url\":\"https:\\\/\\\/www.atelierdescigognes.fr\\\/wordpressV2\\\/\",\"logo\":{\"@type\":\"ImageObject\",\"inLanguage\":\"fr-FR\",\"@id\":\"https:\\\/\\\/www.atelierdescigognes.fr\\\/wordpressV2\\\/#\\\/schema\\\/logo\\\/image\\\/\",\"url\":\"https:\\\/\\\/www.atelierdescigognes.fr\\\/wordpressV2\\\/wp-content\\\/uploads\\\/2018\\\/04\\\/cropped-logo_AdC.jpg\",\"contentUrl\":\"https:\\\/\\\/www.atelierdescigognes.fr\\\/wordpressV2\\\/wp-content\\\/uploads\\\/2018\\\/04\\\/cropped-logo_AdC.jpg\",\"width\":307,\"height\":110,\"caption\":\"Atelier des cigognes\"},\"image\":{\"@id\":\"https:\\\/\\\/www.atelierdescigognes.fr\\\/wordpressV2\\\/#\\\/schema\\\/logo\\\/image\\\/\"}}]}<\/script>\n<!-- \/ Yoast SEO plugin. -->","yoast_head_json":{"title":"Patron couture d\u00e9co No\u00ebl - D\u00e9corations de No\u00ebl & Dalah\u00e4st","description":"Patron couture d\u00e9co No\u00ebl pour confectionner avec amour des d\u00e9corations de No\u00ebl en feutrine ! Les explications et le patron de couture sont donn\u00e9s pour r\u00e9aliser un c\u0153ur en feutrine d\u00e9cor\u00e9 de c\u0153urs plus petits en tissu, et un Dalah\u00e4st (ce fameux petit cheval, symbole traditionnel su\u00e9dois !).","robots":{"index":"index","follow":"follow","max-snippet":"max-snippet:-1","max-image-preview":"max-image-preview:large","max-video-preview":"max-video-preview:-1"},"canonical":"https:\/\/www.atelierdescigognes.fr\/wordpressV2\/boutique\/accessoires\/patron-couture-decoration-noel-dalahast\/","og_locale":"fr_FR","og_type":"article","og_title":"Patron couture d\u00e9co No\u00ebl - D\u00e9corations de No\u00ebl & Dalah\u00e4st","og_description":"Patron couture d\u00e9co No\u00ebl pour confectionner avec amour des d\u00e9corations de No\u00ebl en feutrine ! Les explications et le patron de couture sont donn\u00e9s pour r\u00e9aliser un c\u0153ur en feutrine d\u00e9cor\u00e9 de c\u0153urs plus petits en tissu, et un Dalah\u00e4st (ce fameux petit cheval, symbole traditionnel su\u00e9dois !).","og_url":"https:\/\/www.atelierdescigognes.fr\/wordpressV2\/boutique\/accessoires\/patron-couture-decoration-noel-dalahast\/","og_site_name":"Atelier des cigognes","article_modified_time":"2018-04-05T13:21:33+00:00","og_image":[{"width":2448,"height":2448,"url":"https:\/\/www.atelierdescigognes.fr\/wordpressV2\/wp-content\/uploads\/2017\/11\/IMG_3500-e1522934318130.jpg","type":"image\/jpeg"}],"twitter_card":"summary_large_image","twitter_misc":{"Dur\u00e9e de lecture estim\u00e9e":"1 minute"},"schema":{"@context":"https:\/\/schema.org","@graph":[{"@type":"WebPage","@id":"https:\/\/www.atelierdescigognes.fr\/wordpressV2\/boutique\/accessoires\/patron-couture-decoration-noel-dalahast\/","url":"https:\/\/www.atelierdescigognes.fr\/wordpressV2\/boutique\/accessoires\/patron-couture-decoration-noel-dalahast\/","name":"Patron couture d\u00e9co No\u00ebl - D\u00e9corations de No\u00ebl & Dalah\u00e4st","isPartOf":{"@id":"https:\/\/www.atelierdescigognes.fr\/wordpressV2\/#website"},"primaryImageOfPage":{"@id":"https:\/\/www.atelierdescigognes.fr\/wordpressV2\/boutique\/accessoires\/patron-couture-decoration-noel-dalahast\/#primaryimage"},"image":{"@id":"https:\/\/www.atelierdescigognes.fr\/wordpressV2\/boutique\/accessoires\/patron-couture-decoration-noel-dalahast\/#primaryimage"},"thumbnailUrl":"https:\/\/www.atelierdescigognes.fr\/wordpressV2\/wp-content\/uploads\/2017\/11\/IMG_3500-e1522934318130.jpg","datePublished":"2017-11-13T14:01:40+00:00","dateModified":"2018-04-05T13:21:33+00:00","description":"Patron couture d\u00e9co No\u00ebl pour confectionner avec amour des d\u00e9corations de No\u00ebl en feutrine ! Les explications et le patron de couture sont donn\u00e9s pour r\u00e9aliser un c\u0153ur en feutrine d\u00e9cor\u00e9 de c\u0153urs plus petits en tissu, et un Dalah\u00e4st (ce fameux petit cheval, symbole traditionnel su\u00e9dois !).","breadcrumb":{"@id":"https:\/\/www.atelierdescigognes.fr\/wordpressV2\/boutique\/accessoires\/patron-couture-decoration-noel-dalahast\/#breadcrumb"},"inLanguage":"fr-FR","potentialAction":[{"@type":"ReadAction","target":["https:\/\/www.atelierdescigognes.fr\/wordpressV2\/boutique\/accessoires\/patron-couture-decoration-noel-dalahast\/"]}]},{"@type":"ImageObject","inLanguage":"fr-FR","@id":"https:\/\/www.atelierdescigognes.fr\/wordpressV2\/boutique\/accessoires\/patron-couture-decoration-noel-dalahast\/#primaryimage","url":"https:\/\/www.atelierdescigognes.fr\/wordpressV2\/wp-content\/uploads\/2017\/11\/IMG_3500-e1522934318130.jpg","contentUrl":"https:\/\/www.atelierdescigognes.fr\/wordpressV2\/wp-content\/uploads\/2017\/11\/IMG_3500-e1522934318130.jpg","width":2448,"height":2448,"caption":"Patron couture d\u00e9co No\u00ebl - D\u00e9corations de No\u00ebl & Dalah\u00e4st"},{"@type":"BreadcrumbList","@id":"https:\/\/www.atelierdescigognes.fr\/wordpressV2\/boutique\/accessoires\/patron-couture-decoration-noel-dalahast\/#breadcrumb","itemListElement":[{"@type":"ListItem","position":1,"name":"Accueil","item":"https:\/\/www.atelierdescigognes.fr\/wordpressV2\/"},{"@type":"ListItem","position":2,"name":"Boutique","item":"https:\/\/www.atelierdescigognes.fr\/wordpressV2\/boutique\/"},{"@type":"ListItem","position":3,"name":"Patron couture &#8211; D\u00e9corations de No\u00ebl &#038; Dalah\u00e4st"}]},{"@type":"WebSite","@id":"https:\/\/www.atelierdescigognes.fr\/wordpressV2\/#website","url":"https:\/\/www.atelierdescigognes.fr\/wordpressV2\/","name":"Atelier des cigognes","description":"Cr\u00e9ation de patrons de couture","publisher":{"@id":"https:\/\/www.atelierdescigognes.fr\/wordpressV2\/#organization"},"potentialAction":[{"@type":"SearchAction","target":{"@type":"EntryPoint","urlTemplate":"https:\/\/www.atelierdescigognes.fr\/wordpressV2\/?s={search_term_string}"},"query-input":{"@type":"PropertyValueSpecification","valueRequired":true,"valueName":"search_term_string"}}],"inLanguage":"fr-FR"},{"@type":"Organization","@id":"https:\/\/www.atelierdescigognes.fr\/wordpressV2\/#organization","name":"Atelier des cigognes","url":"https:\/\/www.atelierdescigognes.fr\/wordpressV2\/","logo":{"@type":"ImageObject","inLanguage":"fr-FR","@id":"https:\/\/www.atelierdescigognes.fr\/wordpressV2\/#\/schema\/logo\/image\/","url":"https:\/\/www.atelierdescigognes.fr\/wordpressV2\/wp-content\/uploads\/2018\/04\/cropped-logo_AdC.jpg","contentUrl":"https:\/\/www.atelierdescigognes.fr\/wordpressV2\/wp-content\/uploads\/2018\/04\/cropped-logo_AdC.jpg","width":307,"height":110,"caption":"Atelier des cigognes"},"image":{"@id":"https:\/\/www.atelierdescigognes.fr\/wordpressV2\/#\/schema\/logo\/image\/"}}]}},"jetpack_publicize_connections":[],"jetpack_sharing_enabled":true,"_links":{"self":[{"href":"https:\/\/www.atelierdescigognes.fr\/wordpressV2\/wp-json\/wp\/v2\/product\/4437","targetHints":{"allow":["GET"]}}],"collection":[{"href":"https:\/\/www.atelierdescigognes.fr\/wordpressV2\/wp-json\/wp\/v2\/product"}],"about":[{"href":"https:\/\/www.atelierdescigognes.fr\/wordpressV2\/wp-json\/wp\/v2\/types\/product"}],"replies":[{"embeddable":true,"href":"https:\/\/www.atelierdescigognes.fr\/wordpressV2\/wp-json\/wp\/v2\/comments?post=4437"}],"wp:featuredmedia":[{"embeddable":true,"href":"https:\/\/www.atelierdescigognes.fr\/wordpressV2\/wp-json\/wp\/v2\/media\/5537"}],"wp:attachment":[{"href":"https:\/\/www.atelierdescigognes.fr\/wordpressV2\/wp-json\/wp\/v2\/media?parent=4437"}],"wp:term":[{"taxonomy":"product_brand","embeddable":true,"href":"https:\/\/www.atelierdescigognes.fr\/wordpressV2\/wp-json\/wp\/v2\/product_brand?post=4437"},{"taxonomy":"product_cat","embeddable":true,"href":"https:\/\/www.atelierdescigognes.fr\/wordpressV2\/wp-json\/wp\/v2\/product_cat?post=4437"},{"taxonomy":"product_tag","embeddable":true,"href":"https:\/\/www.atelierdescigognes.fr\/wordpressV2\/wp-json\/wp\/v2\/product_tag?post=4437"}],"curies":[{"name":"wp","href":"https:\/\/api.w.org\/{rel}","templated":true}]}}