{"id":4013,"date":"2017-06-22T11:18:30","date_gmt":"2017-06-22T11:18:30","guid":{"rendered":"http:\/\/www.atelierdescigognes.fr\/?post_type=product&#038;p=4013"},"modified":"2026-05-12T18:18:15","modified_gmt":"2026-05-12T16:18:15","slug":"patron-couture-bebe-pdf-robe-chasuble-ariane","status":"publish","type":"product","link":"https:\/\/www.atelierdescigognes.fr\/wordpressV2\/boutique\/patron-couture-bebe\/patron-couture-bebe-pdf-robe-chasuble-ariane\/","title":{"rendered":"ARIANE \u2013 Patron couture b\u00e9b\u00e9 PDF \u2013 Robe chasuble"},"content":{"rendered":"<h1>Patron couture b\u00e9b\u00e9 PDF \u2013 Robe chasuble ARIANE<\/h1>\n<p>Le patron ARIANE permet de r\u00e9aliser une robe b\u00e9b\u00e9 \u00e0 la coupe simple et intemporelle. Avec son corsage doubl\u00e9, son dos boutonn\u00e9 et ses fronces \u00e0 la taille, c\u2019est une pi\u00e8ce facile \u00e0 personnaliser avec un bel imprim\u00e9, un tissu uni, des broderies ou un galon.<\/p>\n<h3>Une robe b\u00e9b\u00e9 pour toutes les saisons<\/h3>\n<ul>\n<li>Robe chasuble b\u00e9b\u00e9 de 3 \u00e0 24 mois<\/li>\n<li>Corsage doubl\u00e9 pour une finition soign\u00e9e<\/li>\n<li>Dos boutonn\u00e9 avec 3 boutons<\/li>\n<li>Fronces \u00e0 la taille pour une jolie ampleur<\/li>\n<\/ul>\n<h3>Format PDF<\/h3>\n<p>Le patron est \u00e0 t\u00e9l\u00e9charger apr\u00e8s commande. La planche peut \u00eatre imprim\u00e9e au format A4 \u00e0 la maison ou au format A1 chez un reprographe ; les explications sont fournies au format A4.<\/p>\n<h3>Tissus conseill\u00e9s pour ce patron robe b\u00e9b\u00e9<\/h3>\n<p>Pour une robe d\u2019\u00e9t\u00e9, choisissez une batiste de coton, une popeline, une double-gaze, un plumetis, un cr\u00eape ou du lin. En version hiver, pr\u00e9f\u00e9rez un serg\u00e9, une gabardine, un velours milleraies ou un fin lainage.<\/p>\n<p>Pour la doublure, optez pour un coton l\u00e9ger tel que du liberty ou une doublure en satin.<\/p>\n<p>Plus d&rsquo;infos sur le <a href=\"http:\/\/www.atelierdescigognes.fr\/choisir-son-tissu\/\" target=\"_blank\" rel=\"noopener\">choix des tissus<\/a><\/p>\n<h3>Fournitures<\/h3>\n<p>&#8211; 3 boutons de 1 cm de diam\u00e8tre<\/p>\n<h3>M\u00e9trages de tissu<\/h3>\n<div class=\"table-responsive\">\n<table class=\"table table-hover \" width=\"100%\">\n<thead>\n<tr>\n<th>Tissu de la robe B\u00e9b\u00e9<\/th>\n<th>3 mois<\/th>\n<th>6 mois<\/th>\n<th>9 mois<\/th>\n<th>12 mois<\/th>\n<th>18 mois<\/th>\n<th>24 mois<\/th>\n<\/tr>\n<\/thead>\n<tbody>\n<tr>\n<td>tissu en 135 cm de large<br \/>\n(ou de largeur &gt; \u00e0 135 cm)<\/td>\n<td>60 cm<\/td>\n<td>65 cm<\/td>\n<td>70 cm<\/td>\n<td>75 cm<\/td>\n<td>80 cm<\/td>\n<td>85 cm<\/td>\n<\/tr>\n<tr>\n<td>tissu en 115 cm de large<br \/>\n(ou compris entre 115 et 135 cm)<\/td>\n<td>80 cm<\/td>\n<td>85 cm<\/td>\n<td>85 cm<\/td>\n<td>90 cm<\/td>\n<td>95 cm<\/td>\n<td>1 m<\/td>\n<\/tr>\n<\/tbody>\n<\/table>\n<\/div>\n<p>&nbsp;<\/p>\n<div class=\"table-responsive\">\n<table class=\"table table-hover \" width=\"100%\">\n<thead>\n<tr>\n<th><\/th>\n<th>3 mois<\/th>\n<th>6 mois<\/th>\n<th>9 mois<\/th>\n<th>12 mois<\/th>\n<th>18 mois<\/th>\n<th>24 mois<\/th>\n<\/tr>\n<\/thead>\n<tbody>\n<tr>\n<td>Doublure<\/td>\n<td style=\"text-align: center;\" colspan=\"6\">un morceau de 80 cm de long * 25 cm de haut<\/td>\n<\/tr>\n<tr>\n<td>Boutons de 1 cm de diam\u00e8tre<\/td>\n<td style=\"text-align: center;\" colspan=\"6\">3 boutons<\/td>\n<\/tr>\n<\/tbody>\n<\/table>\n<\/div>\n<p>Voir le <a title=\"Guide des tailles\" href=\"http:\/\/www.atelierdescigognes.fr\/wordpress\/guide-des-tailles\/\" target=\"_blank\" rel=\"noopener noreferrer\">Guide des tailles<\/a>.<\/p>\n<p>Retrouvez d\u2019autres id\u00e9es de cr\u00e9ations couture B\u00e9b\u00e9\u00a0<a href=\"https:\/\/fr.pinterest.com\/AdCigognes\/~-patron-couture-b%C3%A9b%C3%A9-~\/\" target=\"_blank\" rel=\"noopener\">ici<\/a>\u00a0!<\/p>\n","protected":false},"excerpt":{"rendered":"<p>ARIANE est un patron PDF de robe chasuble b\u00e9b\u00e9, avec corsage doubl\u00e9, dos boutonn\u00e9 et fronces \u00e0 la taille. Un mod\u00e8le intemporel \u00e0 coudre du 3 au 24 mois, en version \u00e9t\u00e9 ou hiver selon le tissu choisi.<\/p>\n<p><i class=\"fas fa-print \"><\/i>\u00a0Ceci est un patron couture au format PDF. Vous pourrez le t\u00e9l\u00e9charger directement depuis votre mail de confirmation de commande et l\u2019imprimer chez vous au format A4. On imprime, on colle quelques bouts de scotch pour relier entre elles les diff\u00e9rentes pi\u00e8ces du patron, on d\u00e9coupe son tissu et on coud en suivant les explications !<\/p>\n<p>&nbsp;<\/p>\n","protected":false},"featured_media":5351,"comment_status":"closed","ping_status":"closed","template":"","meta":{"jetpack_post_was_ever_published":false,"jetpack_publicize_message":"","jetpack_publicize_feature_enabled":true,"jetpack_social_post_already_shared":true,"jetpack_social_options":{"image_generator_settings":{"template":"highway","default_image_id":0,"font":"","enabled":false},"version":2}},"product_brand":[],"product_cat":[21],"product_tag":[64,75,80],"class_list":{"0":"post-4013","1":"product","2":"type-product","3":"status-publish","4":"has-post-thumbnail","6":"product_cat-patron-couture-bebe","7":"product_tag-patron-couture-bebe-2","8":"product_tag-patron-couture-robe-bebe","9":"product_tag-robe-chasuble","10":"product_shipping_class-pas-de-frais-de-port-produit-telechargeable","12":"first","13":"instock","14":"featured","15":"downloadable","16":"shipping-taxable","17":"purchasable","18":"product-type-simple"},"yoast_head":"<!-- This site is optimized with the Yoast SEO plugin v27.5 - https:\/\/yoast.com\/product\/yoast-seo-wordpress\/ -->\n<title>Patron couture b\u00e9b\u00e9 PDF robe ARIANE | AdC<\/title>\n<meta name=\"description\" content=\"Patron PDF pour coudre une robe chasuble b\u00e9b\u00e9 de 3 \u00e0 24 mois. Corsage doubl\u00e9, dos boutonn\u00e9, coupe intemporelle et finitions soign\u00e9es.\" \/>\n<meta name=\"robots\" content=\"index, follow, max-snippet:-1, max-image-preview:large, max-video-preview:-1\" \/>\n<link rel=\"canonical\" href=\"https:\/\/www.atelierdescigognes.fr\/wordpressV2\/boutique\/patron-couture-bebe\/patron-couture-bebe-pdf-robe-chasuble-ariane\/\" \/>\n<meta property=\"og:locale\" content=\"fr_FR\" \/>\n<meta property=\"og:type\" content=\"article\" \/>\n<meta property=\"og:title\" content=\"Patron couture b\u00e9b\u00e9 PDF robe ARIANE | AdC\" \/>\n<meta property=\"og:description\" content=\"Patron PDF pour coudre une robe chasuble b\u00e9b\u00e9 de 3 \u00e0 24 mois. Corsage doubl\u00e9, dos boutonn\u00e9, coupe intemporelle et finitions soign\u00e9es.\" \/>\n<meta property=\"og:url\" content=\"https:\/\/www.atelierdescigognes.fr\/wordpressV2\/boutique\/patron-couture-bebe\/patron-couture-bebe-pdf-robe-chasuble-ariane\/\" \/>\n<meta property=\"og:site_name\" content=\"Atelier des cigognes\" \/>\n<meta property=\"article:modified_time\" content=\"2026-05-12T16:18:15+00:00\" \/>\n<meta property=\"og:image\" content=\"https:\/\/www.atelierdescigognes.fr\/wordpressV2\/wp-content\/uploads\/2017\/06\/B24_pdf.jpg\" \/>\n\t<meta property=\"og:image:width\" content=\"600\" \/>\n\t<meta property=\"og:image:height\" content=\"600\" \/>\n\t<meta property=\"og:image:type\" content=\"image\/jpeg\" \/>\n<meta name=\"twitter:card\" content=\"summary_large_image\" \/>\n<meta name=\"twitter:label1\" content=\"Dur\u00e9e de lecture estim\u00e9e\" \/>\n\t<meta name=\"twitter:data1\" content=\"2 minutes\" \/>\n<script type=\"application\/ld+json\" class=\"yoast-schema-graph\">{\"@context\":\"https:\\\/\\\/schema.org\",\"@graph\":[{\"@type\":\"WebPage\",\"@id\":\"https:\\\/\\\/www.atelierdescigognes.fr\\\/wordpressV2\\\/boutique\\\/patron-couture-bebe\\\/patron-couture-bebe-pdf-robe-chasuble-ariane\\\/\",\"url\":\"https:\\\/\\\/www.atelierdescigognes.fr\\\/wordpressV2\\\/boutique\\\/patron-couture-bebe\\\/patron-couture-bebe-pdf-robe-chasuble-ariane\\\/\",\"name\":\"Patron couture b\u00e9b\u00e9 PDF robe ARIANE | AdC\",\"isPartOf\":{\"@id\":\"https:\\\/\\\/www.atelierdescigognes.fr\\\/wordpressV2\\\/#website\"},\"primaryImageOfPage\":{\"@id\":\"https:\\\/\\\/www.atelierdescigognes.fr\\\/wordpressV2\\\/boutique\\\/patron-couture-bebe\\\/patron-couture-bebe-pdf-robe-chasuble-ariane\\\/#primaryimage\"},\"image\":{\"@id\":\"https:\\\/\\\/www.atelierdescigognes.fr\\\/wordpressV2\\\/boutique\\\/patron-couture-bebe\\\/patron-couture-bebe-pdf-robe-chasuble-ariane\\\/#primaryimage\"},\"thumbnailUrl\":\"https:\\\/\\\/www.atelierdescigognes.fr\\\/wordpressV2\\\/wp-content\\\/uploads\\\/2017\\\/06\\\/B24_pdf.jpg\",\"datePublished\":\"2017-06-22T11:18:30+00:00\",\"dateModified\":\"2026-05-12T16:18:15+00:00\",\"description\":\"Patron PDF pour coudre une robe chasuble b\u00e9b\u00e9 de 3 \u00e0 24 mois. Corsage doubl\u00e9, dos boutonn\u00e9, coupe intemporelle et finitions soign\u00e9es.\",\"breadcrumb\":{\"@id\":\"https:\\\/\\\/www.atelierdescigognes.fr\\\/wordpressV2\\\/boutique\\\/patron-couture-bebe\\\/patron-couture-bebe-pdf-robe-chasuble-ariane\\\/#breadcrumb\"},\"inLanguage\":\"fr-FR\",\"potentialAction\":[{\"@type\":\"ReadAction\",\"target\":[\"https:\\\/\\\/www.atelierdescigognes.fr\\\/wordpressV2\\\/boutique\\\/patron-couture-bebe\\\/patron-couture-bebe-pdf-robe-chasuble-ariane\\\/\"]}]},{\"@type\":\"ImageObject\",\"inLanguage\":\"fr-FR\",\"@id\":\"https:\\\/\\\/www.atelierdescigognes.fr\\\/wordpressV2\\\/boutique\\\/patron-couture-bebe\\\/patron-couture-bebe-pdf-robe-chasuble-ariane\\\/#primaryimage\",\"url\":\"https:\\\/\\\/www.atelierdescigognes.fr\\\/wordpressV2\\\/wp-content\\\/uploads\\\/2017\\\/06\\\/B24_pdf.jpg\",\"contentUrl\":\"https:\\\/\\\/www.atelierdescigognes.fr\\\/wordpressV2\\\/wp-content\\\/uploads\\\/2017\\\/06\\\/B24_pdf.jpg\",\"width\":600,\"height\":600,\"caption\":\"Patron couture robe B\u00e9b\u00e9 -ARIANE\"},{\"@type\":\"BreadcrumbList\",\"@id\":\"https:\\\/\\\/www.atelierdescigognes.fr\\\/wordpressV2\\\/boutique\\\/patron-couture-bebe\\\/patron-couture-bebe-pdf-robe-chasuble-ariane\\\/#breadcrumb\",\"itemListElement\":[{\"@type\":\"ListItem\",\"position\":1,\"name\":\"Accueil\",\"item\":\"https:\\\/\\\/www.atelierdescigognes.fr\\\/wordpressV2\\\/\"},{\"@type\":\"ListItem\",\"position\":2,\"name\":\"Boutique\",\"item\":\"https:\\\/\\\/www.atelierdescigognes.fr\\\/wordpressV2\\\/boutique\\\/\"},{\"@type\":\"ListItem\",\"position\":3,\"name\":\"ARIANE \u2013 Patron couture b\u00e9b\u00e9 PDF \u2013 Robe chasuble\"}]},{\"@type\":\"WebSite\",\"@id\":\"https:\\\/\\\/www.atelierdescigognes.fr\\\/wordpressV2\\\/#website\",\"url\":\"https:\\\/\\\/www.atelierdescigognes.fr\\\/wordpressV2\\\/\",\"name\":\"Atelier des cigognes\",\"description\":\"Cr\u00e9ation de patrons de couture\",\"publisher\":{\"@id\":\"https:\\\/\\\/www.atelierdescigognes.fr\\\/wordpressV2\\\/#organization\"},\"potentialAction\":[{\"@type\":\"SearchAction\",\"target\":{\"@type\":\"EntryPoint\",\"urlTemplate\":\"https:\\\/\\\/www.atelierdescigognes.fr\\\/wordpressV2\\\/?s={search_term_string}\"},\"query-input\":{\"@type\":\"PropertyValueSpecification\",\"valueRequired\":true,\"valueName\":\"search_term_string\"}}],\"inLanguage\":\"fr-FR\"},{\"@type\":\"Organization\",\"@id\":\"https:\\\/\\\/www.atelierdescigognes.fr\\\/wordpressV2\\\/#organization\",\"name\":\"Atelier des cigognes\",\"url\":\"https:\\\/\\\/www.atelierdescigognes.fr\\\/wordpressV2\\\/\",\"logo\":{\"@type\":\"ImageObject\",\"inLanguage\":\"fr-FR\",\"@id\":\"https:\\\/\\\/www.atelierdescigognes.fr\\\/wordpressV2\\\/#\\\/schema\\\/logo\\\/image\\\/\",\"url\":\"https:\\\/\\\/www.atelierdescigognes.fr\\\/wordpressV2\\\/wp-content\\\/uploads\\\/2018\\\/04\\\/cropped-logo_AdC.jpg\",\"contentUrl\":\"https:\\\/\\\/www.atelierdescigognes.fr\\\/wordpressV2\\\/wp-content\\\/uploads\\\/2018\\\/04\\\/cropped-logo_AdC.jpg\",\"width\":307,\"height\":110,\"caption\":\"Atelier des cigognes\"},\"image\":{\"@id\":\"https:\\\/\\\/www.atelierdescigognes.fr\\\/wordpressV2\\\/#\\\/schema\\\/logo\\\/image\\\/\"}}]}<\/script>\n<!-- \/ Yoast SEO plugin. -->","yoast_head_json":{"title":"Patron couture b\u00e9b\u00e9 PDF robe ARIANE | AdC","description":"Patron PDF pour coudre une robe chasuble b\u00e9b\u00e9 de 3 \u00e0 24 mois. Corsage doubl\u00e9, dos boutonn\u00e9, coupe intemporelle et finitions soign\u00e9es.","robots":{"index":"index","follow":"follow","max-snippet":"max-snippet:-1","max-image-preview":"max-image-preview:large","max-video-preview":"max-video-preview:-1"},"canonical":"https:\/\/www.atelierdescigognes.fr\/wordpressV2\/boutique\/patron-couture-bebe\/patron-couture-bebe-pdf-robe-chasuble-ariane\/","og_locale":"fr_FR","og_type":"article","og_title":"Patron couture b\u00e9b\u00e9 PDF robe ARIANE | AdC","og_description":"Patron PDF pour coudre une robe chasuble b\u00e9b\u00e9 de 3 \u00e0 24 mois. Corsage doubl\u00e9, dos boutonn\u00e9, coupe intemporelle et finitions soign\u00e9es.","og_url":"https:\/\/www.atelierdescigognes.fr\/wordpressV2\/boutique\/patron-couture-bebe\/patron-couture-bebe-pdf-robe-chasuble-ariane\/","og_site_name":"Atelier des cigognes","article_modified_time":"2026-05-12T16:18:15+00:00","og_image":[{"width":600,"height":600,"url":"https:\/\/www.atelierdescigognes.fr\/wordpressV2\/wp-content\/uploads\/2017\/06\/B24_pdf.jpg","type":"image\/jpeg"}],"twitter_card":"summary_large_image","twitter_misc":{"Dur\u00e9e de lecture estim\u00e9e":"2 minutes"},"schema":{"@context":"https:\/\/schema.org","@graph":[{"@type":"WebPage","@id":"https:\/\/www.atelierdescigognes.fr\/wordpressV2\/boutique\/patron-couture-bebe\/patron-couture-bebe-pdf-robe-chasuble-ariane\/","url":"https:\/\/www.atelierdescigognes.fr\/wordpressV2\/boutique\/patron-couture-bebe\/patron-couture-bebe-pdf-robe-chasuble-ariane\/","name":"Patron couture b\u00e9b\u00e9 PDF robe ARIANE | AdC","isPartOf":{"@id":"https:\/\/www.atelierdescigognes.fr\/wordpressV2\/#website"},"primaryImageOfPage":{"@id":"https:\/\/www.atelierdescigognes.fr\/wordpressV2\/boutique\/patron-couture-bebe\/patron-couture-bebe-pdf-robe-chasuble-ariane\/#primaryimage"},"image":{"@id":"https:\/\/www.atelierdescigognes.fr\/wordpressV2\/boutique\/patron-couture-bebe\/patron-couture-bebe-pdf-robe-chasuble-ariane\/#primaryimage"},"thumbnailUrl":"https:\/\/www.atelierdescigognes.fr\/wordpressV2\/wp-content\/uploads\/2017\/06\/B24_pdf.jpg","datePublished":"2017-06-22T11:18:30+00:00","dateModified":"2026-05-12T16:18:15+00:00","description":"Patron PDF pour coudre une robe chasuble b\u00e9b\u00e9 de 3 \u00e0 24 mois. Corsage doubl\u00e9, dos boutonn\u00e9, coupe intemporelle et finitions soign\u00e9es.","breadcrumb":{"@id":"https:\/\/www.atelierdescigognes.fr\/wordpressV2\/boutique\/patron-couture-bebe\/patron-couture-bebe-pdf-robe-chasuble-ariane\/#breadcrumb"},"inLanguage":"fr-FR","potentialAction":[{"@type":"ReadAction","target":["https:\/\/www.atelierdescigognes.fr\/wordpressV2\/boutique\/patron-couture-bebe\/patron-couture-bebe-pdf-robe-chasuble-ariane\/"]}]},{"@type":"ImageObject","inLanguage":"fr-FR","@id":"https:\/\/www.atelierdescigognes.fr\/wordpressV2\/boutique\/patron-couture-bebe\/patron-couture-bebe-pdf-robe-chasuble-ariane\/#primaryimage","url":"https:\/\/www.atelierdescigognes.fr\/wordpressV2\/wp-content\/uploads\/2017\/06\/B24_pdf.jpg","contentUrl":"https:\/\/www.atelierdescigognes.fr\/wordpressV2\/wp-content\/uploads\/2017\/06\/B24_pdf.jpg","width":600,"height":600,"caption":"Patron couture robe B\u00e9b\u00e9 -ARIANE"},{"@type":"BreadcrumbList","@id":"https:\/\/www.atelierdescigognes.fr\/wordpressV2\/boutique\/patron-couture-bebe\/patron-couture-bebe-pdf-robe-chasuble-ariane\/#breadcrumb","itemListElement":[{"@type":"ListItem","position":1,"name":"Accueil","item":"https:\/\/www.atelierdescigognes.fr\/wordpressV2\/"},{"@type":"ListItem","position":2,"name":"Boutique","item":"https:\/\/www.atelierdescigognes.fr\/wordpressV2\/boutique\/"},{"@type":"ListItem","position":3,"name":"ARIANE \u2013 Patron couture b\u00e9b\u00e9 PDF \u2013 Robe chasuble"}]},{"@type":"WebSite","@id":"https:\/\/www.atelierdescigognes.fr\/wordpressV2\/#website","url":"https:\/\/www.atelierdescigognes.fr\/wordpressV2\/","name":"Atelier des cigognes","description":"Cr\u00e9ation de patrons de couture","publisher":{"@id":"https:\/\/www.atelierdescigognes.fr\/wordpressV2\/#organization"},"potentialAction":[{"@type":"SearchAction","target":{"@type":"EntryPoint","urlTemplate":"https:\/\/www.atelierdescigognes.fr\/wordpressV2\/?s={search_term_string}"},"query-input":{"@type":"PropertyValueSpecification","valueRequired":true,"valueName":"search_term_string"}}],"inLanguage":"fr-FR"},{"@type":"Organization","@id":"https:\/\/www.atelierdescigognes.fr\/wordpressV2\/#organization","name":"Atelier des cigognes","url":"https:\/\/www.atelierdescigognes.fr\/wordpressV2\/","logo":{"@type":"ImageObject","inLanguage":"fr-FR","@id":"https:\/\/www.atelierdescigognes.fr\/wordpressV2\/#\/schema\/logo\/image\/","url":"https:\/\/www.atelierdescigognes.fr\/wordpressV2\/wp-content\/uploads\/2018\/04\/cropped-logo_AdC.jpg","contentUrl":"https:\/\/www.atelierdescigognes.fr\/wordpressV2\/wp-content\/uploads\/2018\/04\/cropped-logo_AdC.jpg","width":307,"height":110,"caption":"Atelier des cigognes"},"image":{"@id":"https:\/\/www.atelierdescigognes.fr\/wordpressV2\/#\/schema\/logo\/image\/"}}]}},"jetpack_publicize_connections":[],"jetpack_sharing_enabled":true,"_links":{"self":[{"href":"https:\/\/www.atelierdescigognes.fr\/wordpressV2\/wp-json\/wp\/v2\/product\/4013","targetHints":{"allow":["GET"]}}],"collection":[{"href":"https:\/\/www.atelierdescigognes.fr\/wordpressV2\/wp-json\/wp\/v2\/product"}],"about":[{"href":"https:\/\/www.atelierdescigognes.fr\/wordpressV2\/wp-json\/wp\/v2\/types\/product"}],"replies":[{"embeddable":true,"href":"https:\/\/www.atelierdescigognes.fr\/wordpressV2\/wp-json\/wp\/v2\/comments?post=4013"}],"wp:featuredmedia":[{"embeddable":true,"href":"https:\/\/www.atelierdescigognes.fr\/wordpressV2\/wp-json\/wp\/v2\/media\/5351"}],"wp:attachment":[{"href":"https:\/\/www.atelierdescigognes.fr\/wordpressV2\/wp-json\/wp\/v2\/media?parent=4013"}],"wp:term":[{"taxonomy":"product_brand","embeddable":true,"href":"https:\/\/www.atelierdescigognes.fr\/wordpressV2\/wp-json\/wp\/v2\/product_brand?post=4013"},{"taxonomy":"product_cat","embeddable":true,"href":"https:\/\/www.atelierdescigognes.fr\/wordpressV2\/wp-json\/wp\/v2\/product_cat?post=4013"},{"taxonomy":"product_tag","embeddable":true,"href":"https:\/\/www.atelierdescigognes.fr\/wordpressV2\/wp-json\/wp\/v2\/product_tag?post=4013"}],"curies":[{"name":"wp","href":"https:\/\/api.w.org\/{rel}","templated":true}]}}