{"id":3542,"date":"2017-03-03T11:26:20","date_gmt":"2017-03-03T11:26:20","guid":{"rendered":"http:\/\/www.atelierdescigognes.fr\/?post_type=product&#038;p=3542"},"modified":"2018-03-26T17:21:03","modified_gmt":"2018-03-26T15:21:03","slug":"livre-ma-garde-robe-de-grossesse","status":"publish","type":"product","link":"https:\/\/www.atelierdescigognes.fr\/wordpressV2\/boutique\/patron-couture-future-maman\/livre-ma-garde-robe-de-grossesse\/","title":{"rendered":"Livre &#8211; Ma garde-robe de grossesse"},"content":{"rendered":"<p>Un livre couture grossesse pour r\u00e9aliser toute une garde-robe de grossesse !<\/p>\n<p>Pourquoi sacrifier les jolies formes de la grossesse sur l&rsquo;autel des blouses XXL ? Parmi les 20 mod\u00e8les \u00e0 coudre que propose cet ouvrage de couture grossesse, vous trouverez des basiques intemporels et confortables aux d\u00e9tails raffin\u00e9s (plusieurs tops de grossesse, pull, robe grossesse, mini-jupe de grossesse, pantalon slim, short&#8230;), \u00e0 r\u00e9aliser en version automne-hiver ou printemps-\u00e9t\u00e9, des pi\u00e8ces plus sophistiqu\u00e9es (robe d&rsquo;allaitement, veste, cape, couvre-\u00e9paules&#8230;), ainsi que des v\u00eatements de nuit et d&rsquo;int\u00e9rieur (blouse, chemise de nuit, pyjama, nuisette&#8230;).<\/p>\n<h4>Les \u00ab\u00a0hacks\u00a0\u00bb de la garde-robe de grossesse<\/h4>\n<p>Et pour que vous profitiez plus longtemps de votre nouvelle garde-robe, la moiti\u00e9 des mod\u00e8les ont \u00e9t\u00e9 con\u00e7us pour pouvoir \u00eatre port\u00e9s en dehors de la grossesse, avec un ventre (presque\u00a0!) plat . Ce sont les \u00ab\u00a0hacks\u00a0\u00bb de la garde-robe de grossesse !<\/p>\n<p>Livre paru aux \u00e9ditions Eyrolles le 9 mars 2017.<\/p>\n<p><strong>Cliquez sur l&rsquo;image pour commander ce livre :<\/strong><a href=\"https:\/\/www.amazon.fr\/gp\/product\/2212143753\/ref=as_li_tl?ie=UTF8&amp;camp=1642&amp;creative=6746&amp;creativeASIN=2212143753&amp;linkCode=as2&amp;tag=ateliedescigo-21\" rel=\"nofollow\"><img loading=\"lazy\" decoding=\"async\" class=\"alignleft\" src=\"http:\/\/ws-eu.amazon-adsystem.com\/widgets\/q?_encoding=UTF8&amp;ASIN=2212143753&amp;Format=_SL110_&amp;ID=AsinImage&amp;MarketPlace=FR&amp;ServiceVersion=20070822&amp;WS=1&amp;tag=ateliedescigo-21\" alt=\"Livre couture grossesse &quot;Ma garde-robe de grossesse&quot;\" width=\"82\" height=\"110\" border=\"0\" \/><\/a><img loading=\"lazy\" decoding=\"async\" style=\"border: none !important; margin: 0px !important;\" src=\"http:\/\/ir-fr.amazon-adsystem.com\/e\/ir?t=ateliedescigo-21&amp;l=as2&amp;o=8&amp;a=2212143753\" alt=\"\" width=\"1\" height=\"1\" border=\"0\" \/><br \/>\n<a href=\"https:\/\/www.amazon.fr\/gp\/product\/2212143753\/ref=as_li_tl?ie=UTF8&amp;camp=1642&amp;creative=6746&amp;creativeASIN=2212143753&amp;linkCode=as2&amp;tag=ateliedescigo-21\" rel=\"nofollow\">Ma garde-robe de grossesse<\/a><\/p>\n<p>&nbsp;<\/p>\n<p>&nbsp;<\/p>\n<p>Vous pouvez notamment retrouver le tutoriel pour un hack suppl\u00e9mentaire de la garde-robe de grossesse : <a href=\"http:\/\/blogdescigognes.fr\/2018\/02\/un-pull-facile-a-coudre\/\" target=\"_blank\" rel=\"noopener\">le Pull Innsbruck en version femme<\/a> !<img loading=\"lazy\" decoding=\"async\" style=\"border: none !important; margin: 0px !important;\" src=\"http:\/\/ir-fr.amazon-adsystem.com\/e\/ir?t=ateliedescigo-21&amp;l=as2&amp;o=8&amp;a=2212143753\" alt=\"\" width=\"1\" height=\"1\" border=\"0\" \/><\/p>\n","protected":false},"excerpt":{"rendered":"<p>Un livre couture grossesse pour r\u00e9aliser toute une garde-robe de grossesse !<\/p>\n<p>Pourquoi sacrifier les jolies formes de la grossesse sur l&rsquo;autel des blouses XXL ? Parmi les 20 mod\u00e8les \u00e0 coudre que propose cet ouvrage, vous trouverez des basiques intemporels et confortables aux d\u00e9tails raffin\u00e9s (top, pull, robe, pantalon, short&#8230;), \u00e0 r\u00e9aliser en version automne-hiver ou printemps-\u00e9t\u00e9, des pi\u00e8ces plus sophistiqu\u00e9es (robe d&rsquo;allaitement, veste, cape, couvre-\u00e9paules&#8230;), ainsi que des v\u00eatements de nuit et d&rsquo;int\u00e9rieur (blouse, chemise de nuit, pyjama&#8230;).<\/p>\n<p>Et pour que vous profitiez plus longtemps de votre nouvelle garde-robe, la moiti\u00e9 des mod\u00e8les ont \u00e9t\u00e9 con\u00e7us pour pouvoir \u00eatre port\u00e9s en dehors de la grossesse, avec un ventre (presque !) plat.<\/p>\n<p>Livre paru aux \u00e9ditions Eyrolles le 9 mars 2017.<\/p>\n<p><strong>Cliquez sur l&rsquo;image pour commander ce livre :<\/strong><a href=\"https:\/\/www.amazon.fr\/gp\/product\/2212143753\/ref=as_li_tl?ie=UTF8&amp;camp=1642&amp;creative=6746&amp;creativeASIN=2212143753&amp;linkCode=as2&amp;tag=ateliedescigo-21\" rel=\"nofollow\"><img decoding=\"async\" class=\"alignright\" src=\"http:\/\/ws-eu.amazon-adsystem.com\/widgets\/q?_encoding=UTF8&amp;ASIN=2212143753&amp;Format=_SL110_&amp;ID=AsinImage&amp;MarketPlace=FR&amp;ServiceVersion=20070822&amp;WS=1&amp;tag=ateliedescigo-21\" border=\"0\" \/><\/a><img loading=\"lazy\" decoding=\"async\" style=\"border: none !important; margin: 0px !important;\" src=\"http:\/\/ir-fr.amazon-adsystem.com\/e\/ir?t=ateliedescigo-21&amp;l=as2&amp;o=8&amp;a=2212143753\" alt=\"\" width=\"1\" height=\"1\" border=\"0\" \/><br \/>\n<a href=\"https:\/\/www.amazon.fr\/gp\/product\/2212143753\/ref=as_li_tl?ie=UTF8&amp;camp=1642&amp;creative=6746&amp;creativeASIN=2212143753&amp;linkCode=as2&amp;tag=ateliedescigo-21\" rel=\"nofollow\">Ma garde-robe de grossesse<\/a><img loading=\"lazy\" decoding=\"async\" style=\"border: none !important; margin: 0px !important;\" src=\"http:\/\/ir-fr.amazon-adsystem.com\/e\/ir?t=ateliedescigo-21&amp;l=as2&amp;o=8&amp;a=2212143753\" alt=\"\" width=\"1\" height=\"1\" border=\"0\" \/><\/p>\n","protected":false},"featured_media":5333,"comment_status":"closed","ping_status":"closed","template":"","meta":{"jetpack_post_was_ever_published":false,"jetpack_publicize_message":"","jetpack_publicize_feature_enabled":true,"jetpack_social_post_already_shared":true,"jetpack_social_options":{"image_generator_settings":{"template":"highway","default_image_id":0,"font":"","enabled":false},"version":2}},"product_brand":[],"product_cat":[90,19],"product_tag":[42,49,56,57],"class_list":{"0":"post-3542","1":"product","2":"type-product","3":"status-publish","4":"has-post-thumbnail","6":"product_cat-livre-couture-couture","7":"product_cat-patron-couture-future-maman","8":"product_tag-couture-grossesse","9":"product_tag-editions-eyrolles","10":"product_tag-livre-couture","11":"product_tag-ma-garde-robe-de-grossesse","13":"first","14":"instock","15":"featured","16":"shipping-taxable","17":"product-type-simple"},"yoast_head":"<!-- This site is optimized with the Yoast SEO plugin v27.2 - https:\/\/yoast.com\/product\/yoast-seo-wordpress\/ -->\n<title>Livre couture grossesse &quot;Ma garde-robe de grossesse&quot; chez Eyrolles<\/title>\n<meta name=\"description\" content=\"Un livre couture grossesse pour r\u00e9aliser toute sa garde-robe de grossesse ! Parmi les 20 patrons de couture grossesse que propose cet ouvrage, vous trouverez des basiques intemporels aux d\u00e9tails raffin\u00e9s (robe grossesse, pantalon grossesse, short\u2026), des pi\u00e8ces plus sophistiqu\u00e9es (robe d\u2019allaitement, veste, cape\u2026).\" \/>\n<meta name=\"robots\" content=\"index, follow, max-snippet:-1, max-image-preview:large, max-video-preview:-1\" \/>\n<link rel=\"canonical\" href=\"https:\/\/www.atelierdescigognes.fr\/wordpressV2\/boutique\/patron-couture-future-maman\/livre-ma-garde-robe-de-grossesse\/\" \/>\n<meta property=\"og:locale\" content=\"fr_FR\" \/>\n<meta property=\"og:type\" content=\"article\" \/>\n<meta property=\"og:title\" content=\"Livre couture grossesse &quot;Ma garde-robe de grossesse&quot; chez Eyrolles\" \/>\n<meta property=\"og:description\" content=\"Un livre couture grossesse pour r\u00e9aliser toute sa garde-robe de grossesse ! Parmi les 20 patrons de couture grossesse que propose cet ouvrage, vous trouverez des basiques intemporels aux d\u00e9tails raffin\u00e9s (robe grossesse, pantalon grossesse, short\u2026), des pi\u00e8ces plus sophistiqu\u00e9es (robe d\u2019allaitement, veste, cape\u2026).\" \/>\n<meta property=\"og:url\" content=\"https:\/\/www.atelierdescigognes.fr\/wordpressV2\/boutique\/patron-couture-future-maman\/livre-ma-garde-robe-de-grossesse\/\" \/>\n<meta property=\"og:site_name\" content=\"Atelier des cigognes\" \/>\n<meta property=\"article:modified_time\" content=\"2018-03-26T15:21:03+00:00\" \/>\n<meta property=\"og:image\" content=\"https:\/\/www.atelierdescigognes.fr\/wordpressV2\/wp-content\/uploads\/2017\/03\/IMG_4664-e1522077183239.jpg\" \/>\n\t<meta property=\"og:image:width\" content=\"2448\" \/>\n\t<meta property=\"og:image:height\" content=\"2448\" \/>\n\t<meta property=\"og:image:type\" content=\"image\/jpeg\" \/>\n<meta name=\"twitter:card\" content=\"summary_large_image\" \/>\n<meta name=\"twitter:label1\" content=\"Dur\u00e9e de lecture estim\u00e9e\" \/>\n\t<meta name=\"twitter:data1\" content=\"1 minute\" \/>\n<script type=\"application\/ld+json\" class=\"yoast-schema-graph\">{\"@context\":\"https:\/\/schema.org\",\"@graph\":[{\"@type\":\"WebPage\",\"@id\":\"https:\/\/www.atelierdescigognes.fr\/wordpressV2\/boutique\/patron-couture-future-maman\/livre-ma-garde-robe-de-grossesse\/\",\"url\":\"https:\/\/www.atelierdescigognes.fr\/wordpressV2\/boutique\/patron-couture-future-maman\/livre-ma-garde-robe-de-grossesse\/\",\"name\":\"Livre couture grossesse \\\"Ma garde-robe de grossesse\\\" chez Eyrolles\",\"isPartOf\":{\"@id\":\"https:\/\/www.atelierdescigognes.fr\/wordpressV2\/#website\"},\"primaryImageOfPage\":{\"@id\":\"https:\/\/www.atelierdescigognes.fr\/wordpressV2\/boutique\/patron-couture-future-maman\/livre-ma-garde-robe-de-grossesse\/#primaryimage\"},\"image\":{\"@id\":\"https:\/\/www.atelierdescigognes.fr\/wordpressV2\/boutique\/patron-couture-future-maman\/livre-ma-garde-robe-de-grossesse\/#primaryimage\"},\"thumbnailUrl\":\"https:\/\/www.atelierdescigognes.fr\/wordpressV2\/wp-content\/uploads\/2017\/03\/IMG_4664-e1522077183239.jpg\",\"datePublished\":\"2017-03-03T11:26:20+00:00\",\"dateModified\":\"2018-03-26T15:21:03+00:00\",\"description\":\"Un livre couture grossesse pour r\u00e9aliser toute sa garde-robe de grossesse ! Parmi les 20 patrons de couture grossesse que propose cet ouvrage, vous trouverez des basiques intemporels aux d\u00e9tails raffin\u00e9s (robe grossesse, pantalon grossesse, short\u2026), des pi\u00e8ces plus sophistiqu\u00e9es (robe d\u2019allaitement, veste, cape\u2026).\",\"breadcrumb\":{\"@id\":\"https:\/\/www.atelierdescigognes.fr\/wordpressV2\/boutique\/patron-couture-future-maman\/livre-ma-garde-robe-de-grossesse\/#breadcrumb\"},\"inLanguage\":\"fr-FR\",\"potentialAction\":[{\"@type\":\"ReadAction\",\"target\":[\"https:\/\/www.atelierdescigognes.fr\/wordpressV2\/boutique\/patron-couture-future-maman\/livre-ma-garde-robe-de-grossesse\/\"]}]},{\"@type\":\"ImageObject\",\"inLanguage\":\"fr-FR\",\"@id\":\"https:\/\/www.atelierdescigognes.fr\/wordpressV2\/boutique\/patron-couture-future-maman\/livre-ma-garde-robe-de-grossesse\/#primaryimage\",\"url\":\"https:\/\/www.atelierdescigognes.fr\/wordpressV2\/wp-content\/uploads\/2017\/03\/IMG_4664-e1522077183239.jpg\",\"contentUrl\":\"https:\/\/www.atelierdescigognes.fr\/wordpressV2\/wp-content\/uploads\/2017\/03\/IMG_4664-e1522077183239.jpg\",\"width\":2448,\"height\":2448,\"caption\":\"Livre couture \\\"Ma garde-robe de grossesse\\\"\"},{\"@type\":\"BreadcrumbList\",\"@id\":\"https:\/\/www.atelierdescigognes.fr\/wordpressV2\/boutique\/patron-couture-future-maman\/livre-ma-garde-robe-de-grossesse\/#breadcrumb\",\"itemListElement\":[{\"@type\":\"ListItem\",\"position\":1,\"name\":\"Accueil\",\"item\":\"https:\/\/www.atelierdescigognes.fr\/wordpressV2\/\"},{\"@type\":\"ListItem\",\"position\":2,\"name\":\"Boutique\",\"item\":\"https:\/\/www.atelierdescigognes.fr\/wordpressV2\/boutique\/\"},{\"@type\":\"ListItem\",\"position\":3,\"name\":\"Livre &#8211; Ma garde-robe de grossesse\"}]},{\"@type\":\"WebSite\",\"@id\":\"https:\/\/www.atelierdescigognes.fr\/wordpressV2\/#website\",\"url\":\"https:\/\/www.atelierdescigognes.fr\/wordpressV2\/\",\"name\":\"Atelier des cigognes\",\"description\":\"Cr\u00e9ation de patrons de couture\",\"publisher\":{\"@id\":\"https:\/\/www.atelierdescigognes.fr\/wordpressV2\/#organization\"},\"potentialAction\":[{\"@type\":\"SearchAction\",\"target\":{\"@type\":\"EntryPoint\",\"urlTemplate\":\"https:\/\/www.atelierdescigognes.fr\/wordpressV2\/?s={search_term_string}\"},\"query-input\":{\"@type\":\"PropertyValueSpecification\",\"valueRequired\":true,\"valueName\":\"search_term_string\"}}],\"inLanguage\":\"fr-FR\"},{\"@type\":\"Organization\",\"@id\":\"https:\/\/www.atelierdescigognes.fr\/wordpressV2\/#organization\",\"name\":\"Atelier des cigognes\",\"url\":\"https:\/\/www.atelierdescigognes.fr\/wordpressV2\/\",\"logo\":{\"@type\":\"ImageObject\",\"inLanguage\":\"fr-FR\",\"@id\":\"https:\/\/www.atelierdescigognes.fr\/wordpressV2\/#\/schema\/logo\/image\/\",\"url\":\"https:\/\/www.atelierdescigognes.fr\/wordpressV2\/wp-content\/uploads\/2018\/04\/cropped-logo_AdC.jpg\",\"contentUrl\":\"https:\/\/www.atelierdescigognes.fr\/wordpressV2\/wp-content\/uploads\/2018\/04\/cropped-logo_AdC.jpg\",\"width\":307,\"height\":110,\"caption\":\"Atelier des cigognes\"},\"image\":{\"@id\":\"https:\/\/www.atelierdescigognes.fr\/wordpressV2\/#\/schema\/logo\/image\/\"}}]}<\/script>\n<!-- \/ Yoast SEO plugin. -->","yoast_head_json":{"title":"Livre couture grossesse \"Ma garde-robe de grossesse\" chez Eyrolles","description":"Un livre couture grossesse pour r\u00e9aliser toute sa garde-robe de grossesse ! Parmi les 20 patrons de couture grossesse que propose cet ouvrage, vous trouverez des basiques intemporels aux d\u00e9tails raffin\u00e9s (robe grossesse, pantalon grossesse, short\u2026), des pi\u00e8ces plus sophistiqu\u00e9es (robe d\u2019allaitement, veste, cape\u2026).","robots":{"index":"index","follow":"follow","max-snippet":"max-snippet:-1","max-image-preview":"max-image-preview:large","max-video-preview":"max-video-preview:-1"},"canonical":"https:\/\/www.atelierdescigognes.fr\/wordpressV2\/boutique\/patron-couture-future-maman\/livre-ma-garde-robe-de-grossesse\/","og_locale":"fr_FR","og_type":"article","og_title":"Livre couture grossesse \"Ma garde-robe de grossesse\" chez Eyrolles","og_description":"Un livre couture grossesse pour r\u00e9aliser toute sa garde-robe de grossesse ! Parmi les 20 patrons de couture grossesse que propose cet ouvrage, vous trouverez des basiques intemporels aux d\u00e9tails raffin\u00e9s (robe grossesse, pantalon grossesse, short\u2026), des pi\u00e8ces plus sophistiqu\u00e9es (robe d\u2019allaitement, veste, cape\u2026).","og_url":"https:\/\/www.atelierdescigognes.fr\/wordpressV2\/boutique\/patron-couture-future-maman\/livre-ma-garde-robe-de-grossesse\/","og_site_name":"Atelier des cigognes","article_modified_time":"2018-03-26T15:21:03+00:00","og_image":[{"width":2448,"height":2448,"url":"https:\/\/www.atelierdescigognes.fr\/wordpressV2\/wp-content\/uploads\/2017\/03\/IMG_4664-e1522077183239.jpg","type":"image\/jpeg"}],"twitter_card":"summary_large_image","twitter_misc":{"Dur\u00e9e de lecture estim\u00e9e":"1 minute"},"schema":{"@context":"https:\/\/schema.org","@graph":[{"@type":"WebPage","@id":"https:\/\/www.atelierdescigognes.fr\/wordpressV2\/boutique\/patron-couture-future-maman\/livre-ma-garde-robe-de-grossesse\/","url":"https:\/\/www.atelierdescigognes.fr\/wordpressV2\/boutique\/patron-couture-future-maman\/livre-ma-garde-robe-de-grossesse\/","name":"Livre couture grossesse \"Ma garde-robe de grossesse\" chez Eyrolles","isPartOf":{"@id":"https:\/\/www.atelierdescigognes.fr\/wordpressV2\/#website"},"primaryImageOfPage":{"@id":"https:\/\/www.atelierdescigognes.fr\/wordpressV2\/boutique\/patron-couture-future-maman\/livre-ma-garde-robe-de-grossesse\/#primaryimage"},"image":{"@id":"https:\/\/www.atelierdescigognes.fr\/wordpressV2\/boutique\/patron-couture-future-maman\/livre-ma-garde-robe-de-grossesse\/#primaryimage"},"thumbnailUrl":"https:\/\/www.atelierdescigognes.fr\/wordpressV2\/wp-content\/uploads\/2017\/03\/IMG_4664-e1522077183239.jpg","datePublished":"2017-03-03T11:26:20+00:00","dateModified":"2018-03-26T15:21:03+00:00","description":"Un livre couture grossesse pour r\u00e9aliser toute sa garde-robe de grossesse ! Parmi les 20 patrons de couture grossesse que propose cet ouvrage, vous trouverez des basiques intemporels aux d\u00e9tails raffin\u00e9s (robe grossesse, pantalon grossesse, short\u2026), des pi\u00e8ces plus sophistiqu\u00e9es (robe d\u2019allaitement, veste, cape\u2026).","breadcrumb":{"@id":"https:\/\/www.atelierdescigognes.fr\/wordpressV2\/boutique\/patron-couture-future-maman\/livre-ma-garde-robe-de-grossesse\/#breadcrumb"},"inLanguage":"fr-FR","potentialAction":[{"@type":"ReadAction","target":["https:\/\/www.atelierdescigognes.fr\/wordpressV2\/boutique\/patron-couture-future-maman\/livre-ma-garde-robe-de-grossesse\/"]}]},{"@type":"ImageObject","inLanguage":"fr-FR","@id":"https:\/\/www.atelierdescigognes.fr\/wordpressV2\/boutique\/patron-couture-future-maman\/livre-ma-garde-robe-de-grossesse\/#primaryimage","url":"https:\/\/www.atelierdescigognes.fr\/wordpressV2\/wp-content\/uploads\/2017\/03\/IMG_4664-e1522077183239.jpg","contentUrl":"https:\/\/www.atelierdescigognes.fr\/wordpressV2\/wp-content\/uploads\/2017\/03\/IMG_4664-e1522077183239.jpg","width":2448,"height":2448,"caption":"Livre couture \"Ma garde-robe de grossesse\""},{"@type":"BreadcrumbList","@id":"https:\/\/www.atelierdescigognes.fr\/wordpressV2\/boutique\/patron-couture-future-maman\/livre-ma-garde-robe-de-grossesse\/#breadcrumb","itemListElement":[{"@type":"ListItem","position":1,"name":"Accueil","item":"https:\/\/www.atelierdescigognes.fr\/wordpressV2\/"},{"@type":"ListItem","position":2,"name":"Boutique","item":"https:\/\/www.atelierdescigognes.fr\/wordpressV2\/boutique\/"},{"@type":"ListItem","position":3,"name":"Livre &#8211; Ma garde-robe de grossesse"}]},{"@type":"WebSite","@id":"https:\/\/www.atelierdescigognes.fr\/wordpressV2\/#website","url":"https:\/\/www.atelierdescigognes.fr\/wordpressV2\/","name":"Atelier des cigognes","description":"Cr\u00e9ation de patrons de couture","publisher":{"@id":"https:\/\/www.atelierdescigognes.fr\/wordpressV2\/#organization"},"potentialAction":[{"@type":"SearchAction","target":{"@type":"EntryPoint","urlTemplate":"https:\/\/www.atelierdescigognes.fr\/wordpressV2\/?s={search_term_string}"},"query-input":{"@type":"PropertyValueSpecification","valueRequired":true,"valueName":"search_term_string"}}],"inLanguage":"fr-FR"},{"@type":"Organization","@id":"https:\/\/www.atelierdescigognes.fr\/wordpressV2\/#organization","name":"Atelier des cigognes","url":"https:\/\/www.atelierdescigognes.fr\/wordpressV2\/","logo":{"@type":"ImageObject","inLanguage":"fr-FR","@id":"https:\/\/www.atelierdescigognes.fr\/wordpressV2\/#\/schema\/logo\/image\/","url":"https:\/\/www.atelierdescigognes.fr\/wordpressV2\/wp-content\/uploads\/2018\/04\/cropped-logo_AdC.jpg","contentUrl":"https:\/\/www.atelierdescigognes.fr\/wordpressV2\/wp-content\/uploads\/2018\/04\/cropped-logo_AdC.jpg","width":307,"height":110,"caption":"Atelier des cigognes"},"image":{"@id":"https:\/\/www.atelierdescigognes.fr\/wordpressV2\/#\/schema\/logo\/image\/"}}]}},"jetpack_publicize_connections":[],"jetpack_sharing_enabled":true,"_links":{"self":[{"href":"https:\/\/www.atelierdescigognes.fr\/wordpressV2\/wp-json\/wp\/v2\/product\/3542","targetHints":{"allow":["GET"]}}],"collection":[{"href":"https:\/\/www.atelierdescigognes.fr\/wordpressV2\/wp-json\/wp\/v2\/product"}],"about":[{"href":"https:\/\/www.atelierdescigognes.fr\/wordpressV2\/wp-json\/wp\/v2\/types\/product"}],"replies":[{"embeddable":true,"href":"https:\/\/www.atelierdescigognes.fr\/wordpressV2\/wp-json\/wp\/v2\/comments?post=3542"}],"wp:featuredmedia":[{"embeddable":true,"href":"https:\/\/www.atelierdescigognes.fr\/wordpressV2\/wp-json\/wp\/v2\/media\/5333"}],"wp:attachment":[{"href":"https:\/\/www.atelierdescigognes.fr\/wordpressV2\/wp-json\/wp\/v2\/media?parent=3542"}],"wp:term":[{"taxonomy":"product_brand","embeddable":true,"href":"https:\/\/www.atelierdescigognes.fr\/wordpressV2\/wp-json\/wp\/v2\/product_brand?post=3542"},{"taxonomy":"product_cat","embeddable":true,"href":"https:\/\/www.atelierdescigognes.fr\/wordpressV2\/wp-json\/wp\/v2\/product_cat?post=3542"},{"taxonomy":"product_tag","embeddable":true,"href":"https:\/\/www.atelierdescigognes.fr\/wordpressV2\/wp-json\/wp\/v2\/product_tag?post=3542"}],"curies":[{"name":"wp","href":"https:\/\/api.w.org\/{rel}","templated":true}]}}