{"id":3430,"date":"2017-02-07T15:44:49","date_gmt":"2017-02-07T14:44:49","guid":{"rendered":"http:\/\/www.atelierdescigognes.fr\/?post_type=product&#038;p=3430"},"modified":"2026-04-26T22:07:55","modified_gmt":"2026-04-26T20:07:55","slug":"eridan-patron-couture-gilet-reversible-bebe","status":"publish","type":"product","link":"https:\/\/www.atelierdescigognes.fr\/wordpressV2\/boutique\/patron-couture-bebe\/eridan-patron-couture-gilet-reversible-bebe\/","title":{"rendered":"\u00c9RIDAN \u2013 Patron couture Gilet r\u00e9versible B\u00e9b\u00e9"},"content":{"rendered":"<p>Ce patron couture gilet B\u00e9b\u00e9, r\u00e9versible, est un basique toujours pratique ! \u00c0 r\u00e9aliser dans toutes sortes de tissus pour varier les plaisirs : fourrure, moumoute, matelass\u00e9, velours, polaire, denim, serg\u00e9&#8230; Et jouer des motifs pour la doublure, histoire de profiter du gilet r\u00e9versible !<\/p>\n<p>Ceci est un patron couture au format PDF, \u00e0 t\u00e9l\u00e9charger directement sur ce site (les marges de couture de 1,5 cm sont comprises dans les patrons). On imprime, on d\u00e9coupe son tissu et on coud en suivant les explications !<\/p>\n<h4>Tailles<\/h4>\n<p>3 mois &#8211; 6 mois &#8211; 12 mois &#8211; 18 mois &#8211; 24 mois<\/p>\n<h4>Niveau de couture<\/h4>\n<p><img loading=\"lazy\" decoding=\"async\" class=\"alignnone size-medium wp-image-5342\" src=\"https:\/\/www.atelierdescigognes.fr\/wordpressV2\/wp-content\/uploads\/2017\/12\/niveau-1-300x145.jpg\" alt=\"Niveau de couture 1\" width=\"300\" height=\"145\" \/><\/p>\n<h4>Tissus recommand\u00e9s<\/h4>\n<p>C\u00f4t\u00e9 pile : fourrure, moumoute, matelass\u00e9, velours, polaire, denim, serg\u00e9, su\u00e9dine, lainage&#8230; Everything&rsquo;s possible !<\/p>\n<p>C\u00f4t\u00e9 face : batiste de coton (tissu Liberty par exemple&#8230;), plumetis, lange, satin&#8230;<\/p>\n<p>Plus d&rsquo;infos sur le <a title=\"Choisir son tissu\" href=\"http:\/\/www.atelierdescigognes.fr\/wordpress\/choisir-son-tissu\/\" target=\"_blank\" rel=\"noopener\">choix des tissus<\/a><\/p>\n<h4>Fournitures<\/h4>\n<p>&#8211; 4 cm d&rsquo;\u00e9lastique rond<br \/>\n&#8211; 1 bouton de 12 mm de diam\u00e8tre<\/p>\n<h4>M\u00e9trages de tissu et fournitures<\/h4>\n<div class=\"table-responsive\">\n<table class=\"table table-hover \" width=\"100%\">\n<thead>\n<tr>\n<th>Tissu<\/th>\n<th>3 mois<\/th>\n<th>6 mois<\/th>\n<th>12 mois<\/th>\n<th>18 mois<\/th>\n<th>24 mois<\/th>\n<\/tr>\n<\/thead>\n<tbody>\n<tr>\n<td>en 100 cm de large (ou &gt; \u00e0 10 cm)<\/td>\n<td>31 cm<\/td>\n<td>32 cm<\/td>\n<td>35 cm<\/td>\n<td>36 cm<\/td>\n<td>37 cm<\/td>\n<\/tr>\n<\/tbody>\n<\/table>\n<\/div>\n<p>&nbsp;<\/p>\n<div class=\"table-responsive\">\n<table class=\"table table-hover \" width=\"100%\">\n<thead>\n<tr>\n<th>Doublure<\/th>\n<th>3 mois<\/th>\n<th>6 mois<\/th>\n<th>12 mois<\/th>\n<th>18 mois<\/th>\n<th>24 mois<\/th>\n<\/tr>\n<\/thead>\n<tbody>\n<tr>\n<td>en 100 cm de large (ou &gt; \u00e0 10 cm)<\/td>\n<td>31 cm<\/td>\n<td>32 cm<\/td>\n<td>35 cm<\/td>\n<td>36 cm<\/td>\n<td>37 cm<\/td>\n<\/tr>\n<\/tbody>\n<\/table>\n<\/div>\n<p>&nbsp;<\/p>\n<p>Voir le <a title=\"Guide des tailles\" href=\"http:\/\/www.atelierdescigognes.fr\/wordpress\/guide-des-tailles\/\" target=\"_blank\" rel=\"noopener\">Guide des tailles<\/a>.<\/p>\n","protected":false},"excerpt":{"rendered":"<p>Ce patron couture gilet B\u00e9b\u00e9, r\u00e9versible, est un basique toujours pratique ! \u00c0 r\u00e9aliser dans toutes sortes de tissus pour varier les plaisirs : fourrure, moumoute, matelass\u00e9, velours, polaire, denim, serg\u00e9&#8230; Et jouer des motifs pour la doublure, histoire de profiter du gilet r\u00e9versible !<\/p>\n<p>Tailles 3 mois &#8211; 6 mois &#8211; 12 mois &#8211; 18 mois &#8211; 24 mois<\/p>\n<p>Existe aussi en tailles <a href=\"http:\/\/www.atelierdescigognes.fr\/boutique\/patron-couture-enfant-patron-couture-ado\/eridan-patron-couture-gilet-reversible-enfant\/\">Enfant<\/a>.<\/p>\n<p>Ceci est un patron couture au format PDF, \u00e0 t\u00e9l\u00e9charger directement sur ce site (les marges de couture de 1,5 cm sont comprises dans les patrons). On imprime, on d\u00e9coupe son tissu et on coud en suivant les explications !<\/p>\n","protected":false},"featured_media":5390,"comment_status":"closed","ping_status":"closed","template":"","meta":{"jetpack_post_was_ever_published":false,"jetpack_publicize_message":"","jetpack_publicize_feature_enabled":true,"jetpack_social_post_already_shared":true,"jetpack_social_options":{"image_generator_settings":{"template":"highway","default_image_id":0,"font":"","enabled":false},"version":2}},"product_brand":[],"product_cat":[21],"product_tag":[43,52,54,64,70,71,74],"class_list":{"0":"post-3430","1":"product","2":"type-product","3":"status-publish","4":"has-post-thumbnail","6":"product_cat-patron-couture-bebe","7":"product_tag-couture-hygge","8":"product_tag-gilet-reversible","9":"product_tag-idee-cadeau","10":"product_tag-patron-couture-bebe-2","11":"product_tag-patron-couture-gilet-berger","12":"product_tag-patron-couture-gilet-sans-manches","13":"product_tag-patron-couture-pdf","14":"product_shipping_class-pas-de-frais-de-port-produit-telechargeable","16":"first","17":"instock","18":"featured","19":"downloadable","20":"shipping-taxable","21":"purchasable","22":"product-type-simple"},"yoast_head":"<!-- This site is optimized with the Yoast SEO plugin v27.2 - https:\/\/yoast.com\/product\/yoast-seo-wordpress\/ -->\n<title>Patron couture Gilet B\u00e9b\u00e9, r\u00e9versible, sans manches<\/title>\n<meta name=\"description\" content=\"Ce patron couture gilet B\u00e9b\u00e9, r\u00e9versible, est est un basique toujours pratique ! \u00c0 r\u00e9aliser dans toutes sortes de tissus pour varier les plaisirs : fourrure, moumoute, matelass\u00e9, velours, polaire, denim, serg\u00e9... Et jouer des motifs pour la doublure, histoire de profiter du gilet r\u00e9versible !\" \/>\n<meta name=\"robots\" content=\"index, follow, max-snippet:-1, max-image-preview:large, max-video-preview:-1\" \/>\n<link rel=\"canonical\" href=\"https:\/\/www.atelierdescigognes.fr\/wordpressV2\/boutique\/patron-couture-bebe\/eridan-patron-couture-gilet-reversible-bebe\/\" \/>\n<meta property=\"og:locale\" content=\"fr_FR\" \/>\n<meta property=\"og:type\" content=\"article\" \/>\n<meta property=\"og:title\" content=\"Patron couture Gilet B\u00e9b\u00e9, r\u00e9versible, sans manches\" \/>\n<meta property=\"og:description\" content=\"Ce patron couture gilet B\u00e9b\u00e9, r\u00e9versible, est est un basique toujours pratique ! \u00c0 r\u00e9aliser dans toutes sortes de tissus pour varier les plaisirs : fourrure, moumoute, matelass\u00e9, velours, polaire, denim, serg\u00e9... Et jouer des motifs pour la doublure, histoire de profiter du gilet r\u00e9versible !\" \/>\n<meta property=\"og:url\" content=\"https:\/\/www.atelierdescigognes.fr\/wordpressV2\/boutique\/patron-couture-bebe\/eridan-patron-couture-gilet-reversible-bebe\/\" \/>\n<meta property=\"og:site_name\" content=\"Atelier des cigognes\" \/>\n<meta property=\"article:modified_time\" content=\"2026-04-26T20:07:55+00:00\" \/>\n<meta property=\"og:image\" content=\"https:\/\/www.atelierdescigognes.fr\/wordpressV2\/wp-content\/uploads\/2017\/02\/B27_gilet_pdf-1.jpg\" \/>\n\t<meta property=\"og:image:width\" content=\"1200\" \/>\n\t<meta property=\"og:image:height\" content=\"1200\" \/>\n\t<meta property=\"og:image:type\" content=\"image\/jpeg\" \/>\n<meta name=\"twitter:card\" content=\"summary_large_image\" \/>\n<meta name=\"twitter:label1\" content=\"Dur\u00e9e de lecture estim\u00e9e\" \/>\n\t<meta name=\"twitter:data1\" content=\"1 minute\" \/>\n<script type=\"application\/ld+json\" class=\"yoast-schema-graph\">{\"@context\":\"https:\/\/schema.org\",\"@graph\":[{\"@type\":\"WebPage\",\"@id\":\"https:\/\/www.atelierdescigognes.fr\/wordpressV2\/boutique\/patron-couture-bebe\/eridan-patron-couture-gilet-reversible-bebe\/\",\"url\":\"https:\/\/www.atelierdescigognes.fr\/wordpressV2\/boutique\/patron-couture-bebe\/eridan-patron-couture-gilet-reversible-bebe\/\",\"name\":\"Patron couture Gilet B\u00e9b\u00e9, r\u00e9versible, sans manches\",\"isPartOf\":{\"@id\":\"https:\/\/www.atelierdescigognes.fr\/wordpressV2\/#website\"},\"primaryImageOfPage\":{\"@id\":\"https:\/\/www.atelierdescigognes.fr\/wordpressV2\/boutique\/patron-couture-bebe\/eridan-patron-couture-gilet-reversible-bebe\/#primaryimage\"},\"image\":{\"@id\":\"https:\/\/www.atelierdescigognes.fr\/wordpressV2\/boutique\/patron-couture-bebe\/eridan-patron-couture-gilet-reversible-bebe\/#primaryimage\"},\"thumbnailUrl\":\"https:\/\/www.atelierdescigognes.fr\/wordpressV2\/wp-content\/uploads\/2017\/02\/B27_gilet_pdf-1.jpg\",\"datePublished\":\"2017-02-07T14:44:49+00:00\",\"dateModified\":\"2026-04-26T20:07:55+00:00\",\"description\":\"Ce patron couture gilet B\u00e9b\u00e9, r\u00e9versible, est est un basique toujours pratique ! \u00c0 r\u00e9aliser dans toutes sortes de tissus pour varier les plaisirs : fourrure, moumoute, matelass\u00e9, velours, polaire, denim, serg\u00e9... Et jouer des motifs pour la doublure, histoire de profiter du gilet r\u00e9versible !\",\"breadcrumb\":{\"@id\":\"https:\/\/www.atelierdescigognes.fr\/wordpressV2\/boutique\/patron-couture-bebe\/eridan-patron-couture-gilet-reversible-bebe\/#breadcrumb\"},\"inLanguage\":\"fr-FR\",\"potentialAction\":[{\"@type\":\"ReadAction\",\"target\":[\"https:\/\/www.atelierdescigognes.fr\/wordpressV2\/boutique\/patron-couture-bebe\/eridan-patron-couture-gilet-reversible-bebe\/\"]}]},{\"@type\":\"ImageObject\",\"inLanguage\":\"fr-FR\",\"@id\":\"https:\/\/www.atelierdescigognes.fr\/wordpressV2\/boutique\/patron-couture-bebe\/eridan-patron-couture-gilet-reversible-bebe\/#primaryimage\",\"url\":\"https:\/\/www.atelierdescigognes.fr\/wordpressV2\/wp-content\/uploads\/2017\/02\/B27_gilet_pdf-1.jpg\",\"contentUrl\":\"https:\/\/www.atelierdescigognes.fr\/wordpressV2\/wp-content\/uploads\/2017\/02\/B27_gilet_pdf-1.jpg\",\"width\":1200,\"height\":1200,\"caption\":\"Patron couture gilet B\u00e9b\u00e9, sans manches - \u00c9RIDAN\"},{\"@type\":\"BreadcrumbList\",\"@id\":\"https:\/\/www.atelierdescigognes.fr\/wordpressV2\/boutique\/patron-couture-bebe\/eridan-patron-couture-gilet-reversible-bebe\/#breadcrumb\",\"itemListElement\":[{\"@type\":\"ListItem\",\"position\":1,\"name\":\"Accueil\",\"item\":\"https:\/\/www.atelierdescigognes.fr\/wordpressV2\/\"},{\"@type\":\"ListItem\",\"position\":2,\"name\":\"Boutique\",\"item\":\"https:\/\/www.atelierdescigognes.fr\/wordpressV2\/boutique\/\"},{\"@type\":\"ListItem\",\"position\":3,\"name\":\"\u00c9RIDAN \u2013 Patron couture Gilet r\u00e9versible B\u00e9b\u00e9\"}]},{\"@type\":\"WebSite\",\"@id\":\"https:\/\/www.atelierdescigognes.fr\/wordpressV2\/#website\",\"url\":\"https:\/\/www.atelierdescigognes.fr\/wordpressV2\/\",\"name\":\"Atelier des cigognes\",\"description\":\"Cr\u00e9ation de patrons de couture\",\"publisher\":{\"@id\":\"https:\/\/www.atelierdescigognes.fr\/wordpressV2\/#organization\"},\"potentialAction\":[{\"@type\":\"SearchAction\",\"target\":{\"@type\":\"EntryPoint\",\"urlTemplate\":\"https:\/\/www.atelierdescigognes.fr\/wordpressV2\/?s={search_term_string}\"},\"query-input\":{\"@type\":\"PropertyValueSpecification\",\"valueRequired\":true,\"valueName\":\"search_term_string\"}}],\"inLanguage\":\"fr-FR\"},{\"@type\":\"Organization\",\"@id\":\"https:\/\/www.atelierdescigognes.fr\/wordpressV2\/#organization\",\"name\":\"Atelier des cigognes\",\"url\":\"https:\/\/www.atelierdescigognes.fr\/wordpressV2\/\",\"logo\":{\"@type\":\"ImageObject\",\"inLanguage\":\"fr-FR\",\"@id\":\"https:\/\/www.atelierdescigognes.fr\/wordpressV2\/#\/schema\/logo\/image\/\",\"url\":\"https:\/\/www.atelierdescigognes.fr\/wordpressV2\/wp-content\/uploads\/2018\/04\/cropped-logo_AdC.jpg\",\"contentUrl\":\"https:\/\/www.atelierdescigognes.fr\/wordpressV2\/wp-content\/uploads\/2018\/04\/cropped-logo_AdC.jpg\",\"width\":307,\"height\":110,\"caption\":\"Atelier des cigognes\"},\"image\":{\"@id\":\"https:\/\/www.atelierdescigognes.fr\/wordpressV2\/#\/schema\/logo\/image\/\"}}]}<\/script>\n<!-- \/ Yoast SEO plugin. -->","yoast_head_json":{"title":"Patron couture Gilet B\u00e9b\u00e9, r\u00e9versible, sans manches","description":"Ce patron couture gilet B\u00e9b\u00e9, r\u00e9versible, est est un basique toujours pratique ! \u00c0 r\u00e9aliser dans toutes sortes de tissus pour varier les plaisirs : fourrure, moumoute, matelass\u00e9, velours, polaire, denim, serg\u00e9... Et jouer des motifs pour la doublure, histoire de profiter du gilet r\u00e9versible !","robots":{"index":"index","follow":"follow","max-snippet":"max-snippet:-1","max-image-preview":"max-image-preview:large","max-video-preview":"max-video-preview:-1"},"canonical":"https:\/\/www.atelierdescigognes.fr\/wordpressV2\/boutique\/patron-couture-bebe\/eridan-patron-couture-gilet-reversible-bebe\/","og_locale":"fr_FR","og_type":"article","og_title":"Patron couture Gilet B\u00e9b\u00e9, r\u00e9versible, sans manches","og_description":"Ce patron couture gilet B\u00e9b\u00e9, r\u00e9versible, est est un basique toujours pratique ! \u00c0 r\u00e9aliser dans toutes sortes de tissus pour varier les plaisirs : fourrure, moumoute, matelass\u00e9, velours, polaire, denim, serg\u00e9... Et jouer des motifs pour la doublure, histoire de profiter du gilet r\u00e9versible !","og_url":"https:\/\/www.atelierdescigognes.fr\/wordpressV2\/boutique\/patron-couture-bebe\/eridan-patron-couture-gilet-reversible-bebe\/","og_site_name":"Atelier des cigognes","article_modified_time":"2026-04-26T20:07:55+00:00","og_image":[{"width":1200,"height":1200,"url":"https:\/\/www.atelierdescigognes.fr\/wordpressV2\/wp-content\/uploads\/2017\/02\/B27_gilet_pdf-1.jpg","type":"image\/jpeg"}],"twitter_card":"summary_large_image","twitter_misc":{"Dur\u00e9e de lecture estim\u00e9e":"1 minute"},"schema":{"@context":"https:\/\/schema.org","@graph":[{"@type":"WebPage","@id":"https:\/\/www.atelierdescigognes.fr\/wordpressV2\/boutique\/patron-couture-bebe\/eridan-patron-couture-gilet-reversible-bebe\/","url":"https:\/\/www.atelierdescigognes.fr\/wordpressV2\/boutique\/patron-couture-bebe\/eridan-patron-couture-gilet-reversible-bebe\/","name":"Patron couture Gilet B\u00e9b\u00e9, r\u00e9versible, sans manches","isPartOf":{"@id":"https:\/\/www.atelierdescigognes.fr\/wordpressV2\/#website"},"primaryImageOfPage":{"@id":"https:\/\/www.atelierdescigognes.fr\/wordpressV2\/boutique\/patron-couture-bebe\/eridan-patron-couture-gilet-reversible-bebe\/#primaryimage"},"image":{"@id":"https:\/\/www.atelierdescigognes.fr\/wordpressV2\/boutique\/patron-couture-bebe\/eridan-patron-couture-gilet-reversible-bebe\/#primaryimage"},"thumbnailUrl":"https:\/\/www.atelierdescigognes.fr\/wordpressV2\/wp-content\/uploads\/2017\/02\/B27_gilet_pdf-1.jpg","datePublished":"2017-02-07T14:44:49+00:00","dateModified":"2026-04-26T20:07:55+00:00","description":"Ce patron couture gilet B\u00e9b\u00e9, r\u00e9versible, est est un basique toujours pratique ! \u00c0 r\u00e9aliser dans toutes sortes de tissus pour varier les plaisirs : fourrure, moumoute, matelass\u00e9, velours, polaire, denim, serg\u00e9... Et jouer des motifs pour la doublure, histoire de profiter du gilet r\u00e9versible !","breadcrumb":{"@id":"https:\/\/www.atelierdescigognes.fr\/wordpressV2\/boutique\/patron-couture-bebe\/eridan-patron-couture-gilet-reversible-bebe\/#breadcrumb"},"inLanguage":"fr-FR","potentialAction":[{"@type":"ReadAction","target":["https:\/\/www.atelierdescigognes.fr\/wordpressV2\/boutique\/patron-couture-bebe\/eridan-patron-couture-gilet-reversible-bebe\/"]}]},{"@type":"ImageObject","inLanguage":"fr-FR","@id":"https:\/\/www.atelierdescigognes.fr\/wordpressV2\/boutique\/patron-couture-bebe\/eridan-patron-couture-gilet-reversible-bebe\/#primaryimage","url":"https:\/\/www.atelierdescigognes.fr\/wordpressV2\/wp-content\/uploads\/2017\/02\/B27_gilet_pdf-1.jpg","contentUrl":"https:\/\/www.atelierdescigognes.fr\/wordpressV2\/wp-content\/uploads\/2017\/02\/B27_gilet_pdf-1.jpg","width":1200,"height":1200,"caption":"Patron couture gilet B\u00e9b\u00e9, sans manches - \u00c9RIDAN"},{"@type":"BreadcrumbList","@id":"https:\/\/www.atelierdescigognes.fr\/wordpressV2\/boutique\/patron-couture-bebe\/eridan-patron-couture-gilet-reversible-bebe\/#breadcrumb","itemListElement":[{"@type":"ListItem","position":1,"name":"Accueil","item":"https:\/\/www.atelierdescigognes.fr\/wordpressV2\/"},{"@type":"ListItem","position":2,"name":"Boutique","item":"https:\/\/www.atelierdescigognes.fr\/wordpressV2\/boutique\/"},{"@type":"ListItem","position":3,"name":"\u00c9RIDAN \u2013 Patron couture Gilet r\u00e9versible B\u00e9b\u00e9"}]},{"@type":"WebSite","@id":"https:\/\/www.atelierdescigognes.fr\/wordpressV2\/#website","url":"https:\/\/www.atelierdescigognes.fr\/wordpressV2\/","name":"Atelier des cigognes","description":"Cr\u00e9ation de patrons de couture","publisher":{"@id":"https:\/\/www.atelierdescigognes.fr\/wordpressV2\/#organization"},"potentialAction":[{"@type":"SearchAction","target":{"@type":"EntryPoint","urlTemplate":"https:\/\/www.atelierdescigognes.fr\/wordpressV2\/?s={search_term_string}"},"query-input":{"@type":"PropertyValueSpecification","valueRequired":true,"valueName":"search_term_string"}}],"inLanguage":"fr-FR"},{"@type":"Organization","@id":"https:\/\/www.atelierdescigognes.fr\/wordpressV2\/#organization","name":"Atelier des cigognes","url":"https:\/\/www.atelierdescigognes.fr\/wordpressV2\/","logo":{"@type":"ImageObject","inLanguage":"fr-FR","@id":"https:\/\/www.atelierdescigognes.fr\/wordpressV2\/#\/schema\/logo\/image\/","url":"https:\/\/www.atelierdescigognes.fr\/wordpressV2\/wp-content\/uploads\/2018\/04\/cropped-logo_AdC.jpg","contentUrl":"https:\/\/www.atelierdescigognes.fr\/wordpressV2\/wp-content\/uploads\/2018\/04\/cropped-logo_AdC.jpg","width":307,"height":110,"caption":"Atelier des cigognes"},"image":{"@id":"https:\/\/www.atelierdescigognes.fr\/wordpressV2\/#\/schema\/logo\/image\/"}}]}},"jetpack_publicize_connections":[],"jetpack_sharing_enabled":true,"_links":{"self":[{"href":"https:\/\/www.atelierdescigognes.fr\/wordpressV2\/wp-json\/wp\/v2\/product\/3430","targetHints":{"allow":["GET"]}}],"collection":[{"href":"https:\/\/www.atelierdescigognes.fr\/wordpressV2\/wp-json\/wp\/v2\/product"}],"about":[{"href":"https:\/\/www.atelierdescigognes.fr\/wordpressV2\/wp-json\/wp\/v2\/types\/product"}],"replies":[{"embeddable":true,"href":"https:\/\/www.atelierdescigognes.fr\/wordpressV2\/wp-json\/wp\/v2\/comments?post=3430"}],"wp:featuredmedia":[{"embeddable":true,"href":"https:\/\/www.atelierdescigognes.fr\/wordpressV2\/wp-json\/wp\/v2\/media\/5390"}],"wp:attachment":[{"href":"https:\/\/www.atelierdescigognes.fr\/wordpressV2\/wp-json\/wp\/v2\/media?parent=3430"}],"wp:term":[{"taxonomy":"product_brand","embeddable":true,"href":"https:\/\/www.atelierdescigognes.fr\/wordpressV2\/wp-json\/wp\/v2\/product_brand?post=3430"},{"taxonomy":"product_cat","embeddable":true,"href":"https:\/\/www.atelierdescigognes.fr\/wordpressV2\/wp-json\/wp\/v2\/product_cat?post=3430"},{"taxonomy":"product_tag","embeddable":true,"href":"https:\/\/www.atelierdescigognes.fr\/wordpressV2\/wp-json\/wp\/v2\/product_tag?post=3430"}],"curies":[{"name":"wp","href":"https:\/\/api.w.org\/{rel}","templated":true}]}}