{"id":249,"date":"2015-01-05T13:05:09","date_gmt":"2015-01-05T13:05:09","guid":{"rendered":"http:\/\/www.atelierdescigognes.fr\/wordpress\/boutique\/accessoires\/tuto-couture-barrette\/"},"modified":"2018-04-06T12:11:30","modified_gmt":"2018-04-06T10:11:30","slug":"tuto-couture-barrette","status":"publish","type":"product","link":"https:\/\/www.atelierdescigognes.fr\/wordpressV2\/boutique\/accessoires\/tuto-couture-barrette\/","title":{"rendered":"Tuto couture &#8211; Barrette \u00e0 petit n\u0153ud"},"content":{"rendered":"<p>Tutoriel de couture (tuto couture barrette). Barrette \u00e0 petit n\u0153ud.<\/p>\n<h4>Niveau de couture<\/h4>\n<h4><img loading=\"lazy\" decoding=\"async\" class=\"alignnone size-medium wp-image-5342\" src=\"https:\/\/www.atelierdescigognes.fr\/wordpressV2\/wp-content\/uploads\/2017\/12\/niveau-1-300x145.jpg\" alt=\"Niveau de couture 1\" width=\"300\" height=\"145\" \/><\/h4>\n<h4>Fournitures<\/h4>\n<p>&#8211; 1 bande de biais ou de ruban (de 1 cm d\u2019\u00e9paisseur) de 21 cm de long<br \/>\n&#8211; 1 barrette clic-clac de 4 cm de long<br \/>\n&#8211; fil de couleur assortie<\/p>\n<p>&nbsp;<\/p>\n<p>&nbsp;<\/p>\n<p>&nbsp;<\/p>\n","protected":false},"excerpt":{"rendered":"<p>Tutoriel de couture (tuto couture barrette). Barrette \u00e0 petit n\u0153ud.<\/p>\n<p>Tuto couture\u00a0 au format PDF, \u00e0 t\u00e9l\u00e9charger directement sur ce site.<\/p>\n<p>&nbsp;<\/p>\n","protected":false},"featured_media":5565,"comment_status":"closed","ping_status":"closed","template":"","meta":{"jetpack_post_was_ever_published":false,"jetpack_publicize_message":"","jetpack_publicize_feature_enabled":true,"jetpack_social_post_already_shared":true,"jetpack_social_options":{"image_generator_settings":{"template":"highway","default_image_id":0,"font":"","enabled":false},"version":2}},"product_brand":[],"product_cat":[24],"product_tag":[72,74,84,85],"class_list":{"0":"post-249","1":"product","2":"type-product","3":"status-publish","4":"has-post-thumbnail","6":"product_cat-accessoires","7":"product_tag-patron-couture-gratuit","8":"product_tag-patron-couture-pdf","9":"product_tag-tuto-couture","10":"product_tag-tuto-couture-barrette","11":"product_shipping_class-pas-de-frais-de-port-produit-telechargeable","13":"first","14":"instock","15":"downloadable","16":"shipping-taxable","17":"purchasable","18":"product-type-simple"},"yoast_head":"<!-- This site is optimized with the Yoast SEO plugin v27.5 - https:\/\/yoast.com\/product\/yoast-seo-wordpress\/ -->\n<title>Tuto couture - Barrette \u00e0 petit n\u0153ud - Atelier des cigognes<\/title>\n<meta name=\"description\" content=\"Tutoriel de couture (tuto couture barrette). Barrette \u00e0 petit n\u0153ud, \u00e0 r\u00e9aliser en biais Liberty, de multiples fois !\" \/>\n<meta name=\"robots\" content=\"index, follow, max-snippet:-1, max-image-preview:large, max-video-preview:-1\" \/>\n<link rel=\"canonical\" href=\"https:\/\/www.atelierdescigognes.fr\/wordpressV2\/boutique\/accessoires\/tuto-couture-barrette\/\" \/>\n<meta property=\"og:locale\" content=\"fr_FR\" \/>\n<meta property=\"og:type\" content=\"article\" \/>\n<meta property=\"og:title\" content=\"Tuto couture - Barrette \u00e0 petit n\u0153ud - Atelier des cigognes\" \/>\n<meta property=\"og:description\" content=\"Tutoriel de couture (tuto couture barrette). Barrette \u00e0 petit n\u0153ud, \u00e0 r\u00e9aliser en biais Liberty, de multiples fois !\" \/>\n<meta property=\"og:url\" content=\"https:\/\/www.atelierdescigognes.fr\/wordpressV2\/boutique\/accessoires\/tuto-couture-barrette\/\" \/>\n<meta property=\"og:site_name\" content=\"Atelier des cigognes\" \/>\n<meta property=\"article:modified_time\" content=\"2018-04-06T10:11:30+00:00\" \/>\n<meta property=\"og:image\" content=\"https:\/\/www.atelierdescigognes.fr\/wordpressV2\/wp-content\/uploads\/2015\/01\/barrette-PG.jpg\" \/>\n\t<meta property=\"og:image:width\" content=\"600\" \/>\n\t<meta property=\"og:image:height\" content=\"600\" \/>\n\t<meta property=\"og:image:type\" content=\"image\/jpeg\" \/>\n<meta name=\"twitter:card\" content=\"summary_large_image\" \/>\n<script type=\"application\/ld+json\" class=\"yoast-schema-graph\">{\"@context\":\"https:\\\/\\\/schema.org\",\"@graph\":[{\"@type\":\"WebPage\",\"@id\":\"https:\\\/\\\/www.atelierdescigognes.fr\\\/wordpressV2\\\/boutique\\\/accessoires\\\/tuto-couture-barrette\\\/\",\"url\":\"https:\\\/\\\/www.atelierdescigognes.fr\\\/wordpressV2\\\/boutique\\\/accessoires\\\/tuto-couture-barrette\\\/\",\"name\":\"Tuto couture - Barrette \u00e0 petit n\u0153ud - Atelier des cigognes\",\"isPartOf\":{\"@id\":\"https:\\\/\\\/www.atelierdescigognes.fr\\\/wordpressV2\\\/#website\"},\"primaryImageOfPage\":{\"@id\":\"https:\\\/\\\/www.atelierdescigognes.fr\\\/wordpressV2\\\/boutique\\\/accessoires\\\/tuto-couture-barrette\\\/#primaryimage\"},\"image\":{\"@id\":\"https:\\\/\\\/www.atelierdescigognes.fr\\\/wordpressV2\\\/boutique\\\/accessoires\\\/tuto-couture-barrette\\\/#primaryimage\"},\"thumbnailUrl\":\"https:\\\/\\\/www.atelierdescigognes.fr\\\/wordpressV2\\\/wp-content\\\/uploads\\\/2015\\\/01\\\/barrette-PG.jpg\",\"datePublished\":\"2015-01-05T13:05:09+00:00\",\"dateModified\":\"2018-04-06T10:11:30+00:00\",\"description\":\"Tutoriel de couture (tuto couture barrette). Barrette \u00e0 petit n\u0153ud, \u00e0 r\u00e9aliser en biais Liberty, de multiples fois !\",\"breadcrumb\":{\"@id\":\"https:\\\/\\\/www.atelierdescigognes.fr\\\/wordpressV2\\\/boutique\\\/accessoires\\\/tuto-couture-barrette\\\/#breadcrumb\"},\"inLanguage\":\"fr-FR\",\"potentialAction\":[{\"@type\":\"ReadAction\",\"target\":[\"https:\\\/\\\/www.atelierdescigognes.fr\\\/wordpressV2\\\/boutique\\\/accessoires\\\/tuto-couture-barrette\\\/\"]}]},{\"@type\":\"ImageObject\",\"inLanguage\":\"fr-FR\",\"@id\":\"https:\\\/\\\/www.atelierdescigognes.fr\\\/wordpressV2\\\/boutique\\\/accessoires\\\/tuto-couture-barrette\\\/#primaryimage\",\"url\":\"https:\\\/\\\/www.atelierdescigognes.fr\\\/wordpressV2\\\/wp-content\\\/uploads\\\/2015\\\/01\\\/barrette-PG.jpg\",\"contentUrl\":\"https:\\\/\\\/www.atelierdescigognes.fr\\\/wordpressV2\\\/wp-content\\\/uploads\\\/2015\\\/01\\\/barrette-PG.jpg\",\"width\":600,\"height\":600,\"caption\":\"Tuto couture barrette - Barrette \u00e0 petit noeud, en biais Liberty\"},{\"@type\":\"BreadcrumbList\",\"@id\":\"https:\\\/\\\/www.atelierdescigognes.fr\\\/wordpressV2\\\/boutique\\\/accessoires\\\/tuto-couture-barrette\\\/#breadcrumb\",\"itemListElement\":[{\"@type\":\"ListItem\",\"position\":1,\"name\":\"Accueil\",\"item\":\"https:\\\/\\\/www.atelierdescigognes.fr\\\/wordpressV2\\\/\"},{\"@type\":\"ListItem\",\"position\":2,\"name\":\"Boutique\",\"item\":\"https:\\\/\\\/www.atelierdescigognes.fr\\\/wordpressV2\\\/boutique\\\/\"},{\"@type\":\"ListItem\",\"position\":3,\"name\":\"Tuto couture &#8211; Barrette \u00e0 petit n\u0153ud\"}]},{\"@type\":\"WebSite\",\"@id\":\"https:\\\/\\\/www.atelierdescigognes.fr\\\/wordpressV2\\\/#website\",\"url\":\"https:\\\/\\\/www.atelierdescigognes.fr\\\/wordpressV2\\\/\",\"name\":\"Atelier des cigognes\",\"description\":\"Cr\u00e9ation de patrons de couture\",\"publisher\":{\"@id\":\"https:\\\/\\\/www.atelierdescigognes.fr\\\/wordpressV2\\\/#organization\"},\"potentialAction\":[{\"@type\":\"SearchAction\",\"target\":{\"@type\":\"EntryPoint\",\"urlTemplate\":\"https:\\\/\\\/www.atelierdescigognes.fr\\\/wordpressV2\\\/?s={search_term_string}\"},\"query-input\":{\"@type\":\"PropertyValueSpecification\",\"valueRequired\":true,\"valueName\":\"search_term_string\"}}],\"inLanguage\":\"fr-FR\"},{\"@type\":\"Organization\",\"@id\":\"https:\\\/\\\/www.atelierdescigognes.fr\\\/wordpressV2\\\/#organization\",\"name\":\"Atelier des cigognes\",\"url\":\"https:\\\/\\\/www.atelierdescigognes.fr\\\/wordpressV2\\\/\",\"logo\":{\"@type\":\"ImageObject\",\"inLanguage\":\"fr-FR\",\"@id\":\"https:\\\/\\\/www.atelierdescigognes.fr\\\/wordpressV2\\\/#\\\/schema\\\/logo\\\/image\\\/\",\"url\":\"https:\\\/\\\/www.atelierdescigognes.fr\\\/wordpressV2\\\/wp-content\\\/uploads\\\/2018\\\/04\\\/cropped-logo_AdC.jpg\",\"contentUrl\":\"https:\\\/\\\/www.atelierdescigognes.fr\\\/wordpressV2\\\/wp-content\\\/uploads\\\/2018\\\/04\\\/cropped-logo_AdC.jpg\",\"width\":307,\"height\":110,\"caption\":\"Atelier des cigognes\"},\"image\":{\"@id\":\"https:\\\/\\\/www.atelierdescigognes.fr\\\/wordpressV2\\\/#\\\/schema\\\/logo\\\/image\\\/\"}}]}<\/script>\n<!-- \/ Yoast SEO plugin. -->","yoast_head_json":{"title":"Tuto couture - Barrette \u00e0 petit n\u0153ud - Atelier des cigognes","description":"Tutoriel de couture (tuto couture barrette). Barrette \u00e0 petit n\u0153ud, \u00e0 r\u00e9aliser en biais Liberty, de multiples fois !","robots":{"index":"index","follow":"follow","max-snippet":"max-snippet:-1","max-image-preview":"max-image-preview:large","max-video-preview":"max-video-preview:-1"},"canonical":"https:\/\/www.atelierdescigognes.fr\/wordpressV2\/boutique\/accessoires\/tuto-couture-barrette\/","og_locale":"fr_FR","og_type":"article","og_title":"Tuto couture - Barrette \u00e0 petit n\u0153ud - Atelier des cigognes","og_description":"Tutoriel de couture (tuto couture barrette). Barrette \u00e0 petit n\u0153ud, \u00e0 r\u00e9aliser en biais Liberty, de multiples fois !","og_url":"https:\/\/www.atelierdescigognes.fr\/wordpressV2\/boutique\/accessoires\/tuto-couture-barrette\/","og_site_name":"Atelier des cigognes","article_modified_time":"2018-04-06T10:11:30+00:00","og_image":[{"width":600,"height":600,"url":"https:\/\/www.atelierdescigognes.fr\/wordpressV2\/wp-content\/uploads\/2015\/01\/barrette-PG.jpg","type":"image\/jpeg"}],"twitter_card":"summary_large_image","schema":{"@context":"https:\/\/schema.org","@graph":[{"@type":"WebPage","@id":"https:\/\/www.atelierdescigognes.fr\/wordpressV2\/boutique\/accessoires\/tuto-couture-barrette\/","url":"https:\/\/www.atelierdescigognes.fr\/wordpressV2\/boutique\/accessoires\/tuto-couture-barrette\/","name":"Tuto couture - Barrette \u00e0 petit n\u0153ud - Atelier des cigognes","isPartOf":{"@id":"https:\/\/www.atelierdescigognes.fr\/wordpressV2\/#website"},"primaryImageOfPage":{"@id":"https:\/\/www.atelierdescigognes.fr\/wordpressV2\/boutique\/accessoires\/tuto-couture-barrette\/#primaryimage"},"image":{"@id":"https:\/\/www.atelierdescigognes.fr\/wordpressV2\/boutique\/accessoires\/tuto-couture-barrette\/#primaryimage"},"thumbnailUrl":"https:\/\/www.atelierdescigognes.fr\/wordpressV2\/wp-content\/uploads\/2015\/01\/barrette-PG.jpg","datePublished":"2015-01-05T13:05:09+00:00","dateModified":"2018-04-06T10:11:30+00:00","description":"Tutoriel de couture (tuto couture barrette). Barrette \u00e0 petit n\u0153ud, \u00e0 r\u00e9aliser en biais Liberty, de multiples fois !","breadcrumb":{"@id":"https:\/\/www.atelierdescigognes.fr\/wordpressV2\/boutique\/accessoires\/tuto-couture-barrette\/#breadcrumb"},"inLanguage":"fr-FR","potentialAction":[{"@type":"ReadAction","target":["https:\/\/www.atelierdescigognes.fr\/wordpressV2\/boutique\/accessoires\/tuto-couture-barrette\/"]}]},{"@type":"ImageObject","inLanguage":"fr-FR","@id":"https:\/\/www.atelierdescigognes.fr\/wordpressV2\/boutique\/accessoires\/tuto-couture-barrette\/#primaryimage","url":"https:\/\/www.atelierdescigognes.fr\/wordpressV2\/wp-content\/uploads\/2015\/01\/barrette-PG.jpg","contentUrl":"https:\/\/www.atelierdescigognes.fr\/wordpressV2\/wp-content\/uploads\/2015\/01\/barrette-PG.jpg","width":600,"height":600,"caption":"Tuto couture barrette - Barrette \u00e0 petit noeud, en biais Liberty"},{"@type":"BreadcrumbList","@id":"https:\/\/www.atelierdescigognes.fr\/wordpressV2\/boutique\/accessoires\/tuto-couture-barrette\/#breadcrumb","itemListElement":[{"@type":"ListItem","position":1,"name":"Accueil","item":"https:\/\/www.atelierdescigognes.fr\/wordpressV2\/"},{"@type":"ListItem","position":2,"name":"Boutique","item":"https:\/\/www.atelierdescigognes.fr\/wordpressV2\/boutique\/"},{"@type":"ListItem","position":3,"name":"Tuto couture &#8211; Barrette \u00e0 petit n\u0153ud"}]},{"@type":"WebSite","@id":"https:\/\/www.atelierdescigognes.fr\/wordpressV2\/#website","url":"https:\/\/www.atelierdescigognes.fr\/wordpressV2\/","name":"Atelier des cigognes","description":"Cr\u00e9ation de patrons de couture","publisher":{"@id":"https:\/\/www.atelierdescigognes.fr\/wordpressV2\/#organization"},"potentialAction":[{"@type":"SearchAction","target":{"@type":"EntryPoint","urlTemplate":"https:\/\/www.atelierdescigognes.fr\/wordpressV2\/?s={search_term_string}"},"query-input":{"@type":"PropertyValueSpecification","valueRequired":true,"valueName":"search_term_string"}}],"inLanguage":"fr-FR"},{"@type":"Organization","@id":"https:\/\/www.atelierdescigognes.fr\/wordpressV2\/#organization","name":"Atelier des cigognes","url":"https:\/\/www.atelierdescigognes.fr\/wordpressV2\/","logo":{"@type":"ImageObject","inLanguage":"fr-FR","@id":"https:\/\/www.atelierdescigognes.fr\/wordpressV2\/#\/schema\/logo\/image\/","url":"https:\/\/www.atelierdescigognes.fr\/wordpressV2\/wp-content\/uploads\/2018\/04\/cropped-logo_AdC.jpg","contentUrl":"https:\/\/www.atelierdescigognes.fr\/wordpressV2\/wp-content\/uploads\/2018\/04\/cropped-logo_AdC.jpg","width":307,"height":110,"caption":"Atelier des cigognes"},"image":{"@id":"https:\/\/www.atelierdescigognes.fr\/wordpressV2\/#\/schema\/logo\/image\/"}}]}},"jetpack_publicize_connections":[],"jetpack_sharing_enabled":true,"_links":{"self":[{"href":"https:\/\/www.atelierdescigognes.fr\/wordpressV2\/wp-json\/wp\/v2\/product\/249","targetHints":{"allow":["GET"]}}],"collection":[{"href":"https:\/\/www.atelierdescigognes.fr\/wordpressV2\/wp-json\/wp\/v2\/product"}],"about":[{"href":"https:\/\/www.atelierdescigognes.fr\/wordpressV2\/wp-json\/wp\/v2\/types\/product"}],"replies":[{"embeddable":true,"href":"https:\/\/www.atelierdescigognes.fr\/wordpressV2\/wp-json\/wp\/v2\/comments?post=249"}],"wp:featuredmedia":[{"embeddable":true,"href":"https:\/\/www.atelierdescigognes.fr\/wordpressV2\/wp-json\/wp\/v2\/media\/5565"}],"wp:attachment":[{"href":"https:\/\/www.atelierdescigognes.fr\/wordpressV2\/wp-json\/wp\/v2\/media?parent=249"}],"wp:term":[{"taxonomy":"product_brand","embeddable":true,"href":"https:\/\/www.atelierdescigognes.fr\/wordpressV2\/wp-json\/wp\/v2\/product_brand?post=249"},{"taxonomy":"product_cat","embeddable":true,"href":"https:\/\/www.atelierdescigognes.fr\/wordpressV2\/wp-json\/wp\/v2\/product_cat?post=249"},{"taxonomy":"product_tag","embeddable":true,"href":"https:\/\/www.atelierdescigognes.fr\/wordpressV2\/wp-json\/wp\/v2\/product_tag?post=249"}],"curies":[{"name":"wp","href":"https:\/\/api.w.org\/{rel}","templated":true}]}}