{"id":240,"date":"2015-01-02T15:28:28","date_gmt":"2015-01-02T15:28:28","guid":{"rendered":"http:\/\/www.atelierdescigognes.fr\/wordpress\/boutique\/accessoires\/pdf-bavoir-bebe-petit-modele\/"},"modified":"2018-04-06T12:33:51","modified_gmt":"2018-04-06T10:33:51","slug":"pdf-bavoir-bebe-petit-modele","status":"publish","type":"product","link":"https:\/\/www.atelierdescigognes.fr\/wordpressV2\/boutique\/patron-couture-bebe\/pdf-bavoir-bebe-petit-modele\/","title":{"rendered":"PDF &#8211; Bavoir B\u00e9b\u00e9 (petit mod\u00e8le)"},"content":{"rendered":"<p>Patron couture gratuit (patron couture bavoir). Bavoir B\u00e9b\u00e9 bord\u00e9 de biais (petit mod\u00e8le &#8211; taille Nourrisson).<\/p>\n<h4>Niveau de couture<\/h4>\n<p><img loading=\"lazy\" decoding=\"async\" class=\"alignnone size-medium wp-image-5342\" src=\"https:\/\/www.atelierdescigognes.fr\/wordpressV2\/wp-content\/uploads\/2017\/12\/niveau-1-300x145.jpg\" alt=\"Niveau de couture 1\" width=\"300\" height=\"145\" \/><\/p>\n<h4>Fournitures<\/h4>\n<p>&#8211; 1 morceau de tissu \u00e9ponge de 21 cm*30 cm<br \/>\n&#8211; 1 m 20 de biais de 1 cm d\u2019\u00e9paisseur<br \/>\n&#8211; 1 bouton de 12 mm de diam\u00e8tre<br \/>\n&#8211; fil de couleur assortie<br \/>\n&#8211; pour agr\u00e9menter le bavoir d\u2019un motif en applique dans un tissu fantaisie : un carr\u00e9 de tissu de 12*12 cm<br \/>\n&#8211; pour agr\u00e9menter le bavoir d\u2019une broderie : fil \u00e0 broder<\/p>\n<p>&nbsp;<\/p>\n<p>&nbsp;<\/p>\n<p>&nbsp;<\/p>\n","protected":false},"excerpt":{"rendered":"<p>Patron couture gratuit (patron couture bavoir). Bavoir B\u00e9b\u00e9 bord\u00e9 de biais (petit mod\u00e8le &#8211; taille Nourrisson).<\/p>\n<p>Ceci est un patron couture au format PDF, \u00e0 t\u00e9l\u00e9charger directement sur ce site. On imprime, on d\u00e9coupe son tissu et on coud en suivant les explications !<\/p>\n<p>&nbsp;<\/p>\n","protected":false},"featured_media":5575,"comment_status":"closed","ping_status":"closed","template":"","meta":{"jetpack_post_was_ever_published":false,"jetpack_publicize_message":"","jetpack_publicize_feature_enabled":true,"jetpack_social_post_already_shared":true,"jetpack_social_options":{"image_generator_settings":{"template":"highway","default_image_id":0,"font":"","enabled":false},"version":2}},"product_brand":[],"product_cat":[24,21],"product_tag":[63,64,72,74],"class_list":{"0":"post-240","1":"product","2":"type-product","3":"status-publish","4":"has-post-thumbnail","6":"product_cat-accessoires","7":"product_cat-patron-couture-bebe","8":"product_tag-patron-couture-bavoir","9":"product_tag-patron-couture-bebe-2","10":"product_tag-patron-couture-gratuit","11":"product_tag-patron-couture-pdf","12":"product_shipping_class-pas-de-frais-de-port-produit-telechargeable","14":"first","15":"instock","16":"downloadable","17":"shipping-taxable","18":"purchasable","19":"product-type-simple"},"yoast_head":"<!-- This site is optimized with the Yoast SEO plugin v27.5 - https:\/\/yoast.com\/product\/yoast-seo-wordpress\/ -->\n<title>Patron couture bavoir b\u00e9b\u00e9 - Bavoir b\u00e9b\u00e9 (petite taille)<\/title>\n<meta name=\"description\" content=\"Patron couture gratuit (patron couture bavoir). Bavoir B\u00e9b\u00e9 bord\u00e9 de biais (petit mod\u00e8le - taille Nourrisson). Biais Liberty;\" \/>\n<meta name=\"robots\" content=\"index, follow, max-snippet:-1, max-image-preview:large, max-video-preview:-1\" \/>\n<link rel=\"canonical\" href=\"https:\/\/www.atelierdescigognes.fr\/wordpressV2\/boutique\/patron-couture-bebe\/pdf-bavoir-bebe-petit-modele\/\" \/>\n<meta property=\"og:locale\" content=\"fr_FR\" \/>\n<meta property=\"og:type\" content=\"article\" \/>\n<meta property=\"og:title\" content=\"Patron couture bavoir b\u00e9b\u00e9 - Bavoir b\u00e9b\u00e9 (petite taille)\" \/>\n<meta property=\"og:description\" content=\"Patron couture gratuit (patron couture bavoir). Bavoir B\u00e9b\u00e9 bord\u00e9 de biais (petit mod\u00e8le - taille Nourrisson). Biais Liberty;\" \/>\n<meta property=\"og:url\" content=\"https:\/\/www.atelierdescigognes.fr\/wordpressV2\/boutique\/patron-couture-bebe\/pdf-bavoir-bebe-petit-modele\/\" \/>\n<meta property=\"og:site_name\" content=\"Atelier des cigognes\" \/>\n<meta property=\"article:modified_time\" content=\"2018-04-06T10:33:51+00:00\" \/>\n<meta property=\"og:image\" content=\"https:\/\/www.atelierdescigognes.fr\/wordpressV2\/wp-content\/uploads\/2015\/01\/bavoir-nourrisson-PG_2.jpg\" \/>\n\t<meta property=\"og:image:width\" content=\"600\" \/>\n\t<meta property=\"og:image:height\" content=\"600\" \/>\n\t<meta property=\"og:image:type\" content=\"image\/jpeg\" \/>\n<meta name=\"twitter:card\" content=\"summary_large_image\" \/>\n<script type=\"application\/ld+json\" class=\"yoast-schema-graph\">{\"@context\":\"https:\\\/\\\/schema.org\",\"@graph\":[{\"@type\":\"WebPage\",\"@id\":\"https:\\\/\\\/www.atelierdescigognes.fr\\\/wordpressV2\\\/boutique\\\/patron-couture-bebe\\\/pdf-bavoir-bebe-petit-modele\\\/\",\"url\":\"https:\\\/\\\/www.atelierdescigognes.fr\\\/wordpressV2\\\/boutique\\\/patron-couture-bebe\\\/pdf-bavoir-bebe-petit-modele\\\/\",\"name\":\"Patron couture bavoir b\u00e9b\u00e9 - Bavoir b\u00e9b\u00e9 (petite taille)\",\"isPartOf\":{\"@id\":\"https:\\\/\\\/www.atelierdescigognes.fr\\\/wordpressV2\\\/#website\"},\"primaryImageOfPage\":{\"@id\":\"https:\\\/\\\/www.atelierdescigognes.fr\\\/wordpressV2\\\/boutique\\\/patron-couture-bebe\\\/pdf-bavoir-bebe-petit-modele\\\/#primaryimage\"},\"image\":{\"@id\":\"https:\\\/\\\/www.atelierdescigognes.fr\\\/wordpressV2\\\/boutique\\\/patron-couture-bebe\\\/pdf-bavoir-bebe-petit-modele\\\/#primaryimage\"},\"thumbnailUrl\":\"https:\\\/\\\/www.atelierdescigognes.fr\\\/wordpressV2\\\/wp-content\\\/uploads\\\/2015\\\/01\\\/bavoir-nourrisson-PG_2.jpg\",\"datePublished\":\"2015-01-02T15:28:28+00:00\",\"dateModified\":\"2018-04-06T10:33:51+00:00\",\"description\":\"Patron couture gratuit (patron couture bavoir). Bavoir B\u00e9b\u00e9 bord\u00e9 de biais (petit mod\u00e8le - taille Nourrisson). Biais Liberty;\",\"breadcrumb\":{\"@id\":\"https:\\\/\\\/www.atelierdescigognes.fr\\\/wordpressV2\\\/boutique\\\/patron-couture-bebe\\\/pdf-bavoir-bebe-petit-modele\\\/#breadcrumb\"},\"inLanguage\":\"fr-FR\",\"potentialAction\":[{\"@type\":\"ReadAction\",\"target\":[\"https:\\\/\\\/www.atelierdescigognes.fr\\\/wordpressV2\\\/boutique\\\/patron-couture-bebe\\\/pdf-bavoir-bebe-petit-modele\\\/\"]}]},{\"@type\":\"ImageObject\",\"inLanguage\":\"fr-FR\",\"@id\":\"https:\\\/\\\/www.atelierdescigognes.fr\\\/wordpressV2\\\/boutique\\\/patron-couture-bebe\\\/pdf-bavoir-bebe-petit-modele\\\/#primaryimage\",\"url\":\"https:\\\/\\\/www.atelierdescigognes.fr\\\/wordpressV2\\\/wp-content\\\/uploads\\\/2015\\\/01\\\/bavoir-nourrisson-PG_2.jpg\",\"contentUrl\":\"https:\\\/\\\/www.atelierdescigognes.fr\\\/wordpressV2\\\/wp-content\\\/uploads\\\/2015\\\/01\\\/bavoir-nourrisson-PG_2.jpg\",\"width\":600,\"height\":600,\"caption\":\"Patron couture bavoir b\u00e9b\u00e9 - taille nourrisson\"},{\"@type\":\"BreadcrumbList\",\"@id\":\"https:\\\/\\\/www.atelierdescigognes.fr\\\/wordpressV2\\\/boutique\\\/patron-couture-bebe\\\/pdf-bavoir-bebe-petit-modele\\\/#breadcrumb\",\"itemListElement\":[{\"@type\":\"ListItem\",\"position\":1,\"name\":\"Accueil\",\"item\":\"https:\\\/\\\/www.atelierdescigognes.fr\\\/wordpressV2\\\/\"},{\"@type\":\"ListItem\",\"position\":2,\"name\":\"Boutique\",\"item\":\"https:\\\/\\\/www.atelierdescigognes.fr\\\/wordpressV2\\\/boutique\\\/\"},{\"@type\":\"ListItem\",\"position\":3,\"name\":\"PDF &#8211; Bavoir B\u00e9b\u00e9 (petit mod\u00e8le)\"}]},{\"@type\":\"WebSite\",\"@id\":\"https:\\\/\\\/www.atelierdescigognes.fr\\\/wordpressV2\\\/#website\",\"url\":\"https:\\\/\\\/www.atelierdescigognes.fr\\\/wordpressV2\\\/\",\"name\":\"Atelier des cigognes\",\"description\":\"Cr\u00e9ation de patrons de couture\",\"publisher\":{\"@id\":\"https:\\\/\\\/www.atelierdescigognes.fr\\\/wordpressV2\\\/#organization\"},\"potentialAction\":[{\"@type\":\"SearchAction\",\"target\":{\"@type\":\"EntryPoint\",\"urlTemplate\":\"https:\\\/\\\/www.atelierdescigognes.fr\\\/wordpressV2\\\/?s={search_term_string}\"},\"query-input\":{\"@type\":\"PropertyValueSpecification\",\"valueRequired\":true,\"valueName\":\"search_term_string\"}}],\"inLanguage\":\"fr-FR\"},{\"@type\":\"Organization\",\"@id\":\"https:\\\/\\\/www.atelierdescigognes.fr\\\/wordpressV2\\\/#organization\",\"name\":\"Atelier des cigognes\",\"url\":\"https:\\\/\\\/www.atelierdescigognes.fr\\\/wordpressV2\\\/\",\"logo\":{\"@type\":\"ImageObject\",\"inLanguage\":\"fr-FR\",\"@id\":\"https:\\\/\\\/www.atelierdescigognes.fr\\\/wordpressV2\\\/#\\\/schema\\\/logo\\\/image\\\/\",\"url\":\"https:\\\/\\\/www.atelierdescigognes.fr\\\/wordpressV2\\\/wp-content\\\/uploads\\\/2018\\\/04\\\/cropped-logo_AdC.jpg\",\"contentUrl\":\"https:\\\/\\\/www.atelierdescigognes.fr\\\/wordpressV2\\\/wp-content\\\/uploads\\\/2018\\\/04\\\/cropped-logo_AdC.jpg\",\"width\":307,\"height\":110,\"caption\":\"Atelier des cigognes\"},\"image\":{\"@id\":\"https:\\\/\\\/www.atelierdescigognes.fr\\\/wordpressV2\\\/#\\\/schema\\\/logo\\\/image\\\/\"}}]}<\/script>\n<!-- \/ Yoast SEO plugin. -->","yoast_head_json":{"title":"Patron couture bavoir b\u00e9b\u00e9 - Bavoir b\u00e9b\u00e9 (petite taille)","description":"Patron couture gratuit (patron couture bavoir). Bavoir B\u00e9b\u00e9 bord\u00e9 de biais (petit mod\u00e8le - taille Nourrisson). Biais Liberty;","robots":{"index":"index","follow":"follow","max-snippet":"max-snippet:-1","max-image-preview":"max-image-preview:large","max-video-preview":"max-video-preview:-1"},"canonical":"https:\/\/www.atelierdescigognes.fr\/wordpressV2\/boutique\/patron-couture-bebe\/pdf-bavoir-bebe-petit-modele\/","og_locale":"fr_FR","og_type":"article","og_title":"Patron couture bavoir b\u00e9b\u00e9 - Bavoir b\u00e9b\u00e9 (petite taille)","og_description":"Patron couture gratuit (patron couture bavoir). Bavoir B\u00e9b\u00e9 bord\u00e9 de biais (petit mod\u00e8le - taille Nourrisson). Biais Liberty;","og_url":"https:\/\/www.atelierdescigognes.fr\/wordpressV2\/boutique\/patron-couture-bebe\/pdf-bavoir-bebe-petit-modele\/","og_site_name":"Atelier des cigognes","article_modified_time":"2018-04-06T10:33:51+00:00","og_image":[{"width":600,"height":600,"url":"https:\/\/www.atelierdescigognes.fr\/wordpressV2\/wp-content\/uploads\/2015\/01\/bavoir-nourrisson-PG_2.jpg","type":"image\/jpeg"}],"twitter_card":"summary_large_image","schema":{"@context":"https:\/\/schema.org","@graph":[{"@type":"WebPage","@id":"https:\/\/www.atelierdescigognes.fr\/wordpressV2\/boutique\/patron-couture-bebe\/pdf-bavoir-bebe-petit-modele\/","url":"https:\/\/www.atelierdescigognes.fr\/wordpressV2\/boutique\/patron-couture-bebe\/pdf-bavoir-bebe-petit-modele\/","name":"Patron couture bavoir b\u00e9b\u00e9 - Bavoir b\u00e9b\u00e9 (petite taille)","isPartOf":{"@id":"https:\/\/www.atelierdescigognes.fr\/wordpressV2\/#website"},"primaryImageOfPage":{"@id":"https:\/\/www.atelierdescigognes.fr\/wordpressV2\/boutique\/patron-couture-bebe\/pdf-bavoir-bebe-petit-modele\/#primaryimage"},"image":{"@id":"https:\/\/www.atelierdescigognes.fr\/wordpressV2\/boutique\/patron-couture-bebe\/pdf-bavoir-bebe-petit-modele\/#primaryimage"},"thumbnailUrl":"https:\/\/www.atelierdescigognes.fr\/wordpressV2\/wp-content\/uploads\/2015\/01\/bavoir-nourrisson-PG_2.jpg","datePublished":"2015-01-02T15:28:28+00:00","dateModified":"2018-04-06T10:33:51+00:00","description":"Patron couture gratuit (patron couture bavoir). Bavoir B\u00e9b\u00e9 bord\u00e9 de biais (petit mod\u00e8le - taille Nourrisson). Biais Liberty;","breadcrumb":{"@id":"https:\/\/www.atelierdescigognes.fr\/wordpressV2\/boutique\/patron-couture-bebe\/pdf-bavoir-bebe-petit-modele\/#breadcrumb"},"inLanguage":"fr-FR","potentialAction":[{"@type":"ReadAction","target":["https:\/\/www.atelierdescigognes.fr\/wordpressV2\/boutique\/patron-couture-bebe\/pdf-bavoir-bebe-petit-modele\/"]}]},{"@type":"ImageObject","inLanguage":"fr-FR","@id":"https:\/\/www.atelierdescigognes.fr\/wordpressV2\/boutique\/patron-couture-bebe\/pdf-bavoir-bebe-petit-modele\/#primaryimage","url":"https:\/\/www.atelierdescigognes.fr\/wordpressV2\/wp-content\/uploads\/2015\/01\/bavoir-nourrisson-PG_2.jpg","contentUrl":"https:\/\/www.atelierdescigognes.fr\/wordpressV2\/wp-content\/uploads\/2015\/01\/bavoir-nourrisson-PG_2.jpg","width":600,"height":600,"caption":"Patron couture bavoir b\u00e9b\u00e9 - taille nourrisson"},{"@type":"BreadcrumbList","@id":"https:\/\/www.atelierdescigognes.fr\/wordpressV2\/boutique\/patron-couture-bebe\/pdf-bavoir-bebe-petit-modele\/#breadcrumb","itemListElement":[{"@type":"ListItem","position":1,"name":"Accueil","item":"https:\/\/www.atelierdescigognes.fr\/wordpressV2\/"},{"@type":"ListItem","position":2,"name":"Boutique","item":"https:\/\/www.atelierdescigognes.fr\/wordpressV2\/boutique\/"},{"@type":"ListItem","position":3,"name":"PDF &#8211; Bavoir B\u00e9b\u00e9 (petit mod\u00e8le)"}]},{"@type":"WebSite","@id":"https:\/\/www.atelierdescigognes.fr\/wordpressV2\/#website","url":"https:\/\/www.atelierdescigognes.fr\/wordpressV2\/","name":"Atelier des cigognes","description":"Cr\u00e9ation de patrons de couture","publisher":{"@id":"https:\/\/www.atelierdescigognes.fr\/wordpressV2\/#organization"},"potentialAction":[{"@type":"SearchAction","target":{"@type":"EntryPoint","urlTemplate":"https:\/\/www.atelierdescigognes.fr\/wordpressV2\/?s={search_term_string}"},"query-input":{"@type":"PropertyValueSpecification","valueRequired":true,"valueName":"search_term_string"}}],"inLanguage":"fr-FR"},{"@type":"Organization","@id":"https:\/\/www.atelierdescigognes.fr\/wordpressV2\/#organization","name":"Atelier des cigognes","url":"https:\/\/www.atelierdescigognes.fr\/wordpressV2\/","logo":{"@type":"ImageObject","inLanguage":"fr-FR","@id":"https:\/\/www.atelierdescigognes.fr\/wordpressV2\/#\/schema\/logo\/image\/","url":"https:\/\/www.atelierdescigognes.fr\/wordpressV2\/wp-content\/uploads\/2018\/04\/cropped-logo_AdC.jpg","contentUrl":"https:\/\/www.atelierdescigognes.fr\/wordpressV2\/wp-content\/uploads\/2018\/04\/cropped-logo_AdC.jpg","width":307,"height":110,"caption":"Atelier des cigognes"},"image":{"@id":"https:\/\/www.atelierdescigognes.fr\/wordpressV2\/#\/schema\/logo\/image\/"}}]}},"jetpack_publicize_connections":[],"jetpack_sharing_enabled":true,"_links":{"self":[{"href":"https:\/\/www.atelierdescigognes.fr\/wordpressV2\/wp-json\/wp\/v2\/product\/240","targetHints":{"allow":["GET"]}}],"collection":[{"href":"https:\/\/www.atelierdescigognes.fr\/wordpressV2\/wp-json\/wp\/v2\/product"}],"about":[{"href":"https:\/\/www.atelierdescigognes.fr\/wordpressV2\/wp-json\/wp\/v2\/types\/product"}],"replies":[{"embeddable":true,"href":"https:\/\/www.atelierdescigognes.fr\/wordpressV2\/wp-json\/wp\/v2\/comments?post=240"}],"wp:featuredmedia":[{"embeddable":true,"href":"https:\/\/www.atelierdescigognes.fr\/wordpressV2\/wp-json\/wp\/v2\/media\/5575"}],"wp:attachment":[{"href":"https:\/\/www.atelierdescigognes.fr\/wordpressV2\/wp-json\/wp\/v2\/media?parent=240"}],"wp:term":[{"taxonomy":"product_brand","embeddable":true,"href":"https:\/\/www.atelierdescigognes.fr\/wordpressV2\/wp-json\/wp\/v2\/product_brand?post=240"},{"taxonomy":"product_cat","embeddable":true,"href":"https:\/\/www.atelierdescigognes.fr\/wordpressV2\/wp-json\/wp\/v2\/product_cat?post=240"},{"taxonomy":"product_tag","embeddable":true,"href":"https:\/\/www.atelierdescigognes.fr\/wordpressV2\/wp-json\/wp\/v2\/product_tag?post=240"}],"curies":[{"name":"wp","href":"https:\/\/api.w.org\/{rel}","templated":true}]}}