{"id":233,"date":"2014-12-31T16:36:25","date_gmt":"2014-12-31T15:36:25","guid":{"rendered":"http:\/\/www.atelierdescigognes.fr\/wordpress\/boutique\/patron-couture-future-maman\/patron-couture-robe-de-grossesse-a-volants\/"},"modified":"2022-07-29T15:50:06","modified_gmt":"2022-07-29T13:50:06","slug":"patron-couture-robe-de-grossesse-a-volants","status":"publish","type":"product","link":"https:\/\/www.atelierdescigognes.fr\/wordpressV2\/boutique\/patron-couture-future-maman\/patron-couture-robe-de-grossesse-a-volants\/","title":{"rendered":"P\u00c9N\u00c9LOPE &#8211; Patron couture Robe de grossesse \u00e0 volants"},"content":{"rendered":"<p>Patron couture robe grossesse. Confectionn\u00e9e dans un tissu extensible (jersey, etc.), cette robe de grossesse sans manches laisse toute l\u2019aisance et le confort requis par la future maman. Volants au bas de la robe, sous le ventre. Longueur au-dessus du genou.<\/p>\n<h4>Tailles<\/h4>\n<p>36-38-40-42-44-46<\/p>\n<h4>Niveau de couture<\/h4>\n<p><img loading=\"lazy\" decoding=\"async\" class=\"alignnone size-medium wp-image-5343\" src=\"https:\/\/www.atelierdescigognes.fr\/wordpressV2\/wp-content\/uploads\/2017\/12\/niveau-2-300x145.jpg\" alt=\"Niveau de couture 2\" width=\"300\" height=\"145\" \/><\/p>\n<p>&nbsp;<\/p>\n<h4>Tissus recommand\u00e9s<\/h4>\n<p>Pour la robe : jersey de coton, tout tissu extensible.<br \/>\nPour les volants (devant et dos) : jersey de coton, toile de coton, batiste, popeline.<\/p>\n<p>Le haut de la robe doit \u00eatre r\u00e9alis\u00e9 dans un tissu extensible (tel que du jersey). Les volants au bas de la robe peuvent \u00eatre confectionn\u00e9s dans le m\u00eame tissu, ou bien dans une cotonnade \u00e0 motifs (pas n\u00e9cessairement extensible !) si l&rsquo;on veut donner plus de style au v\u00eatement.<\/p>\n<p>Plus d&rsquo;infos sur le <a title=\"Choisir son tissu\" href=\"http:\/\/www.atelierdescigognes.fr\/wordpress\/choisir-son-tissu\/\" target=\"_blank\" rel=\"noopener noreferrer\">choix des tissus<\/a><\/p>\n<p>&nbsp;<\/p>\n<h4>M\u00e9trages de tissu<\/h4>\n<div class=\"table-responsive\">\n<table class=\"table table-hover \" width=\"100%\">\n<thead>\n<tr>\n<th>Tissu pour le haut de la robe<\/th>\n<th>36<\/th>\n<th>38<\/th>\n<th>40<\/th>\n<th>42<\/th>\n<th>44<\/th>\n<th>46<\/th>\n<\/tr>\n<\/thead>\n<tbody>\n<tr>\n<td>145 cm de large (ou &gt; \u00e0 145 cm)<\/td>\n<td>85 cm<\/td>\n<td>85 cm<\/td>\n<td>85 cm<\/td>\n<td>1 m 60<\/td>\n<td>1 m 60<\/td>\n<td>1 m 60<\/td>\n<\/tr>\n<tr>\n<td>115 cm de large (ou comprise entre 115 et 145 cm)<\/td>\n<td>1 m 45<\/td>\n<td>1 m 50<\/td>\n<td>1 m 50<\/td>\n<td>1 m 60<\/td>\n<td>1 m 60<\/td>\n<td>1 m 60<\/td>\n<\/tr>\n<\/tbody>\n<\/table>\n<\/div>\n<p>&nbsp;<\/p>\n<div class=\"table-responsive\">\n<table class=\"table table-hover \" width=\"100%\">\n<thead>\n<tr>\n<th>Tissu des volants<br \/>\n(devant et dos)<\/th>\n<th>36<\/th>\n<th>38<\/th>\n<th>40<\/th>\n<th>42<\/th>\n<th>44<\/th>\n<th>46<\/th>\n<\/tr>\n<\/thead>\n<tbody>\n<tr>\n<td>en 145 ou 115 cm de large<\/td>\n<td>1 m 15<\/td>\n<td>1 m 15<\/td>\n<td>1 m 15<\/td>\n<td>1 m 15<\/td>\n<td>1 m 15<\/td>\n<td>1 m 15<\/td>\n<\/tr>\n<\/tbody>\n<\/table>\n<\/div>\n<p>(Si les volants sont r\u00e9alis\u00e9s dans le m\u00eame tissu que le haut de la robe, additionner les m\u00e9trages donn\u00e9s.)<\/p>\n<p>Voir le <a title=\"Guide des tailles\" href=\"http:\/\/www.atelierdescigognes.fr\/wordpress\/guide-des-tailles\/\" target=\"_blank\" rel=\"noopener noreferrer\">Guide des tailles<\/a>.<\/p>\n","protected":false},"excerpt":{"rendered":"<p>Patron couture robe grossesse. Confectionn\u00e9e dans un tissu extensible (jersey, etc.), cette robe de grossesse sans manches laisse toute l\u2019aisance et le confort requis par la future maman. Volants au bas de la robe, sous le ventre. Longueur au-dessus du genou.<\/p>\n<p>Ceci est un \u00ab\u00a0vrai\u00a0\u00bb patron de couture, sous forme de pochette, exp\u00e9di\u00e9 par courrier !<\/p>\n<p>Tailles 36-38-40-42-44-46<\/p>\n","protected":false},"featured_media":5504,"comment_status":"closed","ping_status":"closed","template":"","meta":{"jetpack_post_was_ever_published":false,"jetpack_publicize_message":"","jetpack_publicize_feature_enabled":true,"jetpack_social_post_already_shared":true,"jetpack_social_options":{"image_generator_settings":{"template":"highway","default_image_id":0,"font":"","enabled":false},"version":2}},"product_brand":[],"product_cat":[19],"product_tag":[42,60,103,81,88],"class_list":{"0":"post-233","1":"product","2":"type-product","3":"status-publish","4":"has-post-thumbnail","6":"product_cat-patron-couture-future-maman","7":"product_tag-couture-grossesse","8":"product_tag-patron-couture","9":"product_tag-patron-couture-robe-grossesse","10":"product_tag-robe-grossesse","11":"product_tag-vetement-femme-enceinte","12":"product_shipping_class-patron-pochette","14":"first","15":"outofstock","16":"shipping-taxable","17":"purchasable","18":"product-type-simple"},"yoast_head":"<!-- This site is optimized with the Yoast SEO plugin v27.2 - https:\/\/yoast.com\/product\/yoast-seo-wordpress\/ -->\n<title>Patron couture Robe grossesse \u00e0 volants - Robe grossesse P\u00c9N\u00c9LOPE<\/title>\n<meta name=\"description\" content=\"Patron couture robe grossesse. Confectionn\u00e9e dans un tissu extensible (jersey, etc.), cette robe de grossesse sans manches laisse toute l\u2019aisance et le confort requis par la future maman. Volants au bas de la robe, sous le ventre. Longueur au-dessus du genou.\" \/>\n<meta name=\"robots\" content=\"index, follow, max-snippet:-1, max-image-preview:large, max-video-preview:-1\" \/>\n<link rel=\"canonical\" href=\"https:\/\/www.atelierdescigognes.fr\/wordpressV2\/boutique\/patron-couture-future-maman\/patron-couture-robe-de-grossesse-a-volants\/\" \/>\n<meta property=\"og:locale\" content=\"fr_FR\" \/>\n<meta property=\"og:type\" content=\"article\" \/>\n<meta property=\"og:title\" content=\"Patron couture Robe grossesse \u00e0 volants - Robe grossesse P\u00c9N\u00c9LOPE\" \/>\n<meta property=\"og:description\" content=\"Patron couture robe grossesse. Confectionn\u00e9e dans un tissu extensible (jersey, etc.), cette robe de grossesse sans manches laisse toute l\u2019aisance et le confort requis par la future maman. Volants au bas de la robe, sous le ventre. Longueur au-dessus du genou.\" \/>\n<meta property=\"og:url\" content=\"https:\/\/www.atelierdescigognes.fr\/wordpressV2\/boutique\/patron-couture-future-maman\/patron-couture-robe-de-grossesse-a-volants\/\" \/>\n<meta property=\"og:site_name\" content=\"Atelier des cigognes\" \/>\n<meta property=\"article:modified_time\" content=\"2022-07-29T13:50:06+00:00\" \/>\n<meta property=\"og:image\" content=\"https:\/\/www.atelierdescigognes.fr\/wordpressV2\/wp-content\/uploads\/2014\/12\/M16_illustration_vue4b0a61b33068f.jpg\" \/>\n\t<meta property=\"og:image:width\" content=\"500\" \/>\n\t<meta property=\"og:image:height\" content=\"500\" \/>\n\t<meta property=\"og:image:type\" content=\"image\/jpeg\" \/>\n<meta name=\"twitter:card\" content=\"summary_large_image\" \/>\n<meta name=\"twitter:label1\" content=\"Dur\u00e9e de lecture estim\u00e9e\" \/>\n\t<meta name=\"twitter:data1\" content=\"1 minute\" \/>\n<script type=\"application\/ld+json\" class=\"yoast-schema-graph\">{\"@context\":\"https:\/\/schema.org\",\"@graph\":[{\"@type\":\"WebPage\",\"@id\":\"https:\/\/www.atelierdescigognes.fr\/wordpressV2\/boutique\/patron-couture-future-maman\/patron-couture-robe-de-grossesse-a-volants\/\",\"url\":\"https:\/\/www.atelierdescigognes.fr\/wordpressV2\/boutique\/patron-couture-future-maman\/patron-couture-robe-de-grossesse-a-volants\/\",\"name\":\"Patron couture Robe grossesse \u00e0 volants - Robe grossesse P\u00c9N\u00c9LOPE\",\"isPartOf\":{\"@id\":\"https:\/\/www.atelierdescigognes.fr\/wordpressV2\/#website\"},\"primaryImageOfPage\":{\"@id\":\"https:\/\/www.atelierdescigognes.fr\/wordpressV2\/boutique\/patron-couture-future-maman\/patron-couture-robe-de-grossesse-a-volants\/#primaryimage\"},\"image\":{\"@id\":\"https:\/\/www.atelierdescigognes.fr\/wordpressV2\/boutique\/patron-couture-future-maman\/patron-couture-robe-de-grossesse-a-volants\/#primaryimage\"},\"thumbnailUrl\":\"https:\/\/www.atelierdescigognes.fr\/wordpressV2\/wp-content\/uploads\/2014\/12\/M16_illustration_vue4b0a61b33068f.jpg\",\"datePublished\":\"2014-12-31T15:36:25+00:00\",\"dateModified\":\"2022-07-29T13:50:06+00:00\",\"description\":\"Patron couture robe grossesse. Confectionn\u00e9e dans un tissu extensible (jersey, etc.), cette robe de grossesse sans manches laisse toute l\u2019aisance et le confort requis par la future maman. Volants au bas de la robe, sous le ventre. Longueur au-dessus du genou.\",\"breadcrumb\":{\"@id\":\"https:\/\/www.atelierdescigognes.fr\/wordpressV2\/boutique\/patron-couture-future-maman\/patron-couture-robe-de-grossesse-a-volants\/#breadcrumb\"},\"inLanguage\":\"fr-FR\",\"potentialAction\":[{\"@type\":\"ReadAction\",\"target\":[\"https:\/\/www.atelierdescigognes.fr\/wordpressV2\/boutique\/patron-couture-future-maman\/patron-couture-robe-de-grossesse-a-volants\/\"]}]},{\"@type\":\"ImageObject\",\"inLanguage\":\"fr-FR\",\"@id\":\"https:\/\/www.atelierdescigognes.fr\/wordpressV2\/boutique\/patron-couture-future-maman\/patron-couture-robe-de-grossesse-a-volants\/#primaryimage\",\"url\":\"https:\/\/www.atelierdescigognes.fr\/wordpressV2\/wp-content\/uploads\/2014\/12\/M16_illustration_vue4b0a61b33068f.jpg\",\"contentUrl\":\"https:\/\/www.atelierdescigognes.fr\/wordpressV2\/wp-content\/uploads\/2014\/12\/M16_illustration_vue4b0a61b33068f.jpg\",\"width\":500,\"height\":500,\"caption\":\"Patron couture robe grossesse \u00e0 volants - P\u00c9N\u00c9LOPE\"},{\"@type\":\"BreadcrumbList\",\"@id\":\"https:\/\/www.atelierdescigognes.fr\/wordpressV2\/boutique\/patron-couture-future-maman\/patron-couture-robe-de-grossesse-a-volants\/#breadcrumb\",\"itemListElement\":[{\"@type\":\"ListItem\",\"position\":1,\"name\":\"Accueil\",\"item\":\"https:\/\/www.atelierdescigognes.fr\/wordpressV2\/\"},{\"@type\":\"ListItem\",\"position\":2,\"name\":\"Boutique\",\"item\":\"https:\/\/www.atelierdescigognes.fr\/wordpressV2\/boutique\/\"},{\"@type\":\"ListItem\",\"position\":3,\"name\":\"P\u00c9N\u00c9LOPE &#8211; Patron couture Robe de grossesse \u00e0 volants\"}]},{\"@type\":\"WebSite\",\"@id\":\"https:\/\/www.atelierdescigognes.fr\/wordpressV2\/#website\",\"url\":\"https:\/\/www.atelierdescigognes.fr\/wordpressV2\/\",\"name\":\"Atelier des cigognes\",\"description\":\"Cr\u00e9ation de patrons de couture\",\"publisher\":{\"@id\":\"https:\/\/www.atelierdescigognes.fr\/wordpressV2\/#organization\"},\"potentialAction\":[{\"@type\":\"SearchAction\",\"target\":{\"@type\":\"EntryPoint\",\"urlTemplate\":\"https:\/\/www.atelierdescigognes.fr\/wordpressV2\/?s={search_term_string}\"},\"query-input\":{\"@type\":\"PropertyValueSpecification\",\"valueRequired\":true,\"valueName\":\"search_term_string\"}}],\"inLanguage\":\"fr-FR\"},{\"@type\":\"Organization\",\"@id\":\"https:\/\/www.atelierdescigognes.fr\/wordpressV2\/#organization\",\"name\":\"Atelier des cigognes\",\"url\":\"https:\/\/www.atelierdescigognes.fr\/wordpressV2\/\",\"logo\":{\"@type\":\"ImageObject\",\"inLanguage\":\"fr-FR\",\"@id\":\"https:\/\/www.atelierdescigognes.fr\/wordpressV2\/#\/schema\/logo\/image\/\",\"url\":\"https:\/\/www.atelierdescigognes.fr\/wordpressV2\/wp-content\/uploads\/2018\/04\/cropped-logo_AdC.jpg\",\"contentUrl\":\"https:\/\/www.atelierdescigognes.fr\/wordpressV2\/wp-content\/uploads\/2018\/04\/cropped-logo_AdC.jpg\",\"width\":307,\"height\":110,\"caption\":\"Atelier des cigognes\"},\"image\":{\"@id\":\"https:\/\/www.atelierdescigognes.fr\/wordpressV2\/#\/schema\/logo\/image\/\"}}]}<\/script>\n<!-- \/ Yoast SEO plugin. -->","yoast_head_json":{"title":"Patron couture Robe grossesse \u00e0 volants - Robe grossesse P\u00c9N\u00c9LOPE","description":"Patron couture robe grossesse. Confectionn\u00e9e dans un tissu extensible (jersey, etc.), cette robe de grossesse sans manches laisse toute l\u2019aisance et le confort requis par la future maman. Volants au bas de la robe, sous le ventre. Longueur au-dessus du genou.","robots":{"index":"index","follow":"follow","max-snippet":"max-snippet:-1","max-image-preview":"max-image-preview:large","max-video-preview":"max-video-preview:-1"},"canonical":"https:\/\/www.atelierdescigognes.fr\/wordpressV2\/boutique\/patron-couture-future-maman\/patron-couture-robe-de-grossesse-a-volants\/","og_locale":"fr_FR","og_type":"article","og_title":"Patron couture Robe grossesse \u00e0 volants - Robe grossesse P\u00c9N\u00c9LOPE","og_description":"Patron couture robe grossesse. Confectionn\u00e9e dans un tissu extensible (jersey, etc.), cette robe de grossesse sans manches laisse toute l\u2019aisance et le confort requis par la future maman. Volants au bas de la robe, sous le ventre. Longueur au-dessus du genou.","og_url":"https:\/\/www.atelierdescigognes.fr\/wordpressV2\/boutique\/patron-couture-future-maman\/patron-couture-robe-de-grossesse-a-volants\/","og_site_name":"Atelier des cigognes","article_modified_time":"2022-07-29T13:50:06+00:00","og_image":[{"width":500,"height":500,"url":"https:\/\/www.atelierdescigognes.fr\/wordpressV2\/wp-content\/uploads\/2014\/12\/M16_illustration_vue4b0a61b33068f.jpg","type":"image\/jpeg"}],"twitter_card":"summary_large_image","twitter_misc":{"Dur\u00e9e de lecture estim\u00e9e":"1 minute"},"schema":{"@context":"https:\/\/schema.org","@graph":[{"@type":"WebPage","@id":"https:\/\/www.atelierdescigognes.fr\/wordpressV2\/boutique\/patron-couture-future-maman\/patron-couture-robe-de-grossesse-a-volants\/","url":"https:\/\/www.atelierdescigognes.fr\/wordpressV2\/boutique\/patron-couture-future-maman\/patron-couture-robe-de-grossesse-a-volants\/","name":"Patron couture Robe grossesse \u00e0 volants - Robe grossesse P\u00c9N\u00c9LOPE","isPartOf":{"@id":"https:\/\/www.atelierdescigognes.fr\/wordpressV2\/#website"},"primaryImageOfPage":{"@id":"https:\/\/www.atelierdescigognes.fr\/wordpressV2\/boutique\/patron-couture-future-maman\/patron-couture-robe-de-grossesse-a-volants\/#primaryimage"},"image":{"@id":"https:\/\/www.atelierdescigognes.fr\/wordpressV2\/boutique\/patron-couture-future-maman\/patron-couture-robe-de-grossesse-a-volants\/#primaryimage"},"thumbnailUrl":"https:\/\/www.atelierdescigognes.fr\/wordpressV2\/wp-content\/uploads\/2014\/12\/M16_illustration_vue4b0a61b33068f.jpg","datePublished":"2014-12-31T15:36:25+00:00","dateModified":"2022-07-29T13:50:06+00:00","description":"Patron couture robe grossesse. Confectionn\u00e9e dans un tissu extensible (jersey, etc.), cette robe de grossesse sans manches laisse toute l\u2019aisance et le confort requis par la future maman. Volants au bas de la robe, sous le ventre. Longueur au-dessus du genou.","breadcrumb":{"@id":"https:\/\/www.atelierdescigognes.fr\/wordpressV2\/boutique\/patron-couture-future-maman\/patron-couture-robe-de-grossesse-a-volants\/#breadcrumb"},"inLanguage":"fr-FR","potentialAction":[{"@type":"ReadAction","target":["https:\/\/www.atelierdescigognes.fr\/wordpressV2\/boutique\/patron-couture-future-maman\/patron-couture-robe-de-grossesse-a-volants\/"]}]},{"@type":"ImageObject","inLanguage":"fr-FR","@id":"https:\/\/www.atelierdescigognes.fr\/wordpressV2\/boutique\/patron-couture-future-maman\/patron-couture-robe-de-grossesse-a-volants\/#primaryimage","url":"https:\/\/www.atelierdescigognes.fr\/wordpressV2\/wp-content\/uploads\/2014\/12\/M16_illustration_vue4b0a61b33068f.jpg","contentUrl":"https:\/\/www.atelierdescigognes.fr\/wordpressV2\/wp-content\/uploads\/2014\/12\/M16_illustration_vue4b0a61b33068f.jpg","width":500,"height":500,"caption":"Patron couture robe grossesse \u00e0 volants - P\u00c9N\u00c9LOPE"},{"@type":"BreadcrumbList","@id":"https:\/\/www.atelierdescigognes.fr\/wordpressV2\/boutique\/patron-couture-future-maman\/patron-couture-robe-de-grossesse-a-volants\/#breadcrumb","itemListElement":[{"@type":"ListItem","position":1,"name":"Accueil","item":"https:\/\/www.atelierdescigognes.fr\/wordpressV2\/"},{"@type":"ListItem","position":2,"name":"Boutique","item":"https:\/\/www.atelierdescigognes.fr\/wordpressV2\/boutique\/"},{"@type":"ListItem","position":3,"name":"P\u00c9N\u00c9LOPE &#8211; Patron couture Robe de grossesse \u00e0 volants"}]},{"@type":"WebSite","@id":"https:\/\/www.atelierdescigognes.fr\/wordpressV2\/#website","url":"https:\/\/www.atelierdescigognes.fr\/wordpressV2\/","name":"Atelier des cigognes","description":"Cr\u00e9ation de patrons de couture","publisher":{"@id":"https:\/\/www.atelierdescigognes.fr\/wordpressV2\/#organization"},"potentialAction":[{"@type":"SearchAction","target":{"@type":"EntryPoint","urlTemplate":"https:\/\/www.atelierdescigognes.fr\/wordpressV2\/?s={search_term_string}"},"query-input":{"@type":"PropertyValueSpecification","valueRequired":true,"valueName":"search_term_string"}}],"inLanguage":"fr-FR"},{"@type":"Organization","@id":"https:\/\/www.atelierdescigognes.fr\/wordpressV2\/#organization","name":"Atelier des cigognes","url":"https:\/\/www.atelierdescigognes.fr\/wordpressV2\/","logo":{"@type":"ImageObject","inLanguage":"fr-FR","@id":"https:\/\/www.atelierdescigognes.fr\/wordpressV2\/#\/schema\/logo\/image\/","url":"https:\/\/www.atelierdescigognes.fr\/wordpressV2\/wp-content\/uploads\/2018\/04\/cropped-logo_AdC.jpg","contentUrl":"https:\/\/www.atelierdescigognes.fr\/wordpressV2\/wp-content\/uploads\/2018\/04\/cropped-logo_AdC.jpg","width":307,"height":110,"caption":"Atelier des cigognes"},"image":{"@id":"https:\/\/www.atelierdescigognes.fr\/wordpressV2\/#\/schema\/logo\/image\/"}}]}},"jetpack_publicize_connections":[],"jetpack_sharing_enabled":true,"_links":{"self":[{"href":"https:\/\/www.atelierdescigognes.fr\/wordpressV2\/wp-json\/wp\/v2\/product\/233","targetHints":{"allow":["GET"]}}],"collection":[{"href":"https:\/\/www.atelierdescigognes.fr\/wordpressV2\/wp-json\/wp\/v2\/product"}],"about":[{"href":"https:\/\/www.atelierdescigognes.fr\/wordpressV2\/wp-json\/wp\/v2\/types\/product"}],"replies":[{"embeddable":true,"href":"https:\/\/www.atelierdescigognes.fr\/wordpressV2\/wp-json\/wp\/v2\/comments?post=233"}],"wp:featuredmedia":[{"embeddable":true,"href":"https:\/\/www.atelierdescigognes.fr\/wordpressV2\/wp-json\/wp\/v2\/media\/5504"}],"wp:attachment":[{"href":"https:\/\/www.atelierdescigognes.fr\/wordpressV2\/wp-json\/wp\/v2\/media?parent=233"}],"wp:term":[{"taxonomy":"product_brand","embeddable":true,"href":"https:\/\/www.atelierdescigognes.fr\/wordpressV2\/wp-json\/wp\/v2\/product_brand?post=233"},{"taxonomy":"product_cat","embeddable":true,"href":"https:\/\/www.atelierdescigognes.fr\/wordpressV2\/wp-json\/wp\/v2\/product_cat?post=233"},{"taxonomy":"product_tag","embeddable":true,"href":"https:\/\/www.atelierdescigognes.fr\/wordpressV2\/wp-json\/wp\/v2\/product_tag?post=233"}],"curies":[{"name":"wp","href":"https:\/\/api.w.org\/{rel}","templated":true}]}}