{"id":217,"date":"2014-12-31T16:07:35","date_gmt":"2014-12-31T15:07:35","guid":{"rendered":"http:\/\/www.atelierdescigognes.fr\/wordpress\/boutique\/patron-couture-future-maman\/patron-couture-pantalon-de-grossesse\/"},"modified":"2021-07-04T18:38:47","modified_gmt":"2021-07-04T16:38:47","slug":"patron-couture-pantalon-de-grossesse","status":"publish","type":"product","link":"https:\/\/www.atelierdescigognes.fr\/wordpressV2\/boutique\/patron-couture-future-maman\/patron-couture-pantalon-de-grossesse\/","title":{"rendered":"PENTH\u00c9SIL\u00c9E &#8211; Patron couture Pantalon de grossesse"},"content":{"rendered":"<p>Patron couture Pantalon grossesse de coupe droite, avec empi\u00e8cement en maille englobant le ventre. Taille r\u00e9glable au moyen d\u2019un \u00e9lastique \u00e0 trous. Pinces de dos. Ce pantalon suit l\u2019\u00e9volution du ventre au fur et \u00e0 mesure de la grossesse.<\/p>\n<h4>Tailles<\/h4>\n<p>36-38-40-42-44-46<\/p>\n<h4>Niveau de couture<\/h4>\n<p><img loading=\"lazy\" decoding=\"async\" class=\"alignnone size-medium wp-image-5343\" src=\"https:\/\/www.atelierdescigognes.fr\/wordpressV2\/wp-content\/uploads\/2017\/12\/niveau-2-300x145.jpg\" alt=\"Niveau de couture 2\" width=\"300\" height=\"145\" \/><\/p>\n<p>&nbsp;<\/p>\n<h4>Tissus recommand\u00e9s<\/h4>\n<p>Pour le pantalon de grossesse : gabardine, serg\u00e9, velours milleraies, flanelle, denim.<br \/>\nPour la ceinture devant : jersey de coton (ou tout tissu doux et extensible).<\/p>\n<p>Plus d&rsquo;infos sur le <a title=\"Choisir son tissu\" href=\"http:\/\/www.atelierdescigognes.fr\/wordpress\/choisir-son-tissu\/\" target=\"_blank\" rel=\"noopener noreferrer\">choix des tissus<\/a><\/p>\n<p>&nbsp;<\/p>\n<h4>Fournitures<\/h4>\n<p>&#8211; 1 bouton de 1 cm de diam\u00e8tre<br \/>\n&#8211; \u00e9lastique \u00e0 boutonni\u00e8res de 2 cm de large<\/p>\n<p>&nbsp;<\/p>\n<h4>M\u00e9trages<\/h4>\n<div class=\"table-responsive\">\n<table class=\"table table-hover \" width=\"100%\">\n<thead>\n<tr>\n<th><strong>Tissu du pantalon de grossesse<\/strong><\/th>\n<th>36<\/th>\n<th>38<\/th>\n<th>40<\/th>\n<th>42<\/th>\n<th>44<\/th>\n<th>46<\/th>\n<\/tr>\n<\/thead>\n<tbody>\n<tr>\n<td>145 cm de large (ou &gt; \u00e0 145 cm)<\/td>\n<td>1 m 40<\/td>\n<td>1 m 45<\/td>\n<td>1 m 50<\/td>\n<td>1 m 55<\/td>\n<td>1 m 60<\/td>\n<td>1 m 65<\/td>\n<\/tr>\n<tr>\n<td>115 cm de large<br \/>\n(ou comprise entre 115 et 145 cm)<\/td>\n<td>1 m 75<\/td>\n<td>1 m 85<\/td>\n<td>2 m 10<\/td>\n<td>2 m 20<\/td>\n<td>2 m 20<\/td>\n<td>2 m 20<\/td>\n<\/tr>\n<\/tbody>\n<\/table>\n<\/div>\n<p>&nbsp;<\/p>\n<div class=\"table-responsive\">\n<table class=\"table table-hover \" width=\"100%\">\n<thead>\n<tr>\n<th>Tissu de la ceinture devant<\/th>\n<th>36<\/th>\n<th>38<\/th>\n<th>40<\/th>\n<th>42<\/th>\n<th>44<\/th>\n<th>46<\/th>\n<\/tr>\n<\/thead>\n<tbody>\n<tr>\n<td>en 145 cm ou 115 cm de large<\/td>\n<td>35 cm<\/td>\n<td>35 cm<\/td>\n<td>35 cm<\/td>\n<td>35 cm<\/td>\n<td>35 cm<\/td>\n<td>35 cm<\/td>\n<\/tr>\n<\/tbody>\n<\/table>\n<\/div>\n<p>&nbsp;<\/p>\n<div class=\"table-responsive\">\n<table class=\"table table-hover \" width=\"100%\">\n<thead>\n<tr>\n<th><\/th>\n<th>36<\/th>\n<th>38<\/th>\n<th>40<\/th>\n<th>42<\/th>\n<th>44<\/th>\n<th>46<\/th>\n<\/tr>\n<\/thead>\n<tbody>\n<tr>\n<td><strong>\u00c9lastique \u00e0 boutonni\u00e8res<\/strong><\/td>\n<td>72 cm<\/td>\n<td>75 cm<\/td>\n<td>78 cm<\/td>\n<td>81 cm<\/td>\n<td>84 cm<\/td>\n<td>87 cm<\/td>\n<\/tr>\n<\/tbody>\n<\/table>\n<\/div>\n<p>Voir le <a title=\"Guide des tailles\" href=\"http:\/\/www.atelierdescigognes.fr\/wordpress\/guide-des-tailles\/\" target=\"_blank\" rel=\"noopener noreferrer\">Guide des tailles<\/a>.<\/p>\n","protected":false},"excerpt":{"rendered":"<p>Patron couture Pantalon grossesse de coupe droite, avec empi\u00e8cement en maille englobant le ventre. Taille r\u00e9glable au moyen d\u2019un \u00e9lastique \u00e0 trous. Pinces de dos. Ce pantalon suit l\u2019\u00e9volution du ventre au fur et \u00e0 mesure de la grossesse.<\/p>\n<p>Ceci est un \u00ab\u00a0vrai\u00a0\u00bb patron de couture, sous forme de pochette, exp\u00e9di\u00e9 par courrier !<\/p>\n<p>Tailles 36-38-40-42-44-46<\/p>\n","protected":false},"featured_media":5510,"comment_status":"closed","ping_status":"closed","template":"","meta":{"jetpack_post_was_ever_published":false,"jetpack_publicize_message":"","jetpack_publicize_feature_enabled":true,"jetpack_social_post_already_shared":true,"jetpack_social_options":{"image_generator_settings":{"template":"highway","default_image_id":0,"font":"","enabled":false},"version":2}},"product_brand":[],"product_cat":[19],"product_tag":[42,58,60,105,88],"class_list":{"0":"post-217","1":"product","2":"type-product","3":"status-publish","4":"has-post-thumbnail","6":"product_cat-patron-couture-future-maman","7":"product_tag-couture-grossesse","8":"product_tag-pantalon-grossesse","9":"product_tag-patron-couture","10":"product_tag-patron-couture-pantalon-grossesse","11":"product_tag-vetement-femme-enceinte","12":"product_shipping_class-patron-pochette","14":"first","15":"outofstock","16":"shipping-taxable","17":"purchasable","18":"product-type-simple"},"yoast_head":"<!-- This site is optimized with the Yoast SEO plugin v27.2 - https:\/\/yoast.com\/product\/yoast-seo-wordpress\/ -->\n<title>Patron couture pantalon grossesse - PENTH\u00c9SIL\u00c9E<\/title>\n<meta name=\"description\" content=\"Patron couture Pantalon grossesse de coupe droite, avec empi\u00e8cement en maille englobant le ventre. Taille r\u00e9glable au moyen d\u2019un \u00e9lastique \u00e0 trous. Pinces de dos. Ce pantalon suit l\u2019\u00e9volution du ventre au fur et \u00e0 mesure de la grossesse.\" \/>\n<meta name=\"robots\" content=\"index, follow, max-snippet:-1, max-image-preview:large, max-video-preview:-1\" \/>\n<link rel=\"canonical\" href=\"https:\/\/www.atelierdescigognes.fr\/wordpressV2\/boutique\/patron-couture-future-maman\/patron-couture-pantalon-de-grossesse\/\" \/>\n<meta property=\"og:locale\" content=\"fr_FR\" \/>\n<meta property=\"og:type\" content=\"article\" \/>\n<meta property=\"og:title\" content=\"Patron couture pantalon grossesse - PENTH\u00c9SIL\u00c9E\" \/>\n<meta property=\"og:description\" content=\"Patron couture Pantalon grossesse de coupe droite, avec empi\u00e8cement en maille englobant le ventre. Taille r\u00e9glable au moyen d\u2019un \u00e9lastique \u00e0 trous. Pinces de dos. Ce pantalon suit l\u2019\u00e9volution du ventre au fur et \u00e0 mesure de la grossesse.\" \/>\n<meta property=\"og:url\" content=\"https:\/\/www.atelierdescigognes.fr\/wordpressV2\/boutique\/patron-couture-future-maman\/patron-couture-pantalon-de-grossesse\/\" \/>\n<meta property=\"og:site_name\" content=\"Atelier des cigognes\" \/>\n<meta property=\"article:modified_time\" content=\"2021-07-04T16:38:47+00:00\" \/>\n<meta property=\"og:image\" content=\"https:\/\/www.atelierdescigognes.fr\/wordpressV2\/wp-content\/uploads\/2014\/12\/M14_illustration_vue-1.jpg\" \/>\n\t<meta property=\"og:image:width\" content=\"500\" \/>\n\t<meta property=\"og:image:height\" content=\"500\" \/>\n\t<meta property=\"og:image:type\" content=\"image\/jpeg\" \/>\n<meta name=\"twitter:card\" content=\"summary_large_image\" \/>\n<meta name=\"twitter:label1\" content=\"Dur\u00e9e de lecture estim\u00e9e\" \/>\n\t<meta name=\"twitter:data1\" content=\"1 minute\" \/>\n<script type=\"application\/ld+json\" class=\"yoast-schema-graph\">{\"@context\":\"https:\/\/schema.org\",\"@graph\":[{\"@type\":\"WebPage\",\"@id\":\"https:\/\/www.atelierdescigognes.fr\/wordpressV2\/boutique\/patron-couture-future-maman\/patron-couture-pantalon-de-grossesse\/\",\"url\":\"https:\/\/www.atelierdescigognes.fr\/wordpressV2\/boutique\/patron-couture-future-maman\/patron-couture-pantalon-de-grossesse\/\",\"name\":\"Patron couture pantalon grossesse - PENTH\u00c9SIL\u00c9E\",\"isPartOf\":{\"@id\":\"https:\/\/www.atelierdescigognes.fr\/wordpressV2\/#website\"},\"primaryImageOfPage\":{\"@id\":\"https:\/\/www.atelierdescigognes.fr\/wordpressV2\/boutique\/patron-couture-future-maman\/patron-couture-pantalon-de-grossesse\/#primaryimage\"},\"image\":{\"@id\":\"https:\/\/www.atelierdescigognes.fr\/wordpressV2\/boutique\/patron-couture-future-maman\/patron-couture-pantalon-de-grossesse\/#primaryimage\"},\"thumbnailUrl\":\"https:\/\/www.atelierdescigognes.fr\/wordpressV2\/wp-content\/uploads\/2014\/12\/M14_illustration_vue-1.jpg\",\"datePublished\":\"2014-12-31T15:07:35+00:00\",\"dateModified\":\"2021-07-04T16:38:47+00:00\",\"description\":\"Patron couture Pantalon grossesse de coupe droite, avec empi\u00e8cement en maille englobant le ventre. Taille r\u00e9glable au moyen d\u2019un \u00e9lastique \u00e0 trous. Pinces de dos. Ce pantalon suit l\u2019\u00e9volution du ventre au fur et \u00e0 mesure de la grossesse.\",\"breadcrumb\":{\"@id\":\"https:\/\/www.atelierdescigognes.fr\/wordpressV2\/boutique\/patron-couture-future-maman\/patron-couture-pantalon-de-grossesse\/#breadcrumb\"},\"inLanguage\":\"fr-FR\",\"potentialAction\":[{\"@type\":\"ReadAction\",\"target\":[\"https:\/\/www.atelierdescigognes.fr\/wordpressV2\/boutique\/patron-couture-future-maman\/patron-couture-pantalon-de-grossesse\/\"]}]},{\"@type\":\"ImageObject\",\"inLanguage\":\"fr-FR\",\"@id\":\"https:\/\/www.atelierdescigognes.fr\/wordpressV2\/boutique\/patron-couture-future-maman\/patron-couture-pantalon-de-grossesse\/#primaryimage\",\"url\":\"https:\/\/www.atelierdescigognes.fr\/wordpressV2\/wp-content\/uploads\/2014\/12\/M14_illustration_vue-1.jpg\",\"contentUrl\":\"https:\/\/www.atelierdescigognes.fr\/wordpressV2\/wp-content\/uploads\/2014\/12\/M14_illustration_vue-1.jpg\",\"width\":500,\"height\":500,\"caption\":\"Patron couture Pantalon grossesse -PENTH\u00c9SIL\u00c9E\"},{\"@type\":\"BreadcrumbList\",\"@id\":\"https:\/\/www.atelierdescigognes.fr\/wordpressV2\/boutique\/patron-couture-future-maman\/patron-couture-pantalon-de-grossesse\/#breadcrumb\",\"itemListElement\":[{\"@type\":\"ListItem\",\"position\":1,\"name\":\"Accueil\",\"item\":\"https:\/\/www.atelierdescigognes.fr\/wordpressV2\/\"},{\"@type\":\"ListItem\",\"position\":2,\"name\":\"Boutique\",\"item\":\"https:\/\/www.atelierdescigognes.fr\/wordpressV2\/boutique\/\"},{\"@type\":\"ListItem\",\"position\":3,\"name\":\"PENTH\u00c9SIL\u00c9E &#8211; Patron couture Pantalon de grossesse\"}]},{\"@type\":\"WebSite\",\"@id\":\"https:\/\/www.atelierdescigognes.fr\/wordpressV2\/#website\",\"url\":\"https:\/\/www.atelierdescigognes.fr\/wordpressV2\/\",\"name\":\"Atelier des cigognes\",\"description\":\"Cr\u00e9ation de patrons de couture\",\"publisher\":{\"@id\":\"https:\/\/www.atelierdescigognes.fr\/wordpressV2\/#organization\"},\"potentialAction\":[{\"@type\":\"SearchAction\",\"target\":{\"@type\":\"EntryPoint\",\"urlTemplate\":\"https:\/\/www.atelierdescigognes.fr\/wordpressV2\/?s={search_term_string}\"},\"query-input\":{\"@type\":\"PropertyValueSpecification\",\"valueRequired\":true,\"valueName\":\"search_term_string\"}}],\"inLanguage\":\"fr-FR\"},{\"@type\":\"Organization\",\"@id\":\"https:\/\/www.atelierdescigognes.fr\/wordpressV2\/#organization\",\"name\":\"Atelier des cigognes\",\"url\":\"https:\/\/www.atelierdescigognes.fr\/wordpressV2\/\",\"logo\":{\"@type\":\"ImageObject\",\"inLanguage\":\"fr-FR\",\"@id\":\"https:\/\/www.atelierdescigognes.fr\/wordpressV2\/#\/schema\/logo\/image\/\",\"url\":\"https:\/\/www.atelierdescigognes.fr\/wordpressV2\/wp-content\/uploads\/2018\/04\/cropped-logo_AdC.jpg\",\"contentUrl\":\"https:\/\/www.atelierdescigognes.fr\/wordpressV2\/wp-content\/uploads\/2018\/04\/cropped-logo_AdC.jpg\",\"width\":307,\"height\":110,\"caption\":\"Atelier des cigognes\"},\"image\":{\"@id\":\"https:\/\/www.atelierdescigognes.fr\/wordpressV2\/#\/schema\/logo\/image\/\"}}]}<\/script>\n<!-- \/ Yoast SEO plugin. -->","yoast_head_json":{"title":"Patron couture pantalon grossesse - PENTH\u00c9SIL\u00c9E","description":"Patron couture Pantalon grossesse de coupe droite, avec empi\u00e8cement en maille englobant le ventre. Taille r\u00e9glable au moyen d\u2019un \u00e9lastique \u00e0 trous. Pinces de dos. Ce pantalon suit l\u2019\u00e9volution du ventre au fur et \u00e0 mesure de la grossesse.","robots":{"index":"index","follow":"follow","max-snippet":"max-snippet:-1","max-image-preview":"max-image-preview:large","max-video-preview":"max-video-preview:-1"},"canonical":"https:\/\/www.atelierdescigognes.fr\/wordpressV2\/boutique\/patron-couture-future-maman\/patron-couture-pantalon-de-grossesse\/","og_locale":"fr_FR","og_type":"article","og_title":"Patron couture pantalon grossesse - PENTH\u00c9SIL\u00c9E","og_description":"Patron couture Pantalon grossesse de coupe droite, avec empi\u00e8cement en maille englobant le ventre. Taille r\u00e9glable au moyen d\u2019un \u00e9lastique \u00e0 trous. Pinces de dos. Ce pantalon suit l\u2019\u00e9volution du ventre au fur et \u00e0 mesure de la grossesse.","og_url":"https:\/\/www.atelierdescigognes.fr\/wordpressV2\/boutique\/patron-couture-future-maman\/patron-couture-pantalon-de-grossesse\/","og_site_name":"Atelier des cigognes","article_modified_time":"2021-07-04T16:38:47+00:00","og_image":[{"width":500,"height":500,"url":"https:\/\/www.atelierdescigognes.fr\/wordpressV2\/wp-content\/uploads\/2014\/12\/M14_illustration_vue-1.jpg","type":"image\/jpeg"}],"twitter_card":"summary_large_image","twitter_misc":{"Dur\u00e9e de lecture estim\u00e9e":"1 minute"},"schema":{"@context":"https:\/\/schema.org","@graph":[{"@type":"WebPage","@id":"https:\/\/www.atelierdescigognes.fr\/wordpressV2\/boutique\/patron-couture-future-maman\/patron-couture-pantalon-de-grossesse\/","url":"https:\/\/www.atelierdescigognes.fr\/wordpressV2\/boutique\/patron-couture-future-maman\/patron-couture-pantalon-de-grossesse\/","name":"Patron couture pantalon grossesse - PENTH\u00c9SIL\u00c9E","isPartOf":{"@id":"https:\/\/www.atelierdescigognes.fr\/wordpressV2\/#website"},"primaryImageOfPage":{"@id":"https:\/\/www.atelierdescigognes.fr\/wordpressV2\/boutique\/patron-couture-future-maman\/patron-couture-pantalon-de-grossesse\/#primaryimage"},"image":{"@id":"https:\/\/www.atelierdescigognes.fr\/wordpressV2\/boutique\/patron-couture-future-maman\/patron-couture-pantalon-de-grossesse\/#primaryimage"},"thumbnailUrl":"https:\/\/www.atelierdescigognes.fr\/wordpressV2\/wp-content\/uploads\/2014\/12\/M14_illustration_vue-1.jpg","datePublished":"2014-12-31T15:07:35+00:00","dateModified":"2021-07-04T16:38:47+00:00","description":"Patron couture Pantalon grossesse de coupe droite, avec empi\u00e8cement en maille englobant le ventre. Taille r\u00e9glable au moyen d\u2019un \u00e9lastique \u00e0 trous. Pinces de dos. Ce pantalon suit l\u2019\u00e9volution du ventre au fur et \u00e0 mesure de la grossesse.","breadcrumb":{"@id":"https:\/\/www.atelierdescigognes.fr\/wordpressV2\/boutique\/patron-couture-future-maman\/patron-couture-pantalon-de-grossesse\/#breadcrumb"},"inLanguage":"fr-FR","potentialAction":[{"@type":"ReadAction","target":["https:\/\/www.atelierdescigognes.fr\/wordpressV2\/boutique\/patron-couture-future-maman\/patron-couture-pantalon-de-grossesse\/"]}]},{"@type":"ImageObject","inLanguage":"fr-FR","@id":"https:\/\/www.atelierdescigognes.fr\/wordpressV2\/boutique\/patron-couture-future-maman\/patron-couture-pantalon-de-grossesse\/#primaryimage","url":"https:\/\/www.atelierdescigognes.fr\/wordpressV2\/wp-content\/uploads\/2014\/12\/M14_illustration_vue-1.jpg","contentUrl":"https:\/\/www.atelierdescigognes.fr\/wordpressV2\/wp-content\/uploads\/2014\/12\/M14_illustration_vue-1.jpg","width":500,"height":500,"caption":"Patron couture Pantalon grossesse -PENTH\u00c9SIL\u00c9E"},{"@type":"BreadcrumbList","@id":"https:\/\/www.atelierdescigognes.fr\/wordpressV2\/boutique\/patron-couture-future-maman\/patron-couture-pantalon-de-grossesse\/#breadcrumb","itemListElement":[{"@type":"ListItem","position":1,"name":"Accueil","item":"https:\/\/www.atelierdescigognes.fr\/wordpressV2\/"},{"@type":"ListItem","position":2,"name":"Boutique","item":"https:\/\/www.atelierdescigognes.fr\/wordpressV2\/boutique\/"},{"@type":"ListItem","position":3,"name":"PENTH\u00c9SIL\u00c9E &#8211; Patron couture Pantalon de grossesse"}]},{"@type":"WebSite","@id":"https:\/\/www.atelierdescigognes.fr\/wordpressV2\/#website","url":"https:\/\/www.atelierdescigognes.fr\/wordpressV2\/","name":"Atelier des cigognes","description":"Cr\u00e9ation de patrons de couture","publisher":{"@id":"https:\/\/www.atelierdescigognes.fr\/wordpressV2\/#organization"},"potentialAction":[{"@type":"SearchAction","target":{"@type":"EntryPoint","urlTemplate":"https:\/\/www.atelierdescigognes.fr\/wordpressV2\/?s={search_term_string}"},"query-input":{"@type":"PropertyValueSpecification","valueRequired":true,"valueName":"search_term_string"}}],"inLanguage":"fr-FR"},{"@type":"Organization","@id":"https:\/\/www.atelierdescigognes.fr\/wordpressV2\/#organization","name":"Atelier des cigognes","url":"https:\/\/www.atelierdescigognes.fr\/wordpressV2\/","logo":{"@type":"ImageObject","inLanguage":"fr-FR","@id":"https:\/\/www.atelierdescigognes.fr\/wordpressV2\/#\/schema\/logo\/image\/","url":"https:\/\/www.atelierdescigognes.fr\/wordpressV2\/wp-content\/uploads\/2018\/04\/cropped-logo_AdC.jpg","contentUrl":"https:\/\/www.atelierdescigognes.fr\/wordpressV2\/wp-content\/uploads\/2018\/04\/cropped-logo_AdC.jpg","width":307,"height":110,"caption":"Atelier des cigognes"},"image":{"@id":"https:\/\/www.atelierdescigognes.fr\/wordpressV2\/#\/schema\/logo\/image\/"}}]}},"jetpack_publicize_connections":[],"jetpack_sharing_enabled":true,"_links":{"self":[{"href":"https:\/\/www.atelierdescigognes.fr\/wordpressV2\/wp-json\/wp\/v2\/product\/217","targetHints":{"allow":["GET"]}}],"collection":[{"href":"https:\/\/www.atelierdescigognes.fr\/wordpressV2\/wp-json\/wp\/v2\/product"}],"about":[{"href":"https:\/\/www.atelierdescigognes.fr\/wordpressV2\/wp-json\/wp\/v2\/types\/product"}],"replies":[{"embeddable":true,"href":"https:\/\/www.atelierdescigognes.fr\/wordpressV2\/wp-json\/wp\/v2\/comments?post=217"}],"wp:featuredmedia":[{"embeddable":true,"href":"https:\/\/www.atelierdescigognes.fr\/wordpressV2\/wp-json\/wp\/v2\/media\/5510"}],"wp:attachment":[{"href":"https:\/\/www.atelierdescigognes.fr\/wordpressV2\/wp-json\/wp\/v2\/media?parent=217"}],"wp:term":[{"taxonomy":"product_brand","embeddable":true,"href":"https:\/\/www.atelierdescigognes.fr\/wordpressV2\/wp-json\/wp\/v2\/product_brand?post=217"},{"taxonomy":"product_cat","embeddable":true,"href":"https:\/\/www.atelierdescigognes.fr\/wordpressV2\/wp-json\/wp\/v2\/product_cat?post=217"},{"taxonomy":"product_tag","embeddable":true,"href":"https:\/\/www.atelierdescigognes.fr\/wordpressV2\/wp-json\/wp\/v2\/product_tag?post=217"}],"curies":[{"name":"wp","href":"https:\/\/api.w.org\/{rel}","templated":true}]}}