{"id":1847,"date":"2015-11-18T14:11:06","date_gmt":"2015-11-18T14:11:06","guid":{"rendered":"http:\/\/www.atelierdescigognes.fr\/boutique\/accessoires\/tuto-couture-calendrier-avent-tissu\/"},"modified":"2018-04-05T15:47:19","modified_gmt":"2018-04-05T13:47:19","slug":"tuto-couture-calendrier-avent-tissu","status":"publish","type":"product","link":"https:\/\/www.atelierdescigognes.fr\/wordpressV2\/boutique\/accessoires\/tuto-couture-calendrier-avent-tissu\/","title":{"rendered":"Tuto couture &#8211; Calendrier de l&rsquo;Avent"},"content":{"rendered":"<p>Tutoriel de couture (sur le th\u00e8me couture calendrier avent). Un calendrier de l&rsquo;Avent form\u00e9 de feuilles d&rsquo;arbre en tissu, attach\u00e9es sur une couronne. Pour effeuiller l&rsquo;Avent au gr\u00e9 du temps !<\/p>\n<h4>Niveau de couture<\/h4>\n<p><img loading=\"lazy\" decoding=\"async\" class=\"alignnone size-medium wp-image-5342\" src=\"https:\/\/www.atelierdescigognes.fr\/wordpressV2\/wp-content\/uploads\/2017\/12\/niveau-1-300x145.jpg\" alt=\"Niveau de couture 1\" width=\"300\" height=\"145\" \/><\/p>\n<p>&nbsp;<\/p>\n<h4>Fournitures<\/h4>\n<p>&#8211; un rectangle de lin assez \u00e9pais : 1 m * 50 cm<br \/>\n&#8211; 15 m de ruban fin (3 mm), de fine ficelle, de laine ou de coton \u00e0 broder<br \/>\n&#8211; papier canson<br \/>\n&#8211; une armature de couronne (en bois ou paille), ou un cintre en m\u00e9tal que l\u2019on d\u00e9formera<br \/>\n&#8211; \u00e9ventuellement du feuillage<br \/>\n&#8211; bonbons ou chocolats !<\/p>\n<p>&nbsp;<\/p>\n<p>&nbsp;<\/p>\n<p>&nbsp;<\/p>\n","protected":false},"excerpt":{"rendered":"<p>Tutoriel de couture (sur le th\u00e8me couture calendrier avent). Un calendrier de l&rsquo;Avent form\u00e9 de feuilles d&rsquo;arbre en tissu, attach\u00e9es sur une couronne. Pour effeuiller l&rsquo;Avent au gr\u00e9 du temps !<\/p>\n<p>Tuto couture au format PDF, \u00e0 t\u00e9l\u00e9charger directement sur ce site apr\u00e8s la mise au panier.<\/p>\n<p>&nbsp;<\/p>\n","protected":false},"featured_media":5543,"comment_status":"closed","ping_status":"closed","template":"","meta":{"jetpack_post_was_ever_published":false,"jetpack_publicize_message":"","jetpack_publicize_feature_enabled":true,"jetpack_social_post_already_shared":true,"jetpack_social_options":{"image_generator_settings":{"template":"highway","default_image_id":0,"font":"","enabled":false},"version":2}},"product_brand":[],"product_cat":[24],"product_tag":[31,32,108,72,74,84],"class_list":{"0":"post-1847","1":"product","2":"type-product","3":"status-publish","4":"has-post-thumbnail","6":"product_cat-accessoires","7":"product_tag-calendrier-avent-diy","8":"product_tag-calendrier-avent-tissu","9":"product_tag-couture-calendrier-avent","10":"product_tag-patron-couture-gratuit","11":"product_tag-patron-couture-pdf","12":"product_tag-tuto-couture","13":"product_shipping_class-pas-de-frais-de-port-produit-telechargeable","15":"first","16":"instock","17":"downloadable","18":"shipping-taxable","19":"purchasable","20":"product-type-simple"},"yoast_head":"<!-- This site is optimized with the Yoast SEO plugin v27.5 - https:\/\/yoast.com\/product\/yoast-seo-wordpress\/ -->\n<title>Couture calendrier avent - Calendrier de l&#039;Avent en tissu<\/title>\n<meta name=\"description\" content=\"Tutoriel de couture (sur le th\u00e8me couture calendrier avent). Un calendrier de l&#039;Avent form\u00e9 de feuilles d&#039;arbre en tissu, attach\u00e9es sur une couronne. Pour effeuiller l&#039;Avent au gr\u00e9 du temps !\" \/>\n<meta name=\"robots\" content=\"index, follow, max-snippet:-1, max-image-preview:large, max-video-preview:-1\" \/>\n<link rel=\"canonical\" href=\"https:\/\/www.atelierdescigognes.fr\/wordpressV2\/boutique\/accessoires\/tuto-couture-calendrier-avent-tissu\/\" \/>\n<meta property=\"og:locale\" content=\"fr_FR\" \/>\n<meta property=\"og:type\" content=\"article\" \/>\n<meta property=\"og:title\" content=\"Couture calendrier avent - Calendrier de l&#039;Avent en tissu\" \/>\n<meta property=\"og:description\" content=\"Tutoriel de couture (sur le th\u00e8me couture calendrier avent). Un calendrier de l&#039;Avent form\u00e9 de feuilles d&#039;arbre en tissu, attach\u00e9es sur une couronne. Pour effeuiller l&#039;Avent au gr\u00e9 du temps !\" \/>\n<meta property=\"og:url\" content=\"https:\/\/www.atelierdescigognes.fr\/wordpressV2\/boutique\/accessoires\/tuto-couture-calendrier-avent-tissu\/\" \/>\n<meta property=\"og:site_name\" content=\"Atelier des cigognes\" \/>\n<meta property=\"article:modified_time\" content=\"2018-04-05T13:47:19+00:00\" \/>\n<meta property=\"og:image\" content=\"https:\/\/www.atelierdescigognes.fr\/wordpressV2\/wp-content\/uploads\/2015\/11\/IMG_6199-1024x1024.jpg\" \/>\n\t<meta property=\"og:image:width\" content=\"1024\" \/>\n\t<meta property=\"og:image:height\" content=\"1024\" \/>\n\t<meta property=\"og:image:type\" content=\"image\/jpeg\" \/>\n<meta name=\"twitter:card\" content=\"summary_large_image\" \/>\n<script type=\"application\/ld+json\" class=\"yoast-schema-graph\">{\"@context\":\"https:\\\/\\\/schema.org\",\"@graph\":[{\"@type\":\"WebPage\",\"@id\":\"https:\\\/\\\/www.atelierdescigognes.fr\\\/wordpressV2\\\/boutique\\\/accessoires\\\/tuto-couture-calendrier-avent-tissu\\\/\",\"url\":\"https:\\\/\\\/www.atelierdescigognes.fr\\\/wordpressV2\\\/boutique\\\/accessoires\\\/tuto-couture-calendrier-avent-tissu\\\/\",\"name\":\"Couture calendrier avent - Calendrier de l'Avent en tissu\",\"isPartOf\":{\"@id\":\"https:\\\/\\\/www.atelierdescigognes.fr\\\/wordpressV2\\\/#website\"},\"primaryImageOfPage\":{\"@id\":\"https:\\\/\\\/www.atelierdescigognes.fr\\\/wordpressV2\\\/boutique\\\/accessoires\\\/tuto-couture-calendrier-avent-tissu\\\/#primaryimage\"},\"image\":{\"@id\":\"https:\\\/\\\/www.atelierdescigognes.fr\\\/wordpressV2\\\/boutique\\\/accessoires\\\/tuto-couture-calendrier-avent-tissu\\\/#primaryimage\"},\"thumbnailUrl\":\"https:\\\/\\\/www.atelierdescigognes.fr\\\/wordpressV2\\\/wp-content\\\/uploads\\\/2015\\\/11\\\/IMG_6199.jpg\",\"datePublished\":\"2015-11-18T14:11:06+00:00\",\"dateModified\":\"2018-04-05T13:47:19+00:00\",\"description\":\"Tutoriel de couture (sur le th\u00e8me couture calendrier avent). Un calendrier de l'Avent form\u00e9 de feuilles d'arbre en tissu, attach\u00e9es sur une couronne. Pour effeuiller l'Avent au gr\u00e9 du temps !\",\"breadcrumb\":{\"@id\":\"https:\\\/\\\/www.atelierdescigognes.fr\\\/wordpressV2\\\/boutique\\\/accessoires\\\/tuto-couture-calendrier-avent-tissu\\\/#breadcrumb\"},\"inLanguage\":\"fr-FR\",\"potentialAction\":[{\"@type\":\"ReadAction\",\"target\":[\"https:\\\/\\\/www.atelierdescigognes.fr\\\/wordpressV2\\\/boutique\\\/accessoires\\\/tuto-couture-calendrier-avent-tissu\\\/\"]}]},{\"@type\":\"ImageObject\",\"inLanguage\":\"fr-FR\",\"@id\":\"https:\\\/\\\/www.atelierdescigognes.fr\\\/wordpressV2\\\/boutique\\\/accessoires\\\/tuto-couture-calendrier-avent-tissu\\\/#primaryimage\",\"url\":\"https:\\\/\\\/www.atelierdescigognes.fr\\\/wordpressV2\\\/wp-content\\\/uploads\\\/2015\\\/11\\\/IMG_6199.jpg\",\"contentUrl\":\"https:\\\/\\\/www.atelierdescigognes.fr\\\/wordpressV2\\\/wp-content\\\/uploads\\\/2015\\\/11\\\/IMG_6199.jpg\",\"width\":2448,\"height\":2448,\"caption\":\"Couture calendrier avent - Calendrier de l'Avent en tissu\"},{\"@type\":\"BreadcrumbList\",\"@id\":\"https:\\\/\\\/www.atelierdescigognes.fr\\\/wordpressV2\\\/boutique\\\/accessoires\\\/tuto-couture-calendrier-avent-tissu\\\/#breadcrumb\",\"itemListElement\":[{\"@type\":\"ListItem\",\"position\":1,\"name\":\"Accueil\",\"item\":\"https:\\\/\\\/www.atelierdescigognes.fr\\\/wordpressV2\\\/\"},{\"@type\":\"ListItem\",\"position\":2,\"name\":\"Boutique\",\"item\":\"https:\\\/\\\/www.atelierdescigognes.fr\\\/wordpressV2\\\/boutique\\\/\"},{\"@type\":\"ListItem\",\"position\":3,\"name\":\"Tuto couture &#8211; Calendrier de l&rsquo;Avent\"}]},{\"@type\":\"WebSite\",\"@id\":\"https:\\\/\\\/www.atelierdescigognes.fr\\\/wordpressV2\\\/#website\",\"url\":\"https:\\\/\\\/www.atelierdescigognes.fr\\\/wordpressV2\\\/\",\"name\":\"Atelier des cigognes\",\"description\":\"Cr\u00e9ation de patrons de couture\",\"publisher\":{\"@id\":\"https:\\\/\\\/www.atelierdescigognes.fr\\\/wordpressV2\\\/#organization\"},\"potentialAction\":[{\"@type\":\"SearchAction\",\"target\":{\"@type\":\"EntryPoint\",\"urlTemplate\":\"https:\\\/\\\/www.atelierdescigognes.fr\\\/wordpressV2\\\/?s={search_term_string}\"},\"query-input\":{\"@type\":\"PropertyValueSpecification\",\"valueRequired\":true,\"valueName\":\"search_term_string\"}}],\"inLanguage\":\"fr-FR\"},{\"@type\":\"Organization\",\"@id\":\"https:\\\/\\\/www.atelierdescigognes.fr\\\/wordpressV2\\\/#organization\",\"name\":\"Atelier des cigognes\",\"url\":\"https:\\\/\\\/www.atelierdescigognes.fr\\\/wordpressV2\\\/\",\"logo\":{\"@type\":\"ImageObject\",\"inLanguage\":\"fr-FR\",\"@id\":\"https:\\\/\\\/www.atelierdescigognes.fr\\\/wordpressV2\\\/#\\\/schema\\\/logo\\\/image\\\/\",\"url\":\"https:\\\/\\\/www.atelierdescigognes.fr\\\/wordpressV2\\\/wp-content\\\/uploads\\\/2018\\\/04\\\/cropped-logo_AdC.jpg\",\"contentUrl\":\"https:\\\/\\\/www.atelierdescigognes.fr\\\/wordpressV2\\\/wp-content\\\/uploads\\\/2018\\\/04\\\/cropped-logo_AdC.jpg\",\"width\":307,\"height\":110,\"caption\":\"Atelier des cigognes\"},\"image\":{\"@id\":\"https:\\\/\\\/www.atelierdescigognes.fr\\\/wordpressV2\\\/#\\\/schema\\\/logo\\\/image\\\/\"}}]}<\/script>\n<!-- \/ Yoast SEO plugin. -->","yoast_head_json":{"title":"Couture calendrier avent - Calendrier de l'Avent en tissu","description":"Tutoriel de couture (sur le th\u00e8me couture calendrier avent). Un calendrier de l'Avent form\u00e9 de feuilles d'arbre en tissu, attach\u00e9es sur une couronne. Pour effeuiller l'Avent au gr\u00e9 du temps !","robots":{"index":"index","follow":"follow","max-snippet":"max-snippet:-1","max-image-preview":"max-image-preview:large","max-video-preview":"max-video-preview:-1"},"canonical":"https:\/\/www.atelierdescigognes.fr\/wordpressV2\/boutique\/accessoires\/tuto-couture-calendrier-avent-tissu\/","og_locale":"fr_FR","og_type":"article","og_title":"Couture calendrier avent - Calendrier de l'Avent en tissu","og_description":"Tutoriel de couture (sur le th\u00e8me couture calendrier avent). Un calendrier de l'Avent form\u00e9 de feuilles d'arbre en tissu, attach\u00e9es sur une couronne. Pour effeuiller l'Avent au gr\u00e9 du temps !","og_url":"https:\/\/www.atelierdescigognes.fr\/wordpressV2\/boutique\/accessoires\/tuto-couture-calendrier-avent-tissu\/","og_site_name":"Atelier des cigognes","article_modified_time":"2018-04-05T13:47:19+00:00","og_image":[{"width":1024,"height":1024,"url":"https:\/\/www.atelierdescigognes.fr\/wordpressV2\/wp-content\/uploads\/2015\/11\/IMG_6199-1024x1024.jpg","type":"image\/jpeg"}],"twitter_card":"summary_large_image","schema":{"@context":"https:\/\/schema.org","@graph":[{"@type":"WebPage","@id":"https:\/\/www.atelierdescigognes.fr\/wordpressV2\/boutique\/accessoires\/tuto-couture-calendrier-avent-tissu\/","url":"https:\/\/www.atelierdescigognes.fr\/wordpressV2\/boutique\/accessoires\/tuto-couture-calendrier-avent-tissu\/","name":"Couture calendrier avent - Calendrier de l'Avent en tissu","isPartOf":{"@id":"https:\/\/www.atelierdescigognes.fr\/wordpressV2\/#website"},"primaryImageOfPage":{"@id":"https:\/\/www.atelierdescigognes.fr\/wordpressV2\/boutique\/accessoires\/tuto-couture-calendrier-avent-tissu\/#primaryimage"},"image":{"@id":"https:\/\/www.atelierdescigognes.fr\/wordpressV2\/boutique\/accessoires\/tuto-couture-calendrier-avent-tissu\/#primaryimage"},"thumbnailUrl":"https:\/\/www.atelierdescigognes.fr\/wordpressV2\/wp-content\/uploads\/2015\/11\/IMG_6199.jpg","datePublished":"2015-11-18T14:11:06+00:00","dateModified":"2018-04-05T13:47:19+00:00","description":"Tutoriel de couture (sur le th\u00e8me couture calendrier avent). Un calendrier de l'Avent form\u00e9 de feuilles d'arbre en tissu, attach\u00e9es sur une couronne. Pour effeuiller l'Avent au gr\u00e9 du temps !","breadcrumb":{"@id":"https:\/\/www.atelierdescigognes.fr\/wordpressV2\/boutique\/accessoires\/tuto-couture-calendrier-avent-tissu\/#breadcrumb"},"inLanguage":"fr-FR","potentialAction":[{"@type":"ReadAction","target":["https:\/\/www.atelierdescigognes.fr\/wordpressV2\/boutique\/accessoires\/tuto-couture-calendrier-avent-tissu\/"]}]},{"@type":"ImageObject","inLanguage":"fr-FR","@id":"https:\/\/www.atelierdescigognes.fr\/wordpressV2\/boutique\/accessoires\/tuto-couture-calendrier-avent-tissu\/#primaryimage","url":"https:\/\/www.atelierdescigognes.fr\/wordpressV2\/wp-content\/uploads\/2015\/11\/IMG_6199.jpg","contentUrl":"https:\/\/www.atelierdescigognes.fr\/wordpressV2\/wp-content\/uploads\/2015\/11\/IMG_6199.jpg","width":2448,"height":2448,"caption":"Couture calendrier avent - Calendrier de l'Avent en tissu"},{"@type":"BreadcrumbList","@id":"https:\/\/www.atelierdescigognes.fr\/wordpressV2\/boutique\/accessoires\/tuto-couture-calendrier-avent-tissu\/#breadcrumb","itemListElement":[{"@type":"ListItem","position":1,"name":"Accueil","item":"https:\/\/www.atelierdescigognes.fr\/wordpressV2\/"},{"@type":"ListItem","position":2,"name":"Boutique","item":"https:\/\/www.atelierdescigognes.fr\/wordpressV2\/boutique\/"},{"@type":"ListItem","position":3,"name":"Tuto couture &#8211; Calendrier de l&rsquo;Avent"}]},{"@type":"WebSite","@id":"https:\/\/www.atelierdescigognes.fr\/wordpressV2\/#website","url":"https:\/\/www.atelierdescigognes.fr\/wordpressV2\/","name":"Atelier des cigognes","description":"Cr\u00e9ation de patrons de couture","publisher":{"@id":"https:\/\/www.atelierdescigognes.fr\/wordpressV2\/#organization"},"potentialAction":[{"@type":"SearchAction","target":{"@type":"EntryPoint","urlTemplate":"https:\/\/www.atelierdescigognes.fr\/wordpressV2\/?s={search_term_string}"},"query-input":{"@type":"PropertyValueSpecification","valueRequired":true,"valueName":"search_term_string"}}],"inLanguage":"fr-FR"},{"@type":"Organization","@id":"https:\/\/www.atelierdescigognes.fr\/wordpressV2\/#organization","name":"Atelier des cigognes","url":"https:\/\/www.atelierdescigognes.fr\/wordpressV2\/","logo":{"@type":"ImageObject","inLanguage":"fr-FR","@id":"https:\/\/www.atelierdescigognes.fr\/wordpressV2\/#\/schema\/logo\/image\/","url":"https:\/\/www.atelierdescigognes.fr\/wordpressV2\/wp-content\/uploads\/2018\/04\/cropped-logo_AdC.jpg","contentUrl":"https:\/\/www.atelierdescigognes.fr\/wordpressV2\/wp-content\/uploads\/2018\/04\/cropped-logo_AdC.jpg","width":307,"height":110,"caption":"Atelier des cigognes"},"image":{"@id":"https:\/\/www.atelierdescigognes.fr\/wordpressV2\/#\/schema\/logo\/image\/"}}]}},"jetpack_publicize_connections":[],"jetpack_sharing_enabled":true,"_links":{"self":[{"href":"https:\/\/www.atelierdescigognes.fr\/wordpressV2\/wp-json\/wp\/v2\/product\/1847","targetHints":{"allow":["GET"]}}],"collection":[{"href":"https:\/\/www.atelierdescigognes.fr\/wordpressV2\/wp-json\/wp\/v2\/product"}],"about":[{"href":"https:\/\/www.atelierdescigognes.fr\/wordpressV2\/wp-json\/wp\/v2\/types\/product"}],"replies":[{"embeddable":true,"href":"https:\/\/www.atelierdescigognes.fr\/wordpressV2\/wp-json\/wp\/v2\/comments?post=1847"}],"wp:featuredmedia":[{"embeddable":true,"href":"https:\/\/www.atelierdescigognes.fr\/wordpressV2\/wp-json\/wp\/v2\/media\/5543"}],"wp:attachment":[{"href":"https:\/\/www.atelierdescigognes.fr\/wordpressV2\/wp-json\/wp\/v2\/media?parent=1847"}],"wp:term":[{"taxonomy":"product_brand","embeddable":true,"href":"https:\/\/www.atelierdescigognes.fr\/wordpressV2\/wp-json\/wp\/v2\/product_brand?post=1847"},{"taxonomy":"product_cat","embeddable":true,"href":"https:\/\/www.atelierdescigognes.fr\/wordpressV2\/wp-json\/wp\/v2\/product_cat?post=1847"},{"taxonomy":"product_tag","embeddable":true,"href":"https:\/\/www.atelierdescigognes.fr\/wordpressV2\/wp-json\/wp\/v2\/product_tag?post=1847"}],"curies":[{"name":"wp","href":"https:\/\/api.w.org\/{rel}","templated":true}]}}