{"id":18385,"date":"2019-01-28T10:37:14","date_gmt":"2019-01-28T09:37:14","guid":{"rendered":"https:\/\/www.atelierdescigognes.fr\/wordpressV2\/?post_type=product&#038;p=18385"},"modified":"2022-02-25T17:13:05","modified_gmt":"2022-02-25T16:13:05","slug":"nausicaa-patron-couture-pull-sweat","status":"publish","type":"product","link":"https:\/\/www.atelierdescigognes.fr\/wordpressV2\/boutique\/patron-couture-femme\/nausicaa-patron-couture-pull-sweat\/","title":{"rendered":"NAUSICAA &#8211; Patron couture Pull Sweat &#8211; Femme"},"content":{"rendered":"<h4>Un Pull Sweat simple et efficace !<\/h4>\n<p>Patron couture femme pour r\u00e9aliser un pull en maille, un sweat, ou un simple top. En jersey de laine ou de coton, en molleton sweat, quelle que soit la mati\u00e8re, ce patron de couture s&rsquo;adapte \u00e0 toutes les saisons et \u00e0 tous les looks !<\/p>\n<p>Ceci est un patron couture au <strong>format PDF<\/strong>, \u00e0 <strong>t\u00e9l\u00e9charger directement depuis le mail<\/strong> que vous recevrez apr\u00e8s passage de la commande. On imprime, on d\u00e9coupe son tissu et on coud en suivant les explications !<\/p>\n<p>Toutes les explications et toutes les tailles suivantes sont comprises avec ce patron couture Pull Sweat : tailles 36-38-40-42-44-46.<\/p>\n<h4>Tailles<\/h4>\n<p>36-38-40-42-44-46<\/p>\n<h4>Niveau de couture<\/h4>\n<p><img loading=\"lazy\" decoding=\"async\" class=\"alignnone wp-image-5342 size-medium\" src=\"https:\/\/www.atelierdescigognes.fr\/wordpressV2\/wp-content\/uploads\/2017\/12\/niveau-1-300x145.jpg\" alt=\"Facile, m\u00eame pour les d\u00e9butantes !\" width=\"300\" height=\"145\" \/><\/p>\n<p>Patron couture facile, m\u00eame pour une d\u00e9butante !<\/p>\n<h4>Tissus recommand\u00e9s<\/h4>\n<p>Pour r\u00e9aliser ce patron couture pull sweat femme, choisir un jersey de laine (pour confectionner un pull par exemple), ou un jersey de coton ou de lin (pour confectionner un top). Pour coudre un sweat, on optera pour un molleton ou tout tissu adapt\u00e9.<\/p>\n<p>Pour la doublure\u00a0du haut devant et du haut dos, choisir une fine batiste de coton ou un fin jersey.<\/p>\n<p>Plus d&rsquo;infos sur le <a title=\"Choisir son tissu\" href=\"http:\/\/www.atelierdescigognes.fr\/wordpress\/choisir-son-tissu\/\" target=\"_blank\" rel=\"noopener noreferrer\">choix des tissus<\/a><\/p>\n<h4>M\u00e9trages<\/h4>\n<div class=\"table-responsive\">\n<table class=\"table table-hover \" width=\"100%\">\n<thead>\n<tr>\n<th><\/th>\n<th style=\"text-align: center;\">36<\/th>\n<th style=\"text-align: center;\">38<\/th>\n<th style=\"text-align: center;\">40<\/th>\n<th style=\"text-align: center;\">42<\/th>\n<th style=\"text-align: center;\">44<\/th>\n<th style=\"text-align: center;\">46<\/th>\n<\/tr>\n<\/thead>\n<tbody>\n<tr>\n<td>Tissu en 135 cm de large (ou &gt; \u00e0 135 cm)<\/td>\n<td style=\"text-align: center;\">1 m 05<\/td>\n<td style=\"text-align: center;\">1 m 05<\/td>\n<td style=\"text-align: center;\">1 m 05<\/td>\n<td style=\"text-align: center;\">1 m 60<\/td>\n<td style=\"text-align: center;\">1 m 60<\/td>\n<td style=\"text-align: center;\">1 m 60<\/td>\n<\/tr>\n<tr>\n<td>Doublure en 100 cm de large (ou &gt; \u00e0 100 cm)<\/td>\n<td style=\"text-align: center;\">25 cm<\/td>\n<td style=\"text-align: center;\">25 cm<\/td>\n<td style=\"text-align: center;\">25 cm<\/td>\n<td style=\"text-align: center;\">25 cm<\/td>\n<td style=\"text-align: center;\">25 cm<\/td>\n<td style=\"text-align: center;\">25 cm<\/td>\n<\/tr>\n<\/tbody>\n<\/table>\n<\/div>\n<p>&nbsp;<\/p>\n<p>Voir le <a title=\"Guide des tailles\" href=\"http:\/\/www.atelierdescigognes.fr\/wordpress\/guide-des-tailles\/\" target=\"_blank\" rel=\"noopener noreferrer\">Guide des tailles<\/a>.<\/p>\n","protected":false},"excerpt":{"rendered":"<p>Patron couture femme pour r\u00e9aliser un pull en maille, un sweat, ou un simple top. En jersey de laine ou de coton, en molleton sweat, quelle que soit la mati\u00e8re, ce patron de couture s&rsquo;adapte \u00e0 toutes les saisons et \u00e0 tous les looks !<\/p>\n<p>Patron couture facile, m\u00eame pour une d\u00e9butante !<br \/>\nCeci est un patron couture au <strong>format PDF<\/strong>, \u00e0 <strong>t\u00e9l\u00e9charger directement depuis le mail<\/strong> que vous recevrez apr\u00e8s passage de la commande. On imprime, on d\u00e9coupe son tissu et on coud en suivant les explications !<\/p>\n<p>Toutes les explications et toutes les tailles suivantes sont comprises avec ce patron couture Pull Sweat : tailles 36-38-40-42-44-46.<\/p>\n<p>&nbsp;<\/p>\n<p>&nbsp;<\/p>\n<p>&nbsp;<\/p>\n","protected":false},"featured_media":18406,"comment_status":"closed","ping_status":"closed","template":"","meta":{"jetpack_post_was_ever_published":false,"jetpack_publicize_message":"","jetpack_publicize_feature_enabled":true,"jetpack_social_post_already_shared":true,"jetpack_social_options":{"image_generator_settings":{"template":"highway","default_image_id":0,"font":"","enabled":false},"version":2}},"product_brand":[],"product_cat":[23],"product_tag":[60,115,69,113,114],"class_list":{"0":"post-18385","1":"product","2":"type-product","3":"status-publish","4":"has-post-thumbnail","6":"product_cat-patron-couture-femme","7":"product_tag-patron-couture","8":"product_tag-patron-couture-facile","9":"product_tag-patron-couture-femme","10":"product_tag-patron-couture-pull","11":"product_tag-patron-couture-sweat","12":"product_shipping_class-pas-de-frais-de-port-produit-telechargeable","14":"first","15":"instock","16":"featured","17":"downloadable","18":"shipping-taxable","19":"purchasable","20":"product-type-simple"},"yoast_head":"<!-- This site is optimized with the Yoast SEO plugin v27.2 - https:\/\/yoast.com\/product\/yoast-seo-wordpress\/ -->\n<title>NAUSICAA - Patron couture Pull Sweat - patron couture femme<\/title>\n<meta name=\"description\" content=\"Patron couture femme pour r\u00e9aliser un pull en maille, un sweat, ou un simple top.Facile, m\u00eame pour les d\u00e9butatntes ! En jersey de laine, Nausicaa vous tiendra chaud tout l&#039;hiver ; en jersey de coton, Nausicaa jouera les petits hauts basiques \u00e0 porter sans mod\u00e9ration ; en molleton sweat, Nausicaa vous r\u00e9chauffera d&#039;un petit look trendy : comme Nausicaa habilla Ulysse lors de son Odyss\u00e9e, laissez-la habiller votre humeur du jour !\" \/>\n<meta name=\"robots\" content=\"index, follow, max-snippet:-1, max-image-preview:large, max-video-preview:-1\" \/>\n<link rel=\"canonical\" href=\"https:\/\/www.atelierdescigognes.fr\/wordpressV2\/boutique\/patron-couture-femme\/nausicaa-patron-couture-pull-sweat\/\" \/>\n<meta property=\"og:locale\" content=\"fr_FR\" \/>\n<meta property=\"og:type\" content=\"article\" \/>\n<meta property=\"og:title\" content=\"NAUSICAA - Patron couture Pull Sweat - patron couture femme\" \/>\n<meta property=\"og:description\" content=\"Patron couture femme pour r\u00e9aliser un pull en maille, un sweat, ou un simple top.Facile, m\u00eame pour les d\u00e9butatntes ! En jersey de laine, Nausicaa vous tiendra chaud tout l&#039;hiver ; en jersey de coton, Nausicaa jouera les petits hauts basiques \u00e0 porter sans mod\u00e9ration ; en molleton sweat, Nausicaa vous r\u00e9chauffera d&#039;un petit look trendy : comme Nausicaa habilla Ulysse lors de son Odyss\u00e9e, laissez-la habiller votre humeur du jour !\" \/>\n<meta property=\"og:url\" content=\"https:\/\/www.atelierdescigognes.fr\/wordpressV2\/boutique\/patron-couture-femme\/nausicaa-patron-couture-pull-sweat\/\" \/>\n<meta property=\"og:site_name\" content=\"Atelier des cigognes\" \/>\n<meta property=\"article:modified_time\" content=\"2022-02-25T16:13:05+00:00\" \/>\n<meta property=\"og:image\" content=\"https:\/\/www.atelierdescigognes.fr\/wordpressV2\/wp-content\/uploads\/2019\/01\/F18_nausicaa_pdf.jpg\" \/>\n\t<meta property=\"og:image:width\" content=\"1200\" \/>\n\t<meta property=\"og:image:height\" content=\"1200\" \/>\n\t<meta property=\"og:image:type\" content=\"image\/jpeg\" \/>\n<meta name=\"twitter:card\" content=\"summary_large_image\" \/>\n<meta name=\"twitter:label1\" content=\"Dur\u00e9e de lecture estim\u00e9e\" \/>\n\t<meta name=\"twitter:data1\" content=\"1 minute\" \/>\n<script type=\"application\/ld+json\" class=\"yoast-schema-graph\">{\"@context\":\"https:\/\/schema.org\",\"@graph\":[{\"@type\":\"WebPage\",\"@id\":\"https:\/\/www.atelierdescigognes.fr\/wordpressV2\/boutique\/patron-couture-femme\/nausicaa-patron-couture-pull-sweat\/\",\"url\":\"https:\/\/www.atelierdescigognes.fr\/wordpressV2\/boutique\/patron-couture-femme\/nausicaa-patron-couture-pull-sweat\/\",\"name\":\"NAUSICAA - Patron couture Pull Sweat - patron couture femme\",\"isPartOf\":{\"@id\":\"https:\/\/www.atelierdescigognes.fr\/wordpressV2\/#website\"},\"primaryImageOfPage\":{\"@id\":\"https:\/\/www.atelierdescigognes.fr\/wordpressV2\/boutique\/patron-couture-femme\/nausicaa-patron-couture-pull-sweat\/#primaryimage\"},\"image\":{\"@id\":\"https:\/\/www.atelierdescigognes.fr\/wordpressV2\/boutique\/patron-couture-femme\/nausicaa-patron-couture-pull-sweat\/#primaryimage\"},\"thumbnailUrl\":\"https:\/\/www.atelierdescigognes.fr\/wordpressV2\/wp-content\/uploads\/2019\/01\/F18_nausicaa_pdf.jpg\",\"datePublished\":\"2019-01-28T09:37:14+00:00\",\"dateModified\":\"2022-02-25T16:13:05+00:00\",\"description\":\"Patron couture femme pour r\u00e9aliser un pull en maille, un sweat, ou un simple top.Facile, m\u00eame pour les d\u00e9butatntes ! En jersey de laine, Nausicaa vous tiendra chaud tout l'hiver ; en jersey de coton, Nausicaa jouera les petits hauts basiques \u00e0 porter sans mod\u00e9ration ; en molleton sweat, Nausicaa vous r\u00e9chauffera d'un petit look trendy : comme Nausicaa habilla Ulysse lors de son Odyss\u00e9e, laissez-la habiller votre humeur du jour !\",\"breadcrumb\":{\"@id\":\"https:\/\/www.atelierdescigognes.fr\/wordpressV2\/boutique\/patron-couture-femme\/nausicaa-patron-couture-pull-sweat\/#breadcrumb\"},\"inLanguage\":\"fr-FR\",\"potentialAction\":[{\"@type\":\"ReadAction\",\"target\":[\"https:\/\/www.atelierdescigognes.fr\/wordpressV2\/boutique\/patron-couture-femme\/nausicaa-patron-couture-pull-sweat\/\"]}]},{\"@type\":\"ImageObject\",\"inLanguage\":\"fr-FR\",\"@id\":\"https:\/\/www.atelierdescigognes.fr\/wordpressV2\/boutique\/patron-couture-femme\/nausicaa-patron-couture-pull-sweat\/#primaryimage\",\"url\":\"https:\/\/www.atelierdescigognes.fr\/wordpressV2\/wp-content\/uploads\/2019\/01\/F18_nausicaa_pdf.jpg\",\"contentUrl\":\"https:\/\/www.atelierdescigognes.fr\/wordpressV2\/wp-content\/uploads\/2019\/01\/F18_nausicaa_pdf.jpg\",\"width\":1200,\"height\":1200,\"caption\":\"NAUSICAA - Patron couture Pull Sweat\"},{\"@type\":\"BreadcrumbList\",\"@id\":\"https:\/\/www.atelierdescigognes.fr\/wordpressV2\/boutique\/patron-couture-femme\/nausicaa-patron-couture-pull-sweat\/#breadcrumb\",\"itemListElement\":[{\"@type\":\"ListItem\",\"position\":1,\"name\":\"Accueil\",\"item\":\"https:\/\/www.atelierdescigognes.fr\/wordpressV2\/\"},{\"@type\":\"ListItem\",\"position\":2,\"name\":\"Boutique\",\"item\":\"https:\/\/www.atelierdescigognes.fr\/wordpressV2\/boutique\/\"},{\"@type\":\"ListItem\",\"position\":3,\"name\":\"NAUSICAA &#8211; Patron couture Pull Sweat &#8211; Femme\"}]},{\"@type\":\"WebSite\",\"@id\":\"https:\/\/www.atelierdescigognes.fr\/wordpressV2\/#website\",\"url\":\"https:\/\/www.atelierdescigognes.fr\/wordpressV2\/\",\"name\":\"Atelier des cigognes\",\"description\":\"Cr\u00e9ation de patrons de couture\",\"publisher\":{\"@id\":\"https:\/\/www.atelierdescigognes.fr\/wordpressV2\/#organization\"},\"potentialAction\":[{\"@type\":\"SearchAction\",\"target\":{\"@type\":\"EntryPoint\",\"urlTemplate\":\"https:\/\/www.atelierdescigognes.fr\/wordpressV2\/?s={search_term_string}\"},\"query-input\":{\"@type\":\"PropertyValueSpecification\",\"valueRequired\":true,\"valueName\":\"search_term_string\"}}],\"inLanguage\":\"fr-FR\"},{\"@type\":\"Organization\",\"@id\":\"https:\/\/www.atelierdescigognes.fr\/wordpressV2\/#organization\",\"name\":\"Atelier des cigognes\",\"url\":\"https:\/\/www.atelierdescigognes.fr\/wordpressV2\/\",\"logo\":{\"@type\":\"ImageObject\",\"inLanguage\":\"fr-FR\",\"@id\":\"https:\/\/www.atelierdescigognes.fr\/wordpressV2\/#\/schema\/logo\/image\/\",\"url\":\"https:\/\/www.atelierdescigognes.fr\/wordpressV2\/wp-content\/uploads\/2018\/04\/cropped-logo_AdC.jpg\",\"contentUrl\":\"https:\/\/www.atelierdescigognes.fr\/wordpressV2\/wp-content\/uploads\/2018\/04\/cropped-logo_AdC.jpg\",\"width\":307,\"height\":110,\"caption\":\"Atelier des cigognes\"},\"image\":{\"@id\":\"https:\/\/www.atelierdescigognes.fr\/wordpressV2\/#\/schema\/logo\/image\/\"}}]}<\/script>\n<!-- \/ Yoast SEO plugin. -->","yoast_head_json":{"title":"NAUSICAA - Patron couture Pull Sweat - patron couture femme","description":"Patron couture femme pour r\u00e9aliser un pull en maille, un sweat, ou un simple top.Facile, m\u00eame pour les d\u00e9butatntes ! En jersey de laine, Nausicaa vous tiendra chaud tout l'hiver ; en jersey de coton, Nausicaa jouera les petits hauts basiques \u00e0 porter sans mod\u00e9ration ; en molleton sweat, Nausicaa vous r\u00e9chauffera d'un petit look trendy : comme Nausicaa habilla Ulysse lors de son Odyss\u00e9e, laissez-la habiller votre humeur du jour !","robots":{"index":"index","follow":"follow","max-snippet":"max-snippet:-1","max-image-preview":"max-image-preview:large","max-video-preview":"max-video-preview:-1"},"canonical":"https:\/\/www.atelierdescigognes.fr\/wordpressV2\/boutique\/patron-couture-femme\/nausicaa-patron-couture-pull-sweat\/","og_locale":"fr_FR","og_type":"article","og_title":"NAUSICAA - Patron couture Pull Sweat - patron couture femme","og_description":"Patron couture femme pour r\u00e9aliser un pull en maille, un sweat, ou un simple top.Facile, m\u00eame pour les d\u00e9butatntes ! En jersey de laine, Nausicaa vous tiendra chaud tout l'hiver ; en jersey de coton, Nausicaa jouera les petits hauts basiques \u00e0 porter sans mod\u00e9ration ; en molleton sweat, Nausicaa vous r\u00e9chauffera d'un petit look trendy : comme Nausicaa habilla Ulysse lors de son Odyss\u00e9e, laissez-la habiller votre humeur du jour !","og_url":"https:\/\/www.atelierdescigognes.fr\/wordpressV2\/boutique\/patron-couture-femme\/nausicaa-patron-couture-pull-sweat\/","og_site_name":"Atelier des cigognes","article_modified_time":"2022-02-25T16:13:05+00:00","og_image":[{"width":1200,"height":1200,"url":"https:\/\/www.atelierdescigognes.fr\/wordpressV2\/wp-content\/uploads\/2019\/01\/F18_nausicaa_pdf.jpg","type":"image\/jpeg"}],"twitter_card":"summary_large_image","twitter_misc":{"Dur\u00e9e de lecture estim\u00e9e":"1 minute"},"schema":{"@context":"https:\/\/schema.org","@graph":[{"@type":"WebPage","@id":"https:\/\/www.atelierdescigognes.fr\/wordpressV2\/boutique\/patron-couture-femme\/nausicaa-patron-couture-pull-sweat\/","url":"https:\/\/www.atelierdescigognes.fr\/wordpressV2\/boutique\/patron-couture-femme\/nausicaa-patron-couture-pull-sweat\/","name":"NAUSICAA - Patron couture Pull Sweat - patron couture femme","isPartOf":{"@id":"https:\/\/www.atelierdescigognes.fr\/wordpressV2\/#website"},"primaryImageOfPage":{"@id":"https:\/\/www.atelierdescigognes.fr\/wordpressV2\/boutique\/patron-couture-femme\/nausicaa-patron-couture-pull-sweat\/#primaryimage"},"image":{"@id":"https:\/\/www.atelierdescigognes.fr\/wordpressV2\/boutique\/patron-couture-femme\/nausicaa-patron-couture-pull-sweat\/#primaryimage"},"thumbnailUrl":"https:\/\/www.atelierdescigognes.fr\/wordpressV2\/wp-content\/uploads\/2019\/01\/F18_nausicaa_pdf.jpg","datePublished":"2019-01-28T09:37:14+00:00","dateModified":"2022-02-25T16:13:05+00:00","description":"Patron couture femme pour r\u00e9aliser un pull en maille, un sweat, ou un simple top.Facile, m\u00eame pour les d\u00e9butatntes ! En jersey de laine, Nausicaa vous tiendra chaud tout l'hiver ; en jersey de coton, Nausicaa jouera les petits hauts basiques \u00e0 porter sans mod\u00e9ration ; en molleton sweat, Nausicaa vous r\u00e9chauffera d'un petit look trendy : comme Nausicaa habilla Ulysse lors de son Odyss\u00e9e, laissez-la habiller votre humeur du jour !","breadcrumb":{"@id":"https:\/\/www.atelierdescigognes.fr\/wordpressV2\/boutique\/patron-couture-femme\/nausicaa-patron-couture-pull-sweat\/#breadcrumb"},"inLanguage":"fr-FR","potentialAction":[{"@type":"ReadAction","target":["https:\/\/www.atelierdescigognes.fr\/wordpressV2\/boutique\/patron-couture-femme\/nausicaa-patron-couture-pull-sweat\/"]}]},{"@type":"ImageObject","inLanguage":"fr-FR","@id":"https:\/\/www.atelierdescigognes.fr\/wordpressV2\/boutique\/patron-couture-femme\/nausicaa-patron-couture-pull-sweat\/#primaryimage","url":"https:\/\/www.atelierdescigognes.fr\/wordpressV2\/wp-content\/uploads\/2019\/01\/F18_nausicaa_pdf.jpg","contentUrl":"https:\/\/www.atelierdescigognes.fr\/wordpressV2\/wp-content\/uploads\/2019\/01\/F18_nausicaa_pdf.jpg","width":1200,"height":1200,"caption":"NAUSICAA - Patron couture Pull Sweat"},{"@type":"BreadcrumbList","@id":"https:\/\/www.atelierdescigognes.fr\/wordpressV2\/boutique\/patron-couture-femme\/nausicaa-patron-couture-pull-sweat\/#breadcrumb","itemListElement":[{"@type":"ListItem","position":1,"name":"Accueil","item":"https:\/\/www.atelierdescigognes.fr\/wordpressV2\/"},{"@type":"ListItem","position":2,"name":"Boutique","item":"https:\/\/www.atelierdescigognes.fr\/wordpressV2\/boutique\/"},{"@type":"ListItem","position":3,"name":"NAUSICAA &#8211; Patron couture Pull Sweat &#8211; Femme"}]},{"@type":"WebSite","@id":"https:\/\/www.atelierdescigognes.fr\/wordpressV2\/#website","url":"https:\/\/www.atelierdescigognes.fr\/wordpressV2\/","name":"Atelier des cigognes","description":"Cr\u00e9ation de patrons de couture","publisher":{"@id":"https:\/\/www.atelierdescigognes.fr\/wordpressV2\/#organization"},"potentialAction":[{"@type":"SearchAction","target":{"@type":"EntryPoint","urlTemplate":"https:\/\/www.atelierdescigognes.fr\/wordpressV2\/?s={search_term_string}"},"query-input":{"@type":"PropertyValueSpecification","valueRequired":true,"valueName":"search_term_string"}}],"inLanguage":"fr-FR"},{"@type":"Organization","@id":"https:\/\/www.atelierdescigognes.fr\/wordpressV2\/#organization","name":"Atelier des cigognes","url":"https:\/\/www.atelierdescigognes.fr\/wordpressV2\/","logo":{"@type":"ImageObject","inLanguage":"fr-FR","@id":"https:\/\/www.atelierdescigognes.fr\/wordpressV2\/#\/schema\/logo\/image\/","url":"https:\/\/www.atelierdescigognes.fr\/wordpressV2\/wp-content\/uploads\/2018\/04\/cropped-logo_AdC.jpg","contentUrl":"https:\/\/www.atelierdescigognes.fr\/wordpressV2\/wp-content\/uploads\/2018\/04\/cropped-logo_AdC.jpg","width":307,"height":110,"caption":"Atelier des cigognes"},"image":{"@id":"https:\/\/www.atelierdescigognes.fr\/wordpressV2\/#\/schema\/logo\/image\/"}}]}},"jetpack_publicize_connections":[],"jetpack_sharing_enabled":true,"_links":{"self":[{"href":"https:\/\/www.atelierdescigognes.fr\/wordpressV2\/wp-json\/wp\/v2\/product\/18385","targetHints":{"allow":["GET"]}}],"collection":[{"href":"https:\/\/www.atelierdescigognes.fr\/wordpressV2\/wp-json\/wp\/v2\/product"}],"about":[{"href":"https:\/\/www.atelierdescigognes.fr\/wordpressV2\/wp-json\/wp\/v2\/types\/product"}],"replies":[{"embeddable":true,"href":"https:\/\/www.atelierdescigognes.fr\/wordpressV2\/wp-json\/wp\/v2\/comments?post=18385"}],"wp:featuredmedia":[{"embeddable":true,"href":"https:\/\/www.atelierdescigognes.fr\/wordpressV2\/wp-json\/wp\/v2\/media\/18406"}],"wp:attachment":[{"href":"https:\/\/www.atelierdescigognes.fr\/wordpressV2\/wp-json\/wp\/v2\/media?parent=18385"}],"wp:term":[{"taxonomy":"product_brand","embeddable":true,"href":"https:\/\/www.atelierdescigognes.fr\/wordpressV2\/wp-json\/wp\/v2\/product_brand?post=18385"},{"taxonomy":"product_cat","embeddable":true,"href":"https:\/\/www.atelierdescigognes.fr\/wordpressV2\/wp-json\/wp\/v2\/product_cat?post=18385"},{"taxonomy":"product_tag","embeddable":true,"href":"https:\/\/www.atelierdescigognes.fr\/wordpressV2\/wp-json\/wp\/v2\/product_tag?post=18385"}],"curies":[{"name":"wp","href":"https:\/\/api.w.org\/{rel}","templated":true}]}}