{"id":175,"date":"2014-12-18T10:09:19","date_gmt":"2014-12-18T09:09:19","guid":{"rendered":"http:\/\/www.atelierdescigognes.fr\/wordpress\/boutique\/patron-couture-bebe\/patron-couture-bebe-pantalon-double-revers\/"},"modified":"2022-02-24T17:14:48","modified_gmt":"2022-02-24T16:14:48","slug":"patron-couture-bebe-pantalon-double-revers","status":"publish","type":"product","link":"https:\/\/www.atelierdescigognes.fr\/wordpressV2\/boutique\/patron-couture-bebe\/patron-couture-bebe-pantalon-double-revers\/","title":{"rendered":"ACHILLE &#8211; Patron couture B\u00e9b\u00e9 &#8211; Pantalon doubl\u00e9, \u00e0 revers"},"content":{"rendered":"<p>Patron couture pantalon B\u00e9b\u00e9. Pantalon doubl\u00e9 avec revers au bas des jambes. Taille \u00e9lastiqu\u00e9e. Mod\u00e8le mixte (fille ou gar\u00e7on).<br \/>\nCeci est un \u00ab\u00a0vrai\u00a0\u00bb patron de couture, sous forme de pochette, exp\u00e9di\u00e9 par courrier !<\/p>\n<h4>Tailles<\/h4>\n<p>3 mois &#8211; 6 mois &#8211; 9 mois &#8211; 12 mois &#8211; 18 mois &#8211; 24 mois<\/p>\n<h4>Niveau de couture<\/h4>\n<p>&nbsp;<\/p>\n<p><img loading=\"lazy\" decoding=\"async\" class=\"alignnone size-medium wp-image-5343\" src=\"https:\/\/www.atelierdescigognes.fr\/wordpressV2\/wp-content\/uploads\/2017\/12\/niveau-2-300x145.jpg\" alt=\"Niveau de couture 2\" width=\"300\" height=\"145\" \/><\/p>\n<h4>Tissus recommand\u00e9s<\/h4>\n<p>Pour le pantalon : toile de coton, serg\u00e9, gabardine, velours milleraies, flanelle, lainage<br \/>\nPour la doublure : doublure de satin, cotonnade (tissu Liberty par exemple)<\/p>\n<p>Plus d&rsquo;infos sur le <a title=\"Choisir son tissu\" href=\"http:\/\/www.atelierdescigognes.fr\/wordpress\/choisir-son-tissu\/\" target=\"_blank\" rel=\"noopener noreferrer\">choix des tissus<\/a><\/p>\n<h4>Fournitures<\/h4>\n<p>&#8211; \u00e9lastique de 2 cm de large<\/p>\n<h4>M\u00e9trages de tissu<\/h4>\n<div class=\"table-responsive\">\n<table class=\"table table-hover \" width=\"100%\">\n<thead>\n<tr>\n<th>Tissu du pantalon<\/th>\n<th>3 mois<\/th>\n<th>6 mois<\/th>\n<th>9 mois<\/th>\n<th>12 mois<\/th>\n<th>18 mois<\/th>\n<th>24 mois<\/th>\n<\/tr>\n<\/thead>\n<tbody>\n<tr>\n<td>tissu en 135 cm de large<br \/>\n(ou de largeur &gt; \u00e0 135 cm)<\/td>\n<td>45 cm<\/td>\n<td>48 cm<\/td>\n<td>51 cm<\/td>\n<td>54 cm<\/td>\n<td>57 cm<\/td>\n<td>60 cm<\/td>\n<\/tr>\n<tr>\n<td>tissu en 115 cm de large<br \/>\n(ou compris entre 115 et 135 cm)<\/td>\n<td>47 cm<\/td>\n<td>50 cm<\/td>\n<td>53 cm<\/td>\n<td>75 cm<\/td>\n<td>85 cm<\/td>\n<td>90 cm<\/td>\n<\/tr>\n<\/tbody>\n<\/table>\n<\/div>\n<p>&nbsp;<\/p>\n<div class=\"table-responsive\">\n<table class=\"table table-hover \" width=\"100%\">\n<thead>\n<tr>\n<th>Tissu de la doublure<\/th>\n<th>3 mois<\/th>\n<th>6 mois<\/th>\n<th>9 mois<\/th>\n<th>12 mois<\/th>\n<th>18 mois<\/th>\n<th>24 mois<\/th>\n<\/tr>\n<\/thead>\n<tbody>\n<tr>\n<td>tissu en 135 cm de large<br \/>\n(ou de largeur &gt; \u00e0 135 cm)<\/td>\n<td>45 cm<\/td>\n<td>48 cm<\/td>\n<td>51 cm<\/td>\n<td>54 cm<\/td>\n<td>57 cm<\/td>\n<td>60 cm<\/td>\n<\/tr>\n<tr>\n<td>tissu en 115 cm de large<br \/>\n(ou compris entre 115 et 135 cm)<\/td>\n<td>47 cm<\/td>\n<td>50 cm<\/td>\n<td>53 cm<\/td>\n<td>75 cm<\/td>\n<td>85 cm<\/td>\n<td>90 cm<\/td>\n<\/tr>\n<\/tbody>\n<\/table>\n<\/div>\n<p>&nbsp;<\/p>\n<div class=\"table-responsive\">\n<table class=\"table table-hover \" width=\"100%\">\n<thead>\n<tr>\n<th><\/th>\n<th>3 mois<\/th>\n<th>6 mois<\/th>\n<th>9 mois<\/th>\n<th>12 mois<\/th>\n<th>18 mois<\/th>\n<th>24 mois<\/th>\n<\/tr>\n<\/thead>\n<tbody>\n<tr>\n<td><strong>\u00c9lastique de 2 cm de large <\/strong><\/td>\n<td>27 cm<\/td>\n<td>30 cm<\/td>\n<td>31,5 cm<\/td>\n<td>33 cm<\/td>\n<td>35 cm<\/td>\n<td>37 cm<\/td>\n<\/tr>\n<\/tbody>\n<\/table>\n<\/div>\n<p>&nbsp;<\/p>\n<p>Voir le <a title=\"Guide des tailles\" href=\"http:\/\/www.atelierdescigognes.fr\/wordpress\/guide-des-tailles\/\" target=\"_blank\" rel=\"noopener noreferrer\">Guide des tailles<\/a>.<\/p>\n","protected":false},"excerpt":{"rendered":"<p>Patron couture pantalon B\u00e9b\u00e9. Pantalon doubl\u00e9 avec revers au bas des jambes. Taille \u00e9lastiqu\u00e9e. Mod\u00e8le mixte (fille ou gar\u00e7on). Tailles du patron couture b\u00e9b\u00e9\u00a0: 3 mois, 6 mois, 9 mois, 12 mois, 18 mois, 24 mois.<\/p>\n<p>Ceci est un \u00ab\u00a0vrai\u00a0\u00bb patron de couture, sous forme de pochette, exp\u00e9di\u00e9 par courrier !<\/p>\n<p>&nbsp;<\/p>\n","protected":false},"featured_media":5393,"comment_status":"closed","ping_status":"closed","template":"","meta":{"jetpack_post_was_ever_published":false,"jetpack_publicize_message":"","jetpack_publicize_feature_enabled":true,"jetpack_social_post_already_shared":true,"jetpack_social_options":{"image_generator_settings":{"template":"highway","default_image_id":0,"font":"","enabled":false},"version":2}},"product_brand":[],"product_cat":[21],"product_tag":[64,99,77],"class_list":{"0":"post-175","1":"product","2":"type-product","3":"status-publish","4":"has-post-thumbnail","6":"product_cat-patron-couture-bebe","7":"product_tag-patron-couture-bebe-2","8":"product_tag-patron-couture-pantalon-bebe","9":"product_tag-patron-pantalon-bebe","10":"product_shipping_class-patron-pochette","12":"first","13":"outofstock","14":"shipping-taxable","15":"purchasable","16":"product-type-simple"},"yoast_head":"<!-- This site is optimized with the Yoast SEO plugin v27.2 - https:\/\/yoast.com\/product\/yoast-seo-wordpress\/ -->\n<title>Patron couture Pantalon B\u00e9b\u00e9, doubl\u00e9 avec revers - ACHILLE<\/title>\n<meta name=\"description\" content=\"Patron couture pantalon B\u00e9b\u00e9. Pantalon doubl\u00e9 avec revers au bas des jambes. Taille \u00e9lastiqu\u00e9e. Mod\u00e8le mixte (fille ou gar\u00e7on).\" \/>\n<meta name=\"robots\" content=\"index, follow, max-snippet:-1, max-image-preview:large, max-video-preview:-1\" \/>\n<link rel=\"canonical\" href=\"https:\/\/www.atelierdescigognes.fr\/wordpressV2\/boutique\/patron-couture-bebe\/patron-couture-bebe-pantalon-double-revers\/\" \/>\n<meta property=\"og:locale\" content=\"fr_FR\" \/>\n<meta property=\"og:type\" content=\"article\" \/>\n<meta property=\"og:title\" content=\"Patron couture Pantalon B\u00e9b\u00e9, doubl\u00e9 avec revers - ACHILLE\" \/>\n<meta property=\"og:description\" content=\"Patron couture pantalon B\u00e9b\u00e9. Pantalon doubl\u00e9 avec revers au bas des jambes. Taille \u00e9lastiqu\u00e9e. Mod\u00e8le mixte (fille ou gar\u00e7on).\" \/>\n<meta property=\"og:url\" content=\"https:\/\/www.atelierdescigognes.fr\/wordpressV2\/boutique\/patron-couture-bebe\/patron-couture-bebe-pantalon-double-revers\/\" \/>\n<meta property=\"og:site_name\" content=\"Atelier des cigognes\" \/>\n<meta property=\"article:modified_time\" content=\"2022-02-24T16:14:48+00:00\" \/>\n<meta property=\"og:image\" content=\"https:\/\/www.atelierdescigognes.fr\/wordpressV2\/wp-content\/uploads\/2014\/12\/B23Z.jpg\" \/>\n\t<meta property=\"og:image:width\" content=\"600\" \/>\n\t<meta property=\"og:image:height\" content=\"600\" \/>\n\t<meta property=\"og:image:type\" content=\"image\/jpeg\" \/>\n<meta name=\"twitter:card\" content=\"summary_large_image\" \/>\n<meta name=\"twitter:label1\" content=\"Dur\u00e9e de lecture estim\u00e9e\" \/>\n\t<meta name=\"twitter:data1\" content=\"1 minute\" \/>\n<script type=\"application\/ld+json\" class=\"yoast-schema-graph\">{\"@context\":\"https:\/\/schema.org\",\"@graph\":[{\"@type\":\"WebPage\",\"@id\":\"https:\/\/www.atelierdescigognes.fr\/wordpressV2\/boutique\/patron-couture-bebe\/patron-couture-bebe-pantalon-double-revers\/\",\"url\":\"https:\/\/www.atelierdescigognes.fr\/wordpressV2\/boutique\/patron-couture-bebe\/patron-couture-bebe-pantalon-double-revers\/\",\"name\":\"Patron couture Pantalon B\u00e9b\u00e9, doubl\u00e9 avec revers - ACHILLE\",\"isPartOf\":{\"@id\":\"https:\/\/www.atelierdescigognes.fr\/wordpressV2\/#website\"},\"primaryImageOfPage\":{\"@id\":\"https:\/\/www.atelierdescigognes.fr\/wordpressV2\/boutique\/patron-couture-bebe\/patron-couture-bebe-pantalon-double-revers\/#primaryimage\"},\"image\":{\"@id\":\"https:\/\/www.atelierdescigognes.fr\/wordpressV2\/boutique\/patron-couture-bebe\/patron-couture-bebe-pantalon-double-revers\/#primaryimage\"},\"thumbnailUrl\":\"https:\/\/www.atelierdescigognes.fr\/wordpressV2\/wp-content\/uploads\/2014\/12\/B23Z.jpg\",\"datePublished\":\"2014-12-18T09:09:19+00:00\",\"dateModified\":\"2022-02-24T16:14:48+00:00\",\"description\":\"Patron couture pantalon B\u00e9b\u00e9. Pantalon doubl\u00e9 avec revers au bas des jambes. Taille \u00e9lastiqu\u00e9e. Mod\u00e8le mixte (fille ou gar\u00e7on).\",\"breadcrumb\":{\"@id\":\"https:\/\/www.atelierdescigognes.fr\/wordpressV2\/boutique\/patron-couture-bebe\/patron-couture-bebe-pantalon-double-revers\/#breadcrumb\"},\"inLanguage\":\"fr-FR\",\"potentialAction\":[{\"@type\":\"ReadAction\",\"target\":[\"https:\/\/www.atelierdescigognes.fr\/wordpressV2\/boutique\/patron-couture-bebe\/patron-couture-bebe-pantalon-double-revers\/\"]}]},{\"@type\":\"ImageObject\",\"inLanguage\":\"fr-FR\",\"@id\":\"https:\/\/www.atelierdescigognes.fr\/wordpressV2\/boutique\/patron-couture-bebe\/patron-couture-bebe-pantalon-double-revers\/#primaryimage\",\"url\":\"https:\/\/www.atelierdescigognes.fr\/wordpressV2\/wp-content\/uploads\/2014\/12\/B23Z.jpg\",\"contentUrl\":\"https:\/\/www.atelierdescigognes.fr\/wordpressV2\/wp-content\/uploads\/2014\/12\/B23Z.jpg\",\"width\":600,\"height\":600,\"caption\":\"Patron couture pantalon B\u00e9b\u00e9, doubl\u00e9 \u00e0 revers - ACHILLE\"},{\"@type\":\"BreadcrumbList\",\"@id\":\"https:\/\/www.atelierdescigognes.fr\/wordpressV2\/boutique\/patron-couture-bebe\/patron-couture-bebe-pantalon-double-revers\/#breadcrumb\",\"itemListElement\":[{\"@type\":\"ListItem\",\"position\":1,\"name\":\"Accueil\",\"item\":\"https:\/\/www.atelierdescigognes.fr\/wordpressV2\/\"},{\"@type\":\"ListItem\",\"position\":2,\"name\":\"Boutique\",\"item\":\"https:\/\/www.atelierdescigognes.fr\/wordpressV2\/boutique\/\"},{\"@type\":\"ListItem\",\"position\":3,\"name\":\"ACHILLE &#8211; Patron couture B\u00e9b\u00e9 &#8211; Pantalon doubl\u00e9, \u00e0 revers\"}]},{\"@type\":\"WebSite\",\"@id\":\"https:\/\/www.atelierdescigognes.fr\/wordpressV2\/#website\",\"url\":\"https:\/\/www.atelierdescigognes.fr\/wordpressV2\/\",\"name\":\"Atelier des cigognes\",\"description\":\"Cr\u00e9ation de patrons de couture\",\"publisher\":{\"@id\":\"https:\/\/www.atelierdescigognes.fr\/wordpressV2\/#organization\"},\"potentialAction\":[{\"@type\":\"SearchAction\",\"target\":{\"@type\":\"EntryPoint\",\"urlTemplate\":\"https:\/\/www.atelierdescigognes.fr\/wordpressV2\/?s={search_term_string}\"},\"query-input\":{\"@type\":\"PropertyValueSpecification\",\"valueRequired\":true,\"valueName\":\"search_term_string\"}}],\"inLanguage\":\"fr-FR\"},{\"@type\":\"Organization\",\"@id\":\"https:\/\/www.atelierdescigognes.fr\/wordpressV2\/#organization\",\"name\":\"Atelier des cigognes\",\"url\":\"https:\/\/www.atelierdescigognes.fr\/wordpressV2\/\",\"logo\":{\"@type\":\"ImageObject\",\"inLanguage\":\"fr-FR\",\"@id\":\"https:\/\/www.atelierdescigognes.fr\/wordpressV2\/#\/schema\/logo\/image\/\",\"url\":\"https:\/\/www.atelierdescigognes.fr\/wordpressV2\/wp-content\/uploads\/2018\/04\/cropped-logo_AdC.jpg\",\"contentUrl\":\"https:\/\/www.atelierdescigognes.fr\/wordpressV2\/wp-content\/uploads\/2018\/04\/cropped-logo_AdC.jpg\",\"width\":307,\"height\":110,\"caption\":\"Atelier des cigognes\"},\"image\":{\"@id\":\"https:\/\/www.atelierdescigognes.fr\/wordpressV2\/#\/schema\/logo\/image\/\"}}]}<\/script>\n<!-- \/ Yoast SEO plugin. -->","yoast_head_json":{"title":"Patron couture Pantalon B\u00e9b\u00e9, doubl\u00e9 avec revers - ACHILLE","description":"Patron couture pantalon B\u00e9b\u00e9. Pantalon doubl\u00e9 avec revers au bas des jambes. Taille \u00e9lastiqu\u00e9e. Mod\u00e8le mixte (fille ou gar\u00e7on).","robots":{"index":"index","follow":"follow","max-snippet":"max-snippet:-1","max-image-preview":"max-image-preview:large","max-video-preview":"max-video-preview:-1"},"canonical":"https:\/\/www.atelierdescigognes.fr\/wordpressV2\/boutique\/patron-couture-bebe\/patron-couture-bebe-pantalon-double-revers\/","og_locale":"fr_FR","og_type":"article","og_title":"Patron couture Pantalon B\u00e9b\u00e9, doubl\u00e9 avec revers - ACHILLE","og_description":"Patron couture pantalon B\u00e9b\u00e9. Pantalon doubl\u00e9 avec revers au bas des jambes. Taille \u00e9lastiqu\u00e9e. Mod\u00e8le mixte (fille ou gar\u00e7on).","og_url":"https:\/\/www.atelierdescigognes.fr\/wordpressV2\/boutique\/patron-couture-bebe\/patron-couture-bebe-pantalon-double-revers\/","og_site_name":"Atelier des cigognes","article_modified_time":"2022-02-24T16:14:48+00:00","og_image":[{"width":600,"height":600,"url":"https:\/\/www.atelierdescigognes.fr\/wordpressV2\/wp-content\/uploads\/2014\/12\/B23Z.jpg","type":"image\/jpeg"}],"twitter_card":"summary_large_image","twitter_misc":{"Dur\u00e9e de lecture estim\u00e9e":"1 minute"},"schema":{"@context":"https:\/\/schema.org","@graph":[{"@type":"WebPage","@id":"https:\/\/www.atelierdescigognes.fr\/wordpressV2\/boutique\/patron-couture-bebe\/patron-couture-bebe-pantalon-double-revers\/","url":"https:\/\/www.atelierdescigognes.fr\/wordpressV2\/boutique\/patron-couture-bebe\/patron-couture-bebe-pantalon-double-revers\/","name":"Patron couture Pantalon B\u00e9b\u00e9, doubl\u00e9 avec revers - ACHILLE","isPartOf":{"@id":"https:\/\/www.atelierdescigognes.fr\/wordpressV2\/#website"},"primaryImageOfPage":{"@id":"https:\/\/www.atelierdescigognes.fr\/wordpressV2\/boutique\/patron-couture-bebe\/patron-couture-bebe-pantalon-double-revers\/#primaryimage"},"image":{"@id":"https:\/\/www.atelierdescigognes.fr\/wordpressV2\/boutique\/patron-couture-bebe\/patron-couture-bebe-pantalon-double-revers\/#primaryimage"},"thumbnailUrl":"https:\/\/www.atelierdescigognes.fr\/wordpressV2\/wp-content\/uploads\/2014\/12\/B23Z.jpg","datePublished":"2014-12-18T09:09:19+00:00","dateModified":"2022-02-24T16:14:48+00:00","description":"Patron couture pantalon B\u00e9b\u00e9. Pantalon doubl\u00e9 avec revers au bas des jambes. Taille \u00e9lastiqu\u00e9e. Mod\u00e8le mixte (fille ou gar\u00e7on).","breadcrumb":{"@id":"https:\/\/www.atelierdescigognes.fr\/wordpressV2\/boutique\/patron-couture-bebe\/patron-couture-bebe-pantalon-double-revers\/#breadcrumb"},"inLanguage":"fr-FR","potentialAction":[{"@type":"ReadAction","target":["https:\/\/www.atelierdescigognes.fr\/wordpressV2\/boutique\/patron-couture-bebe\/patron-couture-bebe-pantalon-double-revers\/"]}]},{"@type":"ImageObject","inLanguage":"fr-FR","@id":"https:\/\/www.atelierdescigognes.fr\/wordpressV2\/boutique\/patron-couture-bebe\/patron-couture-bebe-pantalon-double-revers\/#primaryimage","url":"https:\/\/www.atelierdescigognes.fr\/wordpressV2\/wp-content\/uploads\/2014\/12\/B23Z.jpg","contentUrl":"https:\/\/www.atelierdescigognes.fr\/wordpressV2\/wp-content\/uploads\/2014\/12\/B23Z.jpg","width":600,"height":600,"caption":"Patron couture pantalon B\u00e9b\u00e9, doubl\u00e9 \u00e0 revers - ACHILLE"},{"@type":"BreadcrumbList","@id":"https:\/\/www.atelierdescigognes.fr\/wordpressV2\/boutique\/patron-couture-bebe\/patron-couture-bebe-pantalon-double-revers\/#breadcrumb","itemListElement":[{"@type":"ListItem","position":1,"name":"Accueil","item":"https:\/\/www.atelierdescigognes.fr\/wordpressV2\/"},{"@type":"ListItem","position":2,"name":"Boutique","item":"https:\/\/www.atelierdescigognes.fr\/wordpressV2\/boutique\/"},{"@type":"ListItem","position":3,"name":"ACHILLE &#8211; Patron couture B\u00e9b\u00e9 &#8211; Pantalon doubl\u00e9, \u00e0 revers"}]},{"@type":"WebSite","@id":"https:\/\/www.atelierdescigognes.fr\/wordpressV2\/#website","url":"https:\/\/www.atelierdescigognes.fr\/wordpressV2\/","name":"Atelier des cigognes","description":"Cr\u00e9ation de patrons de couture","publisher":{"@id":"https:\/\/www.atelierdescigognes.fr\/wordpressV2\/#organization"},"potentialAction":[{"@type":"SearchAction","target":{"@type":"EntryPoint","urlTemplate":"https:\/\/www.atelierdescigognes.fr\/wordpressV2\/?s={search_term_string}"},"query-input":{"@type":"PropertyValueSpecification","valueRequired":true,"valueName":"search_term_string"}}],"inLanguage":"fr-FR"},{"@type":"Organization","@id":"https:\/\/www.atelierdescigognes.fr\/wordpressV2\/#organization","name":"Atelier des cigognes","url":"https:\/\/www.atelierdescigognes.fr\/wordpressV2\/","logo":{"@type":"ImageObject","inLanguage":"fr-FR","@id":"https:\/\/www.atelierdescigognes.fr\/wordpressV2\/#\/schema\/logo\/image\/","url":"https:\/\/www.atelierdescigognes.fr\/wordpressV2\/wp-content\/uploads\/2018\/04\/cropped-logo_AdC.jpg","contentUrl":"https:\/\/www.atelierdescigognes.fr\/wordpressV2\/wp-content\/uploads\/2018\/04\/cropped-logo_AdC.jpg","width":307,"height":110,"caption":"Atelier des cigognes"},"image":{"@id":"https:\/\/www.atelierdescigognes.fr\/wordpressV2\/#\/schema\/logo\/image\/"}}]}},"jetpack_publicize_connections":[],"jetpack_sharing_enabled":true,"_links":{"self":[{"href":"https:\/\/www.atelierdescigognes.fr\/wordpressV2\/wp-json\/wp\/v2\/product\/175","targetHints":{"allow":["GET"]}}],"collection":[{"href":"https:\/\/www.atelierdescigognes.fr\/wordpressV2\/wp-json\/wp\/v2\/product"}],"about":[{"href":"https:\/\/www.atelierdescigognes.fr\/wordpressV2\/wp-json\/wp\/v2\/types\/product"}],"replies":[{"embeddable":true,"href":"https:\/\/www.atelierdescigognes.fr\/wordpressV2\/wp-json\/wp\/v2\/comments?post=175"}],"wp:featuredmedia":[{"embeddable":true,"href":"https:\/\/www.atelierdescigognes.fr\/wordpressV2\/wp-json\/wp\/v2\/media\/5393"}],"wp:attachment":[{"href":"https:\/\/www.atelierdescigognes.fr\/wordpressV2\/wp-json\/wp\/v2\/media?parent=175"}],"wp:term":[{"taxonomy":"product_brand","embeddable":true,"href":"https:\/\/www.atelierdescigognes.fr\/wordpressV2\/wp-json\/wp\/v2\/product_brand?post=175"},{"taxonomy":"product_cat","embeddable":true,"href":"https:\/\/www.atelierdescigognes.fr\/wordpressV2\/wp-json\/wp\/v2\/product_cat?post=175"},{"taxonomy":"product_tag","embeddable":true,"href":"https:\/\/www.atelierdescigognes.fr\/wordpressV2\/wp-json\/wp\/v2\/product_tag?post=175"}],"curies":[{"name":"wp","href":"https:\/\/api.w.org\/{rel}","templated":true}]}}