{"id":166,"date":"2014-12-18T10:39:34","date_gmt":"2014-12-18T09:39:34","guid":{"rendered":"http:\/\/www.atelierdescigognes.fr\/wordpress\/boutique\/patron-couture-bebe\/patron-couture-bebe-guimpe-col-pierrot\/"},"modified":"2022-07-29T15:50:47","modified_gmt":"2022-07-29T13:50:47","slug":"patron-couture-bebe-guimpe-col-pierrot","status":"publish","type":"product","link":"https:\/\/www.atelierdescigognes.fr\/wordpressV2\/boutique\/patron-couture-bebe\/patron-couture-bebe-guimpe-col-pierrot\/","title":{"rendered":"HERMIONE &#8211; Patron couture B\u00e9b\u00e9 &#8211; Guimpe \u00e0 col pierrot"},"content":{"rendered":"<p>Patron couture B\u00e9b\u00e9. Guimpe \u00e0 col pierrot et manches raglan (mod\u00e8le fille). Encolure \u00e9lastiqu\u00e9e pour le passage de la t\u00eate. Manches volant\u00e9es, avec possibilit\u00e9 de coudre un croquet aux poignets. Pli au bas de la guimpe avec possibilit\u00e9 d\u2019y ins\u00e9rer un croquet.<br \/>\nCeci est un \u00ab\u00a0vrai\u00a0\u00bb patron de couture, sous forme de pochette, exp\u00e9di\u00e9 par courrier !<\/p>\n<h4>Tailles<\/h4>\n<p>3 mois &#8211; 6 mois &#8211; 9 mois &#8211; 12 mois &#8211; 18 mois &#8211; 24 mois<\/p>\n<h4>Niveau de couture<\/h4>\n<p><img loading=\"lazy\" decoding=\"async\" class=\"alignnone size-medium wp-image-5343\" src=\"https:\/\/www.atelierdescigognes.fr\/wordpressV2\/wp-content\/uploads\/2017\/12\/niveau-2-300x145.jpg\" alt=\"Niveau de couture 2\" width=\"300\" height=\"145\" \/><\/p>\n<h4>Tissus recommand\u00e9s<\/h4>\n<p>Cotonnade, batiste (ex : tissu Liberty), popeline, toile de lin.<\/p>\n<p>Plus d&rsquo;infos sur le <a title=\"Choisir son tissu\" href=\"http:\/\/www.atelierdescigognes.fr\/wordpress\/choisir-son-tissu\/\" target=\"_blank\" rel=\"noopener noreferrer\">choix des tissus<\/a><\/p>\n<h4>Fournitures<\/h4>\n<p>&#8211; \u00e9lastique de 3 mm de large (pour l&rsquo;encolure et pour les manches volant\u00e9es)<br \/>\n&#8211; croquet de 5 mm de large (facultatif)<\/p>\n<p>&nbsp;<\/p>\n<h4>M\u00e9trages de tissu<\/h4>\n<div class=\"table-responsive\">\n<table class=\"table table-hover \" width=\"100%\">\n<thead>\n<tr>\n<th>Tissu de la guimpe<\/th>\n<th>3 mois<\/th>\n<th>6 mois<\/th>\n<th>9 mois<\/th>\n<th>12 mois<\/th>\n<th>18 mois<\/th>\n<th>24 mois<\/th>\n<\/tr>\n<\/thead>\n<tbody>\n<tr>\n<td>tissu en 135 cm de large<br \/>\n(ou de largeur &gt; \u00e0 135 cm)<\/td>\n<td>80 cm<\/td>\n<td>85 cm<\/td>\n<td>85 cm<\/td>\n<td>85 cm<\/td>\n<td>90 cm<\/td>\n<td>95 cm<\/td>\n<\/tr>\n<\/tbody>\n<\/table>\n<\/div>\n<p>&nbsp;<\/p>\n<div class=\"table-responsive\">\n<table class=\"table table-hover \" width=\"100%\">\n<thead>\n<tr>\n<th>\u00c9lastique de 3 mm de large<\/th>\n<th>3 mois<\/th>\n<th>6 mois<\/th>\n<th>9 mois<\/th>\n<th>12 mois<\/th>\n<th>18 mois<\/th>\n<th>24 mois<\/th>\n<\/tr>\n<\/thead>\n<tbody>\n<tr>\n<td>\u00c9lastique pour l&rsquo;encolure<\/td>\n<td>24 cm<\/td>\n<td>26 cm<\/td>\n<td>28 cm<\/td>\n<td>30 cm<\/td>\n<td>32 cm<\/td>\n<td>32 cm<\/td>\n<\/tr>\n<tr>\n<td>\u00c9lastique pour des manches volant\u00e9es<\/td>\n<td>2*14 cm<\/td>\n<td>2*15 cm<\/td>\n<td>2*15,5 cm<\/td>\n<td>2*16 cm<\/td>\n<td>2*16,5 cm<\/td>\n<td>2*17 cm<\/td>\n<\/tr>\n<tr>\n<td><em>TOTAL \u00c9lastique<\/em><\/td>\n<td><em>52 cm<\/em><\/td>\n<td><em>56 cm<\/em><\/td>\n<td><em>59 cm<\/em><\/td>\n<td><em>62 cm<\/em><\/td>\n<td><em>65 cm<\/em><\/td>\n<td><em>66 cm<\/em><\/td>\n<\/tr>\n<\/tbody>\n<\/table>\n<\/div>\n<p>&nbsp;<\/p>\n<div class=\"table-responsive\">\n<table class=\"table table-hover \" width=\"100%\">\n<thead>\n<tr>\n<th>Croquet de 5 mm de large (facultatif)<\/th>\n<th>3 mois<\/th>\n<th>6 mois<\/th>\n<th>9 mois<\/th>\n<th>12 mois<\/th>\n<th>18 mois<\/th>\n<th>24 mois<\/th>\n<\/tr>\n<\/thead>\n<tbody>\n<tr>\n<td>pour le bas de la guimpe<\/td>\n<td>84,5 cm<\/td>\n<td>86,5 cm<\/td>\n<td>87 cm<\/td>\n<td>89 cm<\/td>\n<td>90 cm<\/td>\n<td>91 cm<\/td>\n<\/tr>\n<tr>\n<td>pour le bas des manches<\/td>\n<td>2*18 cm<\/td>\n<td>2*19 cm<\/td>\n<td>2*19,5 cm<\/td>\n<td>2*20 cm<\/td>\n<td>2*20,5 cm<\/td>\n<td>2*21 cm<\/td>\n<\/tr>\n<tr>\n<td><em><em>TOTAL Croquet<\/em><\/em><\/td>\n<td><em>120,5 cm<\/em><\/td>\n<td><em>124,5 cm<\/em><\/td>\n<td><em>126 cm<\/em><\/td>\n<td><em>129 cm<\/em><\/td>\n<td><em>131 cm<\/em><\/td>\n<td><em>133 cm<\/em><\/td>\n<\/tr>\n<\/tbody>\n<\/table>\n<\/div>\n<p>&nbsp;<\/p>\n<p>Voir le <a title=\"Guide des tailles\" href=\"http:\/\/www.atelierdescigognes.fr\/wordpress\/guide-des-tailles\/\" target=\"_blank\" rel=\"noopener noreferrer\">Guide des tailles<\/a>.<\/p>\n","protected":false},"excerpt":{"rendered":"<p>Patron couture b\u00e9b\u00e9 de Guimpe \u00e0 col pierrot et manches raglan (mod\u00e8le fille). Encolure \u00e9lastiqu\u00e9e. Manches volant\u00e9es, avec possibilit\u00e9 de coudre un croquet aux poignets. Pli au bas de la guimpe avec possibilit\u00e9 d\u2019y ins\u00e9rer un croquet. Tailles : 3 m, 6 m, 9 m, 12 m, 18 m, 24 m.<\/p>\n<p>Ceci est un \u00ab\u00a0vrai\u00a0\u00bb patron de couture, sous forme de pochette, exp\u00e9di\u00e9 par courrier !<\/p>\n<p>&nbsp;<\/p>\n","protected":false},"featured_media":5401,"comment_status":"closed","ping_status":"closed","template":"","meta":{"jetpack_post_was_ever_published":false,"jetpack_publicize_message":"","jetpack_publicize_feature_enabled":true,"jetpack_social_post_already_shared":true,"jetpack_social_options":{"image_generator_settings":{"template":"highway","default_image_id":0,"font":"","enabled":false},"version":2}},"product_brand":[],"product_cat":[21],"product_tag":[38,53,64],"class_list":{"0":"post-166","1":"product","2":"type-product","3":"status-publish","4":"has-post-thumbnail","6":"product_cat-patron-couture-bebe","7":"product_tag-col-pierrot","8":"product_tag-guimpe-bebe","9":"product_tag-patron-couture-bebe-2","10":"product_shipping_class-patron-pochette","12":"first","13":"outofstock","14":"shipping-taxable","15":"purchasable","16":"product-type-simple"},"yoast_head":"<!-- This site is optimized with the Yoast SEO plugin v27.5 - https:\/\/yoast.com\/product\/yoast-seo-wordpress\/ -->\n<title>Patron couture B\u00e9b\u00e9 Guimpe \u00e0 col pierrot - HERMIONE<\/title>\n<meta name=\"description\" content=\"Patron couture B\u00e9b\u00e9 de Guimpe \u00e0 col pierrot et manches raglan (mod\u00e8le fille). Encolure \u00e9lastiqu\u00e9e pour le passage de la t\u00eate. Manches volant\u00e9es, avec possibilit\u00e9 de coudre un croquet aux poignets. Pli au bas de la guimpe avec possibilit\u00e9 d\u2019y ins\u00e9rer un croquet.\" \/>\n<meta name=\"robots\" content=\"index, follow, max-snippet:-1, max-image-preview:large, max-video-preview:-1\" \/>\n<link rel=\"canonical\" href=\"https:\/\/www.atelierdescigognes.fr\/wordpressV2\/boutique\/patron-couture-bebe\/patron-couture-bebe-guimpe-col-pierrot\/\" \/>\n<meta property=\"og:locale\" content=\"fr_FR\" \/>\n<meta property=\"og:type\" content=\"article\" \/>\n<meta property=\"og:title\" content=\"Patron couture B\u00e9b\u00e9 Guimpe \u00e0 col pierrot - HERMIONE\" \/>\n<meta property=\"og:description\" content=\"Patron couture B\u00e9b\u00e9 de Guimpe \u00e0 col pierrot et manches raglan (mod\u00e8le fille). Encolure \u00e9lastiqu\u00e9e pour le passage de la t\u00eate. Manches volant\u00e9es, avec possibilit\u00e9 de coudre un croquet aux poignets. Pli au bas de la guimpe avec possibilit\u00e9 d\u2019y ins\u00e9rer un croquet.\" \/>\n<meta property=\"og:url\" content=\"https:\/\/www.atelierdescigognes.fr\/wordpressV2\/boutique\/patron-couture-bebe\/patron-couture-bebe-guimpe-col-pierrot\/\" \/>\n<meta property=\"og:site_name\" content=\"Atelier des cigognes\" \/>\n<meta property=\"article:modified_time\" content=\"2022-07-29T13:50:47+00:00\" \/>\n<meta property=\"og:image\" content=\"https:\/\/www.atelierdescigognes.fr\/wordpressV2\/wp-content\/uploads\/2014\/12\/B25_Z.jpg\" \/>\n\t<meta property=\"og:image:width\" content=\"1200\" \/>\n\t<meta property=\"og:image:height\" content=\"1200\" \/>\n\t<meta property=\"og:image:type\" content=\"image\/jpeg\" \/>\n<meta name=\"twitter:card\" content=\"summary_large_image\" \/>\n<meta name=\"twitter:label1\" content=\"Dur\u00e9e de lecture estim\u00e9e\" \/>\n\t<meta name=\"twitter:data1\" content=\"1 minute\" \/>\n<script type=\"application\/ld+json\" class=\"yoast-schema-graph\">{\"@context\":\"https:\\\/\\\/schema.org\",\"@graph\":[{\"@type\":\"WebPage\",\"@id\":\"https:\\\/\\\/www.atelierdescigognes.fr\\\/wordpressV2\\\/boutique\\\/patron-couture-bebe\\\/patron-couture-bebe-guimpe-col-pierrot\\\/\",\"url\":\"https:\\\/\\\/www.atelierdescigognes.fr\\\/wordpressV2\\\/boutique\\\/patron-couture-bebe\\\/patron-couture-bebe-guimpe-col-pierrot\\\/\",\"name\":\"Patron couture B\u00e9b\u00e9 Guimpe \u00e0 col pierrot - HERMIONE\",\"isPartOf\":{\"@id\":\"https:\\\/\\\/www.atelierdescigognes.fr\\\/wordpressV2\\\/#website\"},\"primaryImageOfPage\":{\"@id\":\"https:\\\/\\\/www.atelierdescigognes.fr\\\/wordpressV2\\\/boutique\\\/patron-couture-bebe\\\/patron-couture-bebe-guimpe-col-pierrot\\\/#primaryimage\"},\"image\":{\"@id\":\"https:\\\/\\\/www.atelierdescigognes.fr\\\/wordpressV2\\\/boutique\\\/patron-couture-bebe\\\/patron-couture-bebe-guimpe-col-pierrot\\\/#primaryimage\"},\"thumbnailUrl\":\"https:\\\/\\\/www.atelierdescigognes.fr\\\/wordpressV2\\\/wp-content\\\/uploads\\\/2014\\\/12\\\/B25_Z.jpg\",\"datePublished\":\"2014-12-18T09:39:34+00:00\",\"dateModified\":\"2022-07-29T13:50:47+00:00\",\"description\":\"Patron couture B\u00e9b\u00e9 de Guimpe \u00e0 col pierrot et manches raglan (mod\u00e8le fille). Encolure \u00e9lastiqu\u00e9e pour le passage de la t\u00eate. Manches volant\u00e9es, avec possibilit\u00e9 de coudre un croquet aux poignets. Pli au bas de la guimpe avec possibilit\u00e9 d\u2019y ins\u00e9rer un croquet.\",\"breadcrumb\":{\"@id\":\"https:\\\/\\\/www.atelierdescigognes.fr\\\/wordpressV2\\\/boutique\\\/patron-couture-bebe\\\/patron-couture-bebe-guimpe-col-pierrot\\\/#breadcrumb\"},\"inLanguage\":\"fr-FR\",\"potentialAction\":[{\"@type\":\"ReadAction\",\"target\":[\"https:\\\/\\\/www.atelierdescigognes.fr\\\/wordpressV2\\\/boutique\\\/patron-couture-bebe\\\/patron-couture-bebe-guimpe-col-pierrot\\\/\"]}]},{\"@type\":\"ImageObject\",\"inLanguage\":\"fr-FR\",\"@id\":\"https:\\\/\\\/www.atelierdescigognes.fr\\\/wordpressV2\\\/boutique\\\/patron-couture-bebe\\\/patron-couture-bebe-guimpe-col-pierrot\\\/#primaryimage\",\"url\":\"https:\\\/\\\/www.atelierdescigognes.fr\\\/wordpressV2\\\/wp-content\\\/uploads\\\/2014\\\/12\\\/B25_Z.jpg\",\"contentUrl\":\"https:\\\/\\\/www.atelierdescigognes.fr\\\/wordpressV2\\\/wp-content\\\/uploads\\\/2014\\\/12\\\/B25_Z.jpg\",\"width\":1200,\"height\":1200,\"caption\":\"Patron couture B\u00e9b\u00e9 - Guimpe \u00e0 col pierrot - HERMIONE\"},{\"@type\":\"BreadcrumbList\",\"@id\":\"https:\\\/\\\/www.atelierdescigognes.fr\\\/wordpressV2\\\/boutique\\\/patron-couture-bebe\\\/patron-couture-bebe-guimpe-col-pierrot\\\/#breadcrumb\",\"itemListElement\":[{\"@type\":\"ListItem\",\"position\":1,\"name\":\"Accueil\",\"item\":\"https:\\\/\\\/www.atelierdescigognes.fr\\\/wordpressV2\\\/\"},{\"@type\":\"ListItem\",\"position\":2,\"name\":\"Boutique\",\"item\":\"https:\\\/\\\/www.atelierdescigognes.fr\\\/wordpressV2\\\/boutique\\\/\"},{\"@type\":\"ListItem\",\"position\":3,\"name\":\"HERMIONE &#8211; Patron couture B\u00e9b\u00e9 &#8211; Guimpe \u00e0 col pierrot\"}]},{\"@type\":\"WebSite\",\"@id\":\"https:\\\/\\\/www.atelierdescigognes.fr\\\/wordpressV2\\\/#website\",\"url\":\"https:\\\/\\\/www.atelierdescigognes.fr\\\/wordpressV2\\\/\",\"name\":\"Atelier des cigognes\",\"description\":\"Cr\u00e9ation de patrons de couture\",\"publisher\":{\"@id\":\"https:\\\/\\\/www.atelierdescigognes.fr\\\/wordpressV2\\\/#organization\"},\"potentialAction\":[{\"@type\":\"SearchAction\",\"target\":{\"@type\":\"EntryPoint\",\"urlTemplate\":\"https:\\\/\\\/www.atelierdescigognes.fr\\\/wordpressV2\\\/?s={search_term_string}\"},\"query-input\":{\"@type\":\"PropertyValueSpecification\",\"valueRequired\":true,\"valueName\":\"search_term_string\"}}],\"inLanguage\":\"fr-FR\"},{\"@type\":\"Organization\",\"@id\":\"https:\\\/\\\/www.atelierdescigognes.fr\\\/wordpressV2\\\/#organization\",\"name\":\"Atelier des cigognes\",\"url\":\"https:\\\/\\\/www.atelierdescigognes.fr\\\/wordpressV2\\\/\",\"logo\":{\"@type\":\"ImageObject\",\"inLanguage\":\"fr-FR\",\"@id\":\"https:\\\/\\\/www.atelierdescigognes.fr\\\/wordpressV2\\\/#\\\/schema\\\/logo\\\/image\\\/\",\"url\":\"https:\\\/\\\/www.atelierdescigognes.fr\\\/wordpressV2\\\/wp-content\\\/uploads\\\/2018\\\/04\\\/cropped-logo_AdC.jpg\",\"contentUrl\":\"https:\\\/\\\/www.atelierdescigognes.fr\\\/wordpressV2\\\/wp-content\\\/uploads\\\/2018\\\/04\\\/cropped-logo_AdC.jpg\",\"width\":307,\"height\":110,\"caption\":\"Atelier des cigognes\"},\"image\":{\"@id\":\"https:\\\/\\\/www.atelierdescigognes.fr\\\/wordpressV2\\\/#\\\/schema\\\/logo\\\/image\\\/\"}}]}<\/script>\n<!-- \/ Yoast SEO plugin. -->","yoast_head_json":{"title":"Patron couture B\u00e9b\u00e9 Guimpe \u00e0 col pierrot - HERMIONE","description":"Patron couture B\u00e9b\u00e9 de Guimpe \u00e0 col pierrot et manches raglan (mod\u00e8le fille). Encolure \u00e9lastiqu\u00e9e pour le passage de la t\u00eate. Manches volant\u00e9es, avec possibilit\u00e9 de coudre un croquet aux poignets. Pli au bas de la guimpe avec possibilit\u00e9 d\u2019y ins\u00e9rer un croquet.","robots":{"index":"index","follow":"follow","max-snippet":"max-snippet:-1","max-image-preview":"max-image-preview:large","max-video-preview":"max-video-preview:-1"},"canonical":"https:\/\/www.atelierdescigognes.fr\/wordpressV2\/boutique\/patron-couture-bebe\/patron-couture-bebe-guimpe-col-pierrot\/","og_locale":"fr_FR","og_type":"article","og_title":"Patron couture B\u00e9b\u00e9 Guimpe \u00e0 col pierrot - HERMIONE","og_description":"Patron couture B\u00e9b\u00e9 de Guimpe \u00e0 col pierrot et manches raglan (mod\u00e8le fille). Encolure \u00e9lastiqu\u00e9e pour le passage de la t\u00eate. Manches volant\u00e9es, avec possibilit\u00e9 de coudre un croquet aux poignets. Pli au bas de la guimpe avec possibilit\u00e9 d\u2019y ins\u00e9rer un croquet.","og_url":"https:\/\/www.atelierdescigognes.fr\/wordpressV2\/boutique\/patron-couture-bebe\/patron-couture-bebe-guimpe-col-pierrot\/","og_site_name":"Atelier des cigognes","article_modified_time":"2022-07-29T13:50:47+00:00","og_image":[{"width":1200,"height":1200,"url":"https:\/\/www.atelierdescigognes.fr\/wordpressV2\/wp-content\/uploads\/2014\/12\/B25_Z.jpg","type":"image\/jpeg"}],"twitter_card":"summary_large_image","twitter_misc":{"Dur\u00e9e de lecture estim\u00e9e":"1 minute"},"schema":{"@context":"https:\/\/schema.org","@graph":[{"@type":"WebPage","@id":"https:\/\/www.atelierdescigognes.fr\/wordpressV2\/boutique\/patron-couture-bebe\/patron-couture-bebe-guimpe-col-pierrot\/","url":"https:\/\/www.atelierdescigognes.fr\/wordpressV2\/boutique\/patron-couture-bebe\/patron-couture-bebe-guimpe-col-pierrot\/","name":"Patron couture B\u00e9b\u00e9 Guimpe \u00e0 col pierrot - HERMIONE","isPartOf":{"@id":"https:\/\/www.atelierdescigognes.fr\/wordpressV2\/#website"},"primaryImageOfPage":{"@id":"https:\/\/www.atelierdescigognes.fr\/wordpressV2\/boutique\/patron-couture-bebe\/patron-couture-bebe-guimpe-col-pierrot\/#primaryimage"},"image":{"@id":"https:\/\/www.atelierdescigognes.fr\/wordpressV2\/boutique\/patron-couture-bebe\/patron-couture-bebe-guimpe-col-pierrot\/#primaryimage"},"thumbnailUrl":"https:\/\/www.atelierdescigognes.fr\/wordpressV2\/wp-content\/uploads\/2014\/12\/B25_Z.jpg","datePublished":"2014-12-18T09:39:34+00:00","dateModified":"2022-07-29T13:50:47+00:00","description":"Patron couture B\u00e9b\u00e9 de Guimpe \u00e0 col pierrot et manches raglan (mod\u00e8le fille). Encolure \u00e9lastiqu\u00e9e pour le passage de la t\u00eate. Manches volant\u00e9es, avec possibilit\u00e9 de coudre un croquet aux poignets. Pli au bas de la guimpe avec possibilit\u00e9 d\u2019y ins\u00e9rer un croquet.","breadcrumb":{"@id":"https:\/\/www.atelierdescigognes.fr\/wordpressV2\/boutique\/patron-couture-bebe\/patron-couture-bebe-guimpe-col-pierrot\/#breadcrumb"},"inLanguage":"fr-FR","potentialAction":[{"@type":"ReadAction","target":["https:\/\/www.atelierdescigognes.fr\/wordpressV2\/boutique\/patron-couture-bebe\/patron-couture-bebe-guimpe-col-pierrot\/"]}]},{"@type":"ImageObject","inLanguage":"fr-FR","@id":"https:\/\/www.atelierdescigognes.fr\/wordpressV2\/boutique\/patron-couture-bebe\/patron-couture-bebe-guimpe-col-pierrot\/#primaryimage","url":"https:\/\/www.atelierdescigognes.fr\/wordpressV2\/wp-content\/uploads\/2014\/12\/B25_Z.jpg","contentUrl":"https:\/\/www.atelierdescigognes.fr\/wordpressV2\/wp-content\/uploads\/2014\/12\/B25_Z.jpg","width":1200,"height":1200,"caption":"Patron couture B\u00e9b\u00e9 - Guimpe \u00e0 col pierrot - HERMIONE"},{"@type":"BreadcrumbList","@id":"https:\/\/www.atelierdescigognes.fr\/wordpressV2\/boutique\/patron-couture-bebe\/patron-couture-bebe-guimpe-col-pierrot\/#breadcrumb","itemListElement":[{"@type":"ListItem","position":1,"name":"Accueil","item":"https:\/\/www.atelierdescigognes.fr\/wordpressV2\/"},{"@type":"ListItem","position":2,"name":"Boutique","item":"https:\/\/www.atelierdescigognes.fr\/wordpressV2\/boutique\/"},{"@type":"ListItem","position":3,"name":"HERMIONE &#8211; Patron couture B\u00e9b\u00e9 &#8211; Guimpe \u00e0 col pierrot"}]},{"@type":"WebSite","@id":"https:\/\/www.atelierdescigognes.fr\/wordpressV2\/#website","url":"https:\/\/www.atelierdescigognes.fr\/wordpressV2\/","name":"Atelier des cigognes","description":"Cr\u00e9ation de patrons de couture","publisher":{"@id":"https:\/\/www.atelierdescigognes.fr\/wordpressV2\/#organization"},"potentialAction":[{"@type":"SearchAction","target":{"@type":"EntryPoint","urlTemplate":"https:\/\/www.atelierdescigognes.fr\/wordpressV2\/?s={search_term_string}"},"query-input":{"@type":"PropertyValueSpecification","valueRequired":true,"valueName":"search_term_string"}}],"inLanguage":"fr-FR"},{"@type":"Organization","@id":"https:\/\/www.atelierdescigognes.fr\/wordpressV2\/#organization","name":"Atelier des cigognes","url":"https:\/\/www.atelierdescigognes.fr\/wordpressV2\/","logo":{"@type":"ImageObject","inLanguage":"fr-FR","@id":"https:\/\/www.atelierdescigognes.fr\/wordpressV2\/#\/schema\/logo\/image\/","url":"https:\/\/www.atelierdescigognes.fr\/wordpressV2\/wp-content\/uploads\/2018\/04\/cropped-logo_AdC.jpg","contentUrl":"https:\/\/www.atelierdescigognes.fr\/wordpressV2\/wp-content\/uploads\/2018\/04\/cropped-logo_AdC.jpg","width":307,"height":110,"caption":"Atelier des cigognes"},"image":{"@id":"https:\/\/www.atelierdescigognes.fr\/wordpressV2\/#\/schema\/logo\/image\/"}}]}},"jetpack_publicize_connections":[],"jetpack_sharing_enabled":true,"_links":{"self":[{"href":"https:\/\/www.atelierdescigognes.fr\/wordpressV2\/wp-json\/wp\/v2\/product\/166","targetHints":{"allow":["GET"]}}],"collection":[{"href":"https:\/\/www.atelierdescigognes.fr\/wordpressV2\/wp-json\/wp\/v2\/product"}],"about":[{"href":"https:\/\/www.atelierdescigognes.fr\/wordpressV2\/wp-json\/wp\/v2\/types\/product"}],"replies":[{"embeddable":true,"href":"https:\/\/www.atelierdescigognes.fr\/wordpressV2\/wp-json\/wp\/v2\/comments?post=166"}],"wp:featuredmedia":[{"embeddable":true,"href":"https:\/\/www.atelierdescigognes.fr\/wordpressV2\/wp-json\/wp\/v2\/media\/5401"}],"wp:attachment":[{"href":"https:\/\/www.atelierdescigognes.fr\/wordpressV2\/wp-json\/wp\/v2\/media?parent=166"}],"wp:term":[{"taxonomy":"product_brand","embeddable":true,"href":"https:\/\/www.atelierdescigognes.fr\/wordpressV2\/wp-json\/wp\/v2\/product_brand?post=166"},{"taxonomy":"product_cat","embeddable":true,"href":"https:\/\/www.atelierdescigognes.fr\/wordpressV2\/wp-json\/wp\/v2\/product_cat?post=166"},{"taxonomy":"product_tag","embeddable":true,"href":"https:\/\/www.atelierdescigognes.fr\/wordpressV2\/wp-json\/wp\/v2\/product_tag?post=166"}],"curies":[{"name":"wp","href":"https:\/\/api.w.org\/{rel}","templated":true}]}}