{"id":158,"date":"2014-12-16T15:21:17","date_gmt":"2014-12-16T14:21:17","guid":{"rendered":"http:\/\/www.atelierdescigognes.fr\/wordpress\/boutique\/patron-couture-bebe\/patron-couture-bebe-brassiere-manches-raglan\/"},"modified":"2021-03-03T15:17:25","modified_gmt":"2021-03-03T14:17:25","slug":"patron-couture-bebe-brassiere-manches-raglan","status":"publish","type":"product","link":"https:\/\/www.atelierdescigognes.fr\/wordpressV2\/boutique\/patron-couture-bebe\/patron-couture-bebe-brassiere-manches-raglan\/","title":{"rendered":"PERS\u00c9E &#8211; Patron couture B\u00e9b\u00e9 &#8211; Brassi\u00e8re \u00e0 manches raglan"},"content":{"rendered":"<p>Patron couture B\u00e9b\u00e9 de Brassi\u00e8re \u00e0 manches raglan (mod\u00e8le mixte : fille ou gar\u00e7on). Pli creux sur le devant.<br \/>\nDeux cols possibles : un col rond (col Claudine) pour les filles ; un col simple (pour fille ou gar\u00e7on).<br \/>\nDeux finitions possibles des manches : ourlet simple (pour fille ou gar\u00e7on) ; manches volant\u00e9es avec un \u00e9lastique (pour les filles).<br \/>\nCeci est un \u00ab\u00a0vrai\u00a0\u00bb patron couture b\u00e9b\u00e9, sous forme de pochette, exp\u00e9di\u00e9 par courrier !<\/p>\n<h4>Tailles<\/h4>\n<p>3 mois &#8211; 6 mois &#8211; 9 mois &#8211; 12 mois &#8211; 18 mois &#8211; 24 mois<\/p>\n<h4>Niveau de couture<\/h4>\n<p><img loading=\"lazy\" decoding=\"async\" class=\"alignnone size-medium wp-image-5343\" src=\"https:\/\/www.atelierdescigognes.fr\/wordpressV2\/wp-content\/uploads\/2017\/12\/niveau-2-300x145.jpg\" alt=\"Niveau de couture 2\" width=\"300\" height=\"145\" \/><\/p>\n<h4>Tissus recommand\u00e9s<\/h4>\n<p>Cotonnade, popeline, batiste comme du tissu Liberty.<br \/>\nTriplure thermocollante (pour donner davantage de tenue au col).<\/p>\n<p>Plus d&rsquo;infos sur le <a title=\"Choisir son tissu\" href=\"http:\/\/www.atelierdescigognes.fr\/wordpress\/choisir-son-tissu\/\" target=\"_blank\" rel=\"noopener noreferrer\">choix des tissus<\/a><\/p>\n<h4>Fournitures<\/h4>\n<p>&#8211; boutons de 1 cm de diam\u00e8tre<br \/>\n&#8211; triplure thermocollante pour renforcer le col<br \/>\n&#8211; \u00e9lastique de 3 mm de large (uniquement si l&rsquo;on r\u00e9alise des manches volant\u00e9es)<\/p>\n<h4>M\u00e9trages de tissu<\/h4>\n<div class=\"table-responsive\">\n<table class=\"table table-hover \" width=\"100%\">\n<thead>\n<tr>\n<th>Tissu de la brassi\u00e8re<\/th>\n<th>3 mois<\/th>\n<th>6 mois<\/th>\n<th>9 mois<\/th>\n<th>12 mois<\/th>\n<th>18 mois<\/th>\n<th>24 mois<\/th>\n<\/tr>\n<\/thead>\n<tbody>\n<tr>\n<td>tissu en 135 cm de large<br \/>\n(ou de largeur &gt; \u00e0 135 cm)<\/td>\n<td>60 cm<\/td>\n<td>62 cm<\/td>\n<td>64 cm<\/td>\n<td>67 cm<\/td>\n<td>70 cm<\/td>\n<td>72 cm<\/td>\n<\/tr>\n<tr>\n<td>tissu en 115 cm de large<br \/>\n(ou compris entre 115 et 135 cm)<\/td>\n<td>65 cm<\/td>\n<td>68 cm<\/td>\n<td>70 cm<\/td>\n<td>72 cm<\/td>\n<td>75 cm<\/td>\n<td>80 cm<\/td>\n<\/tr>\n<\/tbody>\n<\/table>\n<\/div>\n<p>&nbsp;<\/p>\n<div class=\"table-responsive\">\n<table class=\"table table-hover \" width=\"100%\">\n<thead>\n<tr>\n<th><\/th>\n<th>3 mois<\/th>\n<th>6 mois<\/th>\n<th>9 mois<\/th>\n<th>12 mois<\/th>\n<th>18 mois<\/th>\n<th>24 mois<\/th>\n<\/tr>\n<\/thead>\n<tbody>\n<tr>\n<td>Triplure thermocollante<\/td>\n<td style=\"text-align: center\" colspan=\"6\">un morceau de 40 cm de long * 25 cm de haut<\/td>\n<\/tr>\n<tr>\n<td>Boutons de 1 cm de diam\u00e8tre<\/td>\n<td>4<\/td>\n<td>5<\/td>\n<td>5<\/td>\n<td>5<\/td>\n<td>5<\/td>\n<td>5<\/td>\n<\/tr>\n<tr>\n<td>\u00c9lastique de 3 mm de large<br \/>\n(uniquement si l\u2019on r\u00e9alise des manches volant\u00e9es)<\/td>\n<td>2 * 14 cm<\/td>\n<td>2 * 15 cm<\/td>\n<td>2 * 15,5 cm<\/td>\n<td>2 * 16 cm<\/td>\n<td>2 * 16,5 cm<\/td>\n<td>2 * 17 cm<\/td>\n<\/tr>\n<\/tbody>\n<\/table>\n<\/div>\n<p>&nbsp;<\/p>\n<p>Voir le <a title=\"Guide des tailles\" href=\"http:\/\/www.atelierdescigognes.fr\/wordpress\/guide-des-tailles\/\" target=\"_blank\" rel=\"noopener noreferrer\">Guide des tailles<\/a>.<\/p>\n","protected":false},"excerpt":{"rendered":"<p>Patron couture B\u00e9b\u00e9 de Brassi\u00e8re \u00e0 manches raglan (mod\u00e8le mixte). Pli creux sur le devant. 2 cols possibles : col rond ou col simple. 2 finitions possibles des manches : ourlet simple ou manches volant\u00e9es.<br \/>\nTailles du patron couture b\u00e9b\u00e9 : 3 m, 6 m, 9 m, 12 m, 18 m, 24 m.<\/p>\n<p>Ceci est un \u00ab\u00a0vrai\u00a0\u00bb patron couture b\u00e9b\u00e9, sous forme de pochette, exp\u00e9di\u00e9 par courrier !<\/p>\n<p>&nbsp;<\/p>\n","protected":false},"featured_media":5410,"comment_status":"closed","ping_status":"closed","template":"","meta":{"jetpack_post_was_ever_published":false,"jetpack_publicize_message":"","jetpack_publicize_feature_enabled":true,"jetpack_social_post_already_shared":true,"jetpack_social_options":{"image_generator_settings":{"template":"highway","default_image_id":0,"font":"","enabled":false},"version":2}},"product_brand":[],"product_cat":[21],"product_tag":[30,64],"class_list":{"0":"post-158","1":"product","2":"type-product","3":"status-publish","4":"has-post-thumbnail","6":"product_cat-patron-couture-bebe","7":"product_tag-brassiere-bebe","8":"product_tag-patron-couture-bebe-2","9":"product_shipping_class-patron-pochette","11":"first","12":"outofstock","13":"shipping-taxable","14":"purchasable","15":"product-type-simple"},"yoast_head":"<!-- This site is optimized with the Yoast SEO plugin v27.2 - https:\/\/yoast.com\/product\/yoast-seo-wordpress\/ -->\n<title>Patron couture B\u00e9b\u00e9 Brassi\u00e8re \u00e0 manches raglan - PERS\u00c9E<\/title>\n<meta name=\"description\" content=\"Patron couture B\u00e9b\u00e9 de Brassi\u00e8re \u00e0 manches raglan (mod\u00e8le mixte : fille ou gar\u00e7on). Pli creux sur le devant. Deux cols possibles : un col rond (col Claudine) pour les filles ; un col simple (pour fille ou gar\u00e7on).\" \/>\n<meta name=\"robots\" content=\"index, follow, max-snippet:-1, max-image-preview:large, max-video-preview:-1\" \/>\n<link rel=\"canonical\" href=\"https:\/\/www.atelierdescigognes.fr\/wordpressV2\/boutique\/patron-couture-bebe\/patron-couture-bebe-brassiere-manches-raglan\/\" \/>\n<meta property=\"og:locale\" content=\"fr_FR\" \/>\n<meta property=\"og:type\" content=\"article\" \/>\n<meta property=\"og:title\" content=\"Patron couture B\u00e9b\u00e9 Brassi\u00e8re \u00e0 manches raglan - PERS\u00c9E\" \/>\n<meta property=\"og:description\" content=\"Patron couture B\u00e9b\u00e9 de Brassi\u00e8re \u00e0 manches raglan (mod\u00e8le mixte : fille ou gar\u00e7on). Pli creux sur le devant. Deux cols possibles : un col rond (col Claudine) pour les filles ; un col simple (pour fille ou gar\u00e7on).\" \/>\n<meta property=\"og:url\" content=\"https:\/\/www.atelierdescigognes.fr\/wordpressV2\/boutique\/patron-couture-bebe\/patron-couture-bebe-brassiere-manches-raglan\/\" \/>\n<meta property=\"og:site_name\" content=\"Atelier des cigognes\" \/>\n<meta property=\"article:modified_time\" content=\"2021-03-03T14:17:25+00:00\" \/>\n<meta property=\"og:image\" content=\"https:\/\/www.atelierdescigognes.fr\/wordpressV2\/wp-content\/uploads\/2014\/12\/B22Z.jpg\" \/>\n\t<meta property=\"og:image:width\" content=\"600\" \/>\n\t<meta property=\"og:image:height\" content=\"600\" \/>\n\t<meta property=\"og:image:type\" content=\"image\/jpeg\" \/>\n<meta name=\"twitter:card\" content=\"summary_large_image\" \/>\n<meta name=\"twitter:label1\" content=\"Dur\u00e9e de lecture estim\u00e9e\" \/>\n\t<meta name=\"twitter:data1\" content=\"1 minute\" \/>\n<script type=\"application\/ld+json\" class=\"yoast-schema-graph\">{\"@context\":\"https:\/\/schema.org\",\"@graph\":[{\"@type\":\"WebPage\",\"@id\":\"https:\/\/www.atelierdescigognes.fr\/wordpressV2\/boutique\/patron-couture-bebe\/patron-couture-bebe-brassiere-manches-raglan\/\",\"url\":\"https:\/\/www.atelierdescigognes.fr\/wordpressV2\/boutique\/patron-couture-bebe\/patron-couture-bebe-brassiere-manches-raglan\/\",\"name\":\"Patron couture B\u00e9b\u00e9 Brassi\u00e8re \u00e0 manches raglan - PERS\u00c9E\",\"isPartOf\":{\"@id\":\"https:\/\/www.atelierdescigognes.fr\/wordpressV2\/#website\"},\"primaryImageOfPage\":{\"@id\":\"https:\/\/www.atelierdescigognes.fr\/wordpressV2\/boutique\/patron-couture-bebe\/patron-couture-bebe-brassiere-manches-raglan\/#primaryimage\"},\"image\":{\"@id\":\"https:\/\/www.atelierdescigognes.fr\/wordpressV2\/boutique\/patron-couture-bebe\/patron-couture-bebe-brassiere-manches-raglan\/#primaryimage\"},\"thumbnailUrl\":\"https:\/\/www.atelierdescigognes.fr\/wordpressV2\/wp-content\/uploads\/2014\/12\/B22Z.jpg\",\"datePublished\":\"2014-12-16T14:21:17+00:00\",\"dateModified\":\"2021-03-03T14:17:25+00:00\",\"description\":\"Patron couture B\u00e9b\u00e9 de Brassi\u00e8re \u00e0 manches raglan (mod\u00e8le mixte : fille ou gar\u00e7on). Pli creux sur le devant. Deux cols possibles : un col rond (col Claudine) pour les filles ; un col simple (pour fille ou gar\u00e7on).\",\"breadcrumb\":{\"@id\":\"https:\/\/www.atelierdescigognes.fr\/wordpressV2\/boutique\/patron-couture-bebe\/patron-couture-bebe-brassiere-manches-raglan\/#breadcrumb\"},\"inLanguage\":\"fr-FR\",\"potentialAction\":[{\"@type\":\"ReadAction\",\"target\":[\"https:\/\/www.atelierdescigognes.fr\/wordpressV2\/boutique\/patron-couture-bebe\/patron-couture-bebe-brassiere-manches-raglan\/\"]}]},{\"@type\":\"ImageObject\",\"inLanguage\":\"fr-FR\",\"@id\":\"https:\/\/www.atelierdescigognes.fr\/wordpressV2\/boutique\/patron-couture-bebe\/patron-couture-bebe-brassiere-manches-raglan\/#primaryimage\",\"url\":\"https:\/\/www.atelierdescigognes.fr\/wordpressV2\/wp-content\/uploads\/2014\/12\/B22Z.jpg\",\"contentUrl\":\"https:\/\/www.atelierdescigognes.fr\/wordpressV2\/wp-content\/uploads\/2014\/12\/B22Z.jpg\",\"width\":600,\"height\":600,\"caption\":\"Patron couture B\u00e9b\u00e9 - Brassi\u00e8re \u00e0 manches raglan - PERS\u00c9E\"},{\"@type\":\"BreadcrumbList\",\"@id\":\"https:\/\/www.atelierdescigognes.fr\/wordpressV2\/boutique\/patron-couture-bebe\/patron-couture-bebe-brassiere-manches-raglan\/#breadcrumb\",\"itemListElement\":[{\"@type\":\"ListItem\",\"position\":1,\"name\":\"Accueil\",\"item\":\"https:\/\/www.atelierdescigognes.fr\/wordpressV2\/\"},{\"@type\":\"ListItem\",\"position\":2,\"name\":\"Boutique\",\"item\":\"https:\/\/www.atelierdescigognes.fr\/wordpressV2\/boutique\/\"},{\"@type\":\"ListItem\",\"position\":3,\"name\":\"PERS\u00c9E &#8211; Patron couture B\u00e9b\u00e9 &#8211; Brassi\u00e8re \u00e0 manches raglan\"}]},{\"@type\":\"WebSite\",\"@id\":\"https:\/\/www.atelierdescigognes.fr\/wordpressV2\/#website\",\"url\":\"https:\/\/www.atelierdescigognes.fr\/wordpressV2\/\",\"name\":\"Atelier des cigognes\",\"description\":\"Cr\u00e9ation de patrons de couture\",\"publisher\":{\"@id\":\"https:\/\/www.atelierdescigognes.fr\/wordpressV2\/#organization\"},\"potentialAction\":[{\"@type\":\"SearchAction\",\"target\":{\"@type\":\"EntryPoint\",\"urlTemplate\":\"https:\/\/www.atelierdescigognes.fr\/wordpressV2\/?s={search_term_string}\"},\"query-input\":{\"@type\":\"PropertyValueSpecification\",\"valueRequired\":true,\"valueName\":\"search_term_string\"}}],\"inLanguage\":\"fr-FR\"},{\"@type\":\"Organization\",\"@id\":\"https:\/\/www.atelierdescigognes.fr\/wordpressV2\/#organization\",\"name\":\"Atelier des cigognes\",\"url\":\"https:\/\/www.atelierdescigognes.fr\/wordpressV2\/\",\"logo\":{\"@type\":\"ImageObject\",\"inLanguage\":\"fr-FR\",\"@id\":\"https:\/\/www.atelierdescigognes.fr\/wordpressV2\/#\/schema\/logo\/image\/\",\"url\":\"https:\/\/www.atelierdescigognes.fr\/wordpressV2\/wp-content\/uploads\/2018\/04\/cropped-logo_AdC.jpg\",\"contentUrl\":\"https:\/\/www.atelierdescigognes.fr\/wordpressV2\/wp-content\/uploads\/2018\/04\/cropped-logo_AdC.jpg\",\"width\":307,\"height\":110,\"caption\":\"Atelier des cigognes\"},\"image\":{\"@id\":\"https:\/\/www.atelierdescigognes.fr\/wordpressV2\/#\/schema\/logo\/image\/\"}}]}<\/script>\n<!-- \/ Yoast SEO plugin. -->","yoast_head_json":{"title":"Patron couture B\u00e9b\u00e9 Brassi\u00e8re \u00e0 manches raglan - PERS\u00c9E","description":"Patron couture B\u00e9b\u00e9 de Brassi\u00e8re \u00e0 manches raglan (mod\u00e8le mixte : fille ou gar\u00e7on). Pli creux sur le devant. Deux cols possibles : un col rond (col Claudine) pour les filles ; un col simple (pour fille ou gar\u00e7on).","robots":{"index":"index","follow":"follow","max-snippet":"max-snippet:-1","max-image-preview":"max-image-preview:large","max-video-preview":"max-video-preview:-1"},"canonical":"https:\/\/www.atelierdescigognes.fr\/wordpressV2\/boutique\/patron-couture-bebe\/patron-couture-bebe-brassiere-manches-raglan\/","og_locale":"fr_FR","og_type":"article","og_title":"Patron couture B\u00e9b\u00e9 Brassi\u00e8re \u00e0 manches raglan - PERS\u00c9E","og_description":"Patron couture B\u00e9b\u00e9 de Brassi\u00e8re \u00e0 manches raglan (mod\u00e8le mixte : fille ou gar\u00e7on). Pli creux sur le devant. Deux cols possibles : un col rond (col Claudine) pour les filles ; un col simple (pour fille ou gar\u00e7on).","og_url":"https:\/\/www.atelierdescigognes.fr\/wordpressV2\/boutique\/patron-couture-bebe\/patron-couture-bebe-brassiere-manches-raglan\/","og_site_name":"Atelier des cigognes","article_modified_time":"2021-03-03T14:17:25+00:00","og_image":[{"width":600,"height":600,"url":"https:\/\/www.atelierdescigognes.fr\/wordpressV2\/wp-content\/uploads\/2014\/12\/B22Z.jpg","type":"image\/jpeg"}],"twitter_card":"summary_large_image","twitter_misc":{"Dur\u00e9e de lecture estim\u00e9e":"1 minute"},"schema":{"@context":"https:\/\/schema.org","@graph":[{"@type":"WebPage","@id":"https:\/\/www.atelierdescigognes.fr\/wordpressV2\/boutique\/patron-couture-bebe\/patron-couture-bebe-brassiere-manches-raglan\/","url":"https:\/\/www.atelierdescigognes.fr\/wordpressV2\/boutique\/patron-couture-bebe\/patron-couture-bebe-brassiere-manches-raglan\/","name":"Patron couture B\u00e9b\u00e9 Brassi\u00e8re \u00e0 manches raglan - PERS\u00c9E","isPartOf":{"@id":"https:\/\/www.atelierdescigognes.fr\/wordpressV2\/#website"},"primaryImageOfPage":{"@id":"https:\/\/www.atelierdescigognes.fr\/wordpressV2\/boutique\/patron-couture-bebe\/patron-couture-bebe-brassiere-manches-raglan\/#primaryimage"},"image":{"@id":"https:\/\/www.atelierdescigognes.fr\/wordpressV2\/boutique\/patron-couture-bebe\/patron-couture-bebe-brassiere-manches-raglan\/#primaryimage"},"thumbnailUrl":"https:\/\/www.atelierdescigognes.fr\/wordpressV2\/wp-content\/uploads\/2014\/12\/B22Z.jpg","datePublished":"2014-12-16T14:21:17+00:00","dateModified":"2021-03-03T14:17:25+00:00","description":"Patron couture B\u00e9b\u00e9 de Brassi\u00e8re \u00e0 manches raglan (mod\u00e8le mixte : fille ou gar\u00e7on). Pli creux sur le devant. Deux cols possibles : un col rond (col Claudine) pour les filles ; un col simple (pour fille ou gar\u00e7on).","breadcrumb":{"@id":"https:\/\/www.atelierdescigognes.fr\/wordpressV2\/boutique\/patron-couture-bebe\/patron-couture-bebe-brassiere-manches-raglan\/#breadcrumb"},"inLanguage":"fr-FR","potentialAction":[{"@type":"ReadAction","target":["https:\/\/www.atelierdescigognes.fr\/wordpressV2\/boutique\/patron-couture-bebe\/patron-couture-bebe-brassiere-manches-raglan\/"]}]},{"@type":"ImageObject","inLanguage":"fr-FR","@id":"https:\/\/www.atelierdescigognes.fr\/wordpressV2\/boutique\/patron-couture-bebe\/patron-couture-bebe-brassiere-manches-raglan\/#primaryimage","url":"https:\/\/www.atelierdescigognes.fr\/wordpressV2\/wp-content\/uploads\/2014\/12\/B22Z.jpg","contentUrl":"https:\/\/www.atelierdescigognes.fr\/wordpressV2\/wp-content\/uploads\/2014\/12\/B22Z.jpg","width":600,"height":600,"caption":"Patron couture B\u00e9b\u00e9 - Brassi\u00e8re \u00e0 manches raglan - PERS\u00c9E"},{"@type":"BreadcrumbList","@id":"https:\/\/www.atelierdescigognes.fr\/wordpressV2\/boutique\/patron-couture-bebe\/patron-couture-bebe-brassiere-manches-raglan\/#breadcrumb","itemListElement":[{"@type":"ListItem","position":1,"name":"Accueil","item":"https:\/\/www.atelierdescigognes.fr\/wordpressV2\/"},{"@type":"ListItem","position":2,"name":"Boutique","item":"https:\/\/www.atelierdescigognes.fr\/wordpressV2\/boutique\/"},{"@type":"ListItem","position":3,"name":"PERS\u00c9E &#8211; Patron couture B\u00e9b\u00e9 &#8211; Brassi\u00e8re \u00e0 manches raglan"}]},{"@type":"WebSite","@id":"https:\/\/www.atelierdescigognes.fr\/wordpressV2\/#website","url":"https:\/\/www.atelierdescigognes.fr\/wordpressV2\/","name":"Atelier des cigognes","description":"Cr\u00e9ation de patrons de couture","publisher":{"@id":"https:\/\/www.atelierdescigognes.fr\/wordpressV2\/#organization"},"potentialAction":[{"@type":"SearchAction","target":{"@type":"EntryPoint","urlTemplate":"https:\/\/www.atelierdescigognes.fr\/wordpressV2\/?s={search_term_string}"},"query-input":{"@type":"PropertyValueSpecification","valueRequired":true,"valueName":"search_term_string"}}],"inLanguage":"fr-FR"},{"@type":"Organization","@id":"https:\/\/www.atelierdescigognes.fr\/wordpressV2\/#organization","name":"Atelier des cigognes","url":"https:\/\/www.atelierdescigognes.fr\/wordpressV2\/","logo":{"@type":"ImageObject","inLanguage":"fr-FR","@id":"https:\/\/www.atelierdescigognes.fr\/wordpressV2\/#\/schema\/logo\/image\/","url":"https:\/\/www.atelierdescigognes.fr\/wordpressV2\/wp-content\/uploads\/2018\/04\/cropped-logo_AdC.jpg","contentUrl":"https:\/\/www.atelierdescigognes.fr\/wordpressV2\/wp-content\/uploads\/2018\/04\/cropped-logo_AdC.jpg","width":307,"height":110,"caption":"Atelier des cigognes"},"image":{"@id":"https:\/\/www.atelierdescigognes.fr\/wordpressV2\/#\/schema\/logo\/image\/"}}]}},"jetpack_publicize_connections":[],"jetpack_sharing_enabled":true,"_links":{"self":[{"href":"https:\/\/www.atelierdescigognes.fr\/wordpressV2\/wp-json\/wp\/v2\/product\/158","targetHints":{"allow":["GET"]}}],"collection":[{"href":"https:\/\/www.atelierdescigognes.fr\/wordpressV2\/wp-json\/wp\/v2\/product"}],"about":[{"href":"https:\/\/www.atelierdescigognes.fr\/wordpressV2\/wp-json\/wp\/v2\/types\/product"}],"replies":[{"embeddable":true,"href":"https:\/\/www.atelierdescigognes.fr\/wordpressV2\/wp-json\/wp\/v2\/comments?post=158"}],"wp:featuredmedia":[{"embeddable":true,"href":"https:\/\/www.atelierdescigognes.fr\/wordpressV2\/wp-json\/wp\/v2\/media\/5410"}],"wp:attachment":[{"href":"https:\/\/www.atelierdescigognes.fr\/wordpressV2\/wp-json\/wp\/v2\/media?parent=158"}],"wp:term":[{"taxonomy":"product_brand","embeddable":true,"href":"https:\/\/www.atelierdescigognes.fr\/wordpressV2\/wp-json\/wp\/v2\/product_brand?post=158"},{"taxonomy":"product_cat","embeddable":true,"href":"https:\/\/www.atelierdescigognes.fr\/wordpressV2\/wp-json\/wp\/v2\/product_cat?post=158"},{"taxonomy":"product_tag","embeddable":true,"href":"https:\/\/www.atelierdescigognes.fr\/wordpressV2\/wp-json\/wp\/v2\/product_tag?post=158"}],"curies":[{"name":"wp","href":"https:\/\/api.w.org\/{rel}","templated":true}]}}