{"id":151,"date":"2014-12-16T14:05:40","date_gmt":"2014-12-16T14:05:40","guid":{"rendered":"http:\/\/www.atelierdescigognes.fr\/wordpress\/boutique\/patron-couture-bebe\/patron-couture-bebe-robe-chasuble\/"},"modified":"2018-03-27T17:36:57","modified_gmt":"2018-03-27T15:36:57","slug":"patron-couture-bebe-robe-chasuble","status":"publish","type":"product","link":"https:\/\/www.atelierdescigognes.fr\/wordpressV2\/boutique\/patron-couture-bebe\/patron-couture-bebe-robe-chasuble\/","title":{"rendered":"ARIANE &#8211; Patron couture B\u00e9b\u00e9 &#8211; Robe chasuble"},"content":{"rendered":"<p>Patron couture robe B\u00e9b\u00e9, pour une petite robe chasuble avec corsage doubl\u00e9 ; dos boutonn\u00e9 (3 boutons). Fronces \u00e0 la taille. Tailles du patron couture robe b\u00e9b\u00e9 : 3 mois, 6 mois, 9 mois, 12 mois, 18 mois, 24 mois.<br \/>\nCeci est un \u00ab\u00a0vrai\u00a0\u00bb patron de couture, sous forme de pochette, exp\u00e9di\u00e9 par courrier !<\/p>\n<h4>Tailles<\/h4>\n<p>3 mois &#8211; 6 mois &#8211; 9 mois &#8211; 12 mois &#8211; 18 mois &#8211; 24 mois<\/p>\n<h4>Niveau de couture<\/h4>\n<p><img loading=\"lazy\" decoding=\"async\" class=\"alignnone size-medium wp-image-5343\" src=\"https:\/\/www.atelierdescigognes.fr\/wordpressV2\/wp-content\/uploads\/2017\/12\/niveau-2-300x145.jpg\" alt=\"Niveau de couture 2\" width=\"300\" height=\"145\" \/><\/p>\n<h4>Tissus recommand\u00e9s<\/h4>\n<p>Pour une robe d\u2019\u00e9t\u00e9 : toile de coton, lin, batiste (ex :\u00a0 tissu liberty), popeline.<br \/>\nPour une robe d\u2019hiver : serg\u00e9, gabardine, velours milleraies, fin lainage.<br \/>\nDoublure : coton l\u00e9ger tel que du liberty, doublure en satin.<\/p>\n<p>Plus d&rsquo;infos sur le <a title=\"Choisir son tissu\" href=\"http:\/\/www.atelierdescigognes.fr\/wordpress\/choisir-son-tissu\/\" target=\"_blank\" rel=\"noopener\">choix des tissus<\/a><\/p>\n<p>&nbsp;<\/p>\n<h4>Fournitures<\/h4>\n<p>&#8211; 3 boutons de 1 cm de diam\u00e8tre<\/p>\n<p>&nbsp;<\/p>\n<h4>M\u00e9trages de tissu<\/h4>\n<div class=\"table-responsive\">\n<table class=\"table table-hover \" width=\"100%\">\n<thead>\n<tr>\n<th>Tissu de la robe<\/th>\n<th>3 mois<\/th>\n<th>6 mois<\/th>\n<th>9 mois<\/th>\n<th>12 mois<\/th>\n<th>18 mois<\/th>\n<th>24 mois<\/th>\n<\/tr>\n<\/thead>\n<tbody>\n<tr>\n<td>tissu en 135 cm de large<br \/>\n(ou de largeur &gt; \u00e0 135 cm)<\/td>\n<td>60 cm<\/td>\n<td>65 cm<\/td>\n<td>70 cm<\/td>\n<td>75 cm<\/td>\n<td>80 cm<\/td>\n<td>85 cm<\/td>\n<\/tr>\n<tr>\n<td>tissu en 115 cm de large<br \/>\n(ou compris entre 115 et 135 cm)<\/td>\n<td>80 cm<\/td>\n<td>85 cm<\/td>\n<td>85 cm<\/td>\n<td>90 cm<\/td>\n<td>95 cm<\/td>\n<td>1 m<\/td>\n<\/tr>\n<\/tbody>\n<\/table>\n<\/div>\n<p>&nbsp;<\/p>\n<div class=\"table-responsive\">\n<table class=\"table table-hover \" width=\"100%\">\n<thead>\n<tr>\n<th><\/th>\n<th>3 mois<\/th>\n<th>6 mois<\/th>\n<th>9 mois<\/th>\n<th>12 mois<\/th>\n<th>18 mois<\/th>\n<th>24 mois<\/th>\n<\/tr>\n<\/thead>\n<tbody>\n<tr>\n<td>Doublure<\/td>\n<td style=\"text-align: center;\" colspan=\"6\">un morceau de 80 cm de long * 25 cm de haut<\/td>\n<\/tr>\n<tr>\n<td>Boutons de 1 cm de diam\u00e8tre<\/td>\n<td style=\"text-align: center;\" colspan=\"6\">3 boutons<\/td>\n<\/tr>\n<\/tbody>\n<\/table>\n<\/div>\n<p>&nbsp;<\/p>\n<p>Voir le <a title=\"Guide des tailles\" href=\"http:\/\/www.atelierdescigognes.fr\/wordpress\/guide-des-tailles\/\" target=\"_blank\" rel=\"noopener\">Guide des tailles<\/a>.<\/p>\n","protected":false},"excerpt":{"rendered":"<p>Robe chasuble avec corsage doubl\u00e9 ; dos boutonn\u00e9 (3 boutons). Fronces \u00e0 la taille. Tailles du patron couture robe b\u00e9b\u00e9\u00a0: 3 mois, 6 mois, 9 mois, 12 mois, 18 mois, 24 mois.<\/p>\n<p>Ceci est un \u00ab\u00a0vrai\u00a0\u00bb patron de couture, sous forme de pochette, exp\u00e9di\u00e9 par courrier !<\/p>\n<p>Existe aussi en version PDF : <a href=\"http:\/\/www.atelierdescigognes.fr\/boutique\/patron-couture-bebe\/ariane-patron-pdf-couture-bebe-robe-chasuble\/\">Patron couture b\u00e9b\u00e9 Ariane-PDF<\/a><\/p>\n<p>&nbsp;<\/p>\n","protected":false},"featured_media":5361,"comment_status":"closed","ping_status":"closed","template":"","meta":{"jetpack_post_was_ever_published":false,"jetpack_publicize_message":"","jetpack_publicize_feature_enabled":true,"jetpack_social_post_already_shared":true,"jetpack_social_options":{"image_generator_settings":{"template":"highway","default_image_id":0,"font":"","enabled":false},"version":2}},"product_brand":[],"product_cat":[21],"product_tag":[64,75,80],"class_list":{"0":"post-151","1":"product","2":"type-product","3":"status-publish","4":"has-post-thumbnail","6":"product_cat-patron-couture-bebe","7":"product_tag-patron-couture-bebe-2","8":"product_tag-patron-couture-robe-bebe","9":"product_tag-robe-chasuble","10":"product_shipping_class-patron-pochette","12":"first","13":"outofstock","14":"shipping-taxable","15":"purchasable","16":"product-type-simple"},"yoast_head":"<!-- This site is optimized with the Yoast SEO plugin v27.2 - https:\/\/yoast.com\/product\/yoast-seo-wordpress\/ -->\n<title>Patron couture robe B\u00e9b\u00e9 - robe chasuble - ARIANE<\/title>\n<meta name=\"description\" content=\"Patron couture robe B\u00e9b\u00e9. Robe chasuble avec corsage doubl\u00e9 ; dos boutonn\u00e9 (3 boutons). Fronces \u00e0 la taille. \u00c0 r\u00e9aliser en pour toutes les saisons !\" \/>\n<meta name=\"robots\" content=\"index, follow, max-snippet:-1, max-image-preview:large, max-video-preview:-1\" \/>\n<link rel=\"canonical\" href=\"https:\/\/www.atelierdescigognes.fr\/wordpressV2\/boutique\/patron-couture-bebe\/patron-couture-bebe-robe-chasuble\/\" \/>\n<meta property=\"og:locale\" content=\"fr_FR\" \/>\n<meta property=\"og:type\" content=\"article\" \/>\n<meta property=\"og:title\" content=\"Patron couture robe B\u00e9b\u00e9 - robe chasuble - ARIANE\" \/>\n<meta property=\"og:description\" content=\"Patron couture robe B\u00e9b\u00e9. Robe chasuble avec corsage doubl\u00e9 ; dos boutonn\u00e9 (3 boutons). Fronces \u00e0 la taille. \u00c0 r\u00e9aliser en pour toutes les saisons !\" \/>\n<meta property=\"og:url\" content=\"https:\/\/www.atelierdescigognes.fr\/wordpressV2\/boutique\/patron-couture-bebe\/patron-couture-bebe-robe-chasuble\/\" \/>\n<meta property=\"og:site_name\" content=\"Atelier des cigognes\" \/>\n<meta property=\"article:modified_time\" content=\"2018-03-27T15:36:57+00:00\" \/>\n<meta property=\"og:image\" content=\"https:\/\/www.atelierdescigognes.fr\/wordpressV2\/wp-content\/uploads\/2014\/12\/B24Z.jpg\" \/>\n\t<meta property=\"og:image:width\" content=\"600\" \/>\n\t<meta property=\"og:image:height\" content=\"600\" \/>\n\t<meta property=\"og:image:type\" content=\"image\/jpeg\" \/>\n<meta name=\"twitter:card\" content=\"summary_large_image\" \/>\n<meta name=\"twitter:label1\" content=\"Dur\u00e9e de lecture estim\u00e9e\" \/>\n\t<meta name=\"twitter:data1\" content=\"1 minute\" \/>\n<script type=\"application\/ld+json\" class=\"yoast-schema-graph\">{\"@context\":\"https:\/\/schema.org\",\"@graph\":[{\"@type\":\"WebPage\",\"@id\":\"https:\/\/www.atelierdescigognes.fr\/wordpressV2\/boutique\/patron-couture-bebe\/patron-couture-bebe-robe-chasuble\/\",\"url\":\"https:\/\/www.atelierdescigognes.fr\/wordpressV2\/boutique\/patron-couture-bebe\/patron-couture-bebe-robe-chasuble\/\",\"name\":\"Patron couture robe B\u00e9b\u00e9 - robe chasuble - ARIANE\",\"isPartOf\":{\"@id\":\"https:\/\/www.atelierdescigognes.fr\/wordpressV2\/#website\"},\"primaryImageOfPage\":{\"@id\":\"https:\/\/www.atelierdescigognes.fr\/wordpressV2\/boutique\/patron-couture-bebe\/patron-couture-bebe-robe-chasuble\/#primaryimage\"},\"image\":{\"@id\":\"https:\/\/www.atelierdescigognes.fr\/wordpressV2\/boutique\/patron-couture-bebe\/patron-couture-bebe-robe-chasuble\/#primaryimage\"},\"thumbnailUrl\":\"https:\/\/www.atelierdescigognes.fr\/wordpressV2\/wp-content\/uploads\/2014\/12\/B24Z.jpg\",\"datePublished\":\"2014-12-16T14:05:40+00:00\",\"dateModified\":\"2018-03-27T15:36:57+00:00\",\"description\":\"Patron couture robe B\u00e9b\u00e9. Robe chasuble avec corsage doubl\u00e9 ; dos boutonn\u00e9 (3 boutons). Fronces \u00e0 la taille. \u00c0 r\u00e9aliser en pour toutes les saisons !\",\"breadcrumb\":{\"@id\":\"https:\/\/www.atelierdescigognes.fr\/wordpressV2\/boutique\/patron-couture-bebe\/patron-couture-bebe-robe-chasuble\/#breadcrumb\"},\"inLanguage\":\"fr-FR\",\"potentialAction\":[{\"@type\":\"ReadAction\",\"target\":[\"https:\/\/www.atelierdescigognes.fr\/wordpressV2\/boutique\/patron-couture-bebe\/patron-couture-bebe-robe-chasuble\/\"]}]},{\"@type\":\"ImageObject\",\"inLanguage\":\"fr-FR\",\"@id\":\"https:\/\/www.atelierdescigognes.fr\/wordpressV2\/boutique\/patron-couture-bebe\/patron-couture-bebe-robe-chasuble\/#primaryimage\",\"url\":\"https:\/\/www.atelierdescigognes.fr\/wordpressV2\/wp-content\/uploads\/2014\/12\/B24Z.jpg\",\"contentUrl\":\"https:\/\/www.atelierdescigognes.fr\/wordpressV2\/wp-content\/uploads\/2014\/12\/B24Z.jpg\",\"width\":600,\"height\":600,\"caption\":\"Patron couture robe B\u00e9b\u00e9 -ARIANE\"},{\"@type\":\"BreadcrumbList\",\"@id\":\"https:\/\/www.atelierdescigognes.fr\/wordpressV2\/boutique\/patron-couture-bebe\/patron-couture-bebe-robe-chasuble\/#breadcrumb\",\"itemListElement\":[{\"@type\":\"ListItem\",\"position\":1,\"name\":\"Accueil\",\"item\":\"https:\/\/www.atelierdescigognes.fr\/wordpressV2\/\"},{\"@type\":\"ListItem\",\"position\":2,\"name\":\"Boutique\",\"item\":\"https:\/\/www.atelierdescigognes.fr\/wordpressV2\/boutique\/\"},{\"@type\":\"ListItem\",\"position\":3,\"name\":\"ARIANE &#8211; Patron couture B\u00e9b\u00e9 &#8211; Robe chasuble\"}]},{\"@type\":\"WebSite\",\"@id\":\"https:\/\/www.atelierdescigognes.fr\/wordpressV2\/#website\",\"url\":\"https:\/\/www.atelierdescigognes.fr\/wordpressV2\/\",\"name\":\"Atelier des cigognes\",\"description\":\"Cr\u00e9ation de patrons de couture\",\"publisher\":{\"@id\":\"https:\/\/www.atelierdescigognes.fr\/wordpressV2\/#organization\"},\"potentialAction\":[{\"@type\":\"SearchAction\",\"target\":{\"@type\":\"EntryPoint\",\"urlTemplate\":\"https:\/\/www.atelierdescigognes.fr\/wordpressV2\/?s={search_term_string}\"},\"query-input\":{\"@type\":\"PropertyValueSpecification\",\"valueRequired\":true,\"valueName\":\"search_term_string\"}}],\"inLanguage\":\"fr-FR\"},{\"@type\":\"Organization\",\"@id\":\"https:\/\/www.atelierdescigognes.fr\/wordpressV2\/#organization\",\"name\":\"Atelier des cigognes\",\"url\":\"https:\/\/www.atelierdescigognes.fr\/wordpressV2\/\",\"logo\":{\"@type\":\"ImageObject\",\"inLanguage\":\"fr-FR\",\"@id\":\"https:\/\/www.atelierdescigognes.fr\/wordpressV2\/#\/schema\/logo\/image\/\",\"url\":\"https:\/\/www.atelierdescigognes.fr\/wordpressV2\/wp-content\/uploads\/2018\/04\/cropped-logo_AdC.jpg\",\"contentUrl\":\"https:\/\/www.atelierdescigognes.fr\/wordpressV2\/wp-content\/uploads\/2018\/04\/cropped-logo_AdC.jpg\",\"width\":307,\"height\":110,\"caption\":\"Atelier des cigognes\"},\"image\":{\"@id\":\"https:\/\/www.atelierdescigognes.fr\/wordpressV2\/#\/schema\/logo\/image\/\"}}]}<\/script>\n<!-- \/ Yoast SEO plugin. -->","yoast_head_json":{"title":"Patron couture robe B\u00e9b\u00e9 - robe chasuble - ARIANE","description":"Patron couture robe B\u00e9b\u00e9. Robe chasuble avec corsage doubl\u00e9 ; dos boutonn\u00e9 (3 boutons). Fronces \u00e0 la taille. \u00c0 r\u00e9aliser en pour toutes les saisons !","robots":{"index":"index","follow":"follow","max-snippet":"max-snippet:-1","max-image-preview":"max-image-preview:large","max-video-preview":"max-video-preview:-1"},"canonical":"https:\/\/www.atelierdescigognes.fr\/wordpressV2\/boutique\/patron-couture-bebe\/patron-couture-bebe-robe-chasuble\/","og_locale":"fr_FR","og_type":"article","og_title":"Patron couture robe B\u00e9b\u00e9 - robe chasuble - ARIANE","og_description":"Patron couture robe B\u00e9b\u00e9. Robe chasuble avec corsage doubl\u00e9 ; dos boutonn\u00e9 (3 boutons). Fronces \u00e0 la taille. \u00c0 r\u00e9aliser en pour toutes les saisons !","og_url":"https:\/\/www.atelierdescigognes.fr\/wordpressV2\/boutique\/patron-couture-bebe\/patron-couture-bebe-robe-chasuble\/","og_site_name":"Atelier des cigognes","article_modified_time":"2018-03-27T15:36:57+00:00","og_image":[{"width":600,"height":600,"url":"https:\/\/www.atelierdescigognes.fr\/wordpressV2\/wp-content\/uploads\/2014\/12\/B24Z.jpg","type":"image\/jpeg"}],"twitter_card":"summary_large_image","twitter_misc":{"Dur\u00e9e de lecture estim\u00e9e":"1 minute"},"schema":{"@context":"https:\/\/schema.org","@graph":[{"@type":"WebPage","@id":"https:\/\/www.atelierdescigognes.fr\/wordpressV2\/boutique\/patron-couture-bebe\/patron-couture-bebe-robe-chasuble\/","url":"https:\/\/www.atelierdescigognes.fr\/wordpressV2\/boutique\/patron-couture-bebe\/patron-couture-bebe-robe-chasuble\/","name":"Patron couture robe B\u00e9b\u00e9 - robe chasuble - ARIANE","isPartOf":{"@id":"https:\/\/www.atelierdescigognes.fr\/wordpressV2\/#website"},"primaryImageOfPage":{"@id":"https:\/\/www.atelierdescigognes.fr\/wordpressV2\/boutique\/patron-couture-bebe\/patron-couture-bebe-robe-chasuble\/#primaryimage"},"image":{"@id":"https:\/\/www.atelierdescigognes.fr\/wordpressV2\/boutique\/patron-couture-bebe\/patron-couture-bebe-robe-chasuble\/#primaryimage"},"thumbnailUrl":"https:\/\/www.atelierdescigognes.fr\/wordpressV2\/wp-content\/uploads\/2014\/12\/B24Z.jpg","datePublished":"2014-12-16T14:05:40+00:00","dateModified":"2018-03-27T15:36:57+00:00","description":"Patron couture robe B\u00e9b\u00e9. Robe chasuble avec corsage doubl\u00e9 ; dos boutonn\u00e9 (3 boutons). Fronces \u00e0 la taille. \u00c0 r\u00e9aliser en pour toutes les saisons !","breadcrumb":{"@id":"https:\/\/www.atelierdescigognes.fr\/wordpressV2\/boutique\/patron-couture-bebe\/patron-couture-bebe-robe-chasuble\/#breadcrumb"},"inLanguage":"fr-FR","potentialAction":[{"@type":"ReadAction","target":["https:\/\/www.atelierdescigognes.fr\/wordpressV2\/boutique\/patron-couture-bebe\/patron-couture-bebe-robe-chasuble\/"]}]},{"@type":"ImageObject","inLanguage":"fr-FR","@id":"https:\/\/www.atelierdescigognes.fr\/wordpressV2\/boutique\/patron-couture-bebe\/patron-couture-bebe-robe-chasuble\/#primaryimage","url":"https:\/\/www.atelierdescigognes.fr\/wordpressV2\/wp-content\/uploads\/2014\/12\/B24Z.jpg","contentUrl":"https:\/\/www.atelierdescigognes.fr\/wordpressV2\/wp-content\/uploads\/2014\/12\/B24Z.jpg","width":600,"height":600,"caption":"Patron couture robe B\u00e9b\u00e9 -ARIANE"},{"@type":"BreadcrumbList","@id":"https:\/\/www.atelierdescigognes.fr\/wordpressV2\/boutique\/patron-couture-bebe\/patron-couture-bebe-robe-chasuble\/#breadcrumb","itemListElement":[{"@type":"ListItem","position":1,"name":"Accueil","item":"https:\/\/www.atelierdescigognes.fr\/wordpressV2\/"},{"@type":"ListItem","position":2,"name":"Boutique","item":"https:\/\/www.atelierdescigognes.fr\/wordpressV2\/boutique\/"},{"@type":"ListItem","position":3,"name":"ARIANE &#8211; Patron couture B\u00e9b\u00e9 &#8211; Robe chasuble"}]},{"@type":"WebSite","@id":"https:\/\/www.atelierdescigognes.fr\/wordpressV2\/#website","url":"https:\/\/www.atelierdescigognes.fr\/wordpressV2\/","name":"Atelier des cigognes","description":"Cr\u00e9ation de patrons de couture","publisher":{"@id":"https:\/\/www.atelierdescigognes.fr\/wordpressV2\/#organization"},"potentialAction":[{"@type":"SearchAction","target":{"@type":"EntryPoint","urlTemplate":"https:\/\/www.atelierdescigognes.fr\/wordpressV2\/?s={search_term_string}"},"query-input":{"@type":"PropertyValueSpecification","valueRequired":true,"valueName":"search_term_string"}}],"inLanguage":"fr-FR"},{"@type":"Organization","@id":"https:\/\/www.atelierdescigognes.fr\/wordpressV2\/#organization","name":"Atelier des cigognes","url":"https:\/\/www.atelierdescigognes.fr\/wordpressV2\/","logo":{"@type":"ImageObject","inLanguage":"fr-FR","@id":"https:\/\/www.atelierdescigognes.fr\/wordpressV2\/#\/schema\/logo\/image\/","url":"https:\/\/www.atelierdescigognes.fr\/wordpressV2\/wp-content\/uploads\/2018\/04\/cropped-logo_AdC.jpg","contentUrl":"https:\/\/www.atelierdescigognes.fr\/wordpressV2\/wp-content\/uploads\/2018\/04\/cropped-logo_AdC.jpg","width":307,"height":110,"caption":"Atelier des cigognes"},"image":{"@id":"https:\/\/www.atelierdescigognes.fr\/wordpressV2\/#\/schema\/logo\/image\/"}}]}},"jetpack_publicize_connections":[],"jetpack_sharing_enabled":true,"_links":{"self":[{"href":"https:\/\/www.atelierdescigognes.fr\/wordpressV2\/wp-json\/wp\/v2\/product\/151","targetHints":{"allow":["GET"]}}],"collection":[{"href":"https:\/\/www.atelierdescigognes.fr\/wordpressV2\/wp-json\/wp\/v2\/product"}],"about":[{"href":"https:\/\/www.atelierdescigognes.fr\/wordpressV2\/wp-json\/wp\/v2\/types\/product"}],"replies":[{"embeddable":true,"href":"https:\/\/www.atelierdescigognes.fr\/wordpressV2\/wp-json\/wp\/v2\/comments?post=151"}],"wp:featuredmedia":[{"embeddable":true,"href":"https:\/\/www.atelierdescigognes.fr\/wordpressV2\/wp-json\/wp\/v2\/media\/5361"}],"wp:attachment":[{"href":"https:\/\/www.atelierdescigognes.fr\/wordpressV2\/wp-json\/wp\/v2\/media?parent=151"}],"wp:term":[{"taxonomy":"product_brand","embeddable":true,"href":"https:\/\/www.atelierdescigognes.fr\/wordpressV2\/wp-json\/wp\/v2\/product_brand?post=151"},{"taxonomy":"product_cat","embeddable":true,"href":"https:\/\/www.atelierdescigognes.fr\/wordpressV2\/wp-json\/wp\/v2\/product_cat?post=151"},{"taxonomy":"product_tag","embeddable":true,"href":"https:\/\/www.atelierdescigognes.fr\/wordpressV2\/wp-json\/wp\/v2\/product_tag?post=151"}],"curies":[{"name":"wp","href":"https:\/\/api.w.org\/{rel}","templated":true}]}}