{"id":141,"date":"2014-12-16T14:34:19","date_gmt":"2014-12-16T13:34:19","guid":{"rendered":"http:\/\/www.atelierdescigognes.fr\/wordpress\/boutique\/patron-couture-enfant\/patron-couture-enfant-cape\/"},"modified":"2022-09-28T15:26:31","modified_gmt":"2022-09-28T13:26:31","slug":"patron-couture-enfant-cape","status":"publish","type":"product","link":"https:\/\/www.atelierdescigognes.fr\/wordpressV2\/boutique\/patron-couture-bebe\/patron-couture-enfant-cape\/","title":{"rendered":"CASSANDRE &#8211; Patron couture Cape"},"content":{"rendered":"<p>Patron couture cape Enfant. Cape avec capuche, enti\u00e8rement doubl\u00e9e. Possibilit\u00e9 de r\u00e9aliser des fentes sur le devant pour laisser passer les mains. Longueur sous les fesses.<br \/>\nFermeture par des liens nou\u00e9s (les liens peuvent aussi \u00eatre remplac\u00e9s par des brandebourgs).<br \/>\nCeci est un \u00ab\u00a0vrai\u00a0\u00bb patron de couture, sous forme de pochette, exp\u00e9di\u00e9 par courrier !<\/p>\n<h4>Tailles<\/h4>\n<p>2 ans &#8211; 4 ans &#8211; 6 ans &#8211; 8 ans &#8211; 10 ans<\/p>\n<h4>Niveau de couture<\/h4>\n<p>&nbsp;<\/p>\n<p><img loading=\"lazy\" decoding=\"async\" class=\"alignnone size-medium wp-image-5342\" src=\"https:\/\/www.atelierdescigognes.fr\/wordpressV2\/wp-content\/uploads\/2017\/12\/niveau-1-300x145.jpg\" alt=\"Niveau de couture 1\" width=\"300\" height=\"145\" \/><\/p>\n<h4>Tissus recommand\u00e9s<\/h4>\n<p>Tissu pour la cape : lainage, laine bouillie, serg\u00e9, gabardine, velours milleraies.<br \/>\nTissu pour la doublure : toile de coton, popeline, batiste (ex :\u00a0 tissu liberty), doublure en satin.<\/p>\n<p>Plus d&rsquo;infos sur le <a title=\"Choisir son tissu\" href=\"http:\/\/www.atelierdescigognes.fr\/wordpress\/choisir-son-tissu\/\" target=\"_blank\" rel=\"noopener noreferrer\">choix des tissus<\/a><\/p>\n<p>&nbsp;<\/p>\n<h4>Fournitures<\/h4>\n<p>&#8211; 4 liens de 30 cm de long chacun (ces liens peuvent \u00eatre coup\u00e9s dans du ruban, du cordonnet, du biais Liberty&#8230;)<br \/>\n(Les liens peuvent aussi \u00eatre remplac\u00e9s par 2 brandebourgs.)<\/p>\n<h4><\/h4>\n<h4>M\u00e9trages de tissu<\/h4>\n<div class=\"table-responsive\">\n<table class=\"table table-hover \" width=\"100%\">\n<thead>\n<tr>\n<th>Tissu de la cape<\/th>\n<th>2 ans<\/th>\n<th>4 ans<\/th>\n<th>6 ans<\/th>\n<th>8 ans<\/th>\n<th>10 ans<\/th>\n<\/tr>\n<\/thead>\n<tbody>\n<tr>\n<td>tissu en 135 cm de large<br \/>\n(ou compris entre 135 et 145 cm)<\/td>\n<td>1 m<\/td>\n<td>1 m 30<\/td>\n<td>1 m 50<\/td>\n<td>x<\/td>\n<td>x<\/td>\n<\/tr>\n<tr>\n<td>tissu en 145 cm de large<br \/>\n(ou compris entre 145 et 155 cm)<\/td>\n<td>1 m<\/td>\n<td>1 m 30<\/td>\n<td>1 m 50<\/td>\n<td>1 m 65<\/td>\n<td>x<\/td>\n<\/tr>\n<tr>\n<td>tissu en 155 cm de large<br \/>\n(ou de largeur &gt; \u00e0 155 cm)<\/td>\n<td>1 m<\/td>\n<td>1 m 10<\/td>\n<td>1 m 50<\/td>\n<td>1 m 65<\/td>\n<td>1 m 85<\/td>\n<\/tr>\n<\/tbody>\n<\/table>\n<\/div>\n<p>&nbsp;<\/p>\n<div class=\"table-responsive\">\n<table class=\"table table-hover \" width=\"100%\">\n<thead>\n<tr>\n<th>Tissu de la doublure<\/th>\n<th>2 ans<\/th>\n<th>4 ans<\/th>\n<th>6 ans<\/th>\n<th>8 ans<\/th>\n<th>10 ans<\/th>\n<\/tr>\n<\/thead>\n<tbody>\n<tr>\n<td>tissu en 135 cm de large<br \/>\n(ou compris entre 135 et 145 cm)<\/td>\n<td>1 m<\/td>\n<td>1 m 30<\/td>\n<td>1 m 50<\/td>\n<td>x<\/td>\n<td>x<\/td>\n<\/tr>\n<tr>\n<td>tissu en 145 cm de large<br \/>\n(ou compris entre 145 et 155 cm)<\/td>\n<td>1 m<\/td>\n<td>1 m 30<\/td>\n<td>1 m 50<\/td>\n<td>1 m 65<\/td>\n<td>x<\/td>\n<\/tr>\n<tr>\n<td>tissu en 155 cm de large<br \/>\n(ou de largeur &gt; \u00e0 155 cm)<\/td>\n<td>1 m<\/td>\n<td>1 m 10<\/td>\n<td>1 m 50<\/td>\n<td>1 m 65<\/td>\n<td>1 m 85<\/td>\n<\/tr>\n<\/tbody>\n<\/table>\n<\/div>\n<p>&nbsp;<\/p>\n<p>Voir le <a title=\"Guide des tailles\" href=\"http:\/\/www.atelierdescigognes.fr\/wordpress\/guide-des-tailles\/\" target=\"_blank\" rel=\"noopener noreferrer\">Guide des tailles<\/a>.<\/p>\n","protected":false},"excerpt":{"rendered":"<p>Patron couture cape Enfant. Cape avec capuche, enti\u00e8rement doubl\u00e9e. Possibilit\u00e9 de r\u00e9aliser des fentes sur le devant pour laisser passer les mains. Fermeture par des liens nou\u00e9s. Longueur sous les fesses.<br \/>\nTailles : du 2 ans au 10 ans.<br \/>\nCeci est un \u00ab\u00a0vrai\u00a0\u00bb patron de couture, sous forme de pochette, exp\u00e9di\u00e9 par courrier !<\/p>\n","protected":false},"featured_media":5415,"comment_status":"closed","ping_status":"closed","template":"","meta":{"jetpack_post_was_ever_published":false,"jetpack_publicize_message":"","jetpack_publicize_feature_enabled":true,"jetpack_social_post_already_shared":true,"jetpack_social_options":{"image_generator_settings":{"template":"highway","default_image_id":0,"font":"","enabled":false},"version":2}},"product_brand":[],"product_cat":[21,89],"product_tag":[33,60,67,68],"class_list":{"0":"post-141","1":"product","2":"type-product","3":"status-publish","4":"has-post-thumbnail","6":"product_cat-patron-couture-bebe","7":"product_cat-patron-couture-enfant-patron-couture-ado","8":"product_tag-cape-enfant","9":"product_tag-patron-couture","10":"product_tag-patron-couture-cape","11":"product_tag-patron-couture-enfant-2","12":"product_shipping_class-patron-pochette","14":"first","15":"outofstock","16":"shipping-taxable","17":"purchasable","18":"product-type-simple"},"yoast_head":"<!-- This site is optimized with the Yoast SEO plugin v27.2 - https:\/\/yoast.com\/product\/yoast-seo-wordpress\/ -->\n<title>Patron couture cape Enfant &amp; B\u00e9b\u00e9 - CASSANDRE<\/title>\n<meta name=\"description\" content=\"Patron couture cape Enfant. Cape avec capuche, enti\u00e8rement doubl\u00e9e. Possibilit\u00e9 de r\u00e9aliser des fentes sur le devant pour laisser passer les mains. Longueur sous les fesses. Fermeture par des liens nou\u00e9s (les liens peuvent aussi \u00eatre remplac\u00e9s par des brandebourgs).\" \/>\n<meta name=\"robots\" content=\"index, follow, max-snippet:-1, max-image-preview:large, max-video-preview:-1\" \/>\n<link rel=\"canonical\" href=\"https:\/\/www.atelierdescigognes.fr\/wordpressV2\/boutique\/patron-couture-bebe\/patron-couture-enfant-cape\/\" \/>\n<meta property=\"og:locale\" content=\"fr_FR\" \/>\n<meta property=\"og:type\" content=\"article\" \/>\n<meta property=\"og:title\" content=\"Patron couture cape Enfant &amp; B\u00e9b\u00e9 - CASSANDRE\" \/>\n<meta property=\"og:description\" content=\"Patron couture cape Enfant. Cape avec capuche, enti\u00e8rement doubl\u00e9e. Possibilit\u00e9 de r\u00e9aliser des fentes sur le devant pour laisser passer les mains. Longueur sous les fesses. Fermeture par des liens nou\u00e9s (les liens peuvent aussi \u00eatre remplac\u00e9s par des brandebourgs).\" \/>\n<meta property=\"og:url\" content=\"https:\/\/www.atelierdescigognes.fr\/wordpressV2\/boutique\/patron-couture-bebe\/patron-couture-enfant-cape\/\" \/>\n<meta property=\"og:site_name\" content=\"Atelier des cigognes\" \/>\n<meta property=\"article:modified_time\" content=\"2022-09-28T13:26:31+00:00\" \/>\n<meta property=\"og:image\" content=\"https:\/\/www.atelierdescigognes.fr\/wordpressV2\/wp-content\/uploads\/2014\/12\/E75_illu.jpg\" \/>\n\t<meta property=\"og:image:width\" content=\"1200\" \/>\n\t<meta property=\"og:image:height\" content=\"1200\" \/>\n\t<meta property=\"og:image:type\" content=\"image\/jpeg\" \/>\n<meta name=\"twitter:card\" content=\"summary_large_image\" \/>\n<meta name=\"twitter:label1\" content=\"Dur\u00e9e de lecture estim\u00e9e\" \/>\n\t<meta name=\"twitter:data1\" content=\"1 minute\" \/>\n<script type=\"application\/ld+json\" class=\"yoast-schema-graph\">{\"@context\":\"https:\/\/schema.org\",\"@graph\":[{\"@type\":\"WebPage\",\"@id\":\"https:\/\/www.atelierdescigognes.fr\/wordpressV2\/boutique\/patron-couture-bebe\/patron-couture-enfant-cape\/\",\"url\":\"https:\/\/www.atelierdescigognes.fr\/wordpressV2\/boutique\/patron-couture-bebe\/patron-couture-enfant-cape\/\",\"name\":\"Patron couture cape Enfant & B\u00e9b\u00e9 - CASSANDRE\",\"isPartOf\":{\"@id\":\"https:\/\/www.atelierdescigognes.fr\/wordpressV2\/#website\"},\"primaryImageOfPage\":{\"@id\":\"https:\/\/www.atelierdescigognes.fr\/wordpressV2\/boutique\/patron-couture-bebe\/patron-couture-enfant-cape\/#primaryimage\"},\"image\":{\"@id\":\"https:\/\/www.atelierdescigognes.fr\/wordpressV2\/boutique\/patron-couture-bebe\/patron-couture-enfant-cape\/#primaryimage\"},\"thumbnailUrl\":\"https:\/\/www.atelierdescigognes.fr\/wordpressV2\/wp-content\/uploads\/2014\/12\/E75_illu.jpg\",\"datePublished\":\"2014-12-16T13:34:19+00:00\",\"dateModified\":\"2022-09-28T13:26:31+00:00\",\"description\":\"Patron couture cape Enfant. Cape avec capuche, enti\u00e8rement doubl\u00e9e. Possibilit\u00e9 de r\u00e9aliser des fentes sur le devant pour laisser passer les mains. Longueur sous les fesses. Fermeture par des liens nou\u00e9s (les liens peuvent aussi \u00eatre remplac\u00e9s par des brandebourgs).\",\"breadcrumb\":{\"@id\":\"https:\/\/www.atelierdescigognes.fr\/wordpressV2\/boutique\/patron-couture-bebe\/patron-couture-enfant-cape\/#breadcrumb\"},\"inLanguage\":\"fr-FR\",\"potentialAction\":[{\"@type\":\"ReadAction\",\"target\":[\"https:\/\/www.atelierdescigognes.fr\/wordpressV2\/boutique\/patron-couture-bebe\/patron-couture-enfant-cape\/\"]}]},{\"@type\":\"ImageObject\",\"inLanguage\":\"fr-FR\",\"@id\":\"https:\/\/www.atelierdescigognes.fr\/wordpressV2\/boutique\/patron-couture-bebe\/patron-couture-enfant-cape\/#primaryimage\",\"url\":\"https:\/\/www.atelierdescigognes.fr\/wordpressV2\/wp-content\/uploads\/2014\/12\/E75_illu.jpg\",\"contentUrl\":\"https:\/\/www.atelierdescigognes.fr\/wordpressV2\/wp-content\/uploads\/2014\/12\/E75_illu.jpg\",\"width\":1200,\"height\":1200,\"caption\":\"Patron couture cape Enfant - CASSANDRE\"},{\"@type\":\"BreadcrumbList\",\"@id\":\"https:\/\/www.atelierdescigognes.fr\/wordpressV2\/boutique\/patron-couture-bebe\/patron-couture-enfant-cape\/#breadcrumb\",\"itemListElement\":[{\"@type\":\"ListItem\",\"position\":1,\"name\":\"Accueil\",\"item\":\"https:\/\/www.atelierdescigognes.fr\/wordpressV2\/\"},{\"@type\":\"ListItem\",\"position\":2,\"name\":\"Boutique\",\"item\":\"https:\/\/www.atelierdescigognes.fr\/wordpressV2\/boutique\/\"},{\"@type\":\"ListItem\",\"position\":3,\"name\":\"CASSANDRE &#8211; Patron couture Cape\"}]},{\"@type\":\"WebSite\",\"@id\":\"https:\/\/www.atelierdescigognes.fr\/wordpressV2\/#website\",\"url\":\"https:\/\/www.atelierdescigognes.fr\/wordpressV2\/\",\"name\":\"Atelier des cigognes\",\"description\":\"Cr\u00e9ation de patrons de couture\",\"publisher\":{\"@id\":\"https:\/\/www.atelierdescigognes.fr\/wordpressV2\/#organization\"},\"potentialAction\":[{\"@type\":\"SearchAction\",\"target\":{\"@type\":\"EntryPoint\",\"urlTemplate\":\"https:\/\/www.atelierdescigognes.fr\/wordpressV2\/?s={search_term_string}\"},\"query-input\":{\"@type\":\"PropertyValueSpecification\",\"valueRequired\":true,\"valueName\":\"search_term_string\"}}],\"inLanguage\":\"fr-FR\"},{\"@type\":\"Organization\",\"@id\":\"https:\/\/www.atelierdescigognes.fr\/wordpressV2\/#organization\",\"name\":\"Atelier des cigognes\",\"url\":\"https:\/\/www.atelierdescigognes.fr\/wordpressV2\/\",\"logo\":{\"@type\":\"ImageObject\",\"inLanguage\":\"fr-FR\",\"@id\":\"https:\/\/www.atelierdescigognes.fr\/wordpressV2\/#\/schema\/logo\/image\/\",\"url\":\"https:\/\/www.atelierdescigognes.fr\/wordpressV2\/wp-content\/uploads\/2018\/04\/cropped-logo_AdC.jpg\",\"contentUrl\":\"https:\/\/www.atelierdescigognes.fr\/wordpressV2\/wp-content\/uploads\/2018\/04\/cropped-logo_AdC.jpg\",\"width\":307,\"height\":110,\"caption\":\"Atelier des cigognes\"},\"image\":{\"@id\":\"https:\/\/www.atelierdescigognes.fr\/wordpressV2\/#\/schema\/logo\/image\/\"}}]}<\/script>\n<!-- \/ Yoast SEO plugin. -->","yoast_head_json":{"title":"Patron couture cape Enfant & B\u00e9b\u00e9 - CASSANDRE","description":"Patron couture cape Enfant. Cape avec capuche, enti\u00e8rement doubl\u00e9e. Possibilit\u00e9 de r\u00e9aliser des fentes sur le devant pour laisser passer les mains. Longueur sous les fesses. Fermeture par des liens nou\u00e9s (les liens peuvent aussi \u00eatre remplac\u00e9s par des brandebourgs).","robots":{"index":"index","follow":"follow","max-snippet":"max-snippet:-1","max-image-preview":"max-image-preview:large","max-video-preview":"max-video-preview:-1"},"canonical":"https:\/\/www.atelierdescigognes.fr\/wordpressV2\/boutique\/patron-couture-bebe\/patron-couture-enfant-cape\/","og_locale":"fr_FR","og_type":"article","og_title":"Patron couture cape Enfant & B\u00e9b\u00e9 - CASSANDRE","og_description":"Patron couture cape Enfant. Cape avec capuche, enti\u00e8rement doubl\u00e9e. Possibilit\u00e9 de r\u00e9aliser des fentes sur le devant pour laisser passer les mains. Longueur sous les fesses. Fermeture par des liens nou\u00e9s (les liens peuvent aussi \u00eatre remplac\u00e9s par des brandebourgs).","og_url":"https:\/\/www.atelierdescigognes.fr\/wordpressV2\/boutique\/patron-couture-bebe\/patron-couture-enfant-cape\/","og_site_name":"Atelier des cigognes","article_modified_time":"2022-09-28T13:26:31+00:00","og_image":[{"width":1200,"height":1200,"url":"https:\/\/www.atelierdescigognes.fr\/wordpressV2\/wp-content\/uploads\/2014\/12\/E75_illu.jpg","type":"image\/jpeg"}],"twitter_card":"summary_large_image","twitter_misc":{"Dur\u00e9e de lecture estim\u00e9e":"1 minute"},"schema":{"@context":"https:\/\/schema.org","@graph":[{"@type":"WebPage","@id":"https:\/\/www.atelierdescigognes.fr\/wordpressV2\/boutique\/patron-couture-bebe\/patron-couture-enfant-cape\/","url":"https:\/\/www.atelierdescigognes.fr\/wordpressV2\/boutique\/patron-couture-bebe\/patron-couture-enfant-cape\/","name":"Patron couture cape Enfant & B\u00e9b\u00e9 - CASSANDRE","isPartOf":{"@id":"https:\/\/www.atelierdescigognes.fr\/wordpressV2\/#website"},"primaryImageOfPage":{"@id":"https:\/\/www.atelierdescigognes.fr\/wordpressV2\/boutique\/patron-couture-bebe\/patron-couture-enfant-cape\/#primaryimage"},"image":{"@id":"https:\/\/www.atelierdescigognes.fr\/wordpressV2\/boutique\/patron-couture-bebe\/patron-couture-enfant-cape\/#primaryimage"},"thumbnailUrl":"https:\/\/www.atelierdescigognes.fr\/wordpressV2\/wp-content\/uploads\/2014\/12\/E75_illu.jpg","datePublished":"2014-12-16T13:34:19+00:00","dateModified":"2022-09-28T13:26:31+00:00","description":"Patron couture cape Enfant. Cape avec capuche, enti\u00e8rement doubl\u00e9e. Possibilit\u00e9 de r\u00e9aliser des fentes sur le devant pour laisser passer les mains. Longueur sous les fesses. Fermeture par des liens nou\u00e9s (les liens peuvent aussi \u00eatre remplac\u00e9s par des brandebourgs).","breadcrumb":{"@id":"https:\/\/www.atelierdescigognes.fr\/wordpressV2\/boutique\/patron-couture-bebe\/patron-couture-enfant-cape\/#breadcrumb"},"inLanguage":"fr-FR","potentialAction":[{"@type":"ReadAction","target":["https:\/\/www.atelierdescigognes.fr\/wordpressV2\/boutique\/patron-couture-bebe\/patron-couture-enfant-cape\/"]}]},{"@type":"ImageObject","inLanguage":"fr-FR","@id":"https:\/\/www.atelierdescigognes.fr\/wordpressV2\/boutique\/patron-couture-bebe\/patron-couture-enfant-cape\/#primaryimage","url":"https:\/\/www.atelierdescigognes.fr\/wordpressV2\/wp-content\/uploads\/2014\/12\/E75_illu.jpg","contentUrl":"https:\/\/www.atelierdescigognes.fr\/wordpressV2\/wp-content\/uploads\/2014\/12\/E75_illu.jpg","width":1200,"height":1200,"caption":"Patron couture cape Enfant - CASSANDRE"},{"@type":"BreadcrumbList","@id":"https:\/\/www.atelierdescigognes.fr\/wordpressV2\/boutique\/patron-couture-bebe\/patron-couture-enfant-cape\/#breadcrumb","itemListElement":[{"@type":"ListItem","position":1,"name":"Accueil","item":"https:\/\/www.atelierdescigognes.fr\/wordpressV2\/"},{"@type":"ListItem","position":2,"name":"Boutique","item":"https:\/\/www.atelierdescigognes.fr\/wordpressV2\/boutique\/"},{"@type":"ListItem","position":3,"name":"CASSANDRE &#8211; Patron couture Cape"}]},{"@type":"WebSite","@id":"https:\/\/www.atelierdescigognes.fr\/wordpressV2\/#website","url":"https:\/\/www.atelierdescigognes.fr\/wordpressV2\/","name":"Atelier des cigognes","description":"Cr\u00e9ation de patrons de couture","publisher":{"@id":"https:\/\/www.atelierdescigognes.fr\/wordpressV2\/#organization"},"potentialAction":[{"@type":"SearchAction","target":{"@type":"EntryPoint","urlTemplate":"https:\/\/www.atelierdescigognes.fr\/wordpressV2\/?s={search_term_string}"},"query-input":{"@type":"PropertyValueSpecification","valueRequired":true,"valueName":"search_term_string"}}],"inLanguage":"fr-FR"},{"@type":"Organization","@id":"https:\/\/www.atelierdescigognes.fr\/wordpressV2\/#organization","name":"Atelier des cigognes","url":"https:\/\/www.atelierdescigognes.fr\/wordpressV2\/","logo":{"@type":"ImageObject","inLanguage":"fr-FR","@id":"https:\/\/www.atelierdescigognes.fr\/wordpressV2\/#\/schema\/logo\/image\/","url":"https:\/\/www.atelierdescigognes.fr\/wordpressV2\/wp-content\/uploads\/2018\/04\/cropped-logo_AdC.jpg","contentUrl":"https:\/\/www.atelierdescigognes.fr\/wordpressV2\/wp-content\/uploads\/2018\/04\/cropped-logo_AdC.jpg","width":307,"height":110,"caption":"Atelier des cigognes"},"image":{"@id":"https:\/\/www.atelierdescigognes.fr\/wordpressV2\/#\/schema\/logo\/image\/"}}]}},"jetpack_publicize_connections":[],"jetpack_sharing_enabled":true,"_links":{"self":[{"href":"https:\/\/www.atelierdescigognes.fr\/wordpressV2\/wp-json\/wp\/v2\/product\/141","targetHints":{"allow":["GET"]}}],"collection":[{"href":"https:\/\/www.atelierdescigognes.fr\/wordpressV2\/wp-json\/wp\/v2\/product"}],"about":[{"href":"https:\/\/www.atelierdescigognes.fr\/wordpressV2\/wp-json\/wp\/v2\/types\/product"}],"replies":[{"embeddable":true,"href":"https:\/\/www.atelierdescigognes.fr\/wordpressV2\/wp-json\/wp\/v2\/comments?post=141"}],"wp:featuredmedia":[{"embeddable":true,"href":"https:\/\/www.atelierdescigognes.fr\/wordpressV2\/wp-json\/wp\/v2\/media\/5415"}],"wp:attachment":[{"href":"https:\/\/www.atelierdescigognes.fr\/wordpressV2\/wp-json\/wp\/v2\/media?parent=141"}],"wp:term":[{"taxonomy":"product_brand","embeddable":true,"href":"https:\/\/www.atelierdescigognes.fr\/wordpressV2\/wp-json\/wp\/v2\/product_brand?post=141"},{"taxonomy":"product_cat","embeddable":true,"href":"https:\/\/www.atelierdescigognes.fr\/wordpressV2\/wp-json\/wp\/v2\/product_cat?post=141"},{"taxonomy":"product_tag","embeddable":true,"href":"https:\/\/www.atelierdescigognes.fr\/wordpressV2\/wp-json\/wp\/v2\/product_tag?post=141"}],"curies":[{"name":"wp","href":"https:\/\/api.w.org\/{rel}","templated":true}]}}