{"id":118407,"date":"2020-11-27T16:26:53","date_gmt":"2020-11-27T15:26:53","guid":{"rendered":"https:\/\/www.atelierdescigognes.fr\/wordpressV2\/?post_type=product&#038;p=118407"},"modified":"2022-09-28T15:28:33","modified_gmt":"2022-09-28T13:28:33","slug":"didon-patron-couture-jupe-enfant-facile","status":"publish","type":"product","link":"https:\/\/www.atelierdescigognes.fr\/wordpressV2\/boutique\/patron-couture-enfant-patron-couture-ado\/didon-patron-couture-jupe-enfant-facile\/","title":{"rendered":"DIDON &#8211; La jupe ultra-facile (PDF)"},"content":{"rendered":"<p>Patron couture jupe enfant pour une jupe ultra-facile \u00e0 r\u00e9aliser. Du 3 au 10 ans. Jupe doubl\u00e9e. Longueur au-dessus du genou. Taille \u00e9lastiqu\u00e9e. Facile, m\u00eame pour les d\u00e9butantes ! Ceci est un patron couture au format PDF, \u00e0 t\u00e9l\u00e9charger directement sur ce site.<\/p>\n<p>Il suffit de mettre ce produit au panier, de suivre le processus de commande. Vous recevrez alors un email de confirmation de commande avec le lien de t\u00e9l\u00e9chargement du patron couture jupe enfant. Vous pourrez imm\u00e9diatement t\u00e9l\u00e9charger le fichier pdf sur votre ordinateur, imprimer le patron, d\u00e9couper le tissu et coudre !<\/p>\n<h4>Tailles<\/h4>\n<p>3 ans &#8211; 4 ans &#8211; 6 ans &#8211; 8 ans &#8211; 10 ans<\/p>\n<h4>Niveau de couture<\/h4>\n<p><img loading=\"lazy\" decoding=\"async\" class=\"alignnone size-medium wp-image-5342\" src=\"https:\/\/www.atelierdescigognes.fr\/wordpressV2\/wp-content\/uploads\/2017\/12\/niveau-1-300x145.jpg\" alt=\"Niveau de couture 1\" width=\"300\" height=\"145\" \/><\/p>\n<p>&nbsp;<\/p>\n<h4>Tissus recommand\u00e9s<\/h4>\n<div class=\"page\" title=\"Page 1\">\n<div class=\"layoutArea\">\n<div class=\"column\">\n<p>&#8211; pour le tissu de la jupe : batiste, flanelle, popeline, serge\u0301, gabardine, velours, denim fin&#8230; tout est en possible en fonction de la saison !<\/p>\n<p>&#8211; \u00a0pour la doublure : batiste, voile de coton, doublure en satin&#8230;<\/p>\n<\/div>\n<\/div>\n<\/div>\n<p>Plus d&rsquo;infos sur le <a title=\"Choisir son tissu\" href=\"http:\/\/www.atelierdescigognes.fr\/wordpress\/choisir-son-tissu\/\" target=\"_blank\" rel=\"noopener noreferrer\">choix des tissus<\/a><\/p>\n<p>&nbsp;<\/p>\n<h4>Fournitures<\/h4>\n<div class=\"page\" title=\"Page 1\">\n<div class=\"layoutArea\">\n<div class=\"column\">\n<p>&#8211; \u00a0e\u0301lastique plat de 2 cm de large<\/p>\n<p>&#8211; \u00a020 cm de ruban de 10 ou 12 mm de large<\/p>\n<\/div>\n<\/div>\n<\/div>\n<p>&nbsp;<\/p>\n<h4>M\u00e9trages de tissu<\/h4>\n<div class=\"table-responsive\">\n<table class=\"table table-hover \" width=\"100%\">\n<thead>\n<tr>\n<th><\/th>\n<th>3 ans<\/th>\n<th>4 ans<\/th>\n<th>6 ans<\/th>\n<th>8 ans<\/th>\n<th>10 ans<\/th>\n<\/tr>\n<\/thead>\n<tbody>\n<tr>\n<td>\n<div class=\"page\" title=\"Page 1\">\n<div class=\"layoutArea\">\n<div class=\"column\">\n<p>largeur des rectangles en tissu et en doublure<\/p>\n<\/div>\n<\/div>\n<\/div>\n<\/td>\n<td>119 cm<\/td>\n<td>123 cm<\/td>\n<td>127 cm<\/td>\n<td>131 cm<\/td>\n<td>135 cm<\/td>\n<\/tr>\n<tr>\n<td>\n<div class=\"page\" title=\"Page 1\">\n<div class=\"layoutArea\">\n<div class=\"column\">\n<p>hauteur du rectangle en tissu<\/p>\n<\/div>\n<\/div>\n<\/div>\n<\/td>\n<td>25 cm<\/td>\n<td>28 cm<\/td>\n<td>32 cm<\/td>\n<td>36 cm<\/td>\n<td>40 cm<\/td>\n<\/tr>\n<tr>\n<td>\n<div class=\"page\" title=\"Page 1\">\n<div class=\"layoutArea\">\n<div class=\"column\">\n<div class=\"page\" title=\"Page 1\">\n<div class=\"layoutArea\">\n<div class=\"column\">\n<p>hauteur du rectangle en doublure<\/p>\n<\/div>\n<\/div>\n<\/div>\n<\/div>\n<\/div>\n<\/div>\n<\/td>\n<td>21 cm<\/td>\n<td>24 cm<\/td>\n<td>28 cm<\/td>\n<td>32 cm<\/td>\n<td>36 cm<\/td>\n<\/tr>\n<tr>\n<td>\n<div class=\"page\" title=\"Page 1\">\n<div class=\"layoutArea\">\n<div class=\"column\">\n<div class=\"page\" title=\"Page 1\">\n<div class=\"layoutArea\">\n<div class=\"column\">\n<p>me\u0301trage d\u2019e\u0301lastique<\/p>\n<\/div>\n<\/div>\n<\/div>\n<\/div>\n<\/div>\n<\/div>\n<\/td>\n<td>50 cm<\/td>\n<td>52 cm<\/td>\n<td>54 cm<\/td>\n<td>56 cm<\/td>\n<td>58 cm<\/td>\n<\/tr>\n<\/tbody>\n<\/table>\n<\/div>\n<p>&nbsp;<\/p>\n<p>Voir le <a title=\"Guide des tailles\" href=\"http:\/\/www.atelierdescigognes.fr\/wordpress\/guide-des-tailles\/\" target=\"_blank\" rel=\"noopener noreferrer\">Guide des tailles<\/a>.<\/p>\n","protected":false},"excerpt":{"rendered":"<p>Patron couture jupe enfant pour une jupe ultra-facile \u00e0 r\u00e9aliser. Du 3 au 10 ans. Jupe doubl\u00e9e. Longueur au-dessus du genou. Taille \u00e9lastiqu\u00e9e. Facile, m\u00eame pour les d\u00e9butantes ! Ceci est un patron couture au format PDF, \u00e0 t\u00e9l\u00e9charger directement sur ce site.<\/p>\n<p>Il suffit de mettre ce produit au panier, de suivre le processus de commande. Vous recevrez alors un email de confirmation de commande avec le lien de t\u00e9l\u00e9chargement du patron couture jupe enfant. Vous pourrez imm\u00e9diatement t\u00e9l\u00e9charger le fichier pdf sur votre ordinateur, imprimer le patron, d\u00e9couper le tissu et coudre !<\/p>\n","protected":false},"featured_media":118869,"comment_status":"closed","ping_status":"closed","template":"","meta":{"jetpack_post_was_ever_published":false,"jetpack_publicize_message":"","jetpack_publicize_feature_enabled":true,"jetpack_social_post_already_shared":true,"jetpack_social_options":{"image_generator_settings":{"template":"highway","default_image_id":0,"font":"","enabled":false},"version":2}},"product_brand":[],"product_cat":[89],"product_tag":[48,68,102,118,73,74],"class_list":{"0":"post-118407","1":"product","2":"type-product","3":"status-publish","4":"has-post-thumbnail","6":"product_cat-patron-couture-enfant-patron-couture-ado","7":"product_tag-e-patron-couture","8":"product_tag-patron-couture-enfant-2","9":"product_tag-patron-couture-jupe-enfant","10":"product_tag-patron-couture-jupe-facile","11":"product_tag-patron-couture-jupe-fille","12":"product_tag-patron-couture-pdf","13":"product_shipping_class-pas-de-frais-de-port-produit-telechargeable","15":"first","16":"instock","17":"featured","18":"downloadable","19":"purchasable","20":"product-type-simple"},"yoast_head":"<!-- This site is optimized with the Yoast SEO plugin v27.2 - https:\/\/yoast.com\/product\/yoast-seo-wordpress\/ -->\n<title>Patron couture jupe Enfant - La jupe ultra-facile DIDON<\/title>\n<meta name=\"description\" content=\"Patron couture jupe enfant pour une jupe ultra-facile \u00e0 r\u00e9aliser. Du 3 au 10 ans. Longueur au-dessus du genou. Taille \u00e9lastiqu\u00e9e.\" \/>\n<meta name=\"robots\" content=\"index, follow, max-snippet:-1, max-image-preview:large, max-video-preview:-1\" \/>\n<link rel=\"canonical\" href=\"https:\/\/www.atelierdescigognes.fr\/wordpressV2\/boutique\/patron-couture-enfant-patron-couture-ado\/didon-patron-couture-jupe-enfant-facile\/\" \/>\n<meta property=\"og:locale\" content=\"fr_FR\" \/>\n<meta property=\"og:type\" content=\"article\" \/>\n<meta property=\"og:title\" content=\"Patron couture jupe Enfant - La jupe ultra-facile DIDON\" \/>\n<meta property=\"og:description\" content=\"Patron couture jupe enfant pour une jupe ultra-facile \u00e0 r\u00e9aliser. Du 3 au 10 ans. Longueur au-dessus du genou. Taille \u00e9lastiqu\u00e9e.\" \/>\n<meta property=\"og:url\" content=\"https:\/\/www.atelierdescigognes.fr\/wordpressV2\/boutique\/patron-couture-enfant-patron-couture-ado\/didon-patron-couture-jupe-enfant-facile\/\" \/>\n<meta property=\"og:site_name\" content=\"Atelier des cigognes\" \/>\n<meta property=\"article:modified_time\" content=\"2022-09-28T13:28:33+00:00\" \/>\n<meta property=\"og:image\" content=\"https:\/\/www.atelierdescigognes.fr\/wordpressV2\/wp-content\/uploads\/2020\/11\/E80_jupe_pdf.jpg\" \/>\n\t<meta property=\"og:image:width\" content=\"1200\" \/>\n\t<meta property=\"og:image:height\" content=\"1200\" \/>\n\t<meta property=\"og:image:type\" content=\"image\/jpeg\" \/>\n<meta name=\"twitter:card\" content=\"summary_large_image\" \/>\n<meta name=\"twitter:label1\" content=\"Dur\u00e9e de lecture estim\u00e9e\" \/>\n\t<meta name=\"twitter:data1\" content=\"1 minute\" \/>\n<script type=\"application\/ld+json\" class=\"yoast-schema-graph\">{\"@context\":\"https:\/\/schema.org\",\"@graph\":[{\"@type\":\"WebPage\",\"@id\":\"https:\/\/www.atelierdescigognes.fr\/wordpressV2\/boutique\/patron-couture-enfant-patron-couture-ado\/didon-patron-couture-jupe-enfant-facile\/\",\"url\":\"https:\/\/www.atelierdescigognes.fr\/wordpressV2\/boutique\/patron-couture-enfant-patron-couture-ado\/didon-patron-couture-jupe-enfant-facile\/\",\"name\":\"Patron couture jupe Enfant - La jupe ultra-facile DIDON\",\"isPartOf\":{\"@id\":\"https:\/\/www.atelierdescigognes.fr\/wordpressV2\/#website\"},\"primaryImageOfPage\":{\"@id\":\"https:\/\/www.atelierdescigognes.fr\/wordpressV2\/boutique\/patron-couture-enfant-patron-couture-ado\/didon-patron-couture-jupe-enfant-facile\/#primaryimage\"},\"image\":{\"@id\":\"https:\/\/www.atelierdescigognes.fr\/wordpressV2\/boutique\/patron-couture-enfant-patron-couture-ado\/didon-patron-couture-jupe-enfant-facile\/#primaryimage\"},\"thumbnailUrl\":\"https:\/\/www.atelierdescigognes.fr\/wordpressV2\/wp-content\/uploads\/2020\/11\/E80_jupe_pdf.jpg\",\"datePublished\":\"2020-11-27T15:26:53+00:00\",\"dateModified\":\"2022-09-28T13:28:33+00:00\",\"description\":\"Patron couture jupe enfant pour une jupe ultra-facile \u00e0 r\u00e9aliser. Du 3 au 10 ans. Longueur au-dessus du genou. Taille \u00e9lastiqu\u00e9e.\",\"breadcrumb\":{\"@id\":\"https:\/\/www.atelierdescigognes.fr\/wordpressV2\/boutique\/patron-couture-enfant-patron-couture-ado\/didon-patron-couture-jupe-enfant-facile\/#breadcrumb\"},\"inLanguage\":\"fr-FR\",\"potentialAction\":[{\"@type\":\"ReadAction\",\"target\":[\"https:\/\/www.atelierdescigognes.fr\/wordpressV2\/boutique\/patron-couture-enfant-patron-couture-ado\/didon-patron-couture-jupe-enfant-facile\/\"]}]},{\"@type\":\"ImageObject\",\"inLanguage\":\"fr-FR\",\"@id\":\"https:\/\/www.atelierdescigognes.fr\/wordpressV2\/boutique\/patron-couture-enfant-patron-couture-ado\/didon-patron-couture-jupe-enfant-facile\/#primaryimage\",\"url\":\"https:\/\/www.atelierdescigognes.fr\/wordpressV2\/wp-content\/uploads\/2020\/11\/E80_jupe_pdf.jpg\",\"contentUrl\":\"https:\/\/www.atelierdescigognes.fr\/wordpressV2\/wp-content\/uploads\/2020\/11\/E80_jupe_pdf.jpg\",\"width\":1200,\"height\":1200,\"caption\":\"Patron couture jupe enfant facile - DIDON - Atelier des cigognes\"},{\"@type\":\"BreadcrumbList\",\"@id\":\"https:\/\/www.atelierdescigognes.fr\/wordpressV2\/boutique\/patron-couture-enfant-patron-couture-ado\/didon-patron-couture-jupe-enfant-facile\/#breadcrumb\",\"itemListElement\":[{\"@type\":\"ListItem\",\"position\":1,\"name\":\"Accueil\",\"item\":\"https:\/\/www.atelierdescigognes.fr\/wordpressV2\/\"},{\"@type\":\"ListItem\",\"position\":2,\"name\":\"Boutique\",\"item\":\"https:\/\/www.atelierdescigognes.fr\/wordpressV2\/boutique\/\"},{\"@type\":\"ListItem\",\"position\":3,\"name\":\"DIDON &#8211; La jupe ultra-facile (PDF)\"}]},{\"@type\":\"WebSite\",\"@id\":\"https:\/\/www.atelierdescigognes.fr\/wordpressV2\/#website\",\"url\":\"https:\/\/www.atelierdescigognes.fr\/wordpressV2\/\",\"name\":\"Atelier des cigognes\",\"description\":\"Cr\u00e9ation de patrons de couture\",\"publisher\":{\"@id\":\"https:\/\/www.atelierdescigognes.fr\/wordpressV2\/#organization\"},\"potentialAction\":[{\"@type\":\"SearchAction\",\"target\":{\"@type\":\"EntryPoint\",\"urlTemplate\":\"https:\/\/www.atelierdescigognes.fr\/wordpressV2\/?s={search_term_string}\"},\"query-input\":{\"@type\":\"PropertyValueSpecification\",\"valueRequired\":true,\"valueName\":\"search_term_string\"}}],\"inLanguage\":\"fr-FR\"},{\"@type\":\"Organization\",\"@id\":\"https:\/\/www.atelierdescigognes.fr\/wordpressV2\/#organization\",\"name\":\"Atelier des cigognes\",\"url\":\"https:\/\/www.atelierdescigognes.fr\/wordpressV2\/\",\"logo\":{\"@type\":\"ImageObject\",\"inLanguage\":\"fr-FR\",\"@id\":\"https:\/\/www.atelierdescigognes.fr\/wordpressV2\/#\/schema\/logo\/image\/\",\"url\":\"https:\/\/www.atelierdescigognes.fr\/wordpressV2\/wp-content\/uploads\/2018\/04\/cropped-logo_AdC.jpg\",\"contentUrl\":\"https:\/\/www.atelierdescigognes.fr\/wordpressV2\/wp-content\/uploads\/2018\/04\/cropped-logo_AdC.jpg\",\"width\":307,\"height\":110,\"caption\":\"Atelier des cigognes\"},\"image\":{\"@id\":\"https:\/\/www.atelierdescigognes.fr\/wordpressV2\/#\/schema\/logo\/image\/\"}}]}<\/script>\n<!-- \/ Yoast SEO plugin. -->","yoast_head_json":{"title":"Patron couture jupe Enfant - La jupe ultra-facile DIDON","description":"Patron couture jupe enfant pour une jupe ultra-facile \u00e0 r\u00e9aliser. Du 3 au 10 ans. Longueur au-dessus du genou. Taille \u00e9lastiqu\u00e9e.","robots":{"index":"index","follow":"follow","max-snippet":"max-snippet:-1","max-image-preview":"max-image-preview:large","max-video-preview":"max-video-preview:-1"},"canonical":"https:\/\/www.atelierdescigognes.fr\/wordpressV2\/boutique\/patron-couture-enfant-patron-couture-ado\/didon-patron-couture-jupe-enfant-facile\/","og_locale":"fr_FR","og_type":"article","og_title":"Patron couture jupe Enfant - La jupe ultra-facile DIDON","og_description":"Patron couture jupe enfant pour une jupe ultra-facile \u00e0 r\u00e9aliser. Du 3 au 10 ans. Longueur au-dessus du genou. Taille \u00e9lastiqu\u00e9e.","og_url":"https:\/\/www.atelierdescigognes.fr\/wordpressV2\/boutique\/patron-couture-enfant-patron-couture-ado\/didon-patron-couture-jupe-enfant-facile\/","og_site_name":"Atelier des cigognes","article_modified_time":"2022-09-28T13:28:33+00:00","og_image":[{"width":1200,"height":1200,"url":"https:\/\/www.atelierdescigognes.fr\/wordpressV2\/wp-content\/uploads\/2020\/11\/E80_jupe_pdf.jpg","type":"image\/jpeg"}],"twitter_card":"summary_large_image","twitter_misc":{"Dur\u00e9e de lecture estim\u00e9e":"1 minute"},"schema":{"@context":"https:\/\/schema.org","@graph":[{"@type":"WebPage","@id":"https:\/\/www.atelierdescigognes.fr\/wordpressV2\/boutique\/patron-couture-enfant-patron-couture-ado\/didon-patron-couture-jupe-enfant-facile\/","url":"https:\/\/www.atelierdescigognes.fr\/wordpressV2\/boutique\/patron-couture-enfant-patron-couture-ado\/didon-patron-couture-jupe-enfant-facile\/","name":"Patron couture jupe Enfant - La jupe ultra-facile DIDON","isPartOf":{"@id":"https:\/\/www.atelierdescigognes.fr\/wordpressV2\/#website"},"primaryImageOfPage":{"@id":"https:\/\/www.atelierdescigognes.fr\/wordpressV2\/boutique\/patron-couture-enfant-patron-couture-ado\/didon-patron-couture-jupe-enfant-facile\/#primaryimage"},"image":{"@id":"https:\/\/www.atelierdescigognes.fr\/wordpressV2\/boutique\/patron-couture-enfant-patron-couture-ado\/didon-patron-couture-jupe-enfant-facile\/#primaryimage"},"thumbnailUrl":"https:\/\/www.atelierdescigognes.fr\/wordpressV2\/wp-content\/uploads\/2020\/11\/E80_jupe_pdf.jpg","datePublished":"2020-11-27T15:26:53+00:00","dateModified":"2022-09-28T13:28:33+00:00","description":"Patron couture jupe enfant pour une jupe ultra-facile \u00e0 r\u00e9aliser. Du 3 au 10 ans. Longueur au-dessus du genou. Taille \u00e9lastiqu\u00e9e.","breadcrumb":{"@id":"https:\/\/www.atelierdescigognes.fr\/wordpressV2\/boutique\/patron-couture-enfant-patron-couture-ado\/didon-patron-couture-jupe-enfant-facile\/#breadcrumb"},"inLanguage":"fr-FR","potentialAction":[{"@type":"ReadAction","target":["https:\/\/www.atelierdescigognes.fr\/wordpressV2\/boutique\/patron-couture-enfant-patron-couture-ado\/didon-patron-couture-jupe-enfant-facile\/"]}]},{"@type":"ImageObject","inLanguage":"fr-FR","@id":"https:\/\/www.atelierdescigognes.fr\/wordpressV2\/boutique\/patron-couture-enfant-patron-couture-ado\/didon-patron-couture-jupe-enfant-facile\/#primaryimage","url":"https:\/\/www.atelierdescigognes.fr\/wordpressV2\/wp-content\/uploads\/2020\/11\/E80_jupe_pdf.jpg","contentUrl":"https:\/\/www.atelierdescigognes.fr\/wordpressV2\/wp-content\/uploads\/2020\/11\/E80_jupe_pdf.jpg","width":1200,"height":1200,"caption":"Patron couture jupe enfant facile - DIDON - Atelier des cigognes"},{"@type":"BreadcrumbList","@id":"https:\/\/www.atelierdescigognes.fr\/wordpressV2\/boutique\/patron-couture-enfant-patron-couture-ado\/didon-patron-couture-jupe-enfant-facile\/#breadcrumb","itemListElement":[{"@type":"ListItem","position":1,"name":"Accueil","item":"https:\/\/www.atelierdescigognes.fr\/wordpressV2\/"},{"@type":"ListItem","position":2,"name":"Boutique","item":"https:\/\/www.atelierdescigognes.fr\/wordpressV2\/boutique\/"},{"@type":"ListItem","position":3,"name":"DIDON &#8211; La jupe ultra-facile (PDF)"}]},{"@type":"WebSite","@id":"https:\/\/www.atelierdescigognes.fr\/wordpressV2\/#website","url":"https:\/\/www.atelierdescigognes.fr\/wordpressV2\/","name":"Atelier des cigognes","description":"Cr\u00e9ation de patrons de couture","publisher":{"@id":"https:\/\/www.atelierdescigognes.fr\/wordpressV2\/#organization"},"potentialAction":[{"@type":"SearchAction","target":{"@type":"EntryPoint","urlTemplate":"https:\/\/www.atelierdescigognes.fr\/wordpressV2\/?s={search_term_string}"},"query-input":{"@type":"PropertyValueSpecification","valueRequired":true,"valueName":"search_term_string"}}],"inLanguage":"fr-FR"},{"@type":"Organization","@id":"https:\/\/www.atelierdescigognes.fr\/wordpressV2\/#organization","name":"Atelier des cigognes","url":"https:\/\/www.atelierdescigognes.fr\/wordpressV2\/","logo":{"@type":"ImageObject","inLanguage":"fr-FR","@id":"https:\/\/www.atelierdescigognes.fr\/wordpressV2\/#\/schema\/logo\/image\/","url":"https:\/\/www.atelierdescigognes.fr\/wordpressV2\/wp-content\/uploads\/2018\/04\/cropped-logo_AdC.jpg","contentUrl":"https:\/\/www.atelierdescigognes.fr\/wordpressV2\/wp-content\/uploads\/2018\/04\/cropped-logo_AdC.jpg","width":307,"height":110,"caption":"Atelier des cigognes"},"image":{"@id":"https:\/\/www.atelierdescigognes.fr\/wordpressV2\/#\/schema\/logo\/image\/"}}]}},"jetpack_publicize_connections":[],"jetpack_sharing_enabled":true,"_links":{"self":[{"href":"https:\/\/www.atelierdescigognes.fr\/wordpressV2\/wp-json\/wp\/v2\/product\/118407","targetHints":{"allow":["GET"]}}],"collection":[{"href":"https:\/\/www.atelierdescigognes.fr\/wordpressV2\/wp-json\/wp\/v2\/product"}],"about":[{"href":"https:\/\/www.atelierdescigognes.fr\/wordpressV2\/wp-json\/wp\/v2\/types\/product"}],"replies":[{"embeddable":true,"href":"https:\/\/www.atelierdescigognes.fr\/wordpressV2\/wp-json\/wp\/v2\/comments?post=118407"}],"wp:featuredmedia":[{"embeddable":true,"href":"https:\/\/www.atelierdescigognes.fr\/wordpressV2\/wp-json\/wp\/v2\/media\/118869"}],"wp:attachment":[{"href":"https:\/\/www.atelierdescigognes.fr\/wordpressV2\/wp-json\/wp\/v2\/media?parent=118407"}],"wp:term":[{"taxonomy":"product_brand","embeddable":true,"href":"https:\/\/www.atelierdescigognes.fr\/wordpressV2\/wp-json\/wp\/v2\/product_brand?post=118407"},{"taxonomy":"product_cat","embeddable":true,"href":"https:\/\/www.atelierdescigognes.fr\/wordpressV2\/wp-json\/wp\/v2\/product_cat?post=118407"},{"taxonomy":"product_tag","embeddable":true,"href":"https:\/\/www.atelierdescigognes.fr\/wordpressV2\/wp-json\/wp\/v2\/product_tag?post=118407"}],"curies":[{"name":"wp","href":"https:\/\/api.w.org\/{rel}","templated":true}]}}