{"id":102,"date":"2014-12-11T21:21:17","date_gmt":"2014-12-11T21:21:17","guid":{"rendered":"http:\/\/www.atelierdescigognes.fr\/wordpress\/?post_type=product&#038;p=102"},"modified":"2022-09-28T15:30:35","modified_gmt":"2022-09-28T13:30:35","slug":"pdf-la-jupette-a-smocks-danne-charlotte","status":"publish","type":"product","link":"https:\/\/www.atelierdescigognes.fr\/wordpressV2\/boutique\/patron-couture-enfant-patron-couture-ado\/pdf-la-jupette-a-smocks-danne-charlotte\/","title":{"rendered":"PDF &#8211; La jupette \u00e0 smocks d&rsquo;Anne-Charlotte"},"content":{"rendered":"<p>Patron couture jupe enfant pour une petite jupe d&rsquo;\u00e9t\u00e9 \u00e0 r\u00e9aliser dans un coton l\u00e9ger. Du 3 au 10 ans. Longueur au genou. Smocks \u00e9lastiqu\u00e9s faciles \u00e0 faire \u00e0 la taille. Volants fronc\u00e9s au bas de la jupe. Facile, m\u00eame pour les d\u00e9butantes ! Ceci est un patron couture au format PDF, \u00e0 t\u00e9l\u00e9charger directement sur ce site. On imprime, on d\u00e9coupe son tissu et on coud en suivant les explications !<\/p>\n<h4>Tailles<\/h4>\n<p>3 ans &#8211; 4 ans &#8211; 6 ans &#8211; 8 ans &#8211; 10 ans<\/p>\n<h4>Niveau de couture<\/h4>\n<p><img loading=\"lazy\" decoding=\"async\" class=\"alignnone size-medium wp-image-5342\" src=\"https:\/\/www.atelierdescigognes.fr\/wordpressV2\/wp-content\/uploads\/2017\/12\/niveau-1-300x145.jpg\" alt=\"Niveau de couture 1\" width=\"300\" height=\"145\" \/><\/p>\n<p>&nbsp;<\/p>\n<h4>Tissus recommand\u00e9s<\/h4>\n<p>Fine cotonnade du genre batiste.<\/p>\n<p>Plus d&rsquo;infos sur le <a title=\"Choisir son tissu\" href=\"http:\/\/www.atelierdescigognes.fr\/wordpress\/choisir-son-tissu\/\" target=\"_blank\" rel=\"noopener noreferrer\">choix des tissus<\/a><\/p>\n<p>&nbsp;<\/p>\n<h4>Fournitures<\/h4>\n<p>&#8211; une bobine de fil \u00e9lastique<\/p>\n<p>&nbsp;<\/p>\n<h4>M\u00e9trages de tissu<\/h4>\n<div class=\"table-responsive\">\n<table class=\"table table-hover \" width=\"100%\">\n<thead>\n<tr>\n<th><\/th>\n<th>3 ans<\/th>\n<th>4 ans<\/th>\n<th>6 ans<\/th>\n<th>8 ans<\/th>\n<th>10 ans<\/th>\n<\/tr>\n<\/thead>\n<tbody>\n<tr>\n<td>tissu en 135 cm de large (ou &gt; \u00e0 135 cm)<\/td>\n<td>50 cm<\/td>\n<td>50 cm<\/td>\n<td>50 cm<\/td>\n<td>60 cm<\/td>\n<td>60 cm<\/td>\n<\/tr>\n<tr>\n<td>fil \u00e9lastique<\/td>\n<td>8*70 cm<\/td>\n<td>8*72 cm<\/td>\n<td>8*74 cm<\/td>\n<td>10*76 cm<\/td>\n<td>10*78 cm<\/td>\n<\/tr>\n<\/tbody>\n<\/table>\n<\/div>\n<p>&nbsp;<\/p>\n<p>Voir le <a title=\"Guide des tailles\" href=\"http:\/\/www.atelierdescigognes.fr\/wordpress\/guide-des-tailles\/\" target=\"_blank\" rel=\"noopener noreferrer\">Guide des tailles<\/a>.<\/p>\n","protected":false},"excerpt":{"rendered":"<p>Patron couture jupe enfant pour une petite jupe d&rsquo;\u00e9t\u00e9 \u00e0 r\u00e9aliser dans un coton l\u00e9ger. Du 3 au 10 ans. Longueur au genou. Smocks \u00e9lastiqu\u00e9s faciles \u00e0 faire \u00e0 la taille. Volants fronc\u00e9s au bas de la jupe. Facile, m\u00eame pour les d\u00e9butantes !<\/p>\n<p>Existe aussi en tailles <a href=\"http:\/\/www.atelierdescigognes.fr\/boutique\/patron-couture-enfant-patron-couture-ado\/pdf-la-jupette-danne-charlotte-patron-couture-ado\/\" target=\"_blank\" rel=\"noopener noreferrer\">Adolescente<\/a>.<\/p>\n<p>Ceci est un patron couture au format PDF, \u00e0 t\u00e9l\u00e9charger directement sur ce site. On imprime, on d\u00e9coupe son tissu et on coud en suivant les explications !<\/p>\n","protected":false},"featured_media":5474,"comment_status":"closed","ping_status":"closed","template":"","meta":{"jetpack_post_was_ever_published":false,"jetpack_publicize_message":"","jetpack_publicize_feature_enabled":true,"jetpack_social_post_already_shared":true,"jetpack_social_options":{"image_generator_settings":{"template":"highway","default_image_id":0,"font":"","enabled":false},"version":2}},"product_brand":[],"product_cat":[89],"product_tag":[48,68,102,73,74],"class_list":{"0":"post-102","1":"product","2":"type-product","3":"status-publish","4":"has-post-thumbnail","6":"product_cat-patron-couture-enfant-patron-couture-ado","7":"product_tag-e-patron-couture","8":"product_tag-patron-couture-enfant-2","9":"product_tag-patron-couture-jupe-enfant","10":"product_tag-patron-couture-jupe-fille","11":"product_tag-patron-couture-pdf","12":"product_shipping_class-pas-de-frais-de-port-produit-telechargeable","14":"first","15":"instock","16":"featured","17":"downloadable","18":"purchasable","19":"product-type-simple"},"yoast_head":"<!-- This site is optimized with the Yoast SEO plugin v27.2 - https:\/\/yoast.com\/product\/yoast-seo-wordpress\/ -->\n<title>Patron couture jupe Enfant - La jupette \u00e0 smocks d&#039;Anne-Charlotte !<\/title>\n<meta name=\"description\" content=\"Patron couture jupe enfant pour une petite jupe d&#039;\u00e9t\u00e9 \u00e0 r\u00e9aliser dans un coton l\u00e9ger. Du 3 au 10 ans. Longueur au genou. Smocks \u00e9lastiqu\u00e9s faciles \u00e0 faire \u00e0 la taille. Volants fronc\u00e9s au bas de la jupe. Facile, m\u00eame pour les d\u00e9butantes !\" \/>\n<meta name=\"robots\" content=\"index, follow, max-snippet:-1, max-image-preview:large, max-video-preview:-1\" \/>\n<link rel=\"canonical\" href=\"https:\/\/www.atelierdescigognes.fr\/wordpressV2\/boutique\/patron-couture-enfant-patron-couture-ado\/pdf-la-jupette-a-smocks-danne-charlotte\/\" \/>\n<meta property=\"og:locale\" content=\"fr_FR\" \/>\n<meta property=\"og:type\" content=\"article\" \/>\n<meta property=\"og:title\" content=\"Patron couture jupe Enfant - La jupette \u00e0 smocks d&#039;Anne-Charlotte !\" \/>\n<meta property=\"og:description\" content=\"Patron couture jupe enfant pour une petite jupe d&#039;\u00e9t\u00e9 \u00e0 r\u00e9aliser dans un coton l\u00e9ger. Du 3 au 10 ans. Longueur au genou. Smocks \u00e9lastiqu\u00e9s faciles \u00e0 faire \u00e0 la taille. Volants fronc\u00e9s au bas de la jupe. Facile, m\u00eame pour les d\u00e9butantes !\" \/>\n<meta property=\"og:url\" content=\"https:\/\/www.atelierdescigognes.fr\/wordpressV2\/boutique\/patron-couture-enfant-patron-couture-ado\/pdf-la-jupette-a-smocks-danne-charlotte\/\" \/>\n<meta property=\"og:site_name\" content=\"Atelier des cigognes\" \/>\n<meta property=\"article:modified_time\" content=\"2022-09-28T13:30:35+00:00\" \/>\n<meta property=\"og:image\" content=\"https:\/\/www.atelierdescigognes.fr\/wordpressV2\/wp-content\/uploads\/2014\/12\/E78_jupe_pdf.jpg\" \/>\n\t<meta property=\"og:image:width\" content=\"1200\" \/>\n\t<meta property=\"og:image:height\" content=\"1200\" \/>\n\t<meta property=\"og:image:type\" content=\"image\/jpeg\" \/>\n<meta name=\"twitter:card\" content=\"summary_large_image\" \/>\n<meta name=\"twitter:label1\" content=\"Dur\u00e9e de lecture estim\u00e9e\" \/>\n\t<meta name=\"twitter:data1\" content=\"1 minute\" \/>\n<script type=\"application\/ld+json\" class=\"yoast-schema-graph\">{\"@context\":\"https:\/\/schema.org\",\"@graph\":[{\"@type\":\"WebPage\",\"@id\":\"https:\/\/www.atelierdescigognes.fr\/wordpressV2\/boutique\/patron-couture-enfant-patron-couture-ado\/pdf-la-jupette-a-smocks-danne-charlotte\/\",\"url\":\"https:\/\/www.atelierdescigognes.fr\/wordpressV2\/boutique\/patron-couture-enfant-patron-couture-ado\/pdf-la-jupette-a-smocks-danne-charlotte\/\",\"name\":\"Patron couture jupe Enfant - La jupette \u00e0 smocks d'Anne-Charlotte !\",\"isPartOf\":{\"@id\":\"https:\/\/www.atelierdescigognes.fr\/wordpressV2\/#website\"},\"primaryImageOfPage\":{\"@id\":\"https:\/\/www.atelierdescigognes.fr\/wordpressV2\/boutique\/patron-couture-enfant-patron-couture-ado\/pdf-la-jupette-a-smocks-danne-charlotte\/#primaryimage\"},\"image\":{\"@id\":\"https:\/\/www.atelierdescigognes.fr\/wordpressV2\/boutique\/patron-couture-enfant-patron-couture-ado\/pdf-la-jupette-a-smocks-danne-charlotte\/#primaryimage\"},\"thumbnailUrl\":\"https:\/\/www.atelierdescigognes.fr\/wordpressV2\/wp-content\/uploads\/2014\/12\/E78_jupe_pdf.jpg\",\"datePublished\":\"2014-12-11T21:21:17+00:00\",\"dateModified\":\"2022-09-28T13:30:35+00:00\",\"description\":\"Patron couture jupe enfant pour une petite jupe d'\u00e9t\u00e9 \u00e0 r\u00e9aliser dans un coton l\u00e9ger. Du 3 au 10 ans. Longueur au genou. Smocks \u00e9lastiqu\u00e9s faciles \u00e0 faire \u00e0 la taille. Volants fronc\u00e9s au bas de la jupe. Facile, m\u00eame pour les d\u00e9butantes !\",\"breadcrumb\":{\"@id\":\"https:\/\/www.atelierdescigognes.fr\/wordpressV2\/boutique\/patron-couture-enfant-patron-couture-ado\/pdf-la-jupette-a-smocks-danne-charlotte\/#breadcrumb\"},\"inLanguage\":\"fr-FR\",\"potentialAction\":[{\"@type\":\"ReadAction\",\"target\":[\"https:\/\/www.atelierdescigognes.fr\/wordpressV2\/boutique\/patron-couture-enfant-patron-couture-ado\/pdf-la-jupette-a-smocks-danne-charlotte\/\"]}]},{\"@type\":\"ImageObject\",\"inLanguage\":\"fr-FR\",\"@id\":\"https:\/\/www.atelierdescigognes.fr\/wordpressV2\/boutique\/patron-couture-enfant-patron-couture-ado\/pdf-la-jupette-a-smocks-danne-charlotte\/#primaryimage\",\"url\":\"https:\/\/www.atelierdescigognes.fr\/wordpressV2\/wp-content\/uploads\/2014\/12\/E78_jupe_pdf.jpg\",\"contentUrl\":\"https:\/\/www.atelierdescigognes.fr\/wordpressV2\/wp-content\/uploads\/2014\/12\/E78_jupe_pdf.jpg\",\"width\":1200,\"height\":1200,\"caption\":\"Patron couture Jupe Enfant - La jupette \u00e0 smocks d'Anne-Charlotte\"},{\"@type\":\"BreadcrumbList\",\"@id\":\"https:\/\/www.atelierdescigognes.fr\/wordpressV2\/boutique\/patron-couture-enfant-patron-couture-ado\/pdf-la-jupette-a-smocks-danne-charlotte\/#breadcrumb\",\"itemListElement\":[{\"@type\":\"ListItem\",\"position\":1,\"name\":\"Accueil\",\"item\":\"https:\/\/www.atelierdescigognes.fr\/wordpressV2\/\"},{\"@type\":\"ListItem\",\"position\":2,\"name\":\"Boutique\",\"item\":\"https:\/\/www.atelierdescigognes.fr\/wordpressV2\/boutique\/\"},{\"@type\":\"ListItem\",\"position\":3,\"name\":\"PDF &#8211; La jupette \u00e0 smocks d&rsquo;Anne-Charlotte\"}]},{\"@type\":\"WebSite\",\"@id\":\"https:\/\/www.atelierdescigognes.fr\/wordpressV2\/#website\",\"url\":\"https:\/\/www.atelierdescigognes.fr\/wordpressV2\/\",\"name\":\"Atelier des cigognes\",\"description\":\"Cr\u00e9ation de patrons de couture\",\"publisher\":{\"@id\":\"https:\/\/www.atelierdescigognes.fr\/wordpressV2\/#organization\"},\"potentialAction\":[{\"@type\":\"SearchAction\",\"target\":{\"@type\":\"EntryPoint\",\"urlTemplate\":\"https:\/\/www.atelierdescigognes.fr\/wordpressV2\/?s={search_term_string}\"},\"query-input\":{\"@type\":\"PropertyValueSpecification\",\"valueRequired\":true,\"valueName\":\"search_term_string\"}}],\"inLanguage\":\"fr-FR\"},{\"@type\":\"Organization\",\"@id\":\"https:\/\/www.atelierdescigognes.fr\/wordpressV2\/#organization\",\"name\":\"Atelier des cigognes\",\"url\":\"https:\/\/www.atelierdescigognes.fr\/wordpressV2\/\",\"logo\":{\"@type\":\"ImageObject\",\"inLanguage\":\"fr-FR\",\"@id\":\"https:\/\/www.atelierdescigognes.fr\/wordpressV2\/#\/schema\/logo\/image\/\",\"url\":\"https:\/\/www.atelierdescigognes.fr\/wordpressV2\/wp-content\/uploads\/2018\/04\/cropped-logo_AdC.jpg\",\"contentUrl\":\"https:\/\/www.atelierdescigognes.fr\/wordpressV2\/wp-content\/uploads\/2018\/04\/cropped-logo_AdC.jpg\",\"width\":307,\"height\":110,\"caption\":\"Atelier des cigognes\"},\"image\":{\"@id\":\"https:\/\/www.atelierdescigognes.fr\/wordpressV2\/#\/schema\/logo\/image\/\"}}]}<\/script>\n<!-- \/ Yoast SEO plugin. -->","yoast_head_json":{"title":"Patron couture jupe Enfant - La jupette \u00e0 smocks d'Anne-Charlotte !","description":"Patron couture jupe enfant pour une petite jupe d'\u00e9t\u00e9 \u00e0 r\u00e9aliser dans un coton l\u00e9ger. Du 3 au 10 ans. Longueur au genou. Smocks \u00e9lastiqu\u00e9s faciles \u00e0 faire \u00e0 la taille. Volants fronc\u00e9s au bas de la jupe. Facile, m\u00eame pour les d\u00e9butantes !","robots":{"index":"index","follow":"follow","max-snippet":"max-snippet:-1","max-image-preview":"max-image-preview:large","max-video-preview":"max-video-preview:-1"},"canonical":"https:\/\/www.atelierdescigognes.fr\/wordpressV2\/boutique\/patron-couture-enfant-patron-couture-ado\/pdf-la-jupette-a-smocks-danne-charlotte\/","og_locale":"fr_FR","og_type":"article","og_title":"Patron couture jupe Enfant - La jupette \u00e0 smocks d'Anne-Charlotte !","og_description":"Patron couture jupe enfant pour une petite jupe d'\u00e9t\u00e9 \u00e0 r\u00e9aliser dans un coton l\u00e9ger. Du 3 au 10 ans. Longueur au genou. Smocks \u00e9lastiqu\u00e9s faciles \u00e0 faire \u00e0 la taille. Volants fronc\u00e9s au bas de la jupe. Facile, m\u00eame pour les d\u00e9butantes !","og_url":"https:\/\/www.atelierdescigognes.fr\/wordpressV2\/boutique\/patron-couture-enfant-patron-couture-ado\/pdf-la-jupette-a-smocks-danne-charlotte\/","og_site_name":"Atelier des cigognes","article_modified_time":"2022-09-28T13:30:35+00:00","og_image":[{"width":1200,"height":1200,"url":"https:\/\/www.atelierdescigognes.fr\/wordpressV2\/wp-content\/uploads\/2014\/12\/E78_jupe_pdf.jpg","type":"image\/jpeg"}],"twitter_card":"summary_large_image","twitter_misc":{"Dur\u00e9e de lecture estim\u00e9e":"1 minute"},"schema":{"@context":"https:\/\/schema.org","@graph":[{"@type":"WebPage","@id":"https:\/\/www.atelierdescigognes.fr\/wordpressV2\/boutique\/patron-couture-enfant-patron-couture-ado\/pdf-la-jupette-a-smocks-danne-charlotte\/","url":"https:\/\/www.atelierdescigognes.fr\/wordpressV2\/boutique\/patron-couture-enfant-patron-couture-ado\/pdf-la-jupette-a-smocks-danne-charlotte\/","name":"Patron couture jupe Enfant - La jupette \u00e0 smocks d'Anne-Charlotte !","isPartOf":{"@id":"https:\/\/www.atelierdescigognes.fr\/wordpressV2\/#website"},"primaryImageOfPage":{"@id":"https:\/\/www.atelierdescigognes.fr\/wordpressV2\/boutique\/patron-couture-enfant-patron-couture-ado\/pdf-la-jupette-a-smocks-danne-charlotte\/#primaryimage"},"image":{"@id":"https:\/\/www.atelierdescigognes.fr\/wordpressV2\/boutique\/patron-couture-enfant-patron-couture-ado\/pdf-la-jupette-a-smocks-danne-charlotte\/#primaryimage"},"thumbnailUrl":"https:\/\/www.atelierdescigognes.fr\/wordpressV2\/wp-content\/uploads\/2014\/12\/E78_jupe_pdf.jpg","datePublished":"2014-12-11T21:21:17+00:00","dateModified":"2022-09-28T13:30:35+00:00","description":"Patron couture jupe enfant pour une petite jupe d'\u00e9t\u00e9 \u00e0 r\u00e9aliser dans un coton l\u00e9ger. Du 3 au 10 ans. Longueur au genou. Smocks \u00e9lastiqu\u00e9s faciles \u00e0 faire \u00e0 la taille. Volants fronc\u00e9s au bas de la jupe. Facile, m\u00eame pour les d\u00e9butantes !","breadcrumb":{"@id":"https:\/\/www.atelierdescigognes.fr\/wordpressV2\/boutique\/patron-couture-enfant-patron-couture-ado\/pdf-la-jupette-a-smocks-danne-charlotte\/#breadcrumb"},"inLanguage":"fr-FR","potentialAction":[{"@type":"ReadAction","target":["https:\/\/www.atelierdescigognes.fr\/wordpressV2\/boutique\/patron-couture-enfant-patron-couture-ado\/pdf-la-jupette-a-smocks-danne-charlotte\/"]}]},{"@type":"ImageObject","inLanguage":"fr-FR","@id":"https:\/\/www.atelierdescigognes.fr\/wordpressV2\/boutique\/patron-couture-enfant-patron-couture-ado\/pdf-la-jupette-a-smocks-danne-charlotte\/#primaryimage","url":"https:\/\/www.atelierdescigognes.fr\/wordpressV2\/wp-content\/uploads\/2014\/12\/E78_jupe_pdf.jpg","contentUrl":"https:\/\/www.atelierdescigognes.fr\/wordpressV2\/wp-content\/uploads\/2014\/12\/E78_jupe_pdf.jpg","width":1200,"height":1200,"caption":"Patron couture Jupe Enfant - La jupette \u00e0 smocks d'Anne-Charlotte"},{"@type":"BreadcrumbList","@id":"https:\/\/www.atelierdescigognes.fr\/wordpressV2\/boutique\/patron-couture-enfant-patron-couture-ado\/pdf-la-jupette-a-smocks-danne-charlotte\/#breadcrumb","itemListElement":[{"@type":"ListItem","position":1,"name":"Accueil","item":"https:\/\/www.atelierdescigognes.fr\/wordpressV2\/"},{"@type":"ListItem","position":2,"name":"Boutique","item":"https:\/\/www.atelierdescigognes.fr\/wordpressV2\/boutique\/"},{"@type":"ListItem","position":3,"name":"PDF &#8211; La jupette \u00e0 smocks d&rsquo;Anne-Charlotte"}]},{"@type":"WebSite","@id":"https:\/\/www.atelierdescigognes.fr\/wordpressV2\/#website","url":"https:\/\/www.atelierdescigognes.fr\/wordpressV2\/","name":"Atelier des cigognes","description":"Cr\u00e9ation de patrons de couture","publisher":{"@id":"https:\/\/www.atelierdescigognes.fr\/wordpressV2\/#organization"},"potentialAction":[{"@type":"SearchAction","target":{"@type":"EntryPoint","urlTemplate":"https:\/\/www.atelierdescigognes.fr\/wordpressV2\/?s={search_term_string}"},"query-input":{"@type":"PropertyValueSpecification","valueRequired":true,"valueName":"search_term_string"}}],"inLanguage":"fr-FR"},{"@type":"Organization","@id":"https:\/\/www.atelierdescigognes.fr\/wordpressV2\/#organization","name":"Atelier des cigognes","url":"https:\/\/www.atelierdescigognes.fr\/wordpressV2\/","logo":{"@type":"ImageObject","inLanguage":"fr-FR","@id":"https:\/\/www.atelierdescigognes.fr\/wordpressV2\/#\/schema\/logo\/image\/","url":"https:\/\/www.atelierdescigognes.fr\/wordpressV2\/wp-content\/uploads\/2018\/04\/cropped-logo_AdC.jpg","contentUrl":"https:\/\/www.atelierdescigognes.fr\/wordpressV2\/wp-content\/uploads\/2018\/04\/cropped-logo_AdC.jpg","width":307,"height":110,"caption":"Atelier des cigognes"},"image":{"@id":"https:\/\/www.atelierdescigognes.fr\/wordpressV2\/#\/schema\/logo\/image\/"}}]}},"jetpack_publicize_connections":[],"jetpack_sharing_enabled":true,"_links":{"self":[{"href":"https:\/\/www.atelierdescigognes.fr\/wordpressV2\/wp-json\/wp\/v2\/product\/102","targetHints":{"allow":["GET"]}}],"collection":[{"href":"https:\/\/www.atelierdescigognes.fr\/wordpressV2\/wp-json\/wp\/v2\/product"}],"about":[{"href":"https:\/\/www.atelierdescigognes.fr\/wordpressV2\/wp-json\/wp\/v2\/types\/product"}],"replies":[{"embeddable":true,"href":"https:\/\/www.atelierdescigognes.fr\/wordpressV2\/wp-json\/wp\/v2\/comments?post=102"}],"wp:featuredmedia":[{"embeddable":true,"href":"https:\/\/www.atelierdescigognes.fr\/wordpressV2\/wp-json\/wp\/v2\/media\/5474"}],"wp:attachment":[{"href":"https:\/\/www.atelierdescigognes.fr\/wordpressV2\/wp-json\/wp\/v2\/media?parent=102"}],"wp:term":[{"taxonomy":"product_brand","embeddable":true,"href":"https:\/\/www.atelierdescigognes.fr\/wordpressV2\/wp-json\/wp\/v2\/product_brand?post=102"},{"taxonomy":"product_cat","embeddable":true,"href":"https:\/\/www.atelierdescigognes.fr\/wordpressV2\/wp-json\/wp\/v2\/product_cat?post=102"},{"taxonomy":"product_tag","embeddable":true,"href":"https:\/\/www.atelierdescigognes.fr\/wordpressV2\/wp-json\/wp\/v2\/product_tag?post=102"}],"curies":[{"name":"wp","href":"https:\/\/api.w.org\/{rel}","templated":true}]}}