{"id":91,"date":"2014-12-09T20:59:43","date_gmt":"2014-12-09T20:59:43","guid":{"rendered":"http:\/\/www.atelierdescigognes.fr\/wordpress\/?page_id=91"},"modified":"2019-01-28T11:38:20","modified_gmt":"2019-01-28T10:38:20","slug":"choisir-son-tissu","status":"publish","type":"page","link":"https:\/\/www.atelierdescigognes.fr\/wordpressV2\/choisir-son-tissu\/","title":{"rendered":"Choisir son tissu"},"content":{"rendered":"<p>Bien choisir son tissu est primordial pour une couture r\u00e9ussie ! Pour r\u00e9aliser un<a href=\"http:\/\/www.atelierdescigognes.fr\/\"> patron de couture<\/a>, le choix du tissu est toujours un moment d\u00e9terminant avant la cr\u00e9ation d&rsquo;un ouvrage. C&rsquo;est \u00e0 la fois l&rsquo;un des moments les plus sympathiques o\u00f9 l&rsquo;on a le plaisir de laisser libre cours \u00e0 son imagination&#8230; mais c&rsquo;est aussi l&rsquo;occasion de r\u00e9flexions alambiqu\u00e9es o\u00f9 l&rsquo;on se demande si une <a href=\"http:\/\/www.atelierdescigognes.fr\/boutique\/patron-couture-enfant-patron-couture-ado\/pdf-la-jupette-a-smocks-danne-charlotte\/\">jupe<\/a> r\u00e9alis\u00e9e dans tel tissu aura un tomb\u00e9 \u00e9l\u00e9gant ou si une <a href=\"http:\/\/www.atelierdescigognes.fr\/boutique\/patron-couture-bebe\/ariane-patron-pdf-couture-bebe-robe-chasuble\/\">robe<\/a> dans tel autre tissu ne sera pas trop r\u00eache ! Voici donc quelques pistes pour savoir choisir son tissu&#8230;<\/p>\n<h2>Choisir son tissu en fonction du type de v\u00eatements<\/h2>\n<p>(Les ast\u00e9risques * renvoient \u00e0 une d\u00e9finition plus pr\u00e9cise en bas de page)<\/p>\n<p><strong><img loading=\"lazy\" decoding=\"async\" class=\"size-medium wp-image-5244 alignleft\" src=\"https:\/\/www.atelierdescigognes.fr\/wordpressV2\/wp-content\/uploads\/2018\/03\/IMG_4682-e1522061254469-300x300.jpg\" alt=\"Choisir son tissu : plumetis et biais Liberty\" width=\"300\" height=\"300\" srcset=\"https:\/\/www.atelierdescigognes.fr\/wordpressV2\/wp-content\/uploads\/2018\/03\/IMG_4682-e1522061254469-300x300.jpg 300w, https:\/\/www.atelierdescigognes.fr\/wordpressV2\/wp-content\/uploads\/2018\/03\/IMG_4682-e1522061254469-150x150.jpg 150w, https:\/\/www.atelierdescigognes.fr\/wordpressV2\/wp-content\/uploads\/2018\/03\/IMG_4682-e1522061254469-768x768.jpg 768w, https:\/\/www.atelierdescigognes.fr\/wordpressV2\/wp-content\/uploads\/2018\/03\/IMG_4682-e1522061254469-1024x1024.jpg 1024w, https:\/\/www.atelierdescigognes.fr\/wordpressV2\/wp-content\/uploads\/2018\/03\/IMG_4682-e1522061254469-324x324.jpg 324w, https:\/\/www.atelierdescigognes.fr\/wordpressV2\/wp-content\/uploads\/2018\/03\/IMG_4682-e1522061254469-416x416.jpg 416w, https:\/\/www.atelierdescigognes.fr\/wordpressV2\/wp-content\/uploads\/2018\/03\/IMG_4682-e1522061254469-100x100.jpg 100w\" sizes=\"auto, (max-width: 300px) 100vw, 300px\" \/>Pour une jupe l\u00e9g\u00e8re, une robe d&rsquo;\u00e9t\u00e9, un pyjama l\u00e9ger ou une <a href=\"http:\/\/www.atelierdescigognes.fr\/boutique\/patron-couture-enfant-patron-couture-ado\/blouse-chemise-de-nuit-a-col-pierrot\/\">chemise de nuit<\/a> en toile\u00a0:<\/strong><br \/>\nSans h\u00e9sitation, optez pour une mati\u00e8re naturelle : coton ou lin. Une <strong>popeline*<\/strong> de coton fera parfaitement l&rsquo;affaire pour une jupe ou une robe avec un minimum de tenue. Pour un c\u00f4t\u00e9 plus fluide, une <strong>batiste*<\/strong> de coton (\u00f4 Liberty ch\u00e9ri !), un <strong>plumetis*<\/strong>, une <strong>double-gaze*<\/strong> seront des incontournables, sans compter qu&rsquo;ils sont tr\u00e8s (tr\u00e8s) agr\u00e9ables \u00e0 travailler !<\/p>\n<p><strong><span class=\"gras12bleu\">Pour une <a title=\"Patron couture B\u00e9b\u00e9 \u2013 Brassi\u00e8re \u00e0 manches raglan\" href=\"http:\/\/www.atelierdescigognes.fr\/boutique\/patron-couture-bebe\/patron-couture-bebe-brassiere-manches-raglan\/\">brassi\u00e8re <\/a>de b\u00e9b\u00e9, une chemise, un chemisier, une <a href=\"http:\/\/www.atelierdescigognes.fr\/boutique\/patron-couture-femme\/thetis-patron-couture-femme-blouse-a-manches-pagodes\/\">blouse<\/a> :<\/span><\/strong><br \/>\nC&rsquo;est pareil que pour les jupes ou les robes l\u00e9g\u00e8res, on choisit avant tout la fluidit\u00e9, la finesse et la douceur : <strong>batiste*<\/strong> de coton, <strong>pl<\/strong><strong>umetis*<\/strong>, <strong>double-gaze*<\/strong>, <strong>voile<\/strong>* de coton, etc. !<\/p>\n<p><strong><span class=\"gras12bleu\">Pour une doublure (de <a title=\"Patron couture Cape\" href=\"http:\/\/www.atelierdescigognes.fr\/boutique\/patron-couture-bebe\/patron-couture-enfant-cape\/\">veste<\/a>, de <a title=\"PDF \u2013 Pantalon B\u00e9b\u00e9 doubl\u00e9, \u00e0 revers\" href=\"http:\/\/www.atelierdescigognes.fr\/boutique\/patron-couture-bebe\/pdf-patron-couture-bebe-pantalon-double-a-revers\/\">pantalon<\/a>, de <a href=\"http:\/\/www.atelierdescigognes.fr\/boutique\/patron-couture-future-maman\/patron-couture-jupe-grossesse-evasee\/\">jupe<\/a>, de <a title=\"Patron couture B\u00e9b\u00e9 \u2013 Robe chasuble\" href=\"http:\/\/www.atelierdescigognes.fr\/boutique\/patron-couture-bebe\/ariane-patron-pdf-couture-bebe-robe-chasuble\/\">robe<\/a>&#8230;)\u00a0:<\/span><\/strong><br \/>\nPour choisir son tissu de doublure, on recourt soit \u00e0 une doublure en satin, soit on opte encore et toujours pour une toile de coton (<strong>batiste*<\/strong>, etc.) !<br \/>\nA noter qu&rsquo;une doublure en tissu Liberty donne un chic fou au v\u00eatement ! (que ce soit pour une veste, une robe d&rsquo;enfant, un revers de pantalon b\u00e9b\u00e9, un <a title=\"Tuto couture \u2013 Col fourrure\" href=\"http:\/\/www.atelierdescigognes.fr\/boutique\/accessoires\/tuto-couture-col-fourrure\/\">col en fourrure<\/a>, etc.)<\/p>\n<p><strong><span class=\"gras12bleu\">Pour un <a title=\"Patron couture Pantalon de grossesse\" href=\"http:\/\/www.atelierdescigognes.fr\/boutique\/patron-couture-future-maman\/patron-couture-pantalon-de-grossesse\/\">pantalon<\/a>, une veste, une jupe ou une <a href=\"http:\/\/www.atelierdescigognes.fr\/boutique\/patron-couture-future-maman\/patron-couture-robe-de-grossesse\/\">robe<\/a> un peu plus solides\u00a0:<\/span><\/strong><br \/>\nLe mieux est d&rsquo;opter toujours pour un tissu en coton, comme un <strong>serg\u00e9*<\/strong> ou une <strong>gabardine*<\/strong> (c&rsquo;est un mode de tissage qui fait appara\u00eetre de fines c\u00f4tes en diagonale sur l&rsquo;endroit du tissu). Le <strong>denim*<\/strong> est \u00e9videmment un grand classique, on ne s&rsquo;en lasse pas ! Le <strong>velours milleraies*<\/strong> est \u00e9galement tr\u00e8s agr\u00e9able \u00e0 porter.<br \/>\nSelon le poids (l&rsquo;\u00e9paisseur) du tissu, le v\u00eatement sera plus ou moins l\u00e9ger.<br \/>\nPour des v\u00eatements d&rsquo;hiver, on peut choisir un lainage l\u00e9ger \u00e0 porter, comme de la <strong>flanelle<\/strong>*. Il faudra dans ce cas doubler le v\u00eatement.<\/p>\n<p><strong><span class=\"gras12bleu\">Pour un <a title=\"Patron couture grossesse Top cache-c\u0153ur\" href=\"http:\/\/www.atelierdescigognes.fr\/boutique\/patron-couture-future-maman\/patron-couture-grossesse-top-cache-coeur\/\">top<\/a>, un t-shirt, un pyjama, une ceinture de <a title=\"Patron couture Future Maman\" href=\"http:\/\/www.atelierdescigognes.fr\/categorie-produit\/patron-couture-future-maman\/\">grossesse\u00a0<\/a>:<\/span><\/strong><br \/>\nL&rsquo;incontournable est le <strong>jersey*<\/strong> de coton ou l&rsquo;<strong>interlock*<\/strong> de coton (un nom barbare pour d\u00e9signer un tissu tr\u00e8s proche du jersey\u00a0!) &#8211; id\u00e9alement mieux vaut du coton bio.<br \/>\nContrairement aux apparences, le jersey ou l&rsquo;interlock ne sont pas plus difficiles \u00e0 coudre que les autres tissus.\u00a0 Il convient juste d&rsquo;\u00eatre soigneuse \u00e0 la d\u00e9coupe du tissu jersey, en le tenant bien (pour qu&rsquo;il ne glisse pas) sans pour autant l&rsquo;\u00e9tirer. L&rsquo;id\u00e9al est quand m\u00eame de le coudre \u00e0 la machine avec une aiguille sp\u00e9ciale jersey.<\/p>\n<p>Choisir son tissu : c&rsquo;est fait ! Maintenant, pensez \u00e0 le laver une premi\u00e8re fois et \u00e0 le repasser avant de coudre, cela \u00e9vitera d&rsquo;\u00e9ventuelles mauvaises surprises&#8230;<\/p>\n<hr class=\"section-divider\" \/>\n<h2>Petit ab\u00e9c\u00e9daire pour bien choisir son tissu<\/h2>\n<dl>\n<dt>\n<dl><\/dl>\n<\/dt>\n<dt>\n<dl>\n<dd><\/dd>\n<\/dl>\n<\/dt>\n<dt>\n<h4>Batiste<\/h4>\n<\/dt>\n<dd>Fine toile de coton ou de lin. Les tissus Liberty of London (collection Tana Lawn) en sont un bel exemple !<\/dd>\n<dt>\n<h4>Denim<\/h4>\n<\/dt>\n<dd>\n<dl>\n<dt>Solide toile de coton originellement utilis\u00e9e pour la confection des blue-jeans. \u00ab\u00a0Denim\u00a0\u00bb est une d\u00e9formation de \u00ab\u00a0de N\u00eemes\u00a0\u00bb, ville o\u00f9 ce tissu \u00e9tait au d\u00e9part fabriqu\u00e9. Adapt\u00e9 pour confectionner des v\u00eatements assez solides : pantalons, jupes ou vestes.<\/dt>\n<\/dl>\n<\/dd>\n<dt>\n<h4>Double-gaze<\/h4>\n<dl>\n<dd>La double-gaze est une fine toile de coton au tissage assez l\u00e2che et qui rev\u00eat un aspect l\u00e9g\u00e8rement gaufr\u00e9. Cela rappelle tout \u00e0 fait les langes pour <a href=\"http:\/\/www.atelierdescigognes.fr\/boutique\/patron-couture-bebe\/ariane-patron-pdf-couture-bebe-robe-chasuble\/\">b\u00e9b\u00e9<\/a>, d&rsquo;autant plus que ce tissu d&rsquo;une grande douceur est tr\u00e8s utilis\u00e9 dans la confection b\u00e9b\u00e9 et enfant.<\/dd>\n<\/dl>\n<\/dt>\n<\/dl>\n<dl>\n<dt>\n<h4>Flanelle<\/h4>\n<\/dt>\n<dd>Tissu \u00e0 <a href=\"http:\/\/www.atelierdescigognes.fr\/astuces-de-couture\/\">armure<\/a> toile, en laine card\u00e9e ou en coton.<br \/>\nAdapt\u00e9 pour confectionner des pantalons, des jupes, des robes ou des vestes, ce tissu \u00e9tant g\u00e9n\u00e9ralement assez souple.<\/dd>\n<\/dl>\n<dl>\n<dt>\n<h4>Gabardine<\/h4>\n<\/dt>\n<dd>Tissu serr\u00e9 pr\u00e9sentant sur l\u2019endroit des c\u00f4tes en diagonale.<br \/>\nAdapt\u00e9 pour confectionner des v\u00eatements assez solides : pantalons, jupes, robes ou vestes. Moins raide que le denim.<\/dd>\n<\/dl>\n<dl>\n<dt>\n<h4>Interlock<\/h4>\n<\/dt>\n<dd>Tissu tricot\u00e9 avec une maille de type c\u00f4te. Les deux faces sont identiques. Son extensibilit\u00e9 permet de confectionner ais\u00e9ment des v\u00eatements pr\u00e8s du corps.<br \/>\nId\u00e9al pour r\u00e9aliser des ceintures de <a title=\"Patron couture Future Maman\" href=\"http:\/\/www.atelierdescigognes.fr\/categorie-produit\/patron-couture-future-maman\/\">grossesse <\/a>ou des v\u00eatements pr\u00e8s du corps tels que t-shirts, tops ou robes ainsi que pyjamas ou jupes moulantes. Particuli\u00e8rement adapt\u00e9 pour des t-shirts ou robes de grossesse.<\/dd>\n<\/dl>\n<dl>\n<dt>\n<h4>Jersey<\/h4>\n<\/dt>\n<dd>Tissu tricot\u00e9 avec deux faces diff\u00e9rentes, l\u2019une en \u00ab mailles endroit \u00bb, l\u2019autre en \u00ab mailles envers \u00bb. Il existe diff\u00e9rents types de jersey : jersey de coton, jersey de laine, etc. Au Moyen-\u00c2ge, il \u00e9tait produit sur l\u2019\u00eele de Jersey, d\u2019o\u00f9 son nom.<br \/>\nRelativement extensible ; id\u00e9al pour r\u00e9aliser des ceintures de grossesse ou des v\u00eatements pr\u00e8s du corps tels que t-shirts, <a title=\"Patron couture grossesse Top cache-c\u0153ur\" href=\"http:\/\/www.atelierdescigognes.fr\/boutique\/patron-couture-future-maman\/patron-couture-grossesse-top-cache-coeur\/\">tops <\/a>ou robes ainsi que pyjamas ou jupes moulantes. Particuli\u00e8rement adapt\u00e9 pour des t-shirts ou <a title=\"Patron couture Robe de grossesse \u00e0 volants\" href=\"http:\/\/www.atelierdescigognes.fr\/boutique\/patron-couture-future-maman\/patron-couture-robe-de-grossesse-a-volants\/\">robes de grossesse<\/a>.<\/dd>\n<dt>\n<h4>Plumetis<\/h4>\n<dl>\n<dd>Fine toile de coton, parsem\u00e9e de broderies r\u00e9guli\u00e8res en relief.<\/dd>\n<\/dl>\n<\/dt>\n<\/dl>\n<dl>\n<dt>\n<h4>Popeline<\/h4>\n<\/dt>\n<dd>Toile d\u2019une grande souplesse pr\u00e9sentant des petites c\u00f4tes serr\u00e9es.<br \/>\nParfait pour r\u00e9aliser des tuniques, des chemises ou chemisiers, des robes ou des jupes.<\/dd>\n<dd><\/dd>\n<\/dl>\n<dl>\n<dt>\n<h4>Satin<\/h4>\n<\/dt>\n<dd>Mode de tissage et, par extension, ensemble des tissus r\u00e9alis\u00e9s selon cette <a href=\"http:\/\/www.atelierdescigognes.fr\/astuces-de-couture\/\">armure<\/a>, tr\u00e8s lisses et brillants sur l\u2019endroit et mats sur l\u2019envers.<br \/>\nLes doublures satin\u00e9es ont l&rsquo;avantage d&rsquo;\u00eatre soyeuses et plus chaudes que les doublures synth\u00e9tiques en polyester.<br \/>\nLe satin se pr\u00eate \u00e9galement \u00e0 la confection de chemisiers, jupes ou robes fluides, notamment pour des v\u00eatements de soir\u00e9e.<\/dd>\n<\/dl>\n<dl>\n<dt>\n<h4>Serg\u00e9<\/h4>\n<\/dt>\n<dd>L\u2019une des trois <a href=\"http:\/\/www.atelierdescigognes.fr\/astuces-de-couture\/\">armures<\/a> de tissage (avec l\u2019armure toile et l\u2019armure satin). L\u2019endroit d\u2019un tissu de serg\u00e9 pr\u00e9sente des c\u00f4tes obliques, alors que l\u2019envers est uni.<br \/>\nAdapt\u00e9 \u00e0 la confection de pantalons, jupes, robes ou vestes.<\/dd>\n<\/dl>\n<dl>\n<dt>\n<h4>Velours milleraies<\/h4>\n<\/dt>\n<dd>Tissu de velours \u00e0 fines c\u00f4tes.<br \/>\nSe pr\u00eate particuli\u00e8rement bien \u00e0 la r\u00e9alisation de pantalons, jupes, robes ou vestes.<\/dd>\n<dt>\n<h4>Voile<\/h4>\n<dl>\n<dd>Tr\u00e8s fine toile de coton, relativement transparente.<\/dd>\n<dd><\/dd>\n<\/dl>\n<\/dt>\n<\/dl>\n","protected":false},"excerpt":{"rendered":"<p>Bien choisir son tissu est primordial pour une couture r\u00e9ussie ! Pour r\u00e9aliser un patron de couture, le choix du tissu est toujours un moment d\u00e9terminant avant la cr\u00e9ation d&rsquo;un ouvrage. C&rsquo;est \u00e0 la fois l&rsquo;un des moments les plus sympathiques o\u00f9 l&rsquo;on a le plaisir de laisser libre cours \u00e0 son imagination&#8230; mais c&rsquo;est [&hellip;]<\/p>\n","protected":false},"author":2,"featured_media":0,"parent":0,"menu_order":0,"comment_status":"closed","ping_status":"closed","template":"","meta":{"jetpack_post_was_ever_published":false,"footnotes":""},"class_list":["post-91","page","type-page","status-publish","hentry"],"yoast_head":"<!-- This site is optimized with the Yoast SEO plugin v27.2 - https:\/\/yoast.com\/product\/yoast-seo-wordpress\/ -->\n<title>Choisir son tissu - Atelier des cigognes<\/title>\n<meta name=\"description\" content=\"Bien choisir son tissu est primordial pour une couture r\u00e9ussie ! Pour r\u00e9aliser un patron de couture, le choix du tissu est toujours un moment d\u00e9terminant avant la cr\u00e9ation d&#039;un ouvrage.\" \/>\n<meta name=\"robots\" content=\"index, follow, max-snippet:-1, max-image-preview:large, max-video-preview:-1\" \/>\n<link rel=\"canonical\" href=\"https:\/\/www.atelierdescigognes.fr\/wordpressV2\/choisir-son-tissu\/\" \/>\n<meta property=\"og:locale\" content=\"fr_FR\" \/>\n<meta property=\"og:type\" content=\"article\" \/>\n<meta property=\"og:title\" content=\"Choisir son tissu - Atelier des cigognes\" \/>\n<meta property=\"og:description\" content=\"Bien choisir son tissu est primordial pour une couture r\u00e9ussie ! Pour r\u00e9aliser un patron de couture, le choix du tissu est toujours un moment d\u00e9terminant avant la cr\u00e9ation d&#039;un ouvrage.\" \/>\n<meta property=\"og:url\" content=\"https:\/\/www.atelierdescigognes.fr\/wordpressV2\/choisir-son-tissu\/\" \/>\n<meta property=\"og:site_name\" content=\"Atelier des cigognes\" \/>\n<meta property=\"article:modified_time\" content=\"2019-01-28T10:38:20+00:00\" \/>\n<meta property=\"og:image\" content=\"https:\/\/www.atelierdescigognes.fr\/wordpressV2\/wp-content\/uploads\/2018\/03\/IMG_4682-e1522061254469-300x300.jpg\" \/>\n<meta name=\"twitter:card\" content=\"summary_large_image\" \/>\n<meta name=\"twitter:label1\" content=\"Dur\u00e9e de lecture estim\u00e9e\" \/>\n\t<meta name=\"twitter:data1\" content=\"5 minutes\" \/>\n<script type=\"application\/ld+json\" class=\"yoast-schema-graph\">{\"@context\":\"https:\/\/schema.org\",\"@graph\":[{\"@type\":\"WebPage\",\"@id\":\"https:\/\/www.atelierdescigognes.fr\/wordpressV2\/choisir-son-tissu\/\",\"url\":\"https:\/\/www.atelierdescigognes.fr\/wordpressV2\/choisir-son-tissu\/\",\"name\":\"Choisir son tissu - Atelier des cigognes\",\"isPartOf\":{\"@id\":\"https:\/\/www.atelierdescigognes.fr\/wordpressV2\/#website\"},\"primaryImageOfPage\":{\"@id\":\"https:\/\/www.atelierdescigognes.fr\/wordpressV2\/choisir-son-tissu\/#primaryimage\"},\"image\":{\"@id\":\"https:\/\/www.atelierdescigognes.fr\/wordpressV2\/choisir-son-tissu\/#primaryimage\"},\"thumbnailUrl\":\"https:\/\/www.atelierdescigognes.fr\/wordpressV2\/wp-content\/uploads\/2018\/03\/IMG_4682-e1522061254469-300x300.jpg\",\"datePublished\":\"2014-12-09T20:59:43+00:00\",\"dateModified\":\"2019-01-28T10:38:20+00:00\",\"description\":\"Bien choisir son tissu est primordial pour une couture r\u00e9ussie ! Pour r\u00e9aliser un patron de couture, le choix du tissu est toujours un moment d\u00e9terminant avant la cr\u00e9ation d'un ouvrage.\",\"breadcrumb\":{\"@id\":\"https:\/\/www.atelierdescigognes.fr\/wordpressV2\/choisir-son-tissu\/#breadcrumb\"},\"inLanguage\":\"fr-FR\",\"potentialAction\":[{\"@type\":\"ReadAction\",\"target\":[\"https:\/\/www.atelierdescigognes.fr\/wordpressV2\/choisir-son-tissu\/\"]}]},{\"@type\":\"ImageObject\",\"inLanguage\":\"fr-FR\",\"@id\":\"https:\/\/www.atelierdescigognes.fr\/wordpressV2\/choisir-son-tissu\/#primaryimage\",\"url\":\"https:\/\/www.atelierdescigognes.fr\/wordpressV2\/wp-content\/uploads\/2018\/03\/IMG_4682-e1522061254469.jpg\",\"contentUrl\":\"https:\/\/www.atelierdescigognes.fr\/wordpressV2\/wp-content\/uploads\/2018\/03\/IMG_4682-e1522061254469.jpg\",\"width\":2448,\"height\":2448,\"caption\":\"Choisir son tissu : plumetis et biais Liberty\"},{\"@type\":\"BreadcrumbList\",\"@id\":\"https:\/\/www.atelierdescigognes.fr\/wordpressV2\/choisir-son-tissu\/#breadcrumb\",\"itemListElement\":[{\"@type\":\"ListItem\",\"position\":1,\"name\":\"Accueil\",\"item\":\"https:\/\/www.atelierdescigognes.fr\/wordpressV2\/\"},{\"@type\":\"ListItem\",\"position\":2,\"name\":\"Choisir son tissu\"}]},{\"@type\":\"WebSite\",\"@id\":\"https:\/\/www.atelierdescigognes.fr\/wordpressV2\/#website\",\"url\":\"https:\/\/www.atelierdescigognes.fr\/wordpressV2\/\",\"name\":\"Atelier des cigognes\",\"description\":\"Cr\u00e9ation de patrons de couture\",\"publisher\":{\"@id\":\"https:\/\/www.atelierdescigognes.fr\/wordpressV2\/#organization\"},\"potentialAction\":[{\"@type\":\"SearchAction\",\"target\":{\"@type\":\"EntryPoint\",\"urlTemplate\":\"https:\/\/www.atelierdescigognes.fr\/wordpressV2\/?s={search_term_string}\"},\"query-input\":{\"@type\":\"PropertyValueSpecification\",\"valueRequired\":true,\"valueName\":\"search_term_string\"}}],\"inLanguage\":\"fr-FR\"},{\"@type\":\"Organization\",\"@id\":\"https:\/\/www.atelierdescigognes.fr\/wordpressV2\/#organization\",\"name\":\"Atelier des cigognes\",\"url\":\"https:\/\/www.atelierdescigognes.fr\/wordpressV2\/\",\"logo\":{\"@type\":\"ImageObject\",\"inLanguage\":\"fr-FR\",\"@id\":\"https:\/\/www.atelierdescigognes.fr\/wordpressV2\/#\/schema\/logo\/image\/\",\"url\":\"https:\/\/www.atelierdescigognes.fr\/wordpressV2\/wp-content\/uploads\/2018\/04\/cropped-logo_AdC.jpg\",\"contentUrl\":\"https:\/\/www.atelierdescigognes.fr\/wordpressV2\/wp-content\/uploads\/2018\/04\/cropped-logo_AdC.jpg\",\"width\":307,\"height\":110,\"caption\":\"Atelier des cigognes\"},\"image\":{\"@id\":\"https:\/\/www.atelierdescigognes.fr\/wordpressV2\/#\/schema\/logo\/image\/\"}}]}<\/script>\n<!-- \/ Yoast SEO plugin. -->","yoast_head_json":{"title":"Choisir son tissu - Atelier des cigognes","description":"Bien choisir son tissu est primordial pour une couture r\u00e9ussie ! Pour r\u00e9aliser un patron de couture, le choix du tissu est toujours un moment d\u00e9terminant avant la cr\u00e9ation d'un ouvrage.","robots":{"index":"index","follow":"follow","max-snippet":"max-snippet:-1","max-image-preview":"max-image-preview:large","max-video-preview":"max-video-preview:-1"},"canonical":"https:\/\/www.atelierdescigognes.fr\/wordpressV2\/choisir-son-tissu\/","og_locale":"fr_FR","og_type":"article","og_title":"Choisir son tissu - Atelier des cigognes","og_description":"Bien choisir son tissu est primordial pour une couture r\u00e9ussie ! Pour r\u00e9aliser un patron de couture, le choix du tissu est toujours un moment d\u00e9terminant avant la cr\u00e9ation d'un ouvrage.","og_url":"https:\/\/www.atelierdescigognes.fr\/wordpressV2\/choisir-son-tissu\/","og_site_name":"Atelier des cigognes","article_modified_time":"2019-01-28T10:38:20+00:00","og_image":[{"url":"https:\/\/www.atelierdescigognes.fr\/wordpressV2\/wp-content\/uploads\/2018\/03\/IMG_4682-e1522061254469-300x300.jpg","type":"","width":"","height":""}],"twitter_card":"summary_large_image","twitter_misc":{"Dur\u00e9e de lecture estim\u00e9e":"5 minutes"},"schema":{"@context":"https:\/\/schema.org","@graph":[{"@type":"WebPage","@id":"https:\/\/www.atelierdescigognes.fr\/wordpressV2\/choisir-son-tissu\/","url":"https:\/\/www.atelierdescigognes.fr\/wordpressV2\/choisir-son-tissu\/","name":"Choisir son tissu - Atelier des cigognes","isPartOf":{"@id":"https:\/\/www.atelierdescigognes.fr\/wordpressV2\/#website"},"primaryImageOfPage":{"@id":"https:\/\/www.atelierdescigognes.fr\/wordpressV2\/choisir-son-tissu\/#primaryimage"},"image":{"@id":"https:\/\/www.atelierdescigognes.fr\/wordpressV2\/choisir-son-tissu\/#primaryimage"},"thumbnailUrl":"https:\/\/www.atelierdescigognes.fr\/wordpressV2\/wp-content\/uploads\/2018\/03\/IMG_4682-e1522061254469-300x300.jpg","datePublished":"2014-12-09T20:59:43+00:00","dateModified":"2019-01-28T10:38:20+00:00","description":"Bien choisir son tissu est primordial pour une couture r\u00e9ussie ! Pour r\u00e9aliser un patron de couture, le choix du tissu est toujours un moment d\u00e9terminant avant la cr\u00e9ation d'un ouvrage.","breadcrumb":{"@id":"https:\/\/www.atelierdescigognes.fr\/wordpressV2\/choisir-son-tissu\/#breadcrumb"},"inLanguage":"fr-FR","potentialAction":[{"@type":"ReadAction","target":["https:\/\/www.atelierdescigognes.fr\/wordpressV2\/choisir-son-tissu\/"]}]},{"@type":"ImageObject","inLanguage":"fr-FR","@id":"https:\/\/www.atelierdescigognes.fr\/wordpressV2\/choisir-son-tissu\/#primaryimage","url":"https:\/\/www.atelierdescigognes.fr\/wordpressV2\/wp-content\/uploads\/2018\/03\/IMG_4682-e1522061254469.jpg","contentUrl":"https:\/\/www.atelierdescigognes.fr\/wordpressV2\/wp-content\/uploads\/2018\/03\/IMG_4682-e1522061254469.jpg","width":2448,"height":2448,"caption":"Choisir son tissu : plumetis et biais Liberty"},{"@type":"BreadcrumbList","@id":"https:\/\/www.atelierdescigognes.fr\/wordpressV2\/choisir-son-tissu\/#breadcrumb","itemListElement":[{"@type":"ListItem","position":1,"name":"Accueil","item":"https:\/\/www.atelierdescigognes.fr\/wordpressV2\/"},{"@type":"ListItem","position":2,"name":"Choisir son tissu"}]},{"@type":"WebSite","@id":"https:\/\/www.atelierdescigognes.fr\/wordpressV2\/#website","url":"https:\/\/www.atelierdescigognes.fr\/wordpressV2\/","name":"Atelier des cigognes","description":"Cr\u00e9ation de patrons de couture","publisher":{"@id":"https:\/\/www.atelierdescigognes.fr\/wordpressV2\/#organization"},"potentialAction":[{"@type":"SearchAction","target":{"@type":"EntryPoint","urlTemplate":"https:\/\/www.atelierdescigognes.fr\/wordpressV2\/?s={search_term_string}"},"query-input":{"@type":"PropertyValueSpecification","valueRequired":true,"valueName":"search_term_string"}}],"inLanguage":"fr-FR"},{"@type":"Organization","@id":"https:\/\/www.atelierdescigognes.fr\/wordpressV2\/#organization","name":"Atelier des cigognes","url":"https:\/\/www.atelierdescigognes.fr\/wordpressV2\/","logo":{"@type":"ImageObject","inLanguage":"fr-FR","@id":"https:\/\/www.atelierdescigognes.fr\/wordpressV2\/#\/schema\/logo\/image\/","url":"https:\/\/www.atelierdescigognes.fr\/wordpressV2\/wp-content\/uploads\/2018\/04\/cropped-logo_AdC.jpg","contentUrl":"https:\/\/www.atelierdescigognes.fr\/wordpressV2\/wp-content\/uploads\/2018\/04\/cropped-logo_AdC.jpg","width":307,"height":110,"caption":"Atelier des cigognes"},"image":{"@id":"https:\/\/www.atelierdescigognes.fr\/wordpressV2\/#\/schema\/logo\/image\/"}}]}},"jetpack_sharing_enabled":true,"jetpack_shortlink":"https:\/\/wp.me\/P9M13p-1t","_links":{"self":[{"href":"https:\/\/www.atelierdescigognes.fr\/wordpressV2\/wp-json\/wp\/v2\/pages\/91","targetHints":{"allow":["GET"]}}],"collection":[{"href":"https:\/\/www.atelierdescigognes.fr\/wordpressV2\/wp-json\/wp\/v2\/pages"}],"about":[{"href":"https:\/\/www.atelierdescigognes.fr\/wordpressV2\/wp-json\/wp\/v2\/types\/page"}],"author":[{"embeddable":true,"href":"https:\/\/www.atelierdescigognes.fr\/wordpressV2\/wp-json\/wp\/v2\/users\/2"}],"replies":[{"embeddable":true,"href":"https:\/\/www.atelierdescigognes.fr\/wordpressV2\/wp-json\/wp\/v2\/comments?post=91"}],"version-history":[{"count":5,"href":"https:\/\/www.atelierdescigognes.fr\/wordpressV2\/wp-json\/wp\/v2\/pages\/91\/revisions"}],"predecessor-version":[{"id":18412,"href":"https:\/\/www.atelierdescigognes.fr\/wordpressV2\/wp-json\/wp\/v2\/pages\/91\/revisions\/18412"}],"wp:attachment":[{"href":"https:\/\/www.atelierdescigognes.fr\/wordpressV2\/wp-json\/wp\/v2\/media?parent=91"}],"curies":[{"name":"wp","href":"https:\/\/api.w.org\/{rel}","templated":true}]}}