{"id":89,"date":"2014-12-09T20:57:09","date_gmt":"2014-12-09T20:57:09","guid":{"rendered":"http:\/\/www.atelierdescigognes.fr\/wordpress\/?page_id=89"},"modified":"2019-01-28T11:34:49","modified_gmt":"2019-01-28T10:34:49","slug":"guide-des-tailles","status":"publish","type":"page","link":"https:\/\/www.atelierdescigognes.fr\/wordpressV2\/guide-des-tailles\/","title":{"rendered":"Guide des tailles"},"content":{"rendered":"<p>Guide des tailles \u00e0 suivre pour la r\u00e9alisation d&rsquo;un <a title=\"Patron couture Future Maman\" href=\"http:\/\/www.atelierdescigognes.fr\/categorie-produit\/patron-couture-future-maman\/\">patron couture Future maman<\/a>, d&rsquo;un <a title=\"Patron couture B\u00e9b\u00e9\" href=\"http:\/\/www.atelierdescigognes.fr\/categorie-produit\/patron-couture-bebe\/\">patron couture B\u00e9b\u00e9<\/a> ou d&rsquo;un <a title=\"Patron couture Enfant\" href=\"https:\/\/www.atelierdescigognes.fr\/wordpressV2\/categorie-produit\/patron-couture-enfant-patron-couture-ado\/\">patron couture Enfant<\/a>.<\/p>\n<h4>Tailles Future Maman \/ Tailles Femme<\/h4>\n<p>Les mesures donn\u00e9es ci-dessous sont celles d\u2019avant la grossesse : il suffit donc de choisir sa taille habituelle.<\/p>\n<div class=\"table-responsive\">\n<table class=\"table table-hover \" width=\"100%\">\n<thead>\n<tr>\n<th>taille Atelier des Cigognes<\/th>\n<th>36<\/th>\n<th>38<\/th>\n<th>40<\/th>\n<th>42<\/th>\n<th>44<\/th>\n<th>46<\/th>\n<\/tr>\n<\/thead>\n<tbody>\n<tr>\n<td>tour de poitrine (en cm)<\/td>\n<td>82 \/ 86<\/td>\n<td>86 \/ 90<\/td>\n<td>90 \/ 94<\/td>\n<td>94 \/ 98<\/td>\n<td>98 \/ 102<\/td>\n<td>102 \/ 108<\/td>\n<\/tr>\n<tr>\n<td>tour de taille (en cm)<\/td>\n<td>62 \/ 66<\/td>\n<td>66 \/ 70<\/td>\n<td>70 \/ 74<\/td>\n<td>74 \/ 78<\/td>\n<td>78 \/ 82<\/td>\n<td>82 \/ 88<\/td>\n<\/tr>\n<tr>\n<td>tour de bassin (en cm)<\/td>\n<td>88 \/ 92<\/td>\n<td>92 \/ 96<\/td>\n<td>96 \/ 100<\/td>\n<td>100 \/ 104<\/td>\n<td>104 \/ 108<\/td>\n<td>108 \/114<\/td>\n<\/tr>\n<\/tbody>\n<\/table>\n<\/div>\n<h4>Tailles B\u00e9b\u00e9<\/h4>\n<div class=\"table-responsive\">\n<table class=\"table table-hover \" width=\"100%\">\n<thead>\n<tr>\n<th>taille Atelier des Cigognes<\/th>\n<th>3 mois<\/th>\n<th>6 mois<\/th>\n<th>9 mois<\/th>\n<th>12 mois<\/th>\n<th>18 mois<\/th>\n<th>24 mois<\/th>\n<\/tr>\n<\/thead>\n<tbody>\n<tr>\n<td>stature (en cm)<\/td>\n<td>60<\/td>\n<td>67<\/td>\n<td>71<\/td>\n<td>74<\/td>\n<td>81<\/td>\n<td>86<\/td>\n<\/tr>\n<\/tbody>\n<\/table>\n<\/div>\n<h4>Tailles Enfant<\/h4>\n<div class=\"table-responsive\">\n<table class=\"table table-hover \" width=\"100%\">\n<thead>\n<tr>\n<th>taille Atelier des Cigognes<\/th>\n<th>2 ans<\/th>\n<th>3 ans<\/th>\n<th>4 ans<\/th>\n<th>6 ans<\/th>\n<th>8 ans<\/th>\n<th>10 ans<\/th>\n<\/tr>\n<\/thead>\n<tbody>\n<tr>\n<td>stature (en cm)<\/td>\n<td>86<\/td>\n<td>96<\/td>\n<td>102<\/td>\n<td>114<\/td>\n<td>126<\/td>\n<td>138<\/td>\n<\/tr>\n<\/tbody>\n<\/table>\n<\/div>\n","protected":false},"excerpt":{"rendered":"<p>Guide des tailles \u00e0 suivre pour la r\u00e9alisation d&rsquo;un patron couture Future maman, d&rsquo;un patron couture B\u00e9b\u00e9 ou d&rsquo;un patron couture Enfant. Tailles Future Maman \/ Tailles Femme Les mesures donn\u00e9es ci-dessous sont celles d\u2019avant la grossesse : il suffit donc de choisir sa taille habituelle. taille Atelier des Cigognes 36 38 40 42 44 [&hellip;]<\/p>\n","protected":false},"author":2,"featured_media":0,"parent":0,"menu_order":0,"comment_status":"closed","ping_status":"open","template":"","meta":{"jetpack_post_was_ever_published":false,"footnotes":""},"class_list":["post-89","page","type-page","status-publish","hentry"],"yoast_head":"<!-- This site is optimized with the Yoast SEO plugin v27.2 - https:\/\/yoast.com\/product\/yoast-seo-wordpress\/ -->\n<title>Guide des tailles - Atelier des cigognes<\/title>\n<meta name=\"robots\" content=\"index, follow, max-snippet:-1, max-image-preview:large, max-video-preview:-1\" \/>\n<link rel=\"canonical\" href=\"https:\/\/www.atelierdescigognes.fr\/wordpressV2\/guide-des-tailles\/\" \/>\n<meta property=\"og:locale\" content=\"fr_FR\" \/>\n<meta property=\"og:type\" content=\"article\" \/>\n<meta property=\"og:title\" content=\"Guide des tailles - Atelier des cigognes\" \/>\n<meta property=\"og:description\" content=\"Guide des tailles \u00e0 suivre pour la r\u00e9alisation d&rsquo;un patron couture Future maman, d&rsquo;un patron couture B\u00e9b\u00e9 ou d&rsquo;un patron couture Enfant. Tailles Future Maman \/ Tailles Femme Les mesures donn\u00e9es ci-dessous sont celles d\u2019avant la grossesse : il suffit donc de choisir sa taille habituelle. taille Atelier des Cigognes 36 38 40 42 44 [&hellip;]\" \/>\n<meta property=\"og:url\" content=\"https:\/\/www.atelierdescigognes.fr\/wordpressV2\/guide-des-tailles\/\" \/>\n<meta property=\"og:site_name\" content=\"Atelier des cigognes\" \/>\n<meta property=\"article:modified_time\" content=\"2019-01-28T10:34:49+00:00\" \/>\n<meta name=\"twitter:card\" content=\"summary_large_image\" \/>\n<script type=\"application\/ld+json\" class=\"yoast-schema-graph\">{\"@context\":\"https:\/\/schema.org\",\"@graph\":[{\"@type\":\"WebPage\",\"@id\":\"https:\/\/www.atelierdescigognes.fr\/wordpressV2\/guide-des-tailles\/\",\"url\":\"https:\/\/www.atelierdescigognes.fr\/wordpressV2\/guide-des-tailles\/\",\"name\":\"Guide des tailles - Atelier des cigognes\",\"isPartOf\":{\"@id\":\"https:\/\/www.atelierdescigognes.fr\/wordpressV2\/#website\"},\"datePublished\":\"2014-12-09T20:57:09+00:00\",\"dateModified\":\"2019-01-28T10:34:49+00:00\",\"breadcrumb\":{\"@id\":\"https:\/\/www.atelierdescigognes.fr\/wordpressV2\/guide-des-tailles\/#breadcrumb\"},\"inLanguage\":\"fr-FR\",\"potentialAction\":[{\"@type\":\"ReadAction\",\"target\":[\"https:\/\/www.atelierdescigognes.fr\/wordpressV2\/guide-des-tailles\/\"]}]},{\"@type\":\"BreadcrumbList\",\"@id\":\"https:\/\/www.atelierdescigognes.fr\/wordpressV2\/guide-des-tailles\/#breadcrumb\",\"itemListElement\":[{\"@type\":\"ListItem\",\"position\":1,\"name\":\"Accueil\",\"item\":\"https:\/\/www.atelierdescigognes.fr\/wordpressV2\/\"},{\"@type\":\"ListItem\",\"position\":2,\"name\":\"Guide des tailles\"}]},{\"@type\":\"WebSite\",\"@id\":\"https:\/\/www.atelierdescigognes.fr\/wordpressV2\/#website\",\"url\":\"https:\/\/www.atelierdescigognes.fr\/wordpressV2\/\",\"name\":\"Atelier des cigognes\",\"description\":\"Cr\u00e9ation de patrons de couture\",\"publisher\":{\"@id\":\"https:\/\/www.atelierdescigognes.fr\/wordpressV2\/#organization\"},\"potentialAction\":[{\"@type\":\"SearchAction\",\"target\":{\"@type\":\"EntryPoint\",\"urlTemplate\":\"https:\/\/www.atelierdescigognes.fr\/wordpressV2\/?s={search_term_string}\"},\"query-input\":{\"@type\":\"PropertyValueSpecification\",\"valueRequired\":true,\"valueName\":\"search_term_string\"}}],\"inLanguage\":\"fr-FR\"},{\"@type\":\"Organization\",\"@id\":\"https:\/\/www.atelierdescigognes.fr\/wordpressV2\/#organization\",\"name\":\"Atelier des cigognes\",\"url\":\"https:\/\/www.atelierdescigognes.fr\/wordpressV2\/\",\"logo\":{\"@type\":\"ImageObject\",\"inLanguage\":\"fr-FR\",\"@id\":\"https:\/\/www.atelierdescigognes.fr\/wordpressV2\/#\/schema\/logo\/image\/\",\"url\":\"https:\/\/www.atelierdescigognes.fr\/wordpressV2\/wp-content\/uploads\/2018\/04\/cropped-logo_AdC.jpg\",\"contentUrl\":\"https:\/\/www.atelierdescigognes.fr\/wordpressV2\/wp-content\/uploads\/2018\/04\/cropped-logo_AdC.jpg\",\"width\":307,\"height\":110,\"caption\":\"Atelier des cigognes\"},\"image\":{\"@id\":\"https:\/\/www.atelierdescigognes.fr\/wordpressV2\/#\/schema\/logo\/image\/\"}}]}<\/script>\n<!-- \/ Yoast SEO plugin. -->","yoast_head_json":{"title":"Guide des tailles - Atelier des cigognes","robots":{"index":"index","follow":"follow","max-snippet":"max-snippet:-1","max-image-preview":"max-image-preview:large","max-video-preview":"max-video-preview:-1"},"canonical":"https:\/\/www.atelierdescigognes.fr\/wordpressV2\/guide-des-tailles\/","og_locale":"fr_FR","og_type":"article","og_title":"Guide des tailles - Atelier des cigognes","og_description":"Guide des tailles \u00e0 suivre pour la r\u00e9alisation d&rsquo;un patron couture Future maman, d&rsquo;un patron couture B\u00e9b\u00e9 ou d&rsquo;un patron couture Enfant. Tailles Future Maman \/ Tailles Femme Les mesures donn\u00e9es ci-dessous sont celles d\u2019avant la grossesse : il suffit donc de choisir sa taille habituelle. taille Atelier des Cigognes 36 38 40 42 44 [&hellip;]","og_url":"https:\/\/www.atelierdescigognes.fr\/wordpressV2\/guide-des-tailles\/","og_site_name":"Atelier des cigognes","article_modified_time":"2019-01-28T10:34:49+00:00","twitter_card":"summary_large_image","schema":{"@context":"https:\/\/schema.org","@graph":[{"@type":"WebPage","@id":"https:\/\/www.atelierdescigognes.fr\/wordpressV2\/guide-des-tailles\/","url":"https:\/\/www.atelierdescigognes.fr\/wordpressV2\/guide-des-tailles\/","name":"Guide des tailles - Atelier des cigognes","isPartOf":{"@id":"https:\/\/www.atelierdescigognes.fr\/wordpressV2\/#website"},"datePublished":"2014-12-09T20:57:09+00:00","dateModified":"2019-01-28T10:34:49+00:00","breadcrumb":{"@id":"https:\/\/www.atelierdescigognes.fr\/wordpressV2\/guide-des-tailles\/#breadcrumb"},"inLanguage":"fr-FR","potentialAction":[{"@type":"ReadAction","target":["https:\/\/www.atelierdescigognes.fr\/wordpressV2\/guide-des-tailles\/"]}]},{"@type":"BreadcrumbList","@id":"https:\/\/www.atelierdescigognes.fr\/wordpressV2\/guide-des-tailles\/#breadcrumb","itemListElement":[{"@type":"ListItem","position":1,"name":"Accueil","item":"https:\/\/www.atelierdescigognes.fr\/wordpressV2\/"},{"@type":"ListItem","position":2,"name":"Guide des tailles"}]},{"@type":"WebSite","@id":"https:\/\/www.atelierdescigognes.fr\/wordpressV2\/#website","url":"https:\/\/www.atelierdescigognes.fr\/wordpressV2\/","name":"Atelier des cigognes","description":"Cr\u00e9ation de patrons de couture","publisher":{"@id":"https:\/\/www.atelierdescigognes.fr\/wordpressV2\/#organization"},"potentialAction":[{"@type":"SearchAction","target":{"@type":"EntryPoint","urlTemplate":"https:\/\/www.atelierdescigognes.fr\/wordpressV2\/?s={search_term_string}"},"query-input":{"@type":"PropertyValueSpecification","valueRequired":true,"valueName":"search_term_string"}}],"inLanguage":"fr-FR"},{"@type":"Organization","@id":"https:\/\/www.atelierdescigognes.fr\/wordpressV2\/#organization","name":"Atelier des cigognes","url":"https:\/\/www.atelierdescigognes.fr\/wordpressV2\/","logo":{"@type":"ImageObject","inLanguage":"fr-FR","@id":"https:\/\/www.atelierdescigognes.fr\/wordpressV2\/#\/schema\/logo\/image\/","url":"https:\/\/www.atelierdescigognes.fr\/wordpressV2\/wp-content\/uploads\/2018\/04\/cropped-logo_AdC.jpg","contentUrl":"https:\/\/www.atelierdescigognes.fr\/wordpressV2\/wp-content\/uploads\/2018\/04\/cropped-logo_AdC.jpg","width":307,"height":110,"caption":"Atelier des cigognes"},"image":{"@id":"https:\/\/www.atelierdescigognes.fr\/wordpressV2\/#\/schema\/logo\/image\/"}}]}},"jetpack_sharing_enabled":true,"jetpack_shortlink":"https:\/\/wp.me\/P9M13p-1r","_links":{"self":[{"href":"https:\/\/www.atelierdescigognes.fr\/wordpressV2\/wp-json\/wp\/v2\/pages\/89","targetHints":{"allow":["GET"]}}],"collection":[{"href":"https:\/\/www.atelierdescigognes.fr\/wordpressV2\/wp-json\/wp\/v2\/pages"}],"about":[{"href":"https:\/\/www.atelierdescigognes.fr\/wordpressV2\/wp-json\/wp\/v2\/types\/page"}],"author":[{"embeddable":true,"href":"https:\/\/www.atelierdescigognes.fr\/wordpressV2\/wp-json\/wp\/v2\/users\/2"}],"replies":[{"embeddable":true,"href":"https:\/\/www.atelierdescigognes.fr\/wordpressV2\/wp-json\/wp\/v2\/comments?post=89"}],"version-history":[{"count":1,"href":"https:\/\/www.atelierdescigognes.fr\/wordpressV2\/wp-json\/wp\/v2\/pages\/89\/revisions"}],"predecessor-version":[{"id":18408,"href":"https:\/\/www.atelierdescigognes.fr\/wordpressV2\/wp-json\/wp\/v2\/pages\/89\/revisions\/18408"}],"wp:attachment":[{"href":"https:\/\/www.atelierdescigognes.fr\/wordpressV2\/wp-json\/wp\/v2\/media?parent=89"}],"curies":[{"name":"wp","href":"https:\/\/api.w.org\/{rel}","templated":true}]}}