{"id":5581,"date":"2018-04-06T12:46:24","date_gmt":"2018-04-06T10:46:24","guid":{"rendered":"https:\/\/www.atelierdescigognes.fr\/wordpressV2\/?page_id=5581"},"modified":"2018-04-09T15:18:24","modified_gmt":"2018-04-09T13:18:24","slug":"creation","status":"publish","type":"page","link":"https:\/\/www.atelierdescigognes.fr\/wordpressV2\/","title":{"rendered":"cr\u00e9ation"},"content":{"rendered":"<h2><span style=\"color: #ffffff;\">patrons de couture<\/span><\/h2>\n","protected":false},"excerpt":{"rendered":"<p>patrons de couture<\/p>\n","protected":false},"author":1,"featured_media":5579,"parent":0,"menu_order":0,"comment_status":"closed","ping_status":"closed","template":"template-homepage.php","meta":{"jetpack_post_was_ever_published":false,"footnotes":""},"class_list":["post-5581","page","type-page","status-publish","has-post-thumbnail","hentry"],"yoast_head":"<!-- This site is optimized with the Yoast SEO plugin v27.2 - https:\/\/yoast.com\/product\/yoast-seo-wordpress\/ -->\n<title>Atelier des cigognes - Cr\u00e9ation de patrons de couture<\/title>\n<meta name=\"description\" content=\"Cr\u00e9ation de patrons de couture. Collections de patrons de couture Future maman (patron couture grossesse), patron couture B\u00e9b\u00e9, patron couture Enfant &amp; Ado, patron couture Femme, ainsi que des patrons de couture gratuits au format pdf pour confectionner divers Accessoires en tissu.\" \/>\n<meta name=\"robots\" content=\"index, follow, max-snippet:-1, max-image-preview:large, max-video-preview:-1\" \/>\n<link rel=\"canonical\" href=\"https:\/\/www.atelierdescigognes.fr\/wordpressV2\/\" \/>\n<meta property=\"og:locale\" content=\"fr_FR\" \/>\n<meta property=\"og:type\" content=\"article\" \/>\n<meta property=\"og:title\" content=\"Atelier des cigognes - Cr\u00e9ation de patrons de couture\" \/>\n<meta property=\"og:description\" content=\"Cr\u00e9ation de patrons de couture. Collections de patrons de couture Future maman (patron couture grossesse), patron couture B\u00e9b\u00e9, patron couture Enfant &amp; Ado, patron couture Femme, ainsi que des patrons de couture gratuits au format pdf pour confectionner divers Accessoires en tissu.\" \/>\n<meta property=\"og:url\" content=\"https:\/\/www.atelierdescigognes.fr\/wordpressV2\/\" \/>\n<meta property=\"og:site_name\" content=\"Atelier des cigognes\" \/>\n<meta property=\"article:modified_time\" content=\"2018-04-09T13:18:24+00:00\" \/>\n<meta property=\"og:image\" content=\"https:\/\/www.atelierdescigognes.fr\/wordpressV2\/wp-content\/uploads\/2018\/04\/IMG_8291-e1523011466716.jpg\" \/>\n\t<meta property=\"og:image:width\" content=\"3264\" \/>\n\t<meta property=\"og:image:height\" content=\"2448\" \/>\n\t<meta property=\"og:image:type\" content=\"image\/jpeg\" \/>\n<meta name=\"twitter:card\" content=\"summary_large_image\" \/>\n<script type=\"application\/ld+json\" class=\"yoast-schema-graph\">{\"@context\":\"https:\/\/schema.org\",\"@graph\":[{\"@type\":\"WebPage\",\"@id\":\"https:\/\/www.atelierdescigognes.fr\/wordpressV2\/\",\"url\":\"https:\/\/www.atelierdescigognes.fr\/wordpressV2\/\",\"name\":\"Atelier des cigognes - Cr\u00e9ation de patrons de couture\",\"isPartOf\":{\"@id\":\"https:\/\/www.atelierdescigognes.fr\/wordpressV2\/#website\"},\"primaryImageOfPage\":{\"@id\":\"https:\/\/www.atelierdescigognes.fr\/wordpressV2\/#primaryimage\"},\"image\":{\"@id\":\"https:\/\/www.atelierdescigognes.fr\/wordpressV2\/#primaryimage\"},\"thumbnailUrl\":\"https:\/\/www.atelierdescigognes.fr\/wordpressV2\/wp-content\/uploads\/2018\/04\/IMG_8291-e1523011466716.jpg\",\"datePublished\":\"2018-04-06T10:46:24+00:00\",\"dateModified\":\"2018-04-09T13:18:24+00:00\",\"description\":\"Cr\u00e9ation de patrons de couture. Collections de patrons de couture Future maman (patron couture grossesse), patron couture B\u00e9b\u00e9, patron couture Enfant & Ado, patron couture Femme, ainsi que des patrons de couture gratuits au format pdf pour confectionner divers Accessoires en tissu.\",\"breadcrumb\":{\"@id\":\"https:\/\/www.atelierdescigognes.fr\/wordpressV2\/#breadcrumb\"},\"inLanguage\":\"fr-FR\",\"potentialAction\":[{\"@type\":\"ReadAction\",\"target\":[\"https:\/\/www.atelierdescigognes.fr\/wordpressV2\/\"]}]},{\"@type\":\"ImageObject\",\"inLanguage\":\"fr-FR\",\"@id\":\"https:\/\/www.atelierdescigognes.fr\/wordpressV2\/#primaryimage\",\"url\":\"https:\/\/www.atelierdescigognes.fr\/wordpressV2\/wp-content\/uploads\/2018\/04\/IMG_8291-e1523011466716.jpg\",\"contentUrl\":\"https:\/\/www.atelierdescigognes.fr\/wordpressV2\/wp-content\/uploads\/2018\/04\/IMG_8291-e1523011466716.jpg\",\"width\":3264,\"height\":2448,\"caption\":\"Cr\u00e9ation de patrons de couture\"},{\"@type\":\"BreadcrumbList\",\"@id\":\"https:\/\/www.atelierdescigognes.fr\/wordpressV2\/#breadcrumb\",\"itemListElement\":[{\"@type\":\"ListItem\",\"position\":1,\"name\":\"Accueil\",\"item\":\"https:\/\/www.atelierdescigognes.fr\/wordpressV2\/\"},{\"@type\":\"ListItem\",\"position\":2,\"name\":\"cr\u00e9ation\"}]},{\"@type\":\"WebSite\",\"@id\":\"https:\/\/www.atelierdescigognes.fr\/wordpressV2\/#website\",\"url\":\"https:\/\/www.atelierdescigognes.fr\/wordpressV2\/\",\"name\":\"Atelier des cigognes\",\"description\":\"Cr\u00e9ation de patrons de couture\",\"publisher\":{\"@id\":\"https:\/\/www.atelierdescigognes.fr\/wordpressV2\/#organization\"},\"potentialAction\":[{\"@type\":\"SearchAction\",\"target\":{\"@type\":\"EntryPoint\",\"urlTemplate\":\"https:\/\/www.atelierdescigognes.fr\/wordpressV2\/?s={search_term_string}\"},\"query-input\":{\"@type\":\"PropertyValueSpecification\",\"valueRequired\":true,\"valueName\":\"search_term_string\"}}],\"inLanguage\":\"fr-FR\"},{\"@type\":\"Organization\",\"@id\":\"https:\/\/www.atelierdescigognes.fr\/wordpressV2\/#organization\",\"name\":\"Atelier des cigognes\",\"url\":\"https:\/\/www.atelierdescigognes.fr\/wordpressV2\/\",\"logo\":{\"@type\":\"ImageObject\",\"inLanguage\":\"fr-FR\",\"@id\":\"https:\/\/www.atelierdescigognes.fr\/wordpressV2\/#\/schema\/logo\/image\/\",\"url\":\"https:\/\/www.atelierdescigognes.fr\/wordpressV2\/wp-content\/uploads\/2018\/04\/cropped-logo_AdC.jpg\",\"contentUrl\":\"https:\/\/www.atelierdescigognes.fr\/wordpressV2\/wp-content\/uploads\/2018\/04\/cropped-logo_AdC.jpg\",\"width\":307,\"height\":110,\"caption\":\"Atelier des cigognes\"},\"image\":{\"@id\":\"https:\/\/www.atelierdescigognes.fr\/wordpressV2\/#\/schema\/logo\/image\/\"}}]}<\/script>\n<!-- \/ Yoast SEO plugin. -->","yoast_head_json":{"title":"Atelier des cigognes - Cr\u00e9ation de patrons de couture","description":"Cr\u00e9ation de patrons de couture. Collections de patrons de couture Future maman (patron couture grossesse), patron couture B\u00e9b\u00e9, patron couture Enfant & Ado, patron couture Femme, ainsi que des patrons de couture gratuits au format pdf pour confectionner divers Accessoires en tissu.","robots":{"index":"index","follow":"follow","max-snippet":"max-snippet:-1","max-image-preview":"max-image-preview:large","max-video-preview":"max-video-preview:-1"},"canonical":"https:\/\/www.atelierdescigognes.fr\/wordpressV2\/","og_locale":"fr_FR","og_type":"article","og_title":"Atelier des cigognes - Cr\u00e9ation de patrons de couture","og_description":"Cr\u00e9ation de patrons de couture. Collections de patrons de couture Future maman (patron couture grossesse), patron couture B\u00e9b\u00e9, patron couture Enfant & Ado, patron couture Femme, ainsi que des patrons de couture gratuits au format pdf pour confectionner divers Accessoires en tissu.","og_url":"https:\/\/www.atelierdescigognes.fr\/wordpressV2\/","og_site_name":"Atelier des cigognes","article_modified_time":"2018-04-09T13:18:24+00:00","og_image":[{"width":3264,"height":2448,"url":"https:\/\/www.atelierdescigognes.fr\/wordpressV2\/wp-content\/uploads\/2018\/04\/IMG_8291-e1523011466716.jpg","type":"image\/jpeg"}],"twitter_card":"summary_large_image","schema":{"@context":"https:\/\/schema.org","@graph":[{"@type":"WebPage","@id":"https:\/\/www.atelierdescigognes.fr\/wordpressV2\/","url":"https:\/\/www.atelierdescigognes.fr\/wordpressV2\/","name":"Atelier des cigognes - Cr\u00e9ation de patrons de couture","isPartOf":{"@id":"https:\/\/www.atelierdescigognes.fr\/wordpressV2\/#website"},"primaryImageOfPage":{"@id":"https:\/\/www.atelierdescigognes.fr\/wordpressV2\/#primaryimage"},"image":{"@id":"https:\/\/www.atelierdescigognes.fr\/wordpressV2\/#primaryimage"},"thumbnailUrl":"https:\/\/www.atelierdescigognes.fr\/wordpressV2\/wp-content\/uploads\/2018\/04\/IMG_8291-e1523011466716.jpg","datePublished":"2018-04-06T10:46:24+00:00","dateModified":"2018-04-09T13:18:24+00:00","description":"Cr\u00e9ation de patrons de couture. Collections de patrons de couture Future maman (patron couture grossesse), patron couture B\u00e9b\u00e9, patron couture Enfant & Ado, patron couture Femme, ainsi que des patrons de couture gratuits au format pdf pour confectionner divers Accessoires en tissu.","breadcrumb":{"@id":"https:\/\/www.atelierdescigognes.fr\/wordpressV2\/#breadcrumb"},"inLanguage":"fr-FR","potentialAction":[{"@type":"ReadAction","target":["https:\/\/www.atelierdescigognes.fr\/wordpressV2\/"]}]},{"@type":"ImageObject","inLanguage":"fr-FR","@id":"https:\/\/www.atelierdescigognes.fr\/wordpressV2\/#primaryimage","url":"https:\/\/www.atelierdescigognes.fr\/wordpressV2\/wp-content\/uploads\/2018\/04\/IMG_8291-e1523011466716.jpg","contentUrl":"https:\/\/www.atelierdescigognes.fr\/wordpressV2\/wp-content\/uploads\/2018\/04\/IMG_8291-e1523011466716.jpg","width":3264,"height":2448,"caption":"Cr\u00e9ation de patrons de couture"},{"@type":"BreadcrumbList","@id":"https:\/\/www.atelierdescigognes.fr\/wordpressV2\/#breadcrumb","itemListElement":[{"@type":"ListItem","position":1,"name":"Accueil","item":"https:\/\/www.atelierdescigognes.fr\/wordpressV2\/"},{"@type":"ListItem","position":2,"name":"cr\u00e9ation"}]},{"@type":"WebSite","@id":"https:\/\/www.atelierdescigognes.fr\/wordpressV2\/#website","url":"https:\/\/www.atelierdescigognes.fr\/wordpressV2\/","name":"Atelier des cigognes","description":"Cr\u00e9ation de patrons de couture","publisher":{"@id":"https:\/\/www.atelierdescigognes.fr\/wordpressV2\/#organization"},"potentialAction":[{"@type":"SearchAction","target":{"@type":"EntryPoint","urlTemplate":"https:\/\/www.atelierdescigognes.fr\/wordpressV2\/?s={search_term_string}"},"query-input":{"@type":"PropertyValueSpecification","valueRequired":true,"valueName":"search_term_string"}}],"inLanguage":"fr-FR"},{"@type":"Organization","@id":"https:\/\/www.atelierdescigognes.fr\/wordpressV2\/#organization","name":"Atelier des cigognes","url":"https:\/\/www.atelierdescigognes.fr\/wordpressV2\/","logo":{"@type":"ImageObject","inLanguage":"fr-FR","@id":"https:\/\/www.atelierdescigognes.fr\/wordpressV2\/#\/schema\/logo\/image\/","url":"https:\/\/www.atelierdescigognes.fr\/wordpressV2\/wp-content\/uploads\/2018\/04\/cropped-logo_AdC.jpg","contentUrl":"https:\/\/www.atelierdescigognes.fr\/wordpressV2\/wp-content\/uploads\/2018\/04\/cropped-logo_AdC.jpg","width":307,"height":110,"caption":"Atelier des cigognes"},"image":{"@id":"https:\/\/www.atelierdescigognes.fr\/wordpressV2\/#\/schema\/logo\/image\/"}}]}},"jetpack_sharing_enabled":true,"jetpack_shortlink":"https:\/\/wp.me\/P9M13p-1s1","_links":{"self":[{"href":"https:\/\/www.atelierdescigognes.fr\/wordpressV2\/wp-json\/wp\/v2\/pages\/5581","targetHints":{"allow":["GET"]}}],"collection":[{"href":"https:\/\/www.atelierdescigognes.fr\/wordpressV2\/wp-json\/wp\/v2\/pages"}],"about":[{"href":"https:\/\/www.atelierdescigognes.fr\/wordpressV2\/wp-json\/wp\/v2\/types\/page"}],"author":[{"embeddable":true,"href":"https:\/\/www.atelierdescigognes.fr\/wordpressV2\/wp-json\/wp\/v2\/users\/1"}],"replies":[{"embeddable":true,"href":"https:\/\/www.atelierdescigognes.fr\/wordpressV2\/wp-json\/wp\/v2\/comments?post=5581"}],"version-history":[{"count":5,"href":"https:\/\/www.atelierdescigognes.fr\/wordpressV2\/wp-json\/wp\/v2\/pages\/5581\/revisions"}],"predecessor-version":[{"id":5714,"href":"https:\/\/www.atelierdescigognes.fr\/wordpressV2\/wp-json\/wp\/v2\/pages\/5581\/revisions\/5714"}],"wp:featuredmedia":[{"embeddable":true,"href":"https:\/\/www.atelierdescigognes.fr\/wordpressV2\/wp-json\/wp\/v2\/media\/5579"}],"wp:attachment":[{"href":"https:\/\/www.atelierdescigognes.fr\/wordpressV2\/wp-json\/wp\/v2\/media?parent=5581"}],"curies":[{"name":"wp","href":"https:\/\/api.w.org\/{rel}","templated":true}]}}