{"id":5163,"date":"2014-12-09T13:57:32","date_gmt":"2014-12-09T13:57:32","guid":{"rendered":"http:\/\/www.atelierdescigognes.fr\/wordpress\/?page_id=60"},"modified":"2014-12-09T13:57:32","modified_gmt":"2014-12-09T13:57:32","slug":"mentions-legales","status":"publish","type":"page","link":"https:\/\/www.atelierdescigognes.fr\/wordpressV2\/mentions-legales\/","title":{"rendered":"Mentions l\u00e9gales"},"content":{"rendered":"<h4>Editeur<\/h4>\n<p>Anne Le Grand \/ L&rsquo;Atelier des cigognes<br \/>\n18bis, rue Coquebert de Neuville \u2013 44000 Nantes<br \/>\nTel : 09 86 09 36 61<br \/>\nSiret 514 601 822 00026<\/p>\n<p>&nbsp;<\/p>\n<h4>Directeur de publication<\/h4>\n<p>Anne Le Grand<\/p>\n<p>contact@atelierdescigognes.fr<\/p>\n<p>&nbsp;<\/p>\n<h4>CNIL<\/h4>\n<p>D\u00e9claration n\u00b01390859<\/p>\n<p>&nbsp;<\/p>\n<h4>H\u00e9bergement<\/h4>\n<p>Ce site est h\u00e9berg\u00e9 par la soci\u00e9t\u00e9 OVH<br \/>\nSi\u00e8ge social : 2 rue Kellermann &#8211; 59100 Roubaix<\/p>\n<p>&nbsp;<\/p>\n<h4>Traitement des donn\u00e9es personnelles<\/h4>\n<p>Toutes les informations vous concernant r\u00e9colt\u00e9es dans les formulaires disponibles sur ce site sont destin\u00e9es \u00e0 notre \u00e9tablissement. Nota : En conformit\u00e9 avec la loi n\u00b0787-17 du 16 juin 1978 (CNIL), vous pouvez par simple courrier ou e-mail, nous signaler toute erreur ou tout changement concernant les \u00e9l\u00e9ments que vous nous fournissez, ou vous pouvez demander \u00e0 ne plus figurer sur notre fichier informatique. Droit de r\u00e9ponse par courrier \u00e0 :<br \/>\nAnne Le Grand \u2013 7A, rue du port Garnier 44000 Nantes<\/p>\n<p>&nbsp;<\/p>\n<h4>Droit d&rsquo;auteur &#8211; Copyright<\/h4>\n<p>L&rsquo;ensemble de ce site rel\u00e8ve de la l\u00e9gislation fran\u00e7aise et internationale sur le droit d&rsquo;auteur et la propri\u00e9t\u00e9 intellectuelle.<\/p>\n<p>Tous les droits de reproduction sont r\u00e9serv\u00e9s, y compris pour les documents t\u00e9l\u00e9chargeables et les repr\u00e9sentations iconographiques et photographiques.<br \/>\nLa reproduction de tout ou partie de ce site sur un support \u00e9lectronique ou papier quel qu&rsquo;il soit est formellement interdite sauf autorisation expresse du directeur de la publication.<br \/>\nLes marques cit\u00e9es sur ce site sont d\u00e9pos\u00e9es par les soci\u00e9t\u00e9s qui en sont propri\u00e9taires. Notamment, l&rsquo;Atelier des cigognes est une marque d\u00e9pos\u00e9e.<\/p>\n","protected":false},"excerpt":{"rendered":"<p>Editeur Anne Le Grand \/ L&rsquo;Atelier des cigognes 18bis, rue Coquebert de Neuville \u2013 44000 Nantes Tel : 09 86 09 36 61 Siret 514 601 822 00026 &nbsp; Directeur de publication Anne Le Grand contact@atelierdescigognes.fr &nbsp; CNIL D\u00e9claration n\u00b01390859 &nbsp; H\u00e9bergement Ce site est h\u00e9berg\u00e9 par la soci\u00e9t\u00e9 OVH Si\u00e8ge social : 2 rue [&hellip;]<\/p>\n","protected":false},"author":2,"featured_media":0,"parent":0,"menu_order":0,"comment_status":"closed","ping_status":"open","template":"","meta":{"jetpack_post_was_ever_published":false,"footnotes":""},"class_list":["post-5163","page","type-page","status-publish","hentry"],"yoast_head":"<!-- This site is optimized with the Yoast SEO plugin v27.5 - https:\/\/yoast.com\/product\/yoast-seo-wordpress\/ -->\n<title>Mentions l\u00e9gales - Atelier des cigognes<\/title>\n<meta name=\"robots\" content=\"index, follow, max-snippet:-1, max-image-preview:large, max-video-preview:-1\" \/>\n<link rel=\"canonical\" href=\"https:\/\/www.atelierdescigognes.fr\/wordpressV2\/mentions-legales\/\" \/>\n<meta property=\"og:locale\" content=\"fr_FR\" \/>\n<meta property=\"og:type\" content=\"article\" \/>\n<meta property=\"og:title\" content=\"Mentions l\u00e9gales - Atelier des cigognes\" \/>\n<meta property=\"og:description\" content=\"Editeur Anne Le Grand \/ L&rsquo;Atelier des cigognes 18bis, rue Coquebert de Neuville \u2013 44000 Nantes Tel : 09 86 09 36 61 Siret 514 601 822 00026 &nbsp; Directeur de publication Anne Le Grand contact@atelierdescigognes.fr &nbsp; CNIL D\u00e9claration n\u00b01390859 &nbsp; H\u00e9bergement Ce site est h\u00e9berg\u00e9 par la soci\u00e9t\u00e9 OVH Si\u00e8ge social : 2 rue [&hellip;]\" \/>\n<meta property=\"og:url\" content=\"https:\/\/www.atelierdescigognes.fr\/wordpressV2\/mentions-legales\/\" \/>\n<meta property=\"og:site_name\" content=\"Atelier des cigognes\" \/>\n<meta name=\"twitter:card\" content=\"summary_large_image\" \/>\n<meta name=\"twitter:label1\" content=\"Dur\u00e9e de lecture estim\u00e9e\" \/>\n\t<meta name=\"twitter:data1\" content=\"1 minute\" \/>\n<script type=\"application\/ld+json\" class=\"yoast-schema-graph\">{\"@context\":\"https:\\\/\\\/schema.org\",\"@graph\":[{\"@type\":\"WebPage\",\"@id\":\"https:\\\/\\\/www.atelierdescigognes.fr\\\/wordpressV2\\\/mentions-legales\\\/\",\"url\":\"https:\\\/\\\/www.atelierdescigognes.fr\\\/wordpressV2\\\/mentions-legales\\\/\",\"name\":\"Mentions l\u00e9gales - Atelier des cigognes\",\"isPartOf\":{\"@id\":\"https:\\\/\\\/www.atelierdescigognes.fr\\\/wordpressV2\\\/#website\"},\"datePublished\":\"2014-12-09T13:57:32+00:00\",\"breadcrumb\":{\"@id\":\"https:\\\/\\\/www.atelierdescigognes.fr\\\/wordpressV2\\\/mentions-legales\\\/#breadcrumb\"},\"inLanguage\":\"fr-FR\",\"potentialAction\":[{\"@type\":\"ReadAction\",\"target\":[\"https:\\\/\\\/www.atelierdescigognes.fr\\\/wordpressV2\\\/mentions-legales\\\/\"]}]},{\"@type\":\"BreadcrumbList\",\"@id\":\"https:\\\/\\\/www.atelierdescigognes.fr\\\/wordpressV2\\\/mentions-legales\\\/#breadcrumb\",\"itemListElement\":[{\"@type\":\"ListItem\",\"position\":1,\"name\":\"Accueil\",\"item\":\"https:\\\/\\\/www.atelierdescigognes.fr\\\/wordpressV2\\\/\"},{\"@type\":\"ListItem\",\"position\":2,\"name\":\"Mentions l\u00e9gales\"}]},{\"@type\":\"WebSite\",\"@id\":\"https:\\\/\\\/www.atelierdescigognes.fr\\\/wordpressV2\\\/#website\",\"url\":\"https:\\\/\\\/www.atelierdescigognes.fr\\\/wordpressV2\\\/\",\"name\":\"Atelier des cigognes\",\"description\":\"Cr\u00e9ation de patrons de couture\",\"publisher\":{\"@id\":\"https:\\\/\\\/www.atelierdescigognes.fr\\\/wordpressV2\\\/#organization\"},\"potentialAction\":[{\"@type\":\"SearchAction\",\"target\":{\"@type\":\"EntryPoint\",\"urlTemplate\":\"https:\\\/\\\/www.atelierdescigognes.fr\\\/wordpressV2\\\/?s={search_term_string}\"},\"query-input\":{\"@type\":\"PropertyValueSpecification\",\"valueRequired\":true,\"valueName\":\"search_term_string\"}}],\"inLanguage\":\"fr-FR\"},{\"@type\":\"Organization\",\"@id\":\"https:\\\/\\\/www.atelierdescigognes.fr\\\/wordpressV2\\\/#organization\",\"name\":\"Atelier des cigognes\",\"url\":\"https:\\\/\\\/www.atelierdescigognes.fr\\\/wordpressV2\\\/\",\"logo\":{\"@type\":\"ImageObject\",\"inLanguage\":\"fr-FR\",\"@id\":\"https:\\\/\\\/www.atelierdescigognes.fr\\\/wordpressV2\\\/#\\\/schema\\\/logo\\\/image\\\/\",\"url\":\"https:\\\/\\\/www.atelierdescigognes.fr\\\/wordpressV2\\\/wp-content\\\/uploads\\\/2018\\\/04\\\/cropped-logo_AdC.jpg\",\"contentUrl\":\"https:\\\/\\\/www.atelierdescigognes.fr\\\/wordpressV2\\\/wp-content\\\/uploads\\\/2018\\\/04\\\/cropped-logo_AdC.jpg\",\"width\":307,\"height\":110,\"caption\":\"Atelier des cigognes\"},\"image\":{\"@id\":\"https:\\\/\\\/www.atelierdescigognes.fr\\\/wordpressV2\\\/#\\\/schema\\\/logo\\\/image\\\/\"}}]}<\/script>\n<!-- \/ Yoast SEO plugin. -->","yoast_head_json":{"title":"Mentions l\u00e9gales - Atelier des cigognes","robots":{"index":"index","follow":"follow","max-snippet":"max-snippet:-1","max-image-preview":"max-image-preview:large","max-video-preview":"max-video-preview:-1"},"canonical":"https:\/\/www.atelierdescigognes.fr\/wordpressV2\/mentions-legales\/","og_locale":"fr_FR","og_type":"article","og_title":"Mentions l\u00e9gales - Atelier des cigognes","og_description":"Editeur Anne Le Grand \/ L&rsquo;Atelier des cigognes 18bis, rue Coquebert de Neuville \u2013 44000 Nantes Tel : 09 86 09 36 61 Siret 514 601 822 00026 &nbsp; Directeur de publication Anne Le Grand contact@atelierdescigognes.fr &nbsp; CNIL D\u00e9claration n\u00b01390859 &nbsp; H\u00e9bergement Ce site est h\u00e9berg\u00e9 par la soci\u00e9t\u00e9 OVH Si\u00e8ge social : 2 rue [&hellip;]","og_url":"https:\/\/www.atelierdescigognes.fr\/wordpressV2\/mentions-legales\/","og_site_name":"Atelier des cigognes","twitter_card":"summary_large_image","twitter_misc":{"Dur\u00e9e de lecture estim\u00e9e":"1 minute"},"schema":{"@context":"https:\/\/schema.org","@graph":[{"@type":"WebPage","@id":"https:\/\/www.atelierdescigognes.fr\/wordpressV2\/mentions-legales\/","url":"https:\/\/www.atelierdescigognes.fr\/wordpressV2\/mentions-legales\/","name":"Mentions l\u00e9gales - Atelier des cigognes","isPartOf":{"@id":"https:\/\/www.atelierdescigognes.fr\/wordpressV2\/#website"},"datePublished":"2014-12-09T13:57:32+00:00","breadcrumb":{"@id":"https:\/\/www.atelierdescigognes.fr\/wordpressV2\/mentions-legales\/#breadcrumb"},"inLanguage":"fr-FR","potentialAction":[{"@type":"ReadAction","target":["https:\/\/www.atelierdescigognes.fr\/wordpressV2\/mentions-legales\/"]}]},{"@type":"BreadcrumbList","@id":"https:\/\/www.atelierdescigognes.fr\/wordpressV2\/mentions-legales\/#breadcrumb","itemListElement":[{"@type":"ListItem","position":1,"name":"Accueil","item":"https:\/\/www.atelierdescigognes.fr\/wordpressV2\/"},{"@type":"ListItem","position":2,"name":"Mentions l\u00e9gales"}]},{"@type":"WebSite","@id":"https:\/\/www.atelierdescigognes.fr\/wordpressV2\/#website","url":"https:\/\/www.atelierdescigognes.fr\/wordpressV2\/","name":"Atelier des cigognes","description":"Cr\u00e9ation de patrons de couture","publisher":{"@id":"https:\/\/www.atelierdescigognes.fr\/wordpressV2\/#organization"},"potentialAction":[{"@type":"SearchAction","target":{"@type":"EntryPoint","urlTemplate":"https:\/\/www.atelierdescigognes.fr\/wordpressV2\/?s={search_term_string}"},"query-input":{"@type":"PropertyValueSpecification","valueRequired":true,"valueName":"search_term_string"}}],"inLanguage":"fr-FR"},{"@type":"Organization","@id":"https:\/\/www.atelierdescigognes.fr\/wordpressV2\/#organization","name":"Atelier des cigognes","url":"https:\/\/www.atelierdescigognes.fr\/wordpressV2\/","logo":{"@type":"ImageObject","inLanguage":"fr-FR","@id":"https:\/\/www.atelierdescigognes.fr\/wordpressV2\/#\/schema\/logo\/image\/","url":"https:\/\/www.atelierdescigognes.fr\/wordpressV2\/wp-content\/uploads\/2018\/04\/cropped-logo_AdC.jpg","contentUrl":"https:\/\/www.atelierdescigognes.fr\/wordpressV2\/wp-content\/uploads\/2018\/04\/cropped-logo_AdC.jpg","width":307,"height":110,"caption":"Atelier des cigognes"},"image":{"@id":"https:\/\/www.atelierdescigognes.fr\/wordpressV2\/#\/schema\/logo\/image\/"}}]}},"jetpack_sharing_enabled":true,"jetpack_shortlink":"https:\/\/wp.me\/P9M13p-1lh","_links":{"self":[{"href":"https:\/\/www.atelierdescigognes.fr\/wordpressV2\/wp-json\/wp\/v2\/pages\/5163","targetHints":{"allow":["GET"]}}],"collection":[{"href":"https:\/\/www.atelierdescigognes.fr\/wordpressV2\/wp-json\/wp\/v2\/pages"}],"about":[{"href":"https:\/\/www.atelierdescigognes.fr\/wordpressV2\/wp-json\/wp\/v2\/types\/page"}],"author":[{"embeddable":true,"href":"https:\/\/www.atelierdescigognes.fr\/wordpressV2\/wp-json\/wp\/v2\/users\/2"}],"replies":[{"embeddable":true,"href":"https:\/\/www.atelierdescigognes.fr\/wordpressV2\/wp-json\/wp\/v2\/comments?post=5163"}],"version-history":[{"count":0,"href":"https:\/\/www.atelierdescigognes.fr\/wordpressV2\/wp-json\/wp\/v2\/pages\/5163\/revisions"}],"wp:attachment":[{"href":"https:\/\/www.atelierdescigognes.fr\/wordpressV2\/wp-json\/wp\/v2\/media?parent=5163"}],"curies":[{"name":"wp","href":"https:\/\/api.w.org\/{rel}","templated":true}]}}