{"id":5162,"date":"2014-12-09T13:57:17","date_gmt":"2014-12-09T13:57:17","guid":{"rendered":"http:\/\/www.atelierdescigognes.fr\/wordpress\/?page_id=58"},"modified":"2014-12-09T13:57:17","modified_gmt":"2014-12-09T13:57:17","slug":"paiement-securise","status":"publish","type":"page","link":"https:\/\/www.atelierdescigognes.fr\/wordpressV2\/paiement-securise\/","title":{"rendered":"Paiement s\u00e9curis\u00e9"},"content":{"rendered":"<h4>Modes de r\u00e8glement<\/h4>\n<p>Il est possible de r\u00e9gler une commande par carte bancaire, par Paypal ou par ch\u00e8que.<\/p>\n<p>&nbsp;<\/p>\n<h4>Paiement par carte bancaire : paiement s\u00e9curis\u00e9 par Stripe<\/h4>\n<p><a href=\"https:\/\/stripe.com\/fr\" target=\"_blank\" rel=\"noopener\"><img loading=\"lazy\" decoding=\"async\" class=\"wp-image-4043 size-full alignnone\" src=\"http:\/\/www.atelierdescigognes.fr\/wp-content\/uploads\/2014\/12\/powered_by_stripe.png\" alt=\"\" width=\"119\" height=\"26\" \/><\/a><br \/>\n<!-- Stripe Logo --><\/p>\n<p><a href=\"https:\/\/stripe.com\/fr\" target=\"_blank\" rel=\"noopener\">Stripe <\/a>est une plateforme de paiement s\u00e9curis\u00e9, utilis\u00e9e par des milliers d&rsquo;entreprises (Twitter, Kickstarter, Shopify, Salesforce, Lyft, etc.).<\/p>\n<p>&nbsp;<\/p>\n<h4>Paiement par Paypal : paiement s\u00e9curis\u00e9<!-- PayPal Logo --><br \/>\n<a title=\"PayPal Comment Ca Marche\" href=\"https:\/\/www.paypal.com\/fr\/webapps\/mpp\/paypal-popup\" target=\"_blank\" rel=\"noopener noreferrer\"><img decoding=\"async\" src=\"https:\/\/www.paypalobjects.com\/webstatic\/mktg\/logo\/pp_cc_mark_37x23.jpg\" alt=\"PayPal Logo\" border=\"0\" \/><\/a><br \/>\n<!-- PayPal Logo --><\/h4>\n<p>PayPal contribue \u00e0 prot\u00e9ger les informations concernant votre carte bancaire gr\u00e2ce aux meilleurs syst\u00e8mes pr\u00e9sents sur le march\u00e9 pour la s\u00e9curit\u00e9 et la pr\u00e9vention contre la fraude. Lorsque vous utilisez PayPal, vos informations financi\u00e8res ne sont jamais communiqu\u00e9es au marchand.<\/p>\n<p>&nbsp;<\/p>\n<h4>Paiement par ch\u00e8que<\/h4>\n<p>Le ch\u00e8que de r\u00e8glement doit \u00eatre libell\u00e9 \u00e0 l\u2019ordre de : Anne Le Grand.<\/p>\n<p>Il est \u00e0 envoyer \u00e0 l\u2019adresse suivante, accompagn\u00e9 du r\u00e9capitulatif de la commande :<\/p>\n<p>L\u2019Atelier des cigognes<br \/>\nMme Anne Le Grand<br \/>\n18bis, rue Coquebert de Neuville<br \/>\n44000 Nantes<\/p>\n<p>La commande sera exp\u00e9di\u00e9e d\u00e8s r\u00e9ception du r\u00e8glement.<\/p>\n","protected":false},"excerpt":{"rendered":"<p>Modes de r\u00e8glement Il est possible de r\u00e9gler une commande par carte bancaire, par Paypal ou par ch\u00e8que. &nbsp; Paiement par carte bancaire : paiement s\u00e9curis\u00e9 par Stripe Stripe est une plateforme de paiement s\u00e9curis\u00e9, utilis\u00e9e par des milliers d&rsquo;entreprises (Twitter, Kickstarter, Shopify, Salesforce, Lyft, etc.). &nbsp; Paiement par Paypal : paiement s\u00e9curis\u00e9 PayPal contribue [&hellip;]<\/p>\n","protected":false},"author":2,"featured_media":0,"parent":0,"menu_order":0,"comment_status":"closed","ping_status":"open","template":"","meta":{"jetpack_post_was_ever_published":false,"footnotes":""},"class_list":["post-5162","page","type-page","status-publish","hentry"],"yoast_head":"<!-- This site is optimized with the Yoast SEO plugin v27.5 - https:\/\/yoast.com\/product\/yoast-seo-wordpress\/ -->\n<title>Paiement s\u00e9curis\u00e9 - Atelier des cigognes<\/title>\n<meta name=\"robots\" content=\"index, follow, max-snippet:-1, max-image-preview:large, max-video-preview:-1\" \/>\n<link rel=\"canonical\" href=\"https:\/\/www.atelierdescigognes.fr\/wordpressV2\/paiement-securise\/\" \/>\n<meta property=\"og:locale\" content=\"fr_FR\" \/>\n<meta property=\"og:type\" content=\"article\" \/>\n<meta property=\"og:title\" content=\"Paiement s\u00e9curis\u00e9 - Atelier des cigognes\" \/>\n<meta property=\"og:description\" content=\"Modes de r\u00e8glement Il est possible de r\u00e9gler une commande par carte bancaire, par Paypal ou par ch\u00e8que. &nbsp; Paiement par carte bancaire : paiement s\u00e9curis\u00e9 par Stripe Stripe est une plateforme de paiement s\u00e9curis\u00e9, utilis\u00e9e par des milliers d&rsquo;entreprises (Twitter, Kickstarter, Shopify, Salesforce, Lyft, etc.). &nbsp; Paiement par Paypal : paiement s\u00e9curis\u00e9 PayPal contribue [&hellip;]\" \/>\n<meta property=\"og:url\" content=\"https:\/\/www.atelierdescigognes.fr\/wordpressV2\/paiement-securise\/\" \/>\n<meta property=\"og:site_name\" content=\"Atelier des cigognes\" \/>\n<meta property=\"og:image\" content=\"http:\/\/www.atelierdescigognes.fr\/wp-content\/uploads\/2014\/12\/powered_by_stripe.png\" \/>\n<meta name=\"twitter:card\" content=\"summary_large_image\" \/>\n<meta name=\"twitter:label1\" content=\"Dur\u00e9e de lecture estim\u00e9e\" \/>\n\t<meta name=\"twitter:data1\" content=\"1 minute\" \/>\n<script type=\"application\/ld+json\" class=\"yoast-schema-graph\">{\"@context\":\"https:\\\/\\\/schema.org\",\"@graph\":[{\"@type\":\"WebPage\",\"@id\":\"https:\\\/\\\/www.atelierdescigognes.fr\\\/wordpressV2\\\/paiement-securise\\\/\",\"url\":\"https:\\\/\\\/www.atelierdescigognes.fr\\\/wordpressV2\\\/paiement-securise\\\/\",\"name\":\"Paiement s\u00e9curis\u00e9 - Atelier des cigognes\",\"isPartOf\":{\"@id\":\"https:\\\/\\\/www.atelierdescigognes.fr\\\/wordpressV2\\\/#website\"},\"primaryImageOfPage\":{\"@id\":\"https:\\\/\\\/www.atelierdescigognes.fr\\\/wordpressV2\\\/paiement-securise\\\/#primaryimage\"},\"image\":{\"@id\":\"https:\\\/\\\/www.atelierdescigognes.fr\\\/wordpressV2\\\/paiement-securise\\\/#primaryimage\"},\"thumbnailUrl\":\"http:\\\/\\\/www.atelierdescigognes.fr\\\/wp-content\\\/uploads\\\/2014\\\/12\\\/powered_by_stripe.png\",\"datePublished\":\"2014-12-09T13:57:17+00:00\",\"breadcrumb\":{\"@id\":\"https:\\\/\\\/www.atelierdescigognes.fr\\\/wordpressV2\\\/paiement-securise\\\/#breadcrumb\"},\"inLanguage\":\"fr-FR\",\"potentialAction\":[{\"@type\":\"ReadAction\",\"target\":[\"https:\\\/\\\/www.atelierdescigognes.fr\\\/wordpressV2\\\/paiement-securise\\\/\"]}]},{\"@type\":\"ImageObject\",\"inLanguage\":\"fr-FR\",\"@id\":\"https:\\\/\\\/www.atelierdescigognes.fr\\\/wordpressV2\\\/paiement-securise\\\/#primaryimage\",\"url\":\"http:\\\/\\\/www.atelierdescigognes.fr\\\/wp-content\\\/uploads\\\/2014\\\/12\\\/powered_by_stripe.png\",\"contentUrl\":\"http:\\\/\\\/www.atelierdescigognes.fr\\\/wp-content\\\/uploads\\\/2014\\\/12\\\/powered_by_stripe.png\"},{\"@type\":\"BreadcrumbList\",\"@id\":\"https:\\\/\\\/www.atelierdescigognes.fr\\\/wordpressV2\\\/paiement-securise\\\/#breadcrumb\",\"itemListElement\":[{\"@type\":\"ListItem\",\"position\":1,\"name\":\"Accueil\",\"item\":\"https:\\\/\\\/www.atelierdescigognes.fr\\\/wordpressV2\\\/\"},{\"@type\":\"ListItem\",\"position\":2,\"name\":\"Paiement s\u00e9curis\u00e9\"}]},{\"@type\":\"WebSite\",\"@id\":\"https:\\\/\\\/www.atelierdescigognes.fr\\\/wordpressV2\\\/#website\",\"url\":\"https:\\\/\\\/www.atelierdescigognes.fr\\\/wordpressV2\\\/\",\"name\":\"Atelier des cigognes\",\"description\":\"Cr\u00e9ation de patrons de couture\",\"publisher\":{\"@id\":\"https:\\\/\\\/www.atelierdescigognes.fr\\\/wordpressV2\\\/#organization\"},\"potentialAction\":[{\"@type\":\"SearchAction\",\"target\":{\"@type\":\"EntryPoint\",\"urlTemplate\":\"https:\\\/\\\/www.atelierdescigognes.fr\\\/wordpressV2\\\/?s={search_term_string}\"},\"query-input\":{\"@type\":\"PropertyValueSpecification\",\"valueRequired\":true,\"valueName\":\"search_term_string\"}}],\"inLanguage\":\"fr-FR\"},{\"@type\":\"Organization\",\"@id\":\"https:\\\/\\\/www.atelierdescigognes.fr\\\/wordpressV2\\\/#organization\",\"name\":\"Atelier des cigognes\",\"url\":\"https:\\\/\\\/www.atelierdescigognes.fr\\\/wordpressV2\\\/\",\"logo\":{\"@type\":\"ImageObject\",\"inLanguage\":\"fr-FR\",\"@id\":\"https:\\\/\\\/www.atelierdescigognes.fr\\\/wordpressV2\\\/#\\\/schema\\\/logo\\\/image\\\/\",\"url\":\"https:\\\/\\\/www.atelierdescigognes.fr\\\/wordpressV2\\\/wp-content\\\/uploads\\\/2018\\\/04\\\/cropped-logo_AdC.jpg\",\"contentUrl\":\"https:\\\/\\\/www.atelierdescigognes.fr\\\/wordpressV2\\\/wp-content\\\/uploads\\\/2018\\\/04\\\/cropped-logo_AdC.jpg\",\"width\":307,\"height\":110,\"caption\":\"Atelier des cigognes\"},\"image\":{\"@id\":\"https:\\\/\\\/www.atelierdescigognes.fr\\\/wordpressV2\\\/#\\\/schema\\\/logo\\\/image\\\/\"}}]}<\/script>\n<!-- \/ Yoast SEO plugin. -->","yoast_head_json":{"title":"Paiement s\u00e9curis\u00e9 - Atelier des cigognes","robots":{"index":"index","follow":"follow","max-snippet":"max-snippet:-1","max-image-preview":"max-image-preview:large","max-video-preview":"max-video-preview:-1"},"canonical":"https:\/\/www.atelierdescigognes.fr\/wordpressV2\/paiement-securise\/","og_locale":"fr_FR","og_type":"article","og_title":"Paiement s\u00e9curis\u00e9 - Atelier des cigognes","og_description":"Modes de r\u00e8glement Il est possible de r\u00e9gler une commande par carte bancaire, par Paypal ou par ch\u00e8que. &nbsp; Paiement par carte bancaire : paiement s\u00e9curis\u00e9 par Stripe Stripe est une plateforme de paiement s\u00e9curis\u00e9, utilis\u00e9e par des milliers d&rsquo;entreprises (Twitter, Kickstarter, Shopify, Salesforce, Lyft, etc.). &nbsp; Paiement par Paypal : paiement s\u00e9curis\u00e9 PayPal contribue [&hellip;]","og_url":"https:\/\/www.atelierdescigognes.fr\/wordpressV2\/paiement-securise\/","og_site_name":"Atelier des cigognes","og_image":[{"url":"http:\/\/www.atelierdescigognes.fr\/wp-content\/uploads\/2014\/12\/powered_by_stripe.png","type":"","width":"","height":""}],"twitter_card":"summary_large_image","twitter_misc":{"Dur\u00e9e de lecture estim\u00e9e":"1 minute"},"schema":{"@context":"https:\/\/schema.org","@graph":[{"@type":"WebPage","@id":"https:\/\/www.atelierdescigognes.fr\/wordpressV2\/paiement-securise\/","url":"https:\/\/www.atelierdescigognes.fr\/wordpressV2\/paiement-securise\/","name":"Paiement s\u00e9curis\u00e9 - Atelier des cigognes","isPartOf":{"@id":"https:\/\/www.atelierdescigognes.fr\/wordpressV2\/#website"},"primaryImageOfPage":{"@id":"https:\/\/www.atelierdescigognes.fr\/wordpressV2\/paiement-securise\/#primaryimage"},"image":{"@id":"https:\/\/www.atelierdescigognes.fr\/wordpressV2\/paiement-securise\/#primaryimage"},"thumbnailUrl":"http:\/\/www.atelierdescigognes.fr\/wp-content\/uploads\/2014\/12\/powered_by_stripe.png","datePublished":"2014-12-09T13:57:17+00:00","breadcrumb":{"@id":"https:\/\/www.atelierdescigognes.fr\/wordpressV2\/paiement-securise\/#breadcrumb"},"inLanguage":"fr-FR","potentialAction":[{"@type":"ReadAction","target":["https:\/\/www.atelierdescigognes.fr\/wordpressV2\/paiement-securise\/"]}]},{"@type":"ImageObject","inLanguage":"fr-FR","@id":"https:\/\/www.atelierdescigognes.fr\/wordpressV2\/paiement-securise\/#primaryimage","url":"http:\/\/www.atelierdescigognes.fr\/wp-content\/uploads\/2014\/12\/powered_by_stripe.png","contentUrl":"http:\/\/www.atelierdescigognes.fr\/wp-content\/uploads\/2014\/12\/powered_by_stripe.png"},{"@type":"BreadcrumbList","@id":"https:\/\/www.atelierdescigognes.fr\/wordpressV2\/paiement-securise\/#breadcrumb","itemListElement":[{"@type":"ListItem","position":1,"name":"Accueil","item":"https:\/\/www.atelierdescigognes.fr\/wordpressV2\/"},{"@type":"ListItem","position":2,"name":"Paiement s\u00e9curis\u00e9"}]},{"@type":"WebSite","@id":"https:\/\/www.atelierdescigognes.fr\/wordpressV2\/#website","url":"https:\/\/www.atelierdescigognes.fr\/wordpressV2\/","name":"Atelier des cigognes","description":"Cr\u00e9ation de patrons de couture","publisher":{"@id":"https:\/\/www.atelierdescigognes.fr\/wordpressV2\/#organization"},"potentialAction":[{"@type":"SearchAction","target":{"@type":"EntryPoint","urlTemplate":"https:\/\/www.atelierdescigognes.fr\/wordpressV2\/?s={search_term_string}"},"query-input":{"@type":"PropertyValueSpecification","valueRequired":true,"valueName":"search_term_string"}}],"inLanguage":"fr-FR"},{"@type":"Organization","@id":"https:\/\/www.atelierdescigognes.fr\/wordpressV2\/#organization","name":"Atelier des cigognes","url":"https:\/\/www.atelierdescigognes.fr\/wordpressV2\/","logo":{"@type":"ImageObject","inLanguage":"fr-FR","@id":"https:\/\/www.atelierdescigognes.fr\/wordpressV2\/#\/schema\/logo\/image\/","url":"https:\/\/www.atelierdescigognes.fr\/wordpressV2\/wp-content\/uploads\/2018\/04\/cropped-logo_AdC.jpg","contentUrl":"https:\/\/www.atelierdescigognes.fr\/wordpressV2\/wp-content\/uploads\/2018\/04\/cropped-logo_AdC.jpg","width":307,"height":110,"caption":"Atelier des cigognes"},"image":{"@id":"https:\/\/www.atelierdescigognes.fr\/wordpressV2\/#\/schema\/logo\/image\/"}}]}},"jetpack_sharing_enabled":true,"jetpack_shortlink":"https:\/\/wp.me\/P9M13p-1lg","_links":{"self":[{"href":"https:\/\/www.atelierdescigognes.fr\/wordpressV2\/wp-json\/wp\/v2\/pages\/5162","targetHints":{"allow":["GET"]}}],"collection":[{"href":"https:\/\/www.atelierdescigognes.fr\/wordpressV2\/wp-json\/wp\/v2\/pages"}],"about":[{"href":"https:\/\/www.atelierdescigognes.fr\/wordpressV2\/wp-json\/wp\/v2\/types\/page"}],"author":[{"embeddable":true,"href":"https:\/\/www.atelierdescigognes.fr\/wordpressV2\/wp-json\/wp\/v2\/users\/2"}],"replies":[{"embeddable":true,"href":"https:\/\/www.atelierdescigognes.fr\/wordpressV2\/wp-json\/wp\/v2\/comments?post=5162"}],"version-history":[{"count":0,"href":"https:\/\/www.atelierdescigognes.fr\/wordpressV2\/wp-json\/wp\/v2\/pages\/5162\/revisions"}],"wp:attachment":[{"href":"https:\/\/www.atelierdescigognes.fr\/wordpressV2\/wp-json\/wp\/v2\/media?parent=5162"}],"curies":[{"name":"wp","href":"https:\/\/api.w.org\/{rel}","templated":true}]}}