{"id":116,"date":"2014-12-12T13:07:56","date_gmt":"2014-12-12T13:07:56","guid":{"rendered":"http:\/\/www.atelierdescigognes.fr\/wordpress\/?page_id=116"},"modified":"2018-04-12T16:41:42","modified_gmt":"2018-04-12T14:41:42","slug":"astuces-de-couture","status":"publish","type":"page","link":"https:\/\/www.atelierdescigognes.fr\/wordpressV2\/astuces-de-couture\/","title":{"rendered":"Astuces de couture"},"content":{"rendered":"<p>Quelques astuces de couture dans les lignes ci-dessous&#8230;<\/p>\n<h3>Pour reproduire un patron de couture sur du tissu&#8230;<\/h3>\n<p>Pour reproduire les pi\u00e8ces d\u2019un <a title=\"Boutique\" href=\"http:\/\/www.atelierdescigognes.fr\/boutique\/\">patron de couture<\/a> sur le tissu, diff\u00e9rentes m\u00e9thodes sont possibles\u00a0:<\/p>\n<h4>1. La m\u00e9thode la plus simple :<\/h4>\n<p>D\u00e9couper directement les empi\u00e8cements dans la feuille du patron : soit \u00e0 la taille souhait\u00e9e (le patron ne sera donc utilisable que dans une seule taille) ; soit en suivant les contours de la plus grande taille et en repliant les bords des pi\u00e8ces afin d\u2019obtenir la taille voulue (toutes les tailles mentionn\u00e9es sur le patron restent donc utilisables).<br \/>\n\u00c9pingler les empi\u00e8cements en papier sur le tissu (pli\u00e9 en deux endroit contre endroit et \u00e9pingl\u00e9).<br \/>\nReproduire sur le tissu les diff\u00e9rents contours du patron et les rep\u00e8res de couture (\u00e0 l&rsquo;aide d&rsquo;une craie ou d&rsquo;un stylo).<br \/>\nAjouter les valeurs de couture mentionn\u00e9es sur le patron et dessiner un deuxi\u00e8me contour autour des empi\u00e8cements (par exemple, \u00e0 2 cm du contour des empi\u00e8cements s&rsquo;il faut ajouter 2 cm de valeurs de couture). D\u00e9couper la double \u00e9paisseur de tissu en suivant ce dernier contour.<br \/>\nReproduire ensuite les rep\u00e8res de couture et les contours des empi\u00e8cements sur l\u2019autre face de tissu (le plus simple est d\u2019utiliser une roulette \u00e0 patron) pour pouvoir ensuite coudre exactement sur les contours trac\u00e9s sur le tissu.<\/p>\n<h4>2. M\u00e9thode de d\u00e9calque du patron de couture :<\/h4>\n<p>Le principe consiste \u00e0 d\u00e9calquer le <a title=\"Boutique\" href=\"http:\/\/www.atelierdescigognes.fr\/boutique\/\">patron de couture<\/a>, sur du papier calque \u00e0 patron, ou sur du plastique transparent (tel le plastique pour couvrir les livres scolaires\u00a0!) au moyen d\u2019un feutre marqueur. Reproduire sur le calque tous les contours du patron de couture et les rep\u00e8res de couture.<br \/>\nD\u00e9couper les copies des empi\u00e8cements (dans le papier calque ou dans le plastique transparent) puis \u00e9pingler ces empi\u00e8cements sur le tissu (pli\u00e9 en deux endroit contre endroit, et \u00e9pingl\u00e9).<br \/>\nReproduire sur le tissu les diff\u00e9rents contours du patron et les rep\u00e8res de couture (\u00e0 l&rsquo;aide d&rsquo;une craie ou d&rsquo;un stylo).<br \/>\nAjouter les valeurs de couture mentionn\u00e9es sur le patron et dessiner un deuxi\u00e8me contour autour des empi\u00e8cements (par exemple, \u00e0 2 cm du contour des empi\u00e8cements s&rsquo;il faut ajouter 2 cm de valeurs de couture). D\u00e9couper la double \u00e9paisseur de tissu en suivant ce dernier contour.<br \/>\nReproduire ensuite les rep\u00e8res de couture et les contours des empi\u00e8cements sur l\u2019autre face de tissu (le plus simple est d\u2019utiliser une roulette \u00e0 patron) pour pouvoir ensuite coudre exactement sur les contours trac\u00e9s sur le tissu.<\/p>\n<hr class=\"section-divider\" \/>\n<h3>Petit vocabulaire textile<\/h3>\n<dl>\n<dt>Armure<\/dt>\n<dd>D\u00e9signe le type de tissage selon la mani\u00e8re d\u2019entrecroiser les fils de cha\u00eene et les fils de trame. Il existe trois armures principales : toile, serg\u00e9, satin.<\/dd>\n<\/dl>\n<dl>\n<dt>Cha\u00eene<\/dt>\n<dd>Ensemble des fils tendus dans le sens de la longueur d&rsquo;un tissu, entre lesquels passent les fils de trame. La trame et la cha\u00eene composent le tissu.<\/dd>\n<\/dl>\n<p><img loading=\"lazy\" decoding=\"async\" class=\"size-full wp-image-5813 alignleft\" src=\"https:\/\/www.atelierdescigognes.fr\/wordpressV2\/wp-content\/uploads\/2018\/04\/sensdubiais.jpg\" alt=\"\" width=\"201\" height=\"259\" \/><\/p>\n<dl>\n<dt>Droit fil<\/dt>\n<dd>Sens des fils de cha\u00eene d&rsquo;un tissu. D\u00e9signe donc la longueur d&rsquo;un tissu. Le droit fil est parall\u00e8le \u00e0 la lisi\u00e8re. Il est toujours indiqu\u00e9 sur les empi\u00e8cements d&rsquo;un patron de couture, afin que les empi\u00e8cements d&rsquo;un v\u00eatement soient d\u00e9coup\u00e9s dans le bon sens.<\/dd>\n<\/dl>\n<dl>\n<dt>Laize<\/dt>\n<dd>Largeur d&rsquo;un tissu.<\/dd>\n<\/dl>\n<dl>\n<dt>Lisi\u00e8re<\/dt>\n<dd>Bord d&rsquo;un tissu dans le sens de la longueur.<\/dd>\n<\/dl>\n<dl>\n<dt>Toile<\/dt>\n<dd>Mode de tissage le plus simple dans la mani\u00e8re d\u2019entrecroiser fils de cha\u00eene et fils de trame.<\/dd>\n<\/dl>\n<dl>\n<dt><\/dt>\n<dt>Trame<\/dt>\n<dd>Ensemble de fils horizontaux passant entre les fils de cha\u00eene tendus sur le m\u00e9tier \u00e0 tisser. La trame et la cha\u00eene composent le tissu.<\/dd>\n<\/dl>\n<hr class=\"section-divider\" \/>\n<h3>Qu&rsquo;est-ce qu&rsquo;un biais en couture ?<\/h3>\n<p>En couture, un <strong>biais <\/strong>est une bande de tissu coup\u00e9e dans l\u2019oblique du tissu (g\u00e9n\u00e9ralement \u00e0 45\u00b0 par rapport au droit fil).<\/p>\n<p>Cette bande de tissu est ensuite pli\u00e9e une premi\u00e8re fois en son milieu dans le sens de la longueur (envers du tissu contre envers). Un nouveau pli est fait de chaque c\u00f4t\u00e9 (envers du tissu contre envers). Ainsi cette bande de tissu est-elle \u00ab\u00a0referm\u00e9e\u00a0\u00bb pour pouvoir \u00eatre plac\u00e9e et cousue autour d\u2019une emmanchure, d\u2019une encolure, etc.<\/p>\n<p>&nbsp;<\/p>\n<p><img loading=\"lazy\" decoding=\"async\" class=\"alignnone wp-image-5820 size-full\" src=\"https:\/\/www.atelierdescigognes.fr\/wordpressV2\/wp-content\/uploads\/2018\/04\/biais-mirabelle-E.jpg\" alt=\"Biais Liberty Mirabelle\" width=\"1460\" height=\"600\" srcset=\"https:\/\/www.atelierdescigognes.fr\/wordpressV2\/wp-content\/uploads\/2018\/04\/biais-mirabelle-E.jpg 1460w, https:\/\/www.atelierdescigognes.fr\/wordpressV2\/wp-content\/uploads\/2018\/04\/biais-mirabelle-E-300x123.jpg 300w, https:\/\/www.atelierdescigognes.fr\/wordpressV2\/wp-content\/uploads\/2018\/04\/biais-mirabelle-E-768x316.jpg 768w, https:\/\/www.atelierdescigognes.fr\/wordpressV2\/wp-content\/uploads\/2018\/04\/biais-mirabelle-E-1024x421.jpg 1024w, https:\/\/www.atelierdescigognes.fr\/wordpressV2\/wp-content\/uploads\/2018\/04\/biais-mirabelle-E-416x171.jpg 416w\" sizes=\"auto, (max-width: 1460px) 100vw, 1460px\" \/><\/p>\n<p>&nbsp;<\/p>\n<p>Si le biais est d\u00e9coup\u00e9 dans ce que l\u2019on appelle le biais du tissu (l\u2019oblique \u00e0 45\u00b0 &#8211; cf. sch\u00e9ma ci-dessous), c\u2019est tout simplement parce que le biais du tissu est le sens le plus extensible d\u2019un tissu. Il sera donc beaucoup plus facile de poser du biais le long d\u2019une partie arrondie d\u2019un v\u00eatement, comme une encolure ou une emmanchure.<br \/>\nFaites le test\u00a0: \u00e9tirez le tissu dans le droit fil (\u00ab\u00a0verticalement\u00a0\u00bb, parall\u00e8lement \u00e0 la lisi\u00e8re), puis dans le sens de la trame (\u00ab\u00a0horizontalement\u00a0\u00bb, perpendiculairement \u00e0 la lisi\u00e8re), et enfin dans le biais (dans l\u2019oblique, \u00e0 45\u00b0 par rapport \u00e0 la lisi\u00e8re). C\u2019est dans le biais que l\u2019on sent le plus d\u2019\u00e9lasticit\u00e9\u00a0!<\/p>\n<h4>Applications\u00a0: \u00e0 quoi sert un biais en couture\u00a0?<\/h4>\n<p>On peut poser du biais pour parfaire la finition d\u2019un v\u00eatement et\/ou \u00e0 ajouter une touche de fantaisie. Par exemple, on peut coudre un biais\u00a0:<br \/>\n&#8211;\u00a0 autour d\u2019un <a title=\"PDF \u2013 Bavoir B\u00e9b\u00e9 (grand mod\u00e8le)\" href=\"http:\/\/www.atelierdescigognes.fr\/boutique\/accessoires\/patron-couture-gratuit-bavoir-bebe-grand-modele\/\">bavoir de b\u00e9b\u00e9<\/a>,<br \/>\n&#8211;\u00a0 autour d\u2019une couverture de b\u00e9b\u00e9,<br \/>\n&#8211;\u00a0 autour d\u2019une emmanchure ou d\u2019une encolure de <a title=\"Patron couture Robe de grossesse \u00e0 volants\" href=\"http:\/\/www.atelierdescigognes.fr\/boutique\/patron-couture-future-maman\/patron-couture-robe-de-grossesse-a-volants\/\">robe<\/a>, de chemisier, de t-shirt, de gigoteuse de b\u00e9b\u00e9, etc.<br \/>\n&#8211;\u00a0 autour d\u2019un sac \u00e0 mains fantaisie,<br \/>\n&#8211;\u00a0 etc.<\/p>\n<p>On peut aussi s\u2019en servir pour cr\u00e9er des petits <a title=\"Tuto couture \u2013 Bracelet tress\u00e9 en Liberty\" href=\"http:\/\/www.atelierdescigognes.fr\/boutique\/accessoires\/tuto-couture-bracelet-tresse-biais-liberty\/\">bracelets <\/a>pour les filles, des <a title=\"Tuto couture \u2013 Barrette \u00e0 petit n\u0153ud\" href=\"http:\/\/www.atelierdescigognes.fr\/boutique\/accessoires\/tuto-couture-barrette\/\">barrettes <\/a>ou des n\u0153uds \u00e0 mettre dans les cheveux, des lacets \u00e0 faire coulisser dans la ceinture d\u2019un <a title=\"Patron couture Pantalon de grossesse\" href=\"http:\/\/www.atelierdescigognes.fr\/boutique\/patron-couture-future-maman\/patron-couture-pantalon-de-grossesse\/\">pantalon <\/a>ou d\u2019un bermuda d\u2019enfant\u2026<\/p>\n<hr class=\"section-divider\" \/>\n<h3>Comment fabriquer un biais ?<\/h3>\n<p>Au lieu d&rsquo;acheter du biais d\u00e9j\u00e0 pr\u00e9par\u00e9, il est tout \u00e0 fait possible de fabriquer du biais soi-m\u00eame, dans un morceau de tissu de son choix.<\/p>\n<p>&nbsp;<\/p>\n<p class=\"gras12gris\">\u00a0<strong>Mat\u00e9riel :<\/strong><\/p>\n<p>1 morceau de tissu, 1 r\u00e8gle, 1 \u00e9querre, 1 crayon, des \u00e9pingles, des ciseaux de couture, 1 fer \u00e0 repasser<\/p>\n<p>&nbsp;<\/p>\n<p>Pour faire un biais en couture, suivre les explications suivantes :<\/p>\n<p>1. Pour d\u00e9couper un biais dans le biais du tissu, replier un angle du tissu \u00e0 45\u00b0 comme indiqu\u00e9 sur le sch\u00e9ma.<\/p>\n<p><img loading=\"lazy\" decoding=\"async\" class=\"size-full wp-image-5823 aligncenter\" src=\"https:\/\/www.atelierdescigognes.fr\/wordpressV2\/wp-content\/uploads\/2018\/04\/angletissu.gif\" alt=\"D\u00e9couper du biais\" width=\"296\" height=\"212\" \/><\/p>\n<p><img loading=\"lazy\" decoding=\"async\" class=\"size-full wp-image-5824 aligncenter\" src=\"https:\/\/www.atelierdescigognes.fr\/wordpressV2\/wp-content\/uploads\/2018\/04\/legende.gif\" alt=\"\" width=\"106\" height=\"83\" \/><\/p>\n<p>&nbsp;<\/p>\n<p>2. \u00c9pingler la double \u00e9paisseur de tissu. Perpendiculairement \u00e0 la pliure, tracer une bande de la largeur et de la longueur souhait\u00e9es.<\/p>\n<p>Pour la largeur du biais, tracer une bande de :<br \/>\n&#8211; 3 cm de large pour un biais d\u2019une \u00e9paisseur finale de 1 cm ;<br \/>\n&#8211; 5 cm de large pour un biais d\u2019une \u00e9paisseur finale de 2 cm.<\/p>\n<p>Pour la longueur du biais, diviser la valeur de la longueur par 2, et tracer une bande de cette longueur. Par exemple, pour un biais de 30 cm de long, tracer une bande de 15 cm de long.<\/p>\n<p>Perpendiculairement \u00e0 la pliure du tissu, d\u00e9couper la bande de biais dans la double \u00e9paisseur de tissu.<\/p>\n<p><img loading=\"lazy\" decoding=\"async\" class=\"size-medium wp-image-5826 aligncenter\" src=\"https:\/\/www.atelierdescigognes.fr\/wordpressV2\/wp-content\/uploads\/2018\/04\/tracerbande-300x300.jpg\" alt=\"D\u00e9couper du biais\" width=\"300\" height=\"300\" srcset=\"https:\/\/www.atelierdescigognes.fr\/wordpressV2\/wp-content\/uploads\/2018\/04\/tracerbande-300x300.jpg 300w, https:\/\/www.atelierdescigognes.fr\/wordpressV2\/wp-content\/uploads\/2018\/04\/tracerbande-150x150.jpg 150w, https:\/\/www.atelierdescigognes.fr\/wordpressV2\/wp-content\/uploads\/2018\/04\/tracerbande-324x324.jpg 324w, https:\/\/www.atelierdescigognes.fr\/wordpressV2\/wp-content\/uploads\/2018\/04\/tracerbande-100x100.jpg 100w, https:\/\/www.atelierdescigognes.fr\/wordpressV2\/wp-content\/uploads\/2018\/04\/tracerbande.jpg 408w\" sizes=\"auto, (max-width: 300px) 100vw, 300px\" \/><\/p>\n<p>&nbsp;<\/p>\n<p>3. Former le biais au fer \u00e0 repasser : plier d\u2019abord le biais en deux dans le sens de la longueur, en son milieu, envers tissu contre envers tissu. Repasser.<\/p>\n<p><img loading=\"lazy\" decoding=\"async\" class=\"size-full wp-image-5828 aligncenter\" src=\"https:\/\/www.atelierdescigognes.fr\/wordpressV2\/wp-content\/uploads\/2018\/04\/Biais1A.gif\" alt=\"Fabriquer du biais en couture\" width=\"125\" height=\"217\" \/><\/p>\n<p>&nbsp;<\/p>\n<p>4. Replier ensuite 5 mm de chaque c\u00f4t\u00e9 vers l\u2019int\u00e9rieur en repassant. Voil\u00e0 tout le secret pour faire un biais en couture !<\/p>\n<p><img loading=\"lazy\" decoding=\"async\" class=\"size-full wp-image-5829 aligncenter\" src=\"https:\/\/www.atelierdescigognes.fr\/wordpressV2\/wp-content\/uploads\/2018\/04\/Biais2A.gif\" alt=\"Fabriquer du biais en couture\" width=\"143\" height=\"197\" \/><\/p>\n<p>&nbsp;<\/p>\n<hr class=\"section-divider\" \/>\n<h3>Comment coudre un biais ?<\/h3>\n<p>Poser du biais sur un tissu revient \u00e0 ins\u00e9rer une \u00e9paisseur de tissu \u00e0 l&rsquo;int\u00e9rieur du biais (le biais \u00e9tant une bande de tissu pr\u00e9pli\u00e9 3 fois &#8211; cf. explications ci-dessous).<\/p>\n<p><strong><span class=\"gras12gris\">Mat\u00e9riel :<\/span><\/strong><br \/>\ndes \u00e9pingles, des ciseaux de couture, 1 machine \u00e0 coudre ou 1 aiguille et du fil pour coudre \u00e0 la main<\/p>\n<p><img loading=\"lazy\" decoding=\"async\" class=\"alignnone wp-image-5831 size-full\" src=\"https:\/\/www.atelierdescigognes.fr\/wordpressV2\/wp-content\/uploads\/2018\/04\/biais-Eloise-D.jpg\" alt=\"Biais Liberty Eloise\" width=\"1460\" height=\"600\" srcset=\"https:\/\/www.atelierdescigognes.fr\/wordpressV2\/wp-content\/uploads\/2018\/04\/biais-Eloise-D.jpg 1460w, https:\/\/www.atelierdescigognes.fr\/wordpressV2\/wp-content\/uploads\/2018\/04\/biais-Eloise-D-300x123.jpg 300w, https:\/\/www.atelierdescigognes.fr\/wordpressV2\/wp-content\/uploads\/2018\/04\/biais-Eloise-D-768x316.jpg 768w, https:\/\/www.atelierdescigognes.fr\/wordpressV2\/wp-content\/uploads\/2018\/04\/biais-Eloise-D-1024x421.jpg 1024w, https:\/\/www.atelierdescigognes.fr\/wordpressV2\/wp-content\/uploads\/2018\/04\/biais-Eloise-D-416x171.jpg 416w\" sizes=\"auto, (max-width: 1460px) 100vw, 1460px\" \/><\/p>\n<p>&nbsp;<\/p>\n<p>Voici la d\u00e9marche \u00e0 suivre pour poser un biais en couture :<\/p>\n<p><em><span class=\"gras12bleu\">\u00c9tape 1 : poser le biais<\/span><\/em><br \/>\nEmbo\u00eeter le biais sur le bord du tissu puis l&rsquo;y \u00e9pingler. Prendre garde que les 2 c\u00f4t\u00e9s du biais soient bien \u00e9pingl\u00e9s sur le dessus et le dessous de l&rsquo;\u00e9paisseur de tissu.<\/p>\n<p><img loading=\"lazy\" decoding=\"async\" class=\"size-full wp-image-5832 aligncenter\" src=\"https:\/\/www.atelierdescigognes.fr\/wordpressV2\/wp-content\/uploads\/2018\/04\/poserbiais.gif\" alt=\"Poser du biais\" width=\"225\" height=\"220\" \/><\/p>\n<p>&nbsp;<\/p>\n<p><em><span class=\"gras12bleu\">\u00c9tape 2 : coudre le biais<\/span><\/em><br \/>\nA la machine \u00e0 coudre ou \u00e0 la main, coudre le biais sur le tissu, en prenant bien soin de piquer \u00e0 la fois dans le c\u00f4t\u00e9 du biais situ\u00e9 sur le <em>dessus <\/em>de l&rsquo;\u00e9paisseur de tissu, et dans le c\u00f4t\u00e9 du biais situ\u00e9 sur le <em>dessous <\/em>de l&rsquo;\u00e9paisseur de tissu.<\/p>\n<p><img loading=\"lazy\" decoding=\"async\" class=\"size-full wp-image-5833 aligncenter\" src=\"https:\/\/www.atelierdescigognes.fr\/wordpressV2\/wp-content\/uploads\/2018\/04\/coudrebiais.gif\" alt=\"Coudre du biais en couture\" width=\"225\" height=\"234\" \/><\/p>\n<p>&nbsp;<\/p>\n","protected":false},"excerpt":{"rendered":"<p>Quelques astuces de couture dans les lignes ci-dessous&#8230; Pour reproduire un patron de couture sur du tissu&#8230; Pour reproduire les pi\u00e8ces d\u2019un patron de couture sur le tissu, diff\u00e9rentes m\u00e9thodes sont possibles\u00a0: 1. La m\u00e9thode la plus simple : D\u00e9couper directement les empi\u00e8cements dans la feuille du patron : soit \u00e0 la taille souhait\u00e9e (le [&hellip;]<\/p>\n","protected":false},"author":2,"featured_media":0,"parent":0,"menu_order":0,"comment_status":"closed","ping_status":"open","template":"","meta":{"jetpack_post_was_ever_published":false,"footnotes":""},"class_list":["post-116","page","type-page","status-publish","hentry"],"yoast_head":"<!-- This site is optimized with the Yoast SEO plugin v27.2 - https:\/\/yoast.com\/product\/yoast-seo-wordpress\/ -->\n<title>Astuces de couture - Fabriquer et coudre du biais en couture<\/title>\n<meta name=\"description\" content=\"Qu&#039;est-ce qu&#039;un biais en couture ? A quoi sert un biais en couture ? Comment fabriquer du biais ? Comment poser et coudre du biais ? Des explications illustr\u00e9es pour bien comprendre !\" \/>\n<meta name=\"robots\" content=\"index, follow, max-snippet:-1, max-image-preview:large, max-video-preview:-1\" \/>\n<link rel=\"canonical\" href=\"https:\/\/www.atelierdescigognes.fr\/wordpressV2\/astuces-de-couture\/\" \/>\n<meta property=\"og:locale\" content=\"fr_FR\" \/>\n<meta property=\"og:type\" content=\"article\" \/>\n<meta property=\"og:title\" content=\"Astuces de couture - Fabriquer et coudre du biais en couture\" \/>\n<meta property=\"og:description\" content=\"Qu&#039;est-ce qu&#039;un biais en couture ? A quoi sert un biais en couture ? Comment fabriquer du biais ? Comment poser et coudre du biais ? Des explications illustr\u00e9es pour bien comprendre !\" \/>\n<meta property=\"og:url\" content=\"https:\/\/www.atelierdescigognes.fr\/wordpressV2\/astuces-de-couture\/\" \/>\n<meta property=\"og:site_name\" content=\"Atelier des cigognes\" \/>\n<meta property=\"article:modified_time\" content=\"2018-04-12T14:41:42+00:00\" \/>\n<meta property=\"og:image\" content=\"https:\/\/www.atelierdescigognes.fr\/wordpressV2\/wp-content\/uploads\/2018\/04\/sensdubiais.jpg\" \/>\n<meta name=\"twitter:card\" content=\"summary_large_image\" \/>\n<meta name=\"twitter:label1\" content=\"Dur\u00e9e de lecture estim\u00e9e\" \/>\n\t<meta name=\"twitter:data1\" content=\"7 minutes\" \/>\n<script type=\"application\/ld+json\" class=\"yoast-schema-graph\">{\"@context\":\"https:\/\/schema.org\",\"@graph\":[{\"@type\":\"WebPage\",\"@id\":\"https:\/\/www.atelierdescigognes.fr\/wordpressV2\/astuces-de-couture\/\",\"url\":\"https:\/\/www.atelierdescigognes.fr\/wordpressV2\/astuces-de-couture\/\",\"name\":\"Astuces de couture - Fabriquer et coudre du biais en couture\",\"isPartOf\":{\"@id\":\"https:\/\/www.atelierdescigognes.fr\/wordpressV2\/#website\"},\"primaryImageOfPage\":{\"@id\":\"https:\/\/www.atelierdescigognes.fr\/wordpressV2\/astuces-de-couture\/#primaryimage\"},\"image\":{\"@id\":\"https:\/\/www.atelierdescigognes.fr\/wordpressV2\/astuces-de-couture\/#primaryimage\"},\"thumbnailUrl\":\"https:\/\/www.atelierdescigognes.fr\/wordpressV2\/wp-content\/uploads\/2018\/04\/sensdubiais.jpg\",\"datePublished\":\"2014-12-12T13:07:56+00:00\",\"dateModified\":\"2018-04-12T14:41:42+00:00\",\"description\":\"Qu'est-ce qu'un biais en couture ? A quoi sert un biais en couture ? Comment fabriquer du biais ? Comment poser et coudre du biais ? Des explications illustr\u00e9es pour bien comprendre !\",\"breadcrumb\":{\"@id\":\"https:\/\/www.atelierdescigognes.fr\/wordpressV2\/astuces-de-couture\/#breadcrumb\"},\"inLanguage\":\"fr-FR\",\"potentialAction\":[{\"@type\":\"ReadAction\",\"target\":[\"https:\/\/www.atelierdescigognes.fr\/wordpressV2\/astuces-de-couture\/\"]}]},{\"@type\":\"ImageObject\",\"inLanguage\":\"fr-FR\",\"@id\":\"https:\/\/www.atelierdescigognes.fr\/wordpressV2\/astuces-de-couture\/#primaryimage\",\"url\":\"https:\/\/www.atelierdescigognes.fr\/wordpressV2\/wp-content\/uploads\/2018\/04\/sensdubiais.jpg\",\"contentUrl\":\"https:\/\/www.atelierdescigognes.fr\/wordpressV2\/wp-content\/uploads\/2018\/04\/sensdubiais.jpg\",\"width\":201,\"height\":259},{\"@type\":\"BreadcrumbList\",\"@id\":\"https:\/\/www.atelierdescigognes.fr\/wordpressV2\/astuces-de-couture\/#breadcrumb\",\"itemListElement\":[{\"@type\":\"ListItem\",\"position\":1,\"name\":\"Accueil\",\"item\":\"https:\/\/www.atelierdescigognes.fr\/wordpressV2\/\"},{\"@type\":\"ListItem\",\"position\":2,\"name\":\"Astuces de couture\"}]},{\"@type\":\"WebSite\",\"@id\":\"https:\/\/www.atelierdescigognes.fr\/wordpressV2\/#website\",\"url\":\"https:\/\/www.atelierdescigognes.fr\/wordpressV2\/\",\"name\":\"Atelier des cigognes\",\"description\":\"Cr\u00e9ation de patrons de couture\",\"publisher\":{\"@id\":\"https:\/\/www.atelierdescigognes.fr\/wordpressV2\/#organization\"},\"potentialAction\":[{\"@type\":\"SearchAction\",\"target\":{\"@type\":\"EntryPoint\",\"urlTemplate\":\"https:\/\/www.atelierdescigognes.fr\/wordpressV2\/?s={search_term_string}\"},\"query-input\":{\"@type\":\"PropertyValueSpecification\",\"valueRequired\":true,\"valueName\":\"search_term_string\"}}],\"inLanguage\":\"fr-FR\"},{\"@type\":\"Organization\",\"@id\":\"https:\/\/www.atelierdescigognes.fr\/wordpressV2\/#organization\",\"name\":\"Atelier des cigognes\",\"url\":\"https:\/\/www.atelierdescigognes.fr\/wordpressV2\/\",\"logo\":{\"@type\":\"ImageObject\",\"inLanguage\":\"fr-FR\",\"@id\":\"https:\/\/www.atelierdescigognes.fr\/wordpressV2\/#\/schema\/logo\/image\/\",\"url\":\"https:\/\/www.atelierdescigognes.fr\/wordpressV2\/wp-content\/uploads\/2018\/04\/cropped-logo_AdC.jpg\",\"contentUrl\":\"https:\/\/www.atelierdescigognes.fr\/wordpressV2\/wp-content\/uploads\/2018\/04\/cropped-logo_AdC.jpg\",\"width\":307,\"height\":110,\"caption\":\"Atelier des cigognes\"},\"image\":{\"@id\":\"https:\/\/www.atelierdescigognes.fr\/wordpressV2\/#\/schema\/logo\/image\/\"}}]}<\/script>\n<!-- \/ Yoast SEO plugin. -->","yoast_head_json":{"title":"Astuces de couture - Fabriquer et coudre du biais en couture","description":"Qu'est-ce qu'un biais en couture ? A quoi sert un biais en couture ? Comment fabriquer du biais ? Comment poser et coudre du biais ? Des explications illustr\u00e9es pour bien comprendre !","robots":{"index":"index","follow":"follow","max-snippet":"max-snippet:-1","max-image-preview":"max-image-preview:large","max-video-preview":"max-video-preview:-1"},"canonical":"https:\/\/www.atelierdescigognes.fr\/wordpressV2\/astuces-de-couture\/","og_locale":"fr_FR","og_type":"article","og_title":"Astuces de couture - Fabriquer et coudre du biais en couture","og_description":"Qu'est-ce qu'un biais en couture ? A quoi sert un biais en couture ? Comment fabriquer du biais ? Comment poser et coudre du biais ? Des explications illustr\u00e9es pour bien comprendre !","og_url":"https:\/\/www.atelierdescigognes.fr\/wordpressV2\/astuces-de-couture\/","og_site_name":"Atelier des cigognes","article_modified_time":"2018-04-12T14:41:42+00:00","og_image":[{"url":"https:\/\/www.atelierdescigognes.fr\/wordpressV2\/wp-content\/uploads\/2018\/04\/sensdubiais.jpg","type":"","width":"","height":""}],"twitter_card":"summary_large_image","twitter_misc":{"Dur\u00e9e de lecture estim\u00e9e":"7 minutes"},"schema":{"@context":"https:\/\/schema.org","@graph":[{"@type":"WebPage","@id":"https:\/\/www.atelierdescigognes.fr\/wordpressV2\/astuces-de-couture\/","url":"https:\/\/www.atelierdescigognes.fr\/wordpressV2\/astuces-de-couture\/","name":"Astuces de couture - Fabriquer et coudre du biais en couture","isPartOf":{"@id":"https:\/\/www.atelierdescigognes.fr\/wordpressV2\/#website"},"primaryImageOfPage":{"@id":"https:\/\/www.atelierdescigognes.fr\/wordpressV2\/astuces-de-couture\/#primaryimage"},"image":{"@id":"https:\/\/www.atelierdescigognes.fr\/wordpressV2\/astuces-de-couture\/#primaryimage"},"thumbnailUrl":"https:\/\/www.atelierdescigognes.fr\/wordpressV2\/wp-content\/uploads\/2018\/04\/sensdubiais.jpg","datePublished":"2014-12-12T13:07:56+00:00","dateModified":"2018-04-12T14:41:42+00:00","description":"Qu'est-ce qu'un biais en couture ? A quoi sert un biais en couture ? Comment fabriquer du biais ? Comment poser et coudre du biais ? Des explications illustr\u00e9es pour bien comprendre !","breadcrumb":{"@id":"https:\/\/www.atelierdescigognes.fr\/wordpressV2\/astuces-de-couture\/#breadcrumb"},"inLanguage":"fr-FR","potentialAction":[{"@type":"ReadAction","target":["https:\/\/www.atelierdescigognes.fr\/wordpressV2\/astuces-de-couture\/"]}]},{"@type":"ImageObject","inLanguage":"fr-FR","@id":"https:\/\/www.atelierdescigognes.fr\/wordpressV2\/astuces-de-couture\/#primaryimage","url":"https:\/\/www.atelierdescigognes.fr\/wordpressV2\/wp-content\/uploads\/2018\/04\/sensdubiais.jpg","contentUrl":"https:\/\/www.atelierdescigognes.fr\/wordpressV2\/wp-content\/uploads\/2018\/04\/sensdubiais.jpg","width":201,"height":259},{"@type":"BreadcrumbList","@id":"https:\/\/www.atelierdescigognes.fr\/wordpressV2\/astuces-de-couture\/#breadcrumb","itemListElement":[{"@type":"ListItem","position":1,"name":"Accueil","item":"https:\/\/www.atelierdescigognes.fr\/wordpressV2\/"},{"@type":"ListItem","position":2,"name":"Astuces de couture"}]},{"@type":"WebSite","@id":"https:\/\/www.atelierdescigognes.fr\/wordpressV2\/#website","url":"https:\/\/www.atelierdescigognes.fr\/wordpressV2\/","name":"Atelier des cigognes","description":"Cr\u00e9ation de patrons de couture","publisher":{"@id":"https:\/\/www.atelierdescigognes.fr\/wordpressV2\/#organization"},"potentialAction":[{"@type":"SearchAction","target":{"@type":"EntryPoint","urlTemplate":"https:\/\/www.atelierdescigognes.fr\/wordpressV2\/?s={search_term_string}"},"query-input":{"@type":"PropertyValueSpecification","valueRequired":true,"valueName":"search_term_string"}}],"inLanguage":"fr-FR"},{"@type":"Organization","@id":"https:\/\/www.atelierdescigognes.fr\/wordpressV2\/#organization","name":"Atelier des cigognes","url":"https:\/\/www.atelierdescigognes.fr\/wordpressV2\/","logo":{"@type":"ImageObject","inLanguage":"fr-FR","@id":"https:\/\/www.atelierdescigognes.fr\/wordpressV2\/#\/schema\/logo\/image\/","url":"https:\/\/www.atelierdescigognes.fr\/wordpressV2\/wp-content\/uploads\/2018\/04\/cropped-logo_AdC.jpg","contentUrl":"https:\/\/www.atelierdescigognes.fr\/wordpressV2\/wp-content\/uploads\/2018\/04\/cropped-logo_AdC.jpg","width":307,"height":110,"caption":"Atelier des cigognes"},"image":{"@id":"https:\/\/www.atelierdescigognes.fr\/wordpressV2\/#\/schema\/logo\/image\/"}}]}},"jetpack_sharing_enabled":true,"jetpack_shortlink":"https:\/\/wp.me\/P9M13p-1S","_links":{"self":[{"href":"https:\/\/www.atelierdescigognes.fr\/wordpressV2\/wp-json\/wp\/v2\/pages\/116","targetHints":{"allow":["GET"]}}],"collection":[{"href":"https:\/\/www.atelierdescigognes.fr\/wordpressV2\/wp-json\/wp\/v2\/pages"}],"about":[{"href":"https:\/\/www.atelierdescigognes.fr\/wordpressV2\/wp-json\/wp\/v2\/types\/page"}],"author":[{"embeddable":true,"href":"https:\/\/www.atelierdescigognes.fr\/wordpressV2\/wp-json\/wp\/v2\/users\/2"}],"replies":[{"embeddable":true,"href":"https:\/\/www.atelierdescigognes.fr\/wordpressV2\/wp-json\/wp\/v2\/comments?post=116"}],"version-history":[{"count":14,"href":"https:\/\/www.atelierdescigognes.fr\/wordpressV2\/wp-json\/wp\/v2\/pages\/116\/revisions"}],"predecessor-version":[{"id":5834,"href":"https:\/\/www.atelierdescigognes.fr\/wordpressV2\/wp-json\/wp\/v2\/pages\/116\/revisions\/5834"}],"wp:attachment":[{"href":"https:\/\/www.atelierdescigognes.fr\/wordpressV2\/wp-json\/wp\/v2\/media?parent=116"}],"curies":[{"name":"wp","href":"https:\/\/api.w.org\/{rel}","templated":true}]}}