{"id":112,"date":"2014-12-12T13:07:22","date_gmt":"2014-12-12T13:07:22","guid":{"rendered":"http:\/\/www.atelierdescigognes.fr\/wordpress\/?page_id=112"},"modified":"2018-04-12T15:06:15","modified_gmt":"2018-04-12T13:06:15","slug":"les-patrons-de-couture-de-ladc","status":"publish","type":"page","link":"https:\/\/www.atelierdescigognes.fr\/wordpressV2\/les-patrons-de-couture-de-ladc\/","title":{"rendered":"Les patrons de couture de l&rsquo;AdC"},"content":{"rendered":"<h4>Un patron couture de l\u2019Atelier des cigognes, c\u2019est :<\/h4>\n<p><i class=\"fa fa-heart-o fa-fw \" ><\/i>\u00a0une d\u00e9marche de couture <strong>pas-\u00e0-pas<\/strong>, tr\u00e8s d\u00e9taill\u00e9e, et illustr\u00e9e de <strong>sch\u00e9mas<\/strong> clairs<br \/>\n<i class=\"fa fa-heart-o fa-fw \" ><\/i> une planche de patron dessin\u00e9e informatiquement avec <strong>6 tailles<\/strong> distinctes<br \/>\n<i class=\"fa fa-heart-o fa-fw \" ><\/i> un patron couture qui a \u00e9t\u00e9 <strong>travaill\u00e9<\/strong> et <strong>test\u00e9<\/strong> dans toutes les tailles<\/p>\n<p><img loading=\"lazy\" decoding=\"async\" class=\"size-full wp-image-5776 alignleft\" src=\"https:\/\/www.atelierdescigognes.fr\/wordpressV2\/wp-content\/uploads\/2018\/04\/patrons-adc_3-200x200-e1523454163402.gif\" alt=\"\" width=\"200\" height=\"195\" \/>L&rsquo;objectif de l&rsquo;Atelier des cigognes est que m\u00eame une couturi\u00e8re <strong>d\u00e9butante<\/strong> puisse se faire plaisir en cousant\u2026 sans passer des heures \u00e0 d\u00e9crypter telle ou telle consigne de couture, et sans buter sur des erreurs dues \u00e0 un patron mal con\u00e7u !<\/p>\n<p>Les <strong>explications de couture<\/strong> sont claires et largement illustr\u00e9es de sch\u00e9mas. Un <strong>glossaire<\/strong> de couture apporte \u00e9galement des pr\u00e9cisions utiles \u00e0 la couturi\u00e8re d\u00e9butante.<\/p>\n<p>Au dos de la pochette d&rsquo;un patron couture se trouve une description pr\u00e9cise du v\u00eatement \u00e0 r\u00e9aliser avec un sch\u00e9ma d\u2019ensemble, les tissus recommand\u00e9s, le mat\u00e9riel n\u00e9cessaire, les m\u00e9trages de tissu \u00e0 d\u00e9couper en fonction de la taille souhait\u00e9e, un <a title=\"Guide des tailles\" href=\"http:\/\/www.atelierdescigognes.fr\/guide-des-tailles\/\">guide des tailles<\/a>.<br \/>\n<img loading=\"lazy\" decoding=\"async\" class=\"size-medium wp-image-5777 alignright\" src=\"https:\/\/www.atelierdescigognes.fr\/wordpressV2\/wp-content\/uploads\/2018\/04\/patrons-adc-expli1-300x300.jpg\" alt=\"\" width=\"300\" height=\"300\" srcset=\"https:\/\/www.atelierdescigognes.fr\/wordpressV2\/wp-content\/uploads\/2018\/04\/patrons-adc-expli1-300x300.jpg 300w, https:\/\/www.atelierdescigognes.fr\/wordpressV2\/wp-content\/uploads\/2018\/04\/patrons-adc-expli1-150x150.jpg 150w, https:\/\/www.atelierdescigognes.fr\/wordpressV2\/wp-content\/uploads\/2018\/04\/patrons-adc-expli1-324x324.jpg 324w, https:\/\/www.atelierdescigognes.fr\/wordpressV2\/wp-content\/uploads\/2018\/04\/patrons-adc-expli1-100x100.jpg 100w, https:\/\/www.atelierdescigognes.fr\/wordpressV2\/wp-content\/uploads\/2018\/04\/patrons-adc-expli1.jpg 400w\" sizes=\"auto, (max-width: 300px) 100vw, 300px\" \/><br \/>\nUne simple machine \u00e0 coudre familiale suffit pour r\u00e9aliser tous les patrons de couture de l\u2019Atelier des Cigognes.<\/p>\n<p>Toute <strong>planche de patron<\/strong> couture est dessin\u00e9e informatiquement. On y retrouve 6 tailles possibles et bien distinctes. En outre, chaque planche de patron couture est imprim\u00e9e sur du papier qui ne se froisse pas et ne se d\u00e9chire pas. Chaque <a title=\"Boutique\" href=\"http:\/\/www.atelierdescigognes.fr\/boutique\/\">patron couture Atelier des cigognes<\/a> a \u00e9t\u00e9 travaill\u00e9 et test\u00e9 dans toutes les tailles (histoire de ne pas se retrouver lors de la confection d\u2019un v\u00eatement, avec des erreurs de coupe ou d\u2019assemblage\u2026 !). Cela repr\u00e9sente un \u00e9norme travail, merci donc de le respecter en \u00e9vitant la reproduction illicite d&rsquo;un patron !<br \/>\nL&rsquo;Atelier des cigognes est une marque d\u00e9pos\u00e9e. Toute reproduction est interdite.<\/p>\n<hr class=\"section-divider\" \/>\n<h4>Trois niveaux de couture sont distingu\u00e9s, pour savoir \u00e0 quoi s&rsquo;attendre !<\/h4>\n<figure id=\"attachment_5342\" aria-describedby=\"caption-attachment-5342\" style=\"width: 300px\" class=\"wp-caption alignnone\"><img loading=\"lazy\" decoding=\"async\" class=\"wp-image-5342 size-medium\" src=\"https:\/\/www.atelierdescigognes.fr\/wordpressV2\/wp-content\/uploads\/2017\/12\/niveau-1-300x145.jpg\" alt=\"Niveau de couture 1\" width=\"300\" height=\"145\" \/><figcaption id=\"caption-attachment-5342\" class=\"wp-caption-text\">Niveau 1 &#8211; facile, m\u00eame pour les d\u00e9butantes !<\/figcaption><\/figure>\n<figure id=\"attachment_5343\" aria-describedby=\"caption-attachment-5343\" style=\"width: 300px\" class=\"wp-caption alignnone\"><img loading=\"lazy\" decoding=\"async\" class=\"wp-image-5343 size-medium\" src=\"https:\/\/www.atelierdescigognes.fr\/wordpressV2\/wp-content\/uploads\/2017\/12\/niveau-2-300x145.jpg\" alt=\"Niveau de couture 2\" width=\"300\" height=\"145\" \/><figcaption id=\"caption-attachment-5343\" class=\"wp-caption-text\">Niveau 2 &#8211; je couds donc je suis<\/figcaption><\/figure>\n<figure id=\"attachment_5344\" aria-describedby=\"caption-attachment-5344\" style=\"width: 300px\" class=\"wp-caption alignnone\"><img loading=\"lazy\" decoding=\"async\" class=\"wp-image-5344 size-medium\" src=\"https:\/\/www.atelierdescigognes.fr\/wordpressV2\/wp-content\/uploads\/2017\/12\/niveau-3-300x145.jpg\" alt=\"Niveau de couture 3\" width=\"300\" height=\"145\" \/><figcaption id=\"caption-attachment-5344\" class=\"wp-caption-text\">Niveau 3 &#8211; la machine \u00e0 coudre ? m\u00eame pas peur !<\/figcaption><\/figure>\n<p>&nbsp;<\/p>\n<h4>Les marges de couture<\/h4>\n<p>Le plus souvent, les marges de couture sont \u00e0 ajouter (environ 1,5 cm) avant de d\u00e9couper un patron couture Atelier des cigognes.<\/p>\n<p>Nous avons ainsi tranch\u00e9 l\u2019\u00e9ternelle question des marges de couture comprises ou non, en optant pour\u2026 la prudence ! Car qui n\u2019a jamais d\u00e9coup\u00e9 un peu rapidement un patron, et s\u2019est retrouv\u00e9 avec un empi\u00e8cement rogn\u00e9 sur les c\u00f4t\u00e9s d\u2019au moins 1 cm (et pour peu en plus que le tissu glisse \u00e0 la d\u00e9coupe\u2026) ?<\/p>\n<p>Au moins, avec cette m\u00e9thode, on commence par \u00e9pingler le gabarit en papier sur le tissu, puis on en reproduit le contour sur le tissu (\u00e0 l\u2019aide d\u2019un crayon ou d\u2019une craie), et enfin on d\u00e9coupe \u00e0 environ 1,5 cm du contour trac\u00e9. Comme \u00e7a, on saura de toute fa\u00e7on o\u00f9 coudre exactement : sur le trait de crayon ! C\u2019est notamment plus rassurant pour les d\u00e9butantes, et plus d\u2019erreur possible quand on assemble une manche ou un col !<\/p>\n<p>Bref, si a priori on imagine cette technique plus longue que de d\u00e9couper directement un patron couture avec marges comprises, en r\u00e9alit\u00e9 \u00e7a ne l\u2019est pas vraiment, et surtout \u00e7a \u00e9vite des erreurs, du temps perdu apr\u00e8s, et des d\u00e9ceptions.<\/p>\n<p>En outre, pour les couturi\u00e8res habiles et pleines d\u2019imagination, qui aiment partir d\u2019un patron existant mais le modifier \u00e0 leur gr\u00e9, il est beaucoup plus facile de le faire \u00e0 partir d\u2019un \u00ab patron taille r\u00e9elle \u00bb, que d\u2019un \u00ab patron marges comprises \u00bb o\u00f9 il faudra penser \u00e0 les enlever selon la d\u00e9coupe choisie !<\/p>\n<p>\u00c0 noter cependant que pour certains patrons tr\u00e8s faciles, les marges de couture sont d\u00e9j\u00e0 incluses. C&rsquo;est le cas notamment pour le <a href=\"https:\/\/www.atelierdescigognes.fr\/wordpressV2\/boutique\/patron-couture-bebe\/eridan-patron-couture-gilet-reversible-bebe\/\">patron couture gilet B\u00e9b\u00e9 ERIDAN<\/a> et le <a href=\"https:\/\/www.atelierdescigognes.fr\/wordpressV2\/boutique\/patron-couture-enfant-patron-couture-ado\/eridan-patron-couture-gilet-reversible-enfant\/\">patron couture gilet Enfant ERIDAN<\/a>.<\/p>\n<p>&nbsp;<\/p>\n","protected":false},"excerpt":{"rendered":"<p>Un patron couture de l\u2019Atelier des cigognes, c\u2019est : \u00a0une d\u00e9marche de couture pas-\u00e0-pas, tr\u00e8s d\u00e9taill\u00e9e, et illustr\u00e9e de sch\u00e9mas clairs une planche de patron dessin\u00e9e informatiquement avec 6 tailles distinctes un patron couture qui a \u00e9t\u00e9 travaill\u00e9 et test\u00e9 dans toutes les tailles L&rsquo;objectif de l&rsquo;Atelier des cigognes est que m\u00eame une couturi\u00e8re d\u00e9butante [&hellip;]<\/p>\n","protected":false},"author":2,"featured_media":0,"parent":0,"menu_order":0,"comment_status":"closed","ping_status":"open","template":"","meta":{"jetpack_post_was_ever_published":false,"footnotes":""},"class_list":["post-112","page","type-page","status-publish","hentry"],"yoast_head":"<!-- This site is optimized with the Yoast SEO plugin v27.5 - https:\/\/yoast.com\/product\/yoast-seo-wordpress\/ -->\n<title>Les patrons de couture de l&#039;AdC - Atelier des cigognes<\/title>\n<meta name=\"robots\" content=\"index, follow, max-snippet:-1, max-image-preview:large, max-video-preview:-1\" \/>\n<link rel=\"canonical\" href=\"https:\/\/www.atelierdescigognes.fr\/wordpressV2\/les-patrons-de-couture-de-ladc\/\" \/>\n<meta property=\"og:locale\" content=\"fr_FR\" \/>\n<meta property=\"og:type\" content=\"article\" \/>\n<meta property=\"og:title\" content=\"Les patrons de couture de l&#039;AdC - Atelier des cigognes\" \/>\n<meta property=\"og:description\" content=\"Un patron couture de l\u2019Atelier des cigognes, c\u2019est : \u00a0une d\u00e9marche de couture pas-\u00e0-pas, tr\u00e8s d\u00e9taill\u00e9e, et illustr\u00e9e de sch\u00e9mas clairs une planche de patron dessin\u00e9e informatiquement avec 6 tailles distinctes un patron couture qui a \u00e9t\u00e9 travaill\u00e9 et test\u00e9 dans toutes les tailles L&rsquo;objectif de l&rsquo;Atelier des cigognes est que m\u00eame une couturi\u00e8re d\u00e9butante [&hellip;]\" \/>\n<meta property=\"og:url\" content=\"https:\/\/www.atelierdescigognes.fr\/wordpressV2\/les-patrons-de-couture-de-ladc\/\" \/>\n<meta property=\"og:site_name\" content=\"Atelier des cigognes\" \/>\n<meta property=\"article:modified_time\" content=\"2018-04-12T13:06:15+00:00\" \/>\n<meta property=\"og:image\" content=\"https:\/\/www.atelierdescigognes.fr\/wordpressV2\/wp-content\/uploads\/2018\/04\/patrons-adc_3-200x200-e1523454163402.gif\" \/>\n<meta name=\"twitter:card\" content=\"summary_large_image\" \/>\n<meta name=\"twitter:label1\" content=\"Dur\u00e9e de lecture estim\u00e9e\" \/>\n\t<meta name=\"twitter:data1\" content=\"3 minutes\" \/>\n<script type=\"application\/ld+json\" class=\"yoast-schema-graph\">{\"@context\":\"https:\\\/\\\/schema.org\",\"@graph\":[{\"@type\":\"WebPage\",\"@id\":\"https:\\\/\\\/www.atelierdescigognes.fr\\\/wordpressV2\\\/les-patrons-de-couture-de-ladc\\\/\",\"url\":\"https:\\\/\\\/www.atelierdescigognes.fr\\\/wordpressV2\\\/les-patrons-de-couture-de-ladc\\\/\",\"name\":\"Les patrons de couture de l'AdC - Atelier des cigognes\",\"isPartOf\":{\"@id\":\"https:\\\/\\\/www.atelierdescigognes.fr\\\/wordpressV2\\\/#website\"},\"primaryImageOfPage\":{\"@id\":\"https:\\\/\\\/www.atelierdescigognes.fr\\\/wordpressV2\\\/les-patrons-de-couture-de-ladc\\\/#primaryimage\"},\"image\":{\"@id\":\"https:\\\/\\\/www.atelierdescigognes.fr\\\/wordpressV2\\\/les-patrons-de-couture-de-ladc\\\/#primaryimage\"},\"thumbnailUrl\":\"https:\\\/\\\/www.atelierdescigognes.fr\\\/wordpressV2\\\/wp-content\\\/uploads\\\/2018\\\/04\\\/patrons-adc_3-200x200-e1523454163402.gif\",\"datePublished\":\"2014-12-12T13:07:22+00:00\",\"dateModified\":\"2018-04-12T13:06:15+00:00\",\"breadcrumb\":{\"@id\":\"https:\\\/\\\/www.atelierdescigognes.fr\\\/wordpressV2\\\/les-patrons-de-couture-de-ladc\\\/#breadcrumb\"},\"inLanguage\":\"fr-FR\",\"potentialAction\":[{\"@type\":\"ReadAction\",\"target\":[\"https:\\\/\\\/www.atelierdescigognes.fr\\\/wordpressV2\\\/les-patrons-de-couture-de-ladc\\\/\"]}]},{\"@type\":\"ImageObject\",\"inLanguage\":\"fr-FR\",\"@id\":\"https:\\\/\\\/www.atelierdescigognes.fr\\\/wordpressV2\\\/les-patrons-de-couture-de-ladc\\\/#primaryimage\",\"url\":\"https:\\\/\\\/www.atelierdescigognes.fr\\\/wordpressV2\\\/wp-content\\\/uploads\\\/2018\\\/04\\\/patrons-adc_3-200x200-e1523454163402.gif\",\"contentUrl\":\"https:\\\/\\\/www.atelierdescigognes.fr\\\/wordpressV2\\\/wp-content\\\/uploads\\\/2018\\\/04\\\/patrons-adc_3-200x200-e1523454163402.gif\",\"width\":200,\"height\":195},{\"@type\":\"BreadcrumbList\",\"@id\":\"https:\\\/\\\/www.atelierdescigognes.fr\\\/wordpressV2\\\/les-patrons-de-couture-de-ladc\\\/#breadcrumb\",\"itemListElement\":[{\"@type\":\"ListItem\",\"position\":1,\"name\":\"Accueil\",\"item\":\"https:\\\/\\\/www.atelierdescigognes.fr\\\/wordpressV2\\\/\"},{\"@type\":\"ListItem\",\"position\":2,\"name\":\"Les patrons de couture de l&rsquo;AdC\"}]},{\"@type\":\"WebSite\",\"@id\":\"https:\\\/\\\/www.atelierdescigognes.fr\\\/wordpressV2\\\/#website\",\"url\":\"https:\\\/\\\/www.atelierdescigognes.fr\\\/wordpressV2\\\/\",\"name\":\"Atelier des cigognes\",\"description\":\"Cr\u00e9ation de patrons de couture\",\"publisher\":{\"@id\":\"https:\\\/\\\/www.atelierdescigognes.fr\\\/wordpressV2\\\/#organization\"},\"potentialAction\":[{\"@type\":\"SearchAction\",\"target\":{\"@type\":\"EntryPoint\",\"urlTemplate\":\"https:\\\/\\\/www.atelierdescigognes.fr\\\/wordpressV2\\\/?s={search_term_string}\"},\"query-input\":{\"@type\":\"PropertyValueSpecification\",\"valueRequired\":true,\"valueName\":\"search_term_string\"}}],\"inLanguage\":\"fr-FR\"},{\"@type\":\"Organization\",\"@id\":\"https:\\\/\\\/www.atelierdescigognes.fr\\\/wordpressV2\\\/#organization\",\"name\":\"Atelier des cigognes\",\"url\":\"https:\\\/\\\/www.atelierdescigognes.fr\\\/wordpressV2\\\/\",\"logo\":{\"@type\":\"ImageObject\",\"inLanguage\":\"fr-FR\",\"@id\":\"https:\\\/\\\/www.atelierdescigognes.fr\\\/wordpressV2\\\/#\\\/schema\\\/logo\\\/image\\\/\",\"url\":\"https:\\\/\\\/www.atelierdescigognes.fr\\\/wordpressV2\\\/wp-content\\\/uploads\\\/2018\\\/04\\\/cropped-logo_AdC.jpg\",\"contentUrl\":\"https:\\\/\\\/www.atelierdescigognes.fr\\\/wordpressV2\\\/wp-content\\\/uploads\\\/2018\\\/04\\\/cropped-logo_AdC.jpg\",\"width\":307,\"height\":110,\"caption\":\"Atelier des cigognes\"},\"image\":{\"@id\":\"https:\\\/\\\/www.atelierdescigognes.fr\\\/wordpressV2\\\/#\\\/schema\\\/logo\\\/image\\\/\"}}]}<\/script>\n<!-- \/ Yoast SEO plugin. -->","yoast_head_json":{"title":"Les patrons de couture de l'AdC - Atelier des cigognes","robots":{"index":"index","follow":"follow","max-snippet":"max-snippet:-1","max-image-preview":"max-image-preview:large","max-video-preview":"max-video-preview:-1"},"canonical":"https:\/\/www.atelierdescigognes.fr\/wordpressV2\/les-patrons-de-couture-de-ladc\/","og_locale":"fr_FR","og_type":"article","og_title":"Les patrons de couture de l'AdC - Atelier des cigognes","og_description":"Un patron couture de l\u2019Atelier des cigognes, c\u2019est : \u00a0une d\u00e9marche de couture pas-\u00e0-pas, tr\u00e8s d\u00e9taill\u00e9e, et illustr\u00e9e de sch\u00e9mas clairs une planche de patron dessin\u00e9e informatiquement avec 6 tailles distinctes un patron couture qui a \u00e9t\u00e9 travaill\u00e9 et test\u00e9 dans toutes les tailles L&rsquo;objectif de l&rsquo;Atelier des cigognes est que m\u00eame une couturi\u00e8re d\u00e9butante [&hellip;]","og_url":"https:\/\/www.atelierdescigognes.fr\/wordpressV2\/les-patrons-de-couture-de-ladc\/","og_site_name":"Atelier des cigognes","article_modified_time":"2018-04-12T13:06:15+00:00","og_image":[{"url":"https:\/\/www.atelierdescigognes.fr\/wordpressV2\/wp-content\/uploads\/2018\/04\/patrons-adc_3-200x200-e1523454163402.gif","type":"","width":"","height":""}],"twitter_card":"summary_large_image","twitter_misc":{"Dur\u00e9e de lecture estim\u00e9e":"3 minutes"},"schema":{"@context":"https:\/\/schema.org","@graph":[{"@type":"WebPage","@id":"https:\/\/www.atelierdescigognes.fr\/wordpressV2\/les-patrons-de-couture-de-ladc\/","url":"https:\/\/www.atelierdescigognes.fr\/wordpressV2\/les-patrons-de-couture-de-ladc\/","name":"Les patrons de couture de l'AdC - Atelier des cigognes","isPartOf":{"@id":"https:\/\/www.atelierdescigognes.fr\/wordpressV2\/#website"},"primaryImageOfPage":{"@id":"https:\/\/www.atelierdescigognes.fr\/wordpressV2\/les-patrons-de-couture-de-ladc\/#primaryimage"},"image":{"@id":"https:\/\/www.atelierdescigognes.fr\/wordpressV2\/les-patrons-de-couture-de-ladc\/#primaryimage"},"thumbnailUrl":"https:\/\/www.atelierdescigognes.fr\/wordpressV2\/wp-content\/uploads\/2018\/04\/patrons-adc_3-200x200-e1523454163402.gif","datePublished":"2014-12-12T13:07:22+00:00","dateModified":"2018-04-12T13:06:15+00:00","breadcrumb":{"@id":"https:\/\/www.atelierdescigognes.fr\/wordpressV2\/les-patrons-de-couture-de-ladc\/#breadcrumb"},"inLanguage":"fr-FR","potentialAction":[{"@type":"ReadAction","target":["https:\/\/www.atelierdescigognes.fr\/wordpressV2\/les-patrons-de-couture-de-ladc\/"]}]},{"@type":"ImageObject","inLanguage":"fr-FR","@id":"https:\/\/www.atelierdescigognes.fr\/wordpressV2\/les-patrons-de-couture-de-ladc\/#primaryimage","url":"https:\/\/www.atelierdescigognes.fr\/wordpressV2\/wp-content\/uploads\/2018\/04\/patrons-adc_3-200x200-e1523454163402.gif","contentUrl":"https:\/\/www.atelierdescigognes.fr\/wordpressV2\/wp-content\/uploads\/2018\/04\/patrons-adc_3-200x200-e1523454163402.gif","width":200,"height":195},{"@type":"BreadcrumbList","@id":"https:\/\/www.atelierdescigognes.fr\/wordpressV2\/les-patrons-de-couture-de-ladc\/#breadcrumb","itemListElement":[{"@type":"ListItem","position":1,"name":"Accueil","item":"https:\/\/www.atelierdescigognes.fr\/wordpressV2\/"},{"@type":"ListItem","position":2,"name":"Les patrons de couture de l&rsquo;AdC"}]},{"@type":"WebSite","@id":"https:\/\/www.atelierdescigognes.fr\/wordpressV2\/#website","url":"https:\/\/www.atelierdescigognes.fr\/wordpressV2\/","name":"Atelier des cigognes","description":"Cr\u00e9ation de patrons de couture","publisher":{"@id":"https:\/\/www.atelierdescigognes.fr\/wordpressV2\/#organization"},"potentialAction":[{"@type":"SearchAction","target":{"@type":"EntryPoint","urlTemplate":"https:\/\/www.atelierdescigognes.fr\/wordpressV2\/?s={search_term_string}"},"query-input":{"@type":"PropertyValueSpecification","valueRequired":true,"valueName":"search_term_string"}}],"inLanguage":"fr-FR"},{"@type":"Organization","@id":"https:\/\/www.atelierdescigognes.fr\/wordpressV2\/#organization","name":"Atelier des cigognes","url":"https:\/\/www.atelierdescigognes.fr\/wordpressV2\/","logo":{"@type":"ImageObject","inLanguage":"fr-FR","@id":"https:\/\/www.atelierdescigognes.fr\/wordpressV2\/#\/schema\/logo\/image\/","url":"https:\/\/www.atelierdescigognes.fr\/wordpressV2\/wp-content\/uploads\/2018\/04\/cropped-logo_AdC.jpg","contentUrl":"https:\/\/www.atelierdescigognes.fr\/wordpressV2\/wp-content\/uploads\/2018\/04\/cropped-logo_AdC.jpg","width":307,"height":110,"caption":"Atelier des cigognes"},"image":{"@id":"https:\/\/www.atelierdescigognes.fr\/wordpressV2\/#\/schema\/logo\/image\/"}}]}},"jetpack_sharing_enabled":true,"jetpack_shortlink":"https:\/\/wp.me\/P9M13p-1O","_links":{"self":[{"href":"https:\/\/www.atelierdescigognes.fr\/wordpressV2\/wp-json\/wp\/v2\/pages\/112","targetHints":{"allow":["GET"]}}],"collection":[{"href":"https:\/\/www.atelierdescigognes.fr\/wordpressV2\/wp-json\/wp\/v2\/pages"}],"about":[{"href":"https:\/\/www.atelierdescigognes.fr\/wordpressV2\/wp-json\/wp\/v2\/types\/page"}],"author":[{"embeddable":true,"href":"https:\/\/www.atelierdescigognes.fr\/wordpressV2\/wp-json\/wp\/v2\/users\/2"}],"replies":[{"embeddable":true,"href":"https:\/\/www.atelierdescigognes.fr\/wordpressV2\/wp-json\/wp\/v2\/comments?post=112"}],"version-history":[{"count":19,"href":"https:\/\/www.atelierdescigognes.fr\/wordpressV2\/wp-json\/wp\/v2\/pages\/112\/revisions"}],"predecessor-version":[{"id":5809,"href":"https:\/\/www.atelierdescigognes.fr\/wordpressV2\/wp-json\/wp\/v2\/pages\/112\/revisions\/5809"}],"wp:attachment":[{"href":"https:\/\/www.atelierdescigognes.fr\/wordpressV2\/wp-json\/wp\/v2\/media?parent=112"}],"curies":[{"name":"wp","href":"https:\/\/api.w.org\/{rel}","templated":true}]}}